{"id":1010,"date":"2025-09-19T12:17:15","date_gmt":"2025-09-19T12:17:15","guid":{"rendered":"https:\/\/help.classymade.de\/?page_id=1010"},"modified":"2025-09-24T11:36:30","modified_gmt":"2025-09-24T11:36:30","slug":"anleitung-konto-erstellen","status":"publish","type":"page","link":"https:\/\/help.classymade.de\/?page_id=1010","title":{"rendered":"Konto anlegen"},"content":{"rendered":"\t\t<div data-elementor-type=\"wp-page\" data-elementor-id=\"1010\" class=\"elementor elementor-1010\" data-elementor-post-type=\"page\">\n\t\t\t\t<div class=\"elementor-element elementor-element-daacbc1 e-flex e-con-boxed e-con e-parent\" data-id=\"daacbc1\" data-element_type=\"container\" data-e-type=\"container\">\n\t\t\t\t\t<div class=\"e-con-inner\">\n\t\t\t\t<div class=\"elementor-element elementor-element-4b373bf elementor-widget-divider--view-line elementor-widget elementor-widget-divider\" data-id=\"4b373bf\" data-element_type=\"widget\" data-e-type=\"widget\" data-widget_type=\"divider.default\">\n\t\t\t\t<div class=\"elementor-widget-container\">\n\t\t\t\t\t\t\t<div class=\"elementor-divider\">\n\t\t\t<span class=\"elementor-divider-separator\">\n\t\t\t\t\t\t<\/span>\n\t\t<\/div>\n\t\t\t\t\t\t<\/div>\n\t\t\t\t<\/div>\n\t\t\t\t<div class=\"elementor-element elementor-element-4f57ea1 elementor-widget elementor-widget-text-editor\" data-id=\"4f57ea1\" data-element_type=\"widget\" data-e-type=\"widget\" data-widget_type=\"text-editor.default\">\n\t\t\t\t<div class=\"elementor-widget-container\">\n\t\t\t\t\t\t\t\t\t<h5><strong>Hier erfahren Sie, wie Sie sich ein Konto anlegen und mit der Arbeit in ClassyTime beginnen k\u00f6nnen.\u00a0<\/strong><\/h5>\t\t\t\t\t\t\t\t<\/div>\n\t\t\t\t<\/div>\n\t\t\t\t\t<\/div>\n\t\t\t\t<\/div>\n\t\t<div class=\"elementor-element elementor-element-e79efe9 e-flex e-con-boxed e-con e-parent\" data-id=\"e79efe9\" data-element_type=\"container\" data-e-type=\"container\">\n\t\t\t\t\t<div class=\"e-con-inner\">\n\t\t\t\t<div class=\"elementor-element elementor-element-a46e3d7 elementor-widget elementor-widget-text-editor\" data-id=\"a46e3d7\" data-element_type=\"widget\" data-e-type=\"widget\" data-widget_type=\"text-editor.default\">\n\t\t\t\t<div class=\"elementor-widget-container\">\n\t\t\t\t\t\t\t\t\t<p><strong>1.<\/strong> Auf der Startseite finden Sie oben im Men\u00fc den Punkt <strong>&#8222;anmelden&#8220;<\/strong>. Hier\u00fcber gelangen Sie auf die Registrierungsseite. Sobald Sie Ihr Konto erstellt haben, finden Sie hier auch die M\u00f6glichkeit, sich einzuloggen.\u00a0<\/p><p><strong>Die Registrierung und Nutzung ist f\u00fcr Sie v\u00f6llig kostenlos!<\/strong><\/p>\t\t\t\t\t\t\t\t<\/div>\n\t\t\t\t<\/div>\n\t\t\t\t<div class=\"elementor-element elementor-element-9a16d50 elementor-widget elementor-widget-image\" data-id=\"9a16d50\" data-element_type=\"widget\" data-e-type=\"widget\" data-widget_type=\"image.default\">\n\t\t\t\t<div class=\"elementor-widget-container\">\n\t\t\t\t\t\t\t\t\t\t\t\t\t\t\t<img fetchpriority=\"high\" decoding=\"async\" width=\"1024\" height=\"474\" src=\"https:\/\/help.classymade.de\/wp-content\/uploads\/2025\/09\/CT_Anmelden-und-Login-1024x474.png\" class=\"attachment-large size-large wp-image-1035\" alt=\"\" srcset=\"https:\/\/help.classymade.de\/wp-content\/uploads\/2025\/09\/CT_Anmelden-und-Login-1024x474.png 1024w, https:\/\/help.classymade.de\/wp-content\/uploads\/2025\/09\/CT_Anmelden-und-Login-300x139.png 300w, https:\/\/help.classymade.de\/wp-content\/uploads\/2025\/09\/CT_Anmelden-und-Login-768x355.png 768w, https:\/\/help.classymade.de\/wp-content\/uploads\/2025\/09\/CT_Anmelden-und-Login.png 1159w\" sizes=\"(max-width: 1024px) 100vw, 1024px\" \/>\t\t\t\t\t\t\t\t\t\t\t\t\t\t\t<\/div>\n\t\t\t\t<\/div>\n\t\t\t\t\t<\/div>\n\t\t\t\t<\/div>\n\t\t<div class=\"elementor-element elementor-element-e0b4d42 e-flex e-con-boxed e-con e-parent\" data-id=\"e0b4d42\" data-element_type=\"container\" data-e-type=\"container\">\n\t\t\t\t\t<div class=\"e-con-inner\">\n\t\t\t\t<div class=\"elementor-element elementor-element-386c767 elementor-widget elementor-widget-text-editor\" data-id=\"386c767\" data-element_type=\"widget\" data-e-type=\"widget\" data-widget_type=\"text-editor.default\">\n\t\t\t\t<div class=\"elementor-widget-container\">\n\t\t\t\t\t\t\t\t\t<p><strong>2.<\/strong> Klicken Sie nun auf den Button <strong>&#8222;Anmelden&#8220;<\/strong> um den Registrierungsprozess zu starten.\u00a0<\/p><p>Geben Sie hier Ihre E-Mail Adresse sowie ein sicheres Passwort ein. Akzeptieren Sie zudem die Lizenz- und Datenschutzerkl\u00e4rung, da eine Registrierung sonst nicht m\u00f6glich ist. Klicken Sie anschlie\u00dfend auf <strong>&#8222;Anmelden&#8220;<\/strong><\/p>\t\t\t\t\t\t\t\t<\/div>\n\t\t\t\t<\/div>\n\t\t\t\t\t<\/div>\n\t\t\t\t<\/div>\n\t\t<div class=\"elementor-element elementor-element-21c93ba e-flex e-con-boxed e-con e-parent\" data-id=\"21c93ba\" data-element_type=\"container\" data-e-type=\"container\">\n\t\t\t\t\t<div class=\"e-con-inner\">\n\t\t\t\t<div class=\"elementor-element elementor-element-8669bef elementor-widget elementor-widget-image\" data-id=\"8669bef\" data-element_type=\"widget\" data-e-type=\"widget\" data-widget_type=\"image.default\">\n\t\t\t\t<div class=\"elementor-widget-container\">\n\t\t\t\t\t\t\t\t\t\t\t\t\t\t\t<img decoding=\"async\" width=\"789\" height=\"679\" src=\"https:\/\/help.classymade.de\/wp-content\/uploads\/2025\/09\/CT_Anmeldemaske.png\" class=\"attachment-large size-large wp-image-1036\" alt=\"\" srcset=\"https:\/\/help.classymade.de\/wp-content\/uploads\/2025\/09\/CT_Anmeldemaske.png 789w, https:\/\/help.classymade.de\/wp-content\/uploads\/2025\/09\/CT_Anmeldemaske-300x258.png 300w, https:\/\/help.classymade.de\/wp-content\/uploads\/2025\/09\/CT_Anmeldemaske-768x661.png 768w\" sizes=\"(max-width: 789px) 100vw, 789px\" \/>\t\t\t\t\t\t\t\t\t\t\t\t\t\t\t<\/div>\n\t\t\t\t<\/div>\n\t\t\t\t<div class=\"elementor-element elementor-element-bea3a66 elementor-widget elementor-widget-text-editor\" data-id=\"bea3a66\" data-element_type=\"widget\" data-e-type=\"widget\" data-widget_type=\"text-editor.default\">\n\t\t\t\t<div class=\"elementor-widget-container\">\n\t\t\t\t\t\t\t\t\t<p><strong>3.<\/strong> Sie erhalten im Anschluss eine E-Mail. Klicken Sie dort auf den Best\u00e4tigungslink, um Ihre Registrierung abzuschlie\u00dfen. Bitte beachten Sie, dass die Zustellung einige Minuten in Anspruch nehmen kann und kontrollieren sie ggf. Ihren Spamordner.\u00a0<\/p>\t\t\t\t\t\t\t\t<\/div>\n\t\t\t\t<\/div>\n\t\t\t\t\t<\/div>\n\t\t\t\t<\/div>\n\t\t<div class=\"elementor-element elementor-element-ba9d75c e-flex e-con-boxed e-con e-parent\" data-id=\"ba9d75c\" data-element_type=\"container\" data-e-type=\"container\">\n\t\t\t\t\t<div class=\"e-con-inner\">\n\t\t\t\t<div class=\"elementor-element elementor-element-52b60fd elementor-widget elementor-widget-text-editor\" data-id=\"52b60fd\" data-element_type=\"widget\" data-e-type=\"widget\" data-widget_type=\"text-editor.default\">\n\t\t\t\t<div class=\"elementor-widget-container\">\n\t\t\t\t\t\t\t\t\t<p><strong>4.<\/strong> Sobald Sie die Best\u00e4tigungsemail erhalten haben, k\u00f6nnen Sie sich direkt in Classytime einloggen.<\/p>\t\t\t\t\t\t\t\t<\/div>\n\t\t\t\t<\/div>\n\t\t\t\t\t<\/div>\n\t\t\t\t<\/div>\n\t\t<div class=\"elementor-element elementor-element-39b4844 e-flex e-con-boxed e-con e-parent\" data-id=\"39b4844\" data-element_type=\"container\" data-e-type=\"container\">\n\t\t\t\t\t<div class=\"e-con-inner\">\n\t\t\t\t<div class=\"elementor-element elementor-element-73d8fed elementor-widget elementor-widget-text-editor\" data-id=\"73d8fed\" data-element_type=\"widget\" data-e-type=\"widget\" data-widget_type=\"text-editor.default\">\n\t\t\t\t<div class=\"elementor-widget-container\">\n\t\t\t\t\t\t\t\t\t<p>Bitte beachten Sie, dass ab dem 28.05.2018 die neue DSGVO gilt. Damit m\u00fcssen alle <strong>gewerblichen und freiberuflichen Kunden<\/strong> eine Vereinbarung zur Auftragsdatenverarbeitung mit uns abschlie\u00dfen. Das ist absolut kostenlos und kann direkt auf der Webseite in elektronischer Form erledigt werden. F\u00fcllen Sie dazu einfach das automatisch erscheinende Formular aus und senden diese mit einem Klick auf <strong>&#8222;Vereinbarung zur DSGVO abschlie\u00dfen&#8220;<\/strong> ab.<\/p><p>Sollten Sie Classytime als <strong>Privatkunde<\/strong> nutzen, sind Sie davon nicht betroffen und brauchen keine Vereinbarung zu treffen. Klicken Sie dazu einfach auf<strong> &#8222;Ich bin Privatperson, eine Vereinbarung ist nicht n\u00f6tig!&#8220;<\/strong>.<\/p><h5><strong>Sie k\u00f6nnen die Vereinbarung jederzeit mit Klick auf das Zahnrad oben im Men\u00fc ansehen und ggf. abschlie\u00dfen.<\/strong><\/h5>\t\t\t\t\t\t\t\t<\/div>\n\t\t\t\t<\/div>\n\t\t\t\t\t<\/div>\n\t\t\t\t<\/div>\n\t\t\t\t<\/div>\n\t\t","protected":false},"excerpt":{"rendered":"<p>Hier erfahren Sie, wie Sie sich ein Konto anlegen und mit der Arbeit in ClassyTime beginnen k\u00f6nnen.\u00a0 1. Auf der Startseite finden Sie oben im Men\u00fc den Punkt &#8222;anmelden&#8220;. Hier\u00fcber gelangen Sie auf die Registrierungsseite. Sobald Sie Ihr Konto erstellt haben, finden Sie hier auch die M\u00f6glichkeit, sich einzuloggen.\u00a0 Die Registrierung und Nutzung ist f\u00fcr &#8230; <a title=\"Konto anlegen\" class=\"read-more\" href=\"https:\/\/help.classymade.de\/?page_id=1010\" aria-label=\"Mehr Informationen \u00fcber Konto anlegen\">Weiterlesen<\/a><\/p>\n","protected":false},"author":2,"featured_media":0,"parent":0,"menu_order":0,"comment_status":"closed","ping_status":"closed","template":"","meta":{"footnotes":""},"class_list":["post-1010","page","type-page","status-publish"],"yoast_head":"<!-- This site is optimized with the Yoast SEO plugin v27.6 - https:\/\/yoast.com\/product\/yoast-seo-wordpress\/ -->\n<title>Konto anlegen - ClassyMade GmbH<\/title>\n<meta name=\"robots\" content=\"index, follow, max-snippet:-1, max-image-preview:large, max-video-preview:-1\" \/>\n<link rel=\"canonical\" href=\"https:\/\/help.classymade.de\/?page_id=1010\" \/>\n<meta property=\"og:locale\" content=\"de_DE\" \/>\n<meta property=\"og:type\" content=\"article\" \/>\n<meta property=\"og:title\" content=\"Konto anlegen - ClassyMade GmbH\" \/>\n<meta property=\"og:description\" content=\"Hier erfahren Sie, wie Sie sich ein Konto anlegen und mit der Arbeit in ClassyTime beginnen k\u00f6nnen.\u00a0 1. Auf der Startseite finden Sie oben im Men\u00fc den Punkt &#8222;anmelden&#8220;. Hier\u00fcber gelangen Sie auf die Registrierungsseite. Sobald Sie Ihr Konto erstellt haben, finden Sie hier auch die M\u00f6glichkeit, sich einzuloggen.\u00a0 Die Registrierung und Nutzung ist f\u00fcr ... Weiterlesen\" \/>\n<meta property=\"og:url\" content=\"https:\/\/help.classymade.de\/?page_id=1010\" \/>\n<meta property=\"og:site_name\" content=\"ClassyMade GmbH\" \/>\n<meta property=\"article:modified_time\" content=\"2025-09-24T11:36:30+00:00\" \/>\n<meta property=\"og:image\" content=\"https:\/\/help.classymade.de\/wp-content\/uploads\/2025\/09\/CT_Anmelden-und-Login.png\" \/>\n\t<meta property=\"og:image:width\" content=\"1159\" \/>\n\t<meta property=\"og:image:height\" content=\"536\" \/>\n\t<meta property=\"og:image:type\" content=\"image\/png\" \/>\n<meta name=\"twitter:card\" content=\"summary_large_image\" \/>\n<meta name=\"twitter:label1\" content=\"Gesch\u00e4tzte Lesezeit\" \/>\n\t<meta name=\"twitter:data1\" content=\"2\u00a0Minuten\" \/>\n<script type=\"application\/ld+json\" class=\"yoast-schema-graph\">{\"@context\":\"https:\\\/\\\/schema.org\",\"@graph\":[{\"@type\":\"WebPage\",\"@id\":\"https:\\\/\\\/help.classymade.de\\\/?page_id=1010\",\"url\":\"https:\\\/\\\/help.classymade.de\\\/?page_id=1010\",\"name\":\"Konto anlegen - ClassyMade GmbH\",\"isPartOf\":{\"@id\":\"https:\\\/\\\/help.classymade.de\\\/#website\"},\"primaryImageOfPage\":{\"@id\":\"https:\\\/\\\/help.classymade.de\\\/?page_id=1010#primaryimage\"},\"image\":{\"@id\":\"https:\\\/\\\/help.classymade.de\\\/?page_id=1010#primaryimage\"},\"thumbnailUrl\":\"https:\\\/\\\/help.classymade.de\\\/wp-content\\\/uploads\\\/2025\\\/09\\\/CT_Anmelden-und-Login-1024x474.png\",\"datePublished\":\"2025-09-19T12:17:15+00:00\",\"dateModified\":\"2025-09-24T11:36:30+00:00\",\"breadcrumb\":{\"@id\":\"https:\\\/\\\/help.classymade.de\\\/?page_id=1010#breadcrumb\"},\"inLanguage\":\"de\",\"potentialAction\":[{\"@type\":\"ReadAction\",\"target\":[\"https:\\\/\\\/help.classymade.de\\\/?page_id=1010\"]}]},{\"@type\":\"ImageObject\",\"inLanguage\":\"de\",\"@id\":\"https:\\\/\\\/help.classymade.de\\\/?page_id=1010#primaryimage\",\"url\":\"https:\\\/\\\/help.classymade.de\\\/wp-content\\\/uploads\\\/2025\\\/09\\\/CT_Anmelden-und-Login.png\",\"contentUrl\":\"https:\\\/\\\/help.classymade.de\\\/wp-content\\\/uploads\\\/2025\\\/09\\\/CT_Anmelden-und-Login.png\",\"width\":1159,\"height\":536},{\"@type\":\"BreadcrumbList\",\"@id\":\"https:\\\/\\\/help.classymade.de\\\/?page_id=1010#breadcrumb\",\"itemListElement\":[{\"@type\":\"ListItem\",\"position\":1,\"name\":\"Startseite\",\"item\":\"https:\\\/\\\/help.classymade.de\\\/\"},{\"@type\":\"ListItem\",\"position\":2,\"name\":\"Konto anlegen\"}]},{\"@type\":\"WebSite\",\"@id\":\"https:\\\/\\\/help.classymade.de\\\/#website\",\"url\":\"https:\\\/\\\/help.classymade.de\\\/\",\"name\":\"ClassyMade GmbH\",\"description\":\"Hilfecenter\",\"publisher\":{\"@id\":\"https:\\\/\\\/help.classymade.de\\\/#organization\"},\"potentialAction\":[{\"@type\":\"SearchAction\",\"target\":{\"@type\":\"EntryPoint\",\"urlTemplate\":\"https:\\\/\\\/help.classymade.de\\\/?s={search_term_string}\"},\"query-input\":{\"@type\":\"PropertyValueSpecification\",\"valueRequired\":true,\"valueName\":\"search_term_string\"}}],\"inLanguage\":\"de\"},{\"@type\":\"Organization\",\"@id\":\"https:\\\/\\\/help.classymade.de\\\/#organization\",\"name\":\"ClassyMade GmbH\",\"url\":\"https:\\\/\\\/help.classymade.de\\\/\",\"logo\":{\"@type\":\"ImageObject\",\"inLanguage\":\"de\",\"@id\":\"https:\\\/\\\/help.classymade.de\\\/#\\\/schema\\\/logo\\\/image\\\/\",\"url\":\"https:\\\/\\\/help.classymade.de\\\/wp-content\\\/uploads\\\/2025\\\/06\\\/Classymade-logo-quadrat-grau.png\",\"contentUrl\":\"https:\\\/\\\/help.classymade.de\\\/wp-content\\\/uploads\\\/2025\\\/06\\\/Classymade-logo-quadrat-grau.png\",\"width\":2000,\"height\":2000,\"caption\":\"ClassyMade GmbH\"},\"image\":{\"@id\":\"https:\\\/\\\/help.classymade.de\\\/#\\\/schema\\\/logo\\\/image\\\/\"}}]}<\/script>\n<!-- \/ Yoast SEO plugin. -->","yoast_head_json":{"title":"Konto anlegen - ClassyMade GmbH","robots":{"index":"index","follow":"follow","max-snippet":"max-snippet:-1","max-image-preview":"max-image-preview:large","max-video-preview":"max-video-preview:-1"},"canonical":"https:\/\/help.classymade.de\/?page_id=1010","og_locale":"de_DE","og_type":"article","og_title":"Konto anlegen - ClassyMade GmbH","og_description":"Hier erfahren Sie, wie Sie sich ein Konto anlegen und mit der Arbeit in ClassyTime beginnen k\u00f6nnen.\u00a0 1. Auf der Startseite finden Sie oben im Men\u00fc den Punkt &#8222;anmelden&#8220;. Hier\u00fcber gelangen Sie auf die Registrierungsseite. Sobald Sie Ihr Konto erstellt haben, finden Sie hier auch die M\u00f6glichkeit, sich einzuloggen.\u00a0 Die Registrierung und Nutzung ist f\u00fcr ... Weiterlesen","og_url":"https:\/\/help.classymade.de\/?page_id=1010","og_site_name":"ClassyMade GmbH","article_modified_time":"2025-09-24T11:36:30+00:00","og_image":[{"width":1159,"height":536,"url":"https:\/\/help.classymade.de\/wp-content\/uploads\/2025\/09\/CT_Anmelden-und-Login.png","type":"image\/png"}],"twitter_card":"summary_large_image","twitter_misc":{"Gesch\u00e4tzte Lesezeit":"2\u00a0Minuten"},"schema":{"@context":"https:\/\/schema.org","@graph":[{"@type":"WebPage","@id":"https:\/\/help.classymade.de\/?page_id=1010","url":"https:\/\/help.classymade.de\/?page_id=1010","name":"Konto anlegen - ClassyMade GmbH","isPartOf":{"@id":"https:\/\/help.classymade.de\/#website"},"primaryImageOfPage":{"@id":"https:\/\/help.classymade.de\/?page_id=1010#primaryimage"},"image":{"@id":"https:\/\/help.classymade.de\/?page_id=1010#primaryimage"},"thumbnailUrl":"https:\/\/help.classymade.de\/wp-content\/uploads\/2025\/09\/CT_Anmelden-und-Login-1024x474.png","datePublished":"2025-09-19T12:17:15+00:00","dateModified":"2025-09-24T11:36:30+00:00","breadcrumb":{"@id":"https:\/\/help.classymade.de\/?page_id=1010#breadcrumb"},"inLanguage":"de","potentialAction":[{"@type":"ReadAction","target":["https:\/\/help.classymade.de\/?page_id=1010"]}]},{"@type":"ImageObject","inLanguage":"de","@id":"https:\/\/help.classymade.de\/?page_id=1010#primaryimage","url":"https:\/\/help.classymade.de\/wp-content\/uploads\/2025\/09\/CT_Anmelden-und-Login.png","contentUrl":"https:\/\/help.classymade.de\/wp-content\/uploads\/2025\/09\/CT_Anmelden-und-Login.png","width":1159,"height":536},{"@type":"BreadcrumbList","@id":"https:\/\/help.classymade.de\/?page_id=1010#breadcrumb","itemListElement":[{"@type":"ListItem","position":1,"name":"Startseite","item":"https:\/\/help.classymade.de\/"},{"@type":"ListItem","position":2,"name":"Konto anlegen"}]},{"@type":"WebSite","@id":"https:\/\/help.classymade.de\/#website","url":"https:\/\/help.classymade.de\/","name":"ClassyMade GmbH","description":"Hilfecenter","publisher":{"@id":"https:\/\/help.classymade.de\/#organization"},"potentialAction":[{"@type":"SearchAction","target":{"@type":"EntryPoint","urlTemplate":"https:\/\/help.classymade.de\/?s={search_term_string}"},"query-input":{"@type":"PropertyValueSpecification","valueRequired":true,"valueName":"search_term_string"}}],"inLanguage":"de"},{"@type":"Organization","@id":"https:\/\/help.classymade.de\/#organization","name":"ClassyMade GmbH","url":"https:\/\/help.classymade.de\/","logo":{"@type":"ImageObject","inLanguage":"de","@id":"https:\/\/help.classymade.de\/#\/schema\/logo\/image\/","url":"https:\/\/help.classymade.de\/wp-content\/uploads\/2025\/06\/Classymade-logo-quadrat-grau.png","contentUrl":"https:\/\/help.classymade.de\/wp-content\/uploads\/2025\/06\/Classymade-logo-quadrat-grau.png","width":2000,"height":2000,"caption":"ClassyMade GmbH"},"image":{"@id":"https:\/\/help.classymade.de\/#\/schema\/logo\/image\/"}}]}},"_links":{"self":[{"href":"https:\/\/help.classymade.de\/index.php?rest_route=\/wp\/v2\/pages\/1010","targetHints":{"allow":["GET"]}}],"collection":[{"href":"https:\/\/help.classymade.de\/index.php?rest_route=\/wp\/v2\/pages"}],"about":[{"href":"https:\/\/help.classymade.de\/index.php?rest_route=\/wp\/v2\/types\/page"}],"author":[{"embeddable":true,"href":"https:\/\/help.classymade.de\/index.php?rest_route=\/wp\/v2\/users\/2"}],"replies":[{"embeddable":true,"href":"https:\/\/help.classymade.de\/index.php?rest_route=%2Fwp%2Fv2%2Fcomments&post=1010"}],"version-history":[{"count":16,"href":"https:\/\/help.classymade.de\/index.php?rest_route=\/wp\/v2\/pages\/1010\/revisions"}],"predecessor-version":[{"id":1396,"href":"https:\/\/help.classymade.de\/index.php?rest_route=\/wp\/v2\/pages\/1010\/revisions\/1396"}],"wp:attachment":[{"href":"https:\/\/help.classymade.de\/index.php?rest_route=%2Fwp%2Fv2%2Fmedia&parent=1010"}],"curies":[{"name":"wp","href":"https:\/\/api.w.org\/{rel}","templated":true}]}}