{"id":1049,"date":"2025-09-23T11:53:20","date_gmt":"2025-09-23T11:53:20","guid":{"rendered":"https:\/\/help.classymade.de\/?page_id=1049"},"modified":"2025-09-24T11:17:27","modified_gmt":"2025-09-24T11:17:27","slug":"eltern-einladen","status":"publish","type":"page","link":"https:\/\/help.classymade.de\/?page_id=1049","title":{"rendered":"Elternteil einladen und verkn\u00fcpfen"},"content":{"rendered":"\t\t<div data-elementor-type=\"wp-page\" data-elementor-id=\"1049\" class=\"elementor elementor-1049\" data-elementor-post-type=\"page\">\n\t\t\t\t<div class=\"elementor-element elementor-element-89d7119 e-flex e-con-boxed e-con e-parent\" data-id=\"89d7119\" data-element_type=\"container\" data-e-type=\"container\">\n\t\t\t\t\t<div class=\"e-con-inner\">\n\t\t\t\t<div class=\"elementor-element elementor-element-21133e2 elementor-widget-divider--view-line elementor-widget elementor-widget-divider\" data-id=\"21133e2\" data-element_type=\"widget\" data-e-type=\"widget\" data-widget_type=\"divider.default\">\n\t\t\t\t<div class=\"elementor-widget-container\">\n\t\t\t\t\t\t\t<div class=\"elementor-divider\">\n\t\t\t<span class=\"elementor-divider-separator\">\n\t\t\t\t\t\t<\/span>\n\t\t<\/div>\n\t\t\t\t\t\t<\/div>\n\t\t\t\t<\/div>\n\t\t\t\t\t<\/div>\n\t\t\t\t<\/div>\n\t\t<div class=\"elementor-element elementor-element-4113aec e-flex e-con-boxed e-con e-parent\" data-id=\"4113aec\" data-element_type=\"container\" data-e-type=\"container\">\n\t\t\t\t\t<div class=\"e-con-inner\">\n\t\t\t\t<div class=\"elementor-element elementor-element-20bc219 elementor-widget elementor-widget-text-editor\" data-id=\"20bc219\" data-element_type=\"widget\" data-e-type=\"widget\" data-widget_type=\"text-editor.default\">\n\t\t\t\t<div class=\"elementor-widget-container\">\n\t\t\t\t\t\t\t\t\t<h5><strong>Wenn du deine Eltern zum Unfallbuch einladen m\u00f6chtest, weil sie noch kein eigenes Konto haben, erf\u00e4hrst du hier, wie das geht.<\/strong><\/h5>\t\t\t\t\t\t\t\t<\/div>\n\t\t\t\t<\/div>\n\t\t\t\t\t<\/div>\n\t\t\t\t<\/div>\n\t\t<div class=\"elementor-element elementor-element-cf4e966 e-flex e-con-boxed e-con e-parent\" data-id=\"cf4e966\" data-element_type=\"container\" data-e-type=\"container\">\n\t\t\t\t\t<div class=\"e-con-inner\">\n\t\t\t\t<div class=\"elementor-element elementor-element-e0844c9 elementor-widget elementor-widget-text-editor\" data-id=\"e0844c9\" data-element_type=\"widget\" data-e-type=\"widget\" data-widget_type=\"text-editor.default\">\n\t\t\t\t<div class=\"elementor-widget-container\">\n\t\t\t\t\t\t\t\t\t<p><strong>1.<\/strong> Logge Dich ganz normal in Accidents at School ein. Falls bei Deinem Konto noch kein Elternteil zugeordnet ist, siehst du unten den Button <strong>&#8222;Eltern&#8220;<\/strong>. Klicke hier auf das <strong>Plus<\/strong>.<\/p>\t\t\t\t\t\t\t\t<\/div>\n\t\t\t\t<\/div>\n\t\t\t\t\t<\/div>\n\t\t\t\t<\/div>\n\t\t<div class=\"elementor-element elementor-element-d33ffe2 e-flex e-con-boxed e-con e-parent\" data-id=\"d33ffe2\" data-element_type=\"container\" data-e-type=\"container\">\n\t\t\t\t\t<div class=\"e-con-inner\">\n\t\t\t\t<div class=\"elementor-element elementor-element-5559b72 elementor-widget elementor-widget-image\" data-id=\"5559b72\" data-element_type=\"widget\" data-e-type=\"widget\" data-widget_type=\"image.default\">\n\t\t\t\t<div class=\"elementor-widget-container\">\n\t\t\t\t\t\t\t\t\t\t\t\t\t\t\t<img fetchpriority=\"high\" decoding=\"async\" width=\"337\" height=\"238\" src=\"https:\/\/help.classymade.de\/wp-content\/uploads\/2025\/09\/Eltern-zuordnen.png\" class=\"attachment-large size-large wp-image-1297\" alt=\"\" srcset=\"https:\/\/help.classymade.de\/wp-content\/uploads\/2025\/09\/Eltern-zuordnen.png 337w, https:\/\/help.classymade.de\/wp-content\/uploads\/2025\/09\/Eltern-zuordnen-300x212.png 300w\" sizes=\"(max-width: 337px) 100vw, 337px\" \/>\t\t\t\t\t\t\t\t\t\t\t\t\t\t\t<\/div>\n\t\t\t\t<\/div>\n\t\t\t\t\t<\/div>\n\t\t\t\t<\/div>\n\t\t<div class=\"elementor-element elementor-element-ea2ada7 e-flex e-con-boxed e-con e-parent\" data-id=\"ea2ada7\" data-element_type=\"container\" data-e-type=\"container\">\n\t\t\t\t\t<div class=\"e-con-inner\">\n\t\t\t\t\t<\/div>\n\t\t\t\t<\/div>\n\t\t<div class=\"elementor-element elementor-element-eb2dbd5 e-flex e-con-boxed e-con e-parent\" data-id=\"eb2dbd5\" data-element_type=\"container\" data-e-type=\"container\">\n\t\t\t\t\t<div class=\"e-con-inner\">\n\t\t\t\t<div class=\"elementor-element elementor-element-9cafcec elementor-widget elementor-widget-text-editor\" data-id=\"9cafcec\" data-element_type=\"widget\" data-e-type=\"widget\" data-widget_type=\"text-editor.default\">\n\t\t\t\t<div class=\"elementor-widget-container\">\n\t\t\t\t\t\t\t\t\t<p><strong>2.\u00a0<\/strong>Nun \u00f6ffnet sich ein Fenster. Hier kannst Du die E-Mail-Adresse deines Elternteils eingeben. Lass Dir vielleicht dabei helfen, falls Du unsicher bist. Klicke anschlie\u00dfend auf <strong>&#8222;speichern&#8220;<\/strong>.<\/p>\t\t\t\t\t\t\t\t<\/div>\n\t\t\t\t<\/div>\n\t\t\t\t<div class=\"elementor-element elementor-element-d46c538 elementor-widget elementor-widget-image\" data-id=\"d46c538\" data-element_type=\"widget\" data-e-type=\"widget\" data-widget_type=\"image.default\">\n\t\t\t\t<div class=\"elementor-widget-container\">\n\t\t\t\t\t\t\t\t\t\t\t\t\t\t\t<img decoding=\"async\" width=\"575\" height=\"459\" src=\"https:\/\/help.classymade.de\/wp-content\/uploads\/2025\/09\/Elternteil_einladen.png\" class=\"attachment-large size-large wp-image-1298\" alt=\"\" srcset=\"https:\/\/help.classymade.de\/wp-content\/uploads\/2025\/09\/Elternteil_einladen.png 575w, https:\/\/help.classymade.de\/wp-content\/uploads\/2025\/09\/Elternteil_einladen-300x239.png 300w\" sizes=\"(max-width: 575px) 100vw, 575px\" \/>\t\t\t\t\t\t\t\t\t\t\t\t\t\t\t<\/div>\n\t\t\t\t<\/div>\n\t\t\t\t\t<\/div>\n\t\t\t\t<\/div>\n\t\t<div class=\"elementor-element elementor-element-dd5719b e-flex e-con-boxed e-con e-parent\" data-id=\"dd5719b\" data-element_type=\"container\" data-e-type=\"container\">\n\t\t\t\t\t<div class=\"e-con-inner\">\n\t\t\t\t\t<\/div>\n\t\t\t\t<\/div>\n\t\t<div class=\"elementor-element elementor-element-e03f400 e-flex e-con-boxed e-con e-parent\" data-id=\"e03f400\" data-element_type=\"container\" data-e-type=\"container\">\n\t\t\t\t\t<div class=\"e-con-inner\">\n\t\t\t\t<div class=\"elementor-element elementor-element-fe81793 elementor-widget elementor-widget-text-editor\" data-id=\"fe81793\" data-element_type=\"widget\" data-e-type=\"widget\" data-widget_type=\"text-editor.default\">\n\t\t\t\t<div class=\"elementor-widget-container\">\n\t\t\t\t\t\t\t\t\t<p><strong>3. Geschafft!\u00a0<\/strong>Du erh\u00e4lst die Meldung, dass dein Elternteil erfolgreich eingeladen wurde. Dieser erh\u00e4lt die Einladung an die eingegebene E-Mail-Adresse und kann sich nun bei Accidents at School registrieren.<\/p><p>\u00a0<\/p><p>Falls Dein Elternteil schon ein Konto bei Accidents at School haben sollte, wird es nun mit Deinem Konto verkn\u00fcpft.<\/p><p>\u00a0<\/p><p>Klicke <strong>&#8222;ok&#8220;<\/strong> und Du gelangst zur\u00fcck zur Startseite.<\/p>\t\t\t\t\t\t\t\t<\/div>\n\t\t\t\t<\/div>\n\t\t\t\t\t<\/div>\n\t\t\t\t<\/div>\n\t\t<div class=\"elementor-element elementor-element-f1c64e0 e-flex e-con-boxed e-con e-parent\" data-id=\"f1c64e0\" data-element_type=\"container\" data-e-type=\"container\">\n\t\t\t\t\t<div class=\"e-con-inner\">\n\t\t\t\t<div class=\"elementor-element elementor-element-c078894 elementor-widget elementor-widget-image\" data-id=\"c078894\" data-element_type=\"widget\" data-e-type=\"widget\" data-widget_type=\"image.default\">\n\t\t\t\t<div class=\"elementor-widget-container\">\n\t\t\t\t\t\t\t\t\t\t\t\t\t\t\t<img decoding=\"async\" width=\"572\" height=\"459\" src=\"https:\/\/help.classymade.de\/wp-content\/uploads\/2025\/09\/Eltern_Meldung.png\" class=\"attachment-large size-large wp-image-1299\" alt=\"\" srcset=\"https:\/\/help.classymade.de\/wp-content\/uploads\/2025\/09\/Eltern_Meldung.png 572w, https:\/\/help.classymade.de\/wp-content\/uploads\/2025\/09\/Eltern_Meldung-300x241.png 300w\" sizes=\"(max-width: 572px) 100vw, 572px\" \/>\t\t\t\t\t\t\t\t\t\t\t\t\t\t\t<\/div>\n\t\t\t\t<\/div>\n\t\t\t\t\t<\/div>\n\t\t\t\t<\/div>\n\t\t<div class=\"elementor-element elementor-element-6b4383d e-flex e-con-boxed e-con e-parent\" data-id=\"6b4383d\" data-element_type=\"container\" data-e-type=\"container\">\n\t\t\t\t\t<div class=\"e-con-inner\">\n\t\t\t\t\t<\/div>\n\t\t\t\t<\/div>\n\t\t<div class=\"elementor-element elementor-element-45c8e39 e-flex e-con-boxed e-con e-parent\" data-id=\"45c8e39\" data-element_type=\"container\" data-e-type=\"container\">\n\t\t\t\t\t<div class=\"e-con-inner\">\n\t\t\t\t<div class=\"elementor-element elementor-element-d92112c elementor-widget elementor-widget-text-editor\" data-id=\"d92112c\" data-element_type=\"widget\" data-e-type=\"widget\" data-widget_type=\"text-editor.default\">\n\t\t\t\t<div class=\"elementor-widget-container\">\n\t\t\t\t\t\t\t\t\t<p><strong>4.<\/strong> Nun siehst Du deinen Elternteil auf Deiner Startseite. Mit einem Klick auf den <strong>Button<\/strong> kannst du dein Benutzerkonto aufrufen und dort die hinterlegten Daten Deines Elternteils einsehen.<\/p><p>Mit einem Klick auf das<strong> Plus<\/strong> kannst Du auch einen weiteren Elternteil hinzuf\u00fcgen.<\/p>\t\t\t\t\t\t\t\t<\/div>\n\t\t\t\t<\/div>\n\t\t\t\t\t<\/div>\n\t\t\t\t<\/div>\n\t\t<div class=\"elementor-element elementor-element-263915f e-flex e-con-boxed e-con e-parent\" data-id=\"263915f\" data-element_type=\"container\" data-e-type=\"container\">\n\t\t\t\t\t<div class=\"e-con-inner\">\n\t\t\t\t<div class=\"elementor-element elementor-element-6176e19 elementor-widget elementor-widget-image\" data-id=\"6176e19\" data-element_type=\"widget\" data-e-type=\"widget\" data-widget_type=\"image.default\">\n\t\t\t\t<div class=\"elementor-widget-container\">\n\t\t\t\t\t\t\t\t\t\t\t\t\t\t\t<img loading=\"lazy\" decoding=\"async\" width=\"308\" height=\"204\" src=\"https:\/\/help.classymade.de\/wp-content\/uploads\/2025\/09\/Elternteil_verknuepft.png\" class=\"attachment-large size-large wp-image-1300\" alt=\"\" srcset=\"https:\/\/help.classymade.de\/wp-content\/uploads\/2025\/09\/Elternteil_verknuepft.png 308w, https:\/\/help.classymade.de\/wp-content\/uploads\/2025\/09\/Elternteil_verknuepft-300x199.png 300w\" sizes=\"(max-width: 308px) 100vw, 308px\" \/>\t\t\t\t\t\t\t\t\t\t\t\t\t\t\t<\/div>\n\t\t\t\t<\/div>\n\t\t\t\t\t<\/div>\n\t\t\t\t<\/div>\n\t\t\t\t<\/div>\n\t\t","protected":false},"excerpt":{"rendered":"<p>Wenn du deine Eltern zum Unfallbuch einladen m\u00f6chtest, weil sie noch kein eigenes Konto haben, erf\u00e4hrst du hier, wie das geht. 1. Logge Dich ganz normal in Accidents at School ein. Falls bei Deinem Konto noch kein Elternteil zugeordnet ist, siehst du unten den Button &#8222;Eltern&#8220;. Klicke hier auf das Plus. 2.\u00a0Nun \u00f6ffnet sich ein &#8230; <a title=\"Elternteil einladen und verkn\u00fcpfen\" class=\"read-more\" href=\"https:\/\/help.classymade.de\/?page_id=1049\" aria-label=\"Mehr Informationen \u00fcber Elternteil einladen und verkn\u00fcpfen\">Weiterlesen<\/a><\/p>\n","protected":false},"author":2,"featured_media":0,"parent":0,"menu_order":0,"comment_status":"closed","ping_status":"closed","template":"","meta":{"footnotes":""},"class_list":["post-1049","page","type-page","status-publish"],"yoast_head":"<!-- This site is optimized with the Yoast SEO plugin v27.6 - https:\/\/yoast.com\/product\/yoast-seo-wordpress\/ -->\n<title>Elternteil einladen und verkn\u00fcpfen - ClassyMade GmbH<\/title>\n<meta name=\"robots\" content=\"index, follow, max-snippet:-1, max-image-preview:large, max-video-preview:-1\" \/>\n<link rel=\"canonical\" href=\"https:\/\/help.classymade.de\/?page_id=1049\" \/>\n<meta property=\"og:locale\" content=\"de_DE\" \/>\n<meta property=\"og:type\" content=\"article\" \/>\n<meta property=\"og:title\" content=\"Elternteil einladen und verkn\u00fcpfen - ClassyMade GmbH\" \/>\n<meta property=\"og:description\" content=\"Wenn du deine Eltern zum Unfallbuch einladen m\u00f6chtest, weil sie noch kein eigenes Konto haben, erf\u00e4hrst du hier, wie das geht. 1. Logge Dich ganz normal in Accidents at School ein. Falls bei Deinem Konto noch kein Elternteil zugeordnet ist, siehst du unten den Button &#8222;Eltern&#8220;. Klicke hier auf das Plus. 2.\u00a0Nun \u00f6ffnet sich ein ... Weiterlesen\" \/>\n<meta property=\"og:url\" content=\"https:\/\/help.classymade.de\/?page_id=1049\" \/>\n<meta property=\"og:site_name\" content=\"ClassyMade GmbH\" \/>\n<meta property=\"article:modified_time\" content=\"2025-09-24T11:17:27+00:00\" \/>\n<meta property=\"og:image\" content=\"https:\/\/help.classymade.de\/wp-content\/uploads\/2025\/09\/Eltern-zuordnen.png\" \/>\n\t<meta property=\"og:image:width\" content=\"337\" \/>\n\t<meta property=\"og:image:height\" content=\"238\" \/>\n\t<meta property=\"og:image:type\" content=\"image\/png\" \/>\n<meta name=\"twitter:card\" content=\"summary_large_image\" \/>\n<meta name=\"twitter:label1\" content=\"Gesch\u00e4tzte Lesezeit\" \/>\n\t<meta name=\"twitter:data1\" content=\"2\u00a0Minuten\" \/>\n<script type=\"application\/ld+json\" class=\"yoast-schema-graph\">{\"@context\":\"https:\\\/\\\/schema.org\",\"@graph\":[{\"@type\":\"WebPage\",\"@id\":\"https:\\\/\\\/help.classymade.de\\\/?page_id=1049\",\"url\":\"https:\\\/\\\/help.classymade.de\\\/?page_id=1049\",\"name\":\"Elternteil einladen und verkn\u00fcpfen - ClassyMade GmbH\",\"isPartOf\":{\"@id\":\"https:\\\/\\\/help.classymade.de\\\/#website\"},\"primaryImageOfPage\":{\"@id\":\"https:\\\/\\\/help.classymade.de\\\/?page_id=1049#primaryimage\"},\"image\":{\"@id\":\"https:\\\/\\\/help.classymade.de\\\/?page_id=1049#primaryimage\"},\"thumbnailUrl\":\"https:\\\/\\\/help.classymade.de\\\/wp-content\\\/uploads\\\/2025\\\/09\\\/Eltern-zuordnen.png\",\"datePublished\":\"2025-09-23T11:53:20+00:00\",\"dateModified\":\"2025-09-24T11:17:27+00:00\",\"breadcrumb\":{\"@id\":\"https:\\\/\\\/help.classymade.de\\\/?page_id=1049#breadcrumb\"},\"inLanguage\":\"de\",\"potentialAction\":[{\"@type\":\"ReadAction\",\"target\":[\"https:\\\/\\\/help.classymade.de\\\/?page_id=1049\"]}]},{\"@type\":\"ImageObject\",\"inLanguage\":\"de\",\"@id\":\"https:\\\/\\\/help.classymade.de\\\/?page_id=1049#primaryimage\",\"url\":\"https:\\\/\\\/help.classymade.de\\\/wp-content\\\/uploads\\\/2025\\\/09\\\/Eltern-zuordnen.png\",\"contentUrl\":\"https:\\\/\\\/help.classymade.de\\\/wp-content\\\/uploads\\\/2025\\\/09\\\/Eltern-zuordnen.png\",\"width\":337,\"height\":238},{\"@type\":\"BreadcrumbList\",\"@id\":\"https:\\\/\\\/help.classymade.de\\\/?page_id=1049#breadcrumb\",\"itemListElement\":[{\"@type\":\"ListItem\",\"position\":1,\"name\":\"Startseite\",\"item\":\"https:\\\/\\\/help.classymade.de\\\/\"},{\"@type\":\"ListItem\",\"position\":2,\"name\":\"Elternteil einladen und verkn\u00fcpfen\"}]},{\"@type\":\"WebSite\",\"@id\":\"https:\\\/\\\/help.classymade.de\\\/#website\",\"url\":\"https:\\\/\\\/help.classymade.de\\\/\",\"name\":\"ClassyMade GmbH\",\"description\":\"Hilfecenter\",\"publisher\":{\"@id\":\"https:\\\/\\\/help.classymade.de\\\/#organization\"},\"potentialAction\":[{\"@type\":\"SearchAction\",\"target\":{\"@type\":\"EntryPoint\",\"urlTemplate\":\"https:\\\/\\\/help.classymade.de\\\/?s={search_term_string}\"},\"query-input\":{\"@type\":\"PropertyValueSpecification\",\"valueRequired\":true,\"valueName\":\"search_term_string\"}}],\"inLanguage\":\"de\"},{\"@type\":\"Organization\",\"@id\":\"https:\\\/\\\/help.classymade.de\\\/#organization\",\"name\":\"ClassyMade GmbH\",\"url\":\"https:\\\/\\\/help.classymade.de\\\/\",\"logo\":{\"@type\":\"ImageObject\",\"inLanguage\":\"de\",\"@id\":\"https:\\\/\\\/help.classymade.de\\\/#\\\/schema\\\/logo\\\/image\\\/\",\"url\":\"https:\\\/\\\/help.classymade.de\\\/wp-content\\\/uploads\\\/2025\\\/06\\\/Classymade-logo-quadrat-grau.png\",\"contentUrl\":\"https:\\\/\\\/help.classymade.de\\\/wp-content\\\/uploads\\\/2025\\\/06\\\/Classymade-logo-quadrat-grau.png\",\"width\":2000,\"height\":2000,\"caption\":\"ClassyMade GmbH\"},\"image\":{\"@id\":\"https:\\\/\\\/help.classymade.de\\\/#\\\/schema\\\/logo\\\/image\\\/\"}}]}<\/script>\n<!-- \/ Yoast SEO plugin. -->","yoast_head_json":{"title":"Elternteil einladen und verkn\u00fcpfen - ClassyMade GmbH","robots":{"index":"index","follow":"follow","max-snippet":"max-snippet:-1","max-image-preview":"max-image-preview:large","max-video-preview":"max-video-preview:-1"},"canonical":"https:\/\/help.classymade.de\/?page_id=1049","og_locale":"de_DE","og_type":"article","og_title":"Elternteil einladen und verkn\u00fcpfen - ClassyMade GmbH","og_description":"Wenn du deine Eltern zum Unfallbuch einladen m\u00f6chtest, weil sie noch kein eigenes Konto haben, erf\u00e4hrst du hier, wie das geht. 1. Logge Dich ganz normal in Accidents at School ein. Falls bei Deinem Konto noch kein Elternteil zugeordnet ist, siehst du unten den Button &#8222;Eltern&#8220;. Klicke hier auf das Plus. 2.\u00a0Nun \u00f6ffnet sich ein ... Weiterlesen","og_url":"https:\/\/help.classymade.de\/?page_id=1049","og_site_name":"ClassyMade GmbH","article_modified_time":"2025-09-24T11:17:27+00:00","og_image":[{"width":337,"height":238,"url":"https:\/\/help.classymade.de\/wp-content\/uploads\/2025\/09\/Eltern-zuordnen.png","type":"image\/png"}],"twitter_card":"summary_large_image","twitter_misc":{"Gesch\u00e4tzte Lesezeit":"2\u00a0Minuten"},"schema":{"@context":"https:\/\/schema.org","@graph":[{"@type":"WebPage","@id":"https:\/\/help.classymade.de\/?page_id=1049","url":"https:\/\/help.classymade.de\/?page_id=1049","name":"Elternteil einladen und verkn\u00fcpfen - ClassyMade GmbH","isPartOf":{"@id":"https:\/\/help.classymade.de\/#website"},"primaryImageOfPage":{"@id":"https:\/\/help.classymade.de\/?page_id=1049#primaryimage"},"image":{"@id":"https:\/\/help.classymade.de\/?page_id=1049#primaryimage"},"thumbnailUrl":"https:\/\/help.classymade.de\/wp-content\/uploads\/2025\/09\/Eltern-zuordnen.png","datePublished":"2025-09-23T11:53:20+00:00","dateModified":"2025-09-24T11:17:27+00:00","breadcrumb":{"@id":"https:\/\/help.classymade.de\/?page_id=1049#breadcrumb"},"inLanguage":"de","potentialAction":[{"@type":"ReadAction","target":["https:\/\/help.classymade.de\/?page_id=1049"]}]},{"@type":"ImageObject","inLanguage":"de","@id":"https:\/\/help.classymade.de\/?page_id=1049#primaryimage","url":"https:\/\/help.classymade.de\/wp-content\/uploads\/2025\/09\/Eltern-zuordnen.png","contentUrl":"https:\/\/help.classymade.de\/wp-content\/uploads\/2025\/09\/Eltern-zuordnen.png","width":337,"height":238},{"@type":"BreadcrumbList","@id":"https:\/\/help.classymade.de\/?page_id=1049#breadcrumb","itemListElement":[{"@type":"ListItem","position":1,"name":"Startseite","item":"https:\/\/help.classymade.de\/"},{"@type":"ListItem","position":2,"name":"Elternteil einladen und verkn\u00fcpfen"}]},{"@type":"WebSite","@id":"https:\/\/help.classymade.de\/#website","url":"https:\/\/help.classymade.de\/","name":"ClassyMade GmbH","description":"Hilfecenter","publisher":{"@id":"https:\/\/help.classymade.de\/#organization"},"potentialAction":[{"@type":"SearchAction","target":{"@type":"EntryPoint","urlTemplate":"https:\/\/help.classymade.de\/?s={search_term_string}"},"query-input":{"@type":"PropertyValueSpecification","valueRequired":true,"valueName":"search_term_string"}}],"inLanguage":"de"},{"@type":"Organization","@id":"https:\/\/help.classymade.de\/#organization","name":"ClassyMade GmbH","url":"https:\/\/help.classymade.de\/","logo":{"@type":"ImageObject","inLanguage":"de","@id":"https:\/\/help.classymade.de\/#\/schema\/logo\/image\/","url":"https:\/\/help.classymade.de\/wp-content\/uploads\/2025\/06\/Classymade-logo-quadrat-grau.png","contentUrl":"https:\/\/help.classymade.de\/wp-content\/uploads\/2025\/06\/Classymade-logo-quadrat-grau.png","width":2000,"height":2000,"caption":"ClassyMade GmbH"},"image":{"@id":"https:\/\/help.classymade.de\/#\/schema\/logo\/image\/"}}]}},"_links":{"self":[{"href":"https:\/\/help.classymade.de\/index.php?rest_route=\/wp\/v2\/pages\/1049","targetHints":{"allow":["GET"]}}],"collection":[{"href":"https:\/\/help.classymade.de\/index.php?rest_route=\/wp\/v2\/pages"}],"about":[{"href":"https:\/\/help.classymade.de\/index.php?rest_route=\/wp\/v2\/types\/page"}],"author":[{"embeddable":true,"href":"https:\/\/help.classymade.de\/index.php?rest_route=\/wp\/v2\/users\/2"}],"replies":[{"embeddable":true,"href":"https:\/\/help.classymade.de\/index.php?rest_route=%2Fwp%2Fv2%2Fcomments&post=1049"}],"version-history":[{"count":16,"href":"https:\/\/help.classymade.de\/index.php?rest_route=\/wp\/v2\/pages\/1049\/revisions"}],"predecessor-version":[{"id":1375,"href":"https:\/\/help.classymade.de\/index.php?rest_route=\/wp\/v2\/pages\/1049\/revisions\/1375"}],"wp:attachment":[{"href":"https:\/\/help.classymade.de\/index.php?rest_route=%2Fwp%2Fv2%2Fmedia&parent=1049"}],"curies":[{"name":"wp","href":"https:\/\/api.w.org\/{rel}","templated":true}]}}