{"id":110,"date":"2025-08-28T13:41:03","date_gmt":"2025-08-28T13:41:03","guid":{"rendered":"https:\/\/help.classymade.de\/?page_id=110"},"modified":"2025-09-23T10:51:29","modified_gmt":"2025-09-23T10:51:29","slug":"verwalten","status":"publish","type":"page","link":"https:\/\/help.classymade.de\/?page_id=110","title":{"rendered":"Verwalten"},"content":{"rendered":"\t\t<div data-elementor-type=\"wp-page\" data-elementor-id=\"110\" class=\"elementor elementor-110\" data-elementor-post-type=\"page\">\n\t\t\t\t<div class=\"elementor-element elementor-element-3972fc4 e-flex e-con-boxed e-con e-parent\" data-id=\"3972fc4\" data-element_type=\"container\" data-e-type=\"container\">\n\t\t\t\t\t<div class=\"e-con-inner\">\n\t\t\t\t<div class=\"elementor-element elementor-element-1659f4f elementor-widget-divider--view-line elementor-widget elementor-widget-divider\" data-id=\"1659f4f\" data-element_type=\"widget\" data-e-type=\"widget\" data-widget_type=\"divider.default\">\n\t\t\t\t<div class=\"elementor-widget-container\">\n\t\t\t\t\t\t\t<div class=\"elementor-divider\">\n\t\t\t<span class=\"elementor-divider-separator\">\n\t\t\t\t\t\t<\/span>\n\t\t<\/div>\n\t\t\t\t\t\t<\/div>\n\t\t\t\t<\/div>\n\t\t\t\t\t<\/div>\n\t\t\t\t<\/div>\n\t\t<div class=\"elementor-element elementor-element-23bcae2 e-flex e-con-boxed e-con e-parent\" data-id=\"23bcae2\" data-element_type=\"container\" data-e-type=\"container\">\n\t\t\t\t\t<div class=\"e-con-inner\">\n\t\t\t\t<div class=\"elementor-element elementor-element-97c310d elementor-widget elementor-widget-text-editor\" data-id=\"97c310d\" data-element_type=\"widget\" data-e-type=\"widget\" data-widget_type=\"text-editor.default\">\n\t\t\t\t<div class=\"elementor-widget-container\">\n\t\t\t\t\t\t\t\t\t<h5><strong>Hier zeigen wir Ihnen, wie Sie die Benutzerinnen und Benutzer Ihrer Schule verwalten k\u00f6nnen.<\/strong><\/h5>\t\t\t\t\t\t\t\t<\/div>\n\t\t\t\t<\/div>\n\t\t\t\t\t<\/div>\n\t\t\t\t<\/div>\n\t\t<div class=\"elementor-element elementor-element-227bd38 e-grid e-con-full e-con e-parent\" data-id=\"227bd38\" data-element_type=\"container\" data-e-type=\"container\">\n\t\t\t\t<div class=\"elementor-element elementor-element-7a26ca9 elementor-widget elementor-widget-image\" data-id=\"7a26ca9\" data-element_type=\"widget\" data-e-type=\"widget\" data-widget_type=\"image.default\">\n\t\t\t\t<div class=\"elementor-widget-container\">\n\t\t\t\t\t\t\t\t\t\t\t\t\t\t\t<img fetchpriority=\"high\" decoding=\"async\" width=\"580\" height=\"238\" src=\"https:\/\/help.classymade.de\/wp-content\/uploads\/2025\/08\/Verwalten-Button-1.png\" class=\"attachment-large size-large wp-image-123\" alt=\"\" srcset=\"https:\/\/help.classymade.de\/wp-content\/uploads\/2025\/08\/Verwalten-Button-1.png 580w, https:\/\/help.classymade.de\/wp-content\/uploads\/2025\/08\/Verwalten-Button-1-300x123.png 300w\" sizes=\"(max-width: 580px) 100vw, 580px\" \/>\t\t\t\t\t\t\t\t\t\t\t\t\t\t\t<\/div>\n\t\t\t\t<\/div>\n\t\t\t\t<\/div>\n\t\t<div class=\"elementor-element elementor-element-7e5e81f e-flex e-con-boxed e-con e-parent\" data-id=\"7e5e81f\" data-element_type=\"container\" data-e-type=\"container\">\n\t\t\t\t\t<div class=\"e-con-inner\">\n\t\t\t\t<div class=\"elementor-element elementor-element-e160f6b elementor-widget elementor-widget-text-editor\" data-id=\"e160f6b\" data-element_type=\"widget\" data-e-type=\"widget\" data-widget_type=\"text-editor.default\">\n\t\t\t\t<div class=\"elementor-widget-container\">\n\t\t\t\t\t\t\t\t\t<p>Klicken Sie auf <strong>Verwalten<\/strong> und Sie erhalten eine \u00dcbersicht \u00fcber die Benutzerinnen und Benutzer Ihrer Schule.<\/p>\t\t\t\t\t\t\t\t<\/div>\n\t\t\t\t<\/div>\n\t\t\t\t<div class=\"elementor-element elementor-element-bb500c1 elementor-widget elementor-widget-text-editor\" data-id=\"bb500c1\" data-element_type=\"widget\" data-e-type=\"widget\" data-widget_type=\"text-editor.default\">\n\t\t\t\t<div class=\"elementor-widget-container\">\n\t\t\t\t\t\t\t\t\t<p><span style=\"color: #ffffff;\">\u00dcber das <strong>Suchfeld<\/strong> oben rechts k\u00f6nnen Sie auch gezielt nach einzelnen nach Personen an Ihrer Schule suchen, die bereits ein<em> Accidents at School<\/em> Konto registriert haben.<\/span><\/p><p><span style=\"color: #ffffff;\">Zudem sehen Sie die Rolle, die jeder Person bei der Erstellung zugewiesen wurde. Durch das Ausklappen des Dropdown-Men\u00fcs, k\u00f6nnen Sie eine andere Rolle zuweisen. Weiterhin gibt es die M\u00f6glichkeit, einzelne User durch das Klicken des <strong>Papierkorbsymbols<\/strong> zu l\u00f6schen. Diese tauchen dann nicht mehr in der Liste auf und haben keinen Zugang mehr zu <em>Accidents at School<\/em> \u00fcber Ihre Schule. Sie k\u00f6nnen aber jederzeit wieder neu eingeladen werden.<\/span><\/p>\t\t\t\t\t\t\t\t<\/div>\n\t\t\t\t<\/div>\n\t\t\t\t<div class=\"elementor-element elementor-element-806abb7 elementor-widget elementor-widget-image\" data-id=\"806abb7\" data-element_type=\"widget\" data-e-type=\"widget\" data-widget_type=\"image.default\">\n\t\t\t\t<div class=\"elementor-widget-container\">\n\t\t\t\t\t\t\t\t\t\t\t\t\t\t\t<img decoding=\"async\" width=\"1024\" height=\"536\" src=\"https:\/\/help.classymade.de\/wp-content\/uploads\/2025\/09\/Benutzer-verwalten-1024x536.png\" class=\"attachment-large size-large wp-image-325\" alt=\"\" srcset=\"https:\/\/help.classymade.de\/wp-content\/uploads\/2025\/09\/Benutzer-verwalten-1024x536.png 1024w, https:\/\/help.classymade.de\/wp-content\/uploads\/2025\/09\/Benutzer-verwalten-300x157.png 300w, https:\/\/help.classymade.de\/wp-content\/uploads\/2025\/09\/Benutzer-verwalten-768x402.png 768w, https:\/\/help.classymade.de\/wp-content\/uploads\/2025\/09\/Benutzer-verwalten-1536x804.png 1536w, https:\/\/help.classymade.de\/wp-content\/uploads\/2025\/09\/Benutzer-verwalten-2048x1072.png 2048w\" sizes=\"(max-width: 1024px) 100vw, 1024px\" \/>\t\t\t\t\t\t\t\t\t\t\t\t\t\t\t<\/div>\n\t\t\t\t<\/div>\n\t\t\t\t\t<\/div>\n\t\t\t\t<\/div>\n\t\t<div class=\"elementor-element elementor-element-212de37 e-flex e-con-boxed e-con e-parent\" data-id=\"212de37\" data-element_type=\"container\" data-e-type=\"container\">\n\t\t\t\t\t<div class=\"e-con-inner\">\n\t\t\t\t<div class=\"elementor-element elementor-element-c8ad46a elementor-widget elementor-widget-image\" data-id=\"c8ad46a\" data-element_type=\"widget\" data-e-type=\"widget\" data-widget_type=\"image.default\">\n\t\t\t\t<div class=\"elementor-widget-container\">\n\t\t\t\t\t\t\t\t\t\t\t\t\t\t\t<img decoding=\"async\" width=\"1024\" height=\"76\" src=\"https:\/\/help.classymade.de\/wp-content\/uploads\/2025\/08\/Verwalten_Buttons-1024x76.png\" class=\"attachment-large size-large wp-image-119\" alt=\"\" srcset=\"https:\/\/help.classymade.de\/wp-content\/uploads\/2025\/08\/Verwalten_Buttons-1024x76.png 1024w, https:\/\/help.classymade.de\/wp-content\/uploads\/2025\/08\/Verwalten_Buttons-300x22.png 300w, https:\/\/help.classymade.de\/wp-content\/uploads\/2025\/08\/Verwalten_Buttons-768x57.png 768w, https:\/\/help.classymade.de\/wp-content\/uploads\/2025\/08\/Verwalten_Buttons-1536x114.png 1536w, https:\/\/help.classymade.de\/wp-content\/uploads\/2025\/08\/Verwalten_Buttons.png 1890w\" sizes=\"(max-width: 1024px) 100vw, 1024px\" \/>\t\t\t\t\t\t\t\t\t\t\t\t\t\t\t<\/div>\n\t\t\t\t<\/div>\n\t\t\t\t<div class=\"elementor-element elementor-element-7275959 elementor-widget elementor-widget-text-editor\" data-id=\"7275959\" data-element_type=\"widget\" data-e-type=\"widget\" data-widget_type=\"text-editor.default\">\n\t\t\t\t<div class=\"elementor-widget-container\">\n\t\t\t\t\t\t\t\t\t<p><span style=\"color: #ffffff;\">\u00a0Unten sehen Sie den <strong>Zur\u00fcckbutton<\/strong>, \u00fcber den Sie wieder zum Hauptmen\u00fc gelangen.<\/span><\/p>\t\t\t\t\t\t\t\t<\/div>\n\t\t\t\t<\/div>\n\t\t\t\t<div class=\"elementor-element elementor-element-e988cca elementor-widget elementor-widget-text-editor\" data-id=\"e988cca\" data-element_type=\"widget\" data-e-type=\"widget\" data-widget_type=\"text-editor.default\">\n\t\t\t\t<div class=\"elementor-widget-container\">\n\t\t\t\t\t\t\t\t\t<p>\u00dcber den <strong>CSV-Import Button<\/strong> k\u00f6nnen Sie auch ganz bequem mehrere Benutzer und Benutzerinnen gleichzeitig einladen. Hierf\u00fcr erstellen Sie einfach eine CSV-Datei mit den E-Mail-Adressen und Rollen der Personen, die Sie zu <em>Accidents at School<\/em> einladen m\u00f6chten. Diese erhalten, wie auch bei der manuellen Einladung, eine E-Mail mit den weiteren Schritten.<\/p><p>Auf dieser Seite finden Sie auch eine Beispieldatei mit dem korrekten Format und einer \u00dcbersicht \u00fcber alle verf\u00fcgbaren Rollen.<\/p>\t\t\t\t\t\t\t\t<\/div>\n\t\t\t\t<\/div>\n\t\t\t\t<div class=\"elementor-element elementor-element-2fd3478 elementor-widget elementor-widget-text-editor\" data-id=\"2fd3478\" data-element_type=\"widget\" data-e-type=\"widget\" data-widget_type=\"text-editor.default\">\n\t\t\t\t<div class=\"elementor-widget-container\">\n\t\t\t\t\t\t\t\t\t<p><span style=\"color: #ffffff;\">\u00dcber das <strong>+<\/strong> k\u00f6nnen Sie neue Personen zu Ihrer Schule einladen. Tragen Sie dazu im nun erscheinenden Feld die E-Mail-Adresse der Person ein und vergeben Sie eine Rolle. Die eingeladene Person erh\u00e4lt anschlie\u00dfend eine E-Mail mit dem Hinweis, dass er oder sie zu Ihrer Schule hinzugef\u00fcgt wurde, welche Rolle vergeben wurde und wie die Registrierung abgeschlossen wird. Der neu angelegte User erscheint augenblicklich in Ihrer \u00dcbersicht.<\/span><\/p>\t\t\t\t\t\t\t\t<\/div>\n\t\t\t\t<\/div>\n\t\t\t\t\t<\/div>\n\t\t\t\t<\/div>\n\t\t\t\t<\/div>\n\t\t","protected":false},"excerpt":{"rendered":"<p>Hier zeigen wir Ihnen, wie Sie die Benutzerinnen und Benutzer Ihrer Schule verwalten k\u00f6nnen. Klicken Sie auf Verwalten und Sie erhalten eine \u00dcbersicht \u00fcber die Benutzerinnen und Benutzer Ihrer Schule. \u00dcber das Suchfeld oben rechts k\u00f6nnen Sie auch gezielt nach einzelnen nach Personen an Ihrer Schule suchen, die bereits ein Accidents at School Konto registriert &#8230; <a title=\"Verwalten\" class=\"read-more\" href=\"https:\/\/help.classymade.de\/?page_id=110\" aria-label=\"Mehr Informationen \u00fcber Verwalten\">Weiterlesen<\/a><\/p>\n","protected":false},"author":2,"featured_media":0,"parent":0,"menu_order":0,"comment_status":"closed","ping_status":"closed","template":"","meta":{"footnotes":""},"class_list":["post-110","page","type-page","status-publish"],"yoast_head":"<!-- This site is optimized with the Yoast SEO plugin v27.6 - https:\/\/yoast.com\/product\/yoast-seo-wordpress\/ -->\n<title>Verwalten - ClassyMade GmbH<\/title>\n<meta name=\"robots\" content=\"index, follow, max-snippet:-1, max-image-preview:large, max-video-preview:-1\" \/>\n<link rel=\"canonical\" href=\"https:\/\/help.classymade.de\/?page_id=110\" \/>\n<meta property=\"og:locale\" content=\"de_DE\" \/>\n<meta property=\"og:type\" content=\"article\" \/>\n<meta property=\"og:title\" content=\"Verwalten - ClassyMade GmbH\" \/>\n<meta property=\"og:description\" content=\"Hier zeigen wir Ihnen, wie Sie die Benutzerinnen und Benutzer Ihrer Schule verwalten k\u00f6nnen. Klicken Sie auf Verwalten und Sie erhalten eine \u00dcbersicht \u00fcber die Benutzerinnen und Benutzer Ihrer Schule. \u00dcber das Suchfeld oben rechts k\u00f6nnen Sie auch gezielt nach einzelnen nach Personen an Ihrer Schule suchen, die bereits ein Accidents at School Konto registriert ... Weiterlesen\" \/>\n<meta property=\"og:url\" content=\"https:\/\/help.classymade.de\/?page_id=110\" \/>\n<meta property=\"og:site_name\" content=\"ClassyMade GmbH\" \/>\n<meta property=\"article:modified_time\" content=\"2025-09-23T10:51:29+00:00\" \/>\n<meta property=\"og:image\" content=\"https:\/\/help.classymade.de\/wp-content\/uploads\/2025\/08\/Verwalten-Button-1.png\" \/>\n\t<meta property=\"og:image:width\" content=\"580\" \/>\n\t<meta property=\"og:image:height\" content=\"238\" \/>\n\t<meta property=\"og:image:type\" content=\"image\/png\" \/>\n<meta name=\"twitter:card\" content=\"summary_large_image\" \/>\n<meta name=\"twitter:label1\" content=\"Gesch\u00e4tzte Lesezeit\" \/>\n\t<meta name=\"twitter:data1\" content=\"3\u00a0Minuten\" \/>\n<script type=\"application\/ld+json\" class=\"yoast-schema-graph\">{\"@context\":\"https:\\\/\\\/schema.org\",\"@graph\":[{\"@type\":\"WebPage\",\"@id\":\"https:\\\/\\\/help.classymade.de\\\/?page_id=110\",\"url\":\"https:\\\/\\\/help.classymade.de\\\/?page_id=110\",\"name\":\"Verwalten - ClassyMade GmbH\",\"isPartOf\":{\"@id\":\"https:\\\/\\\/help.classymade.de\\\/#website\"},\"primaryImageOfPage\":{\"@id\":\"https:\\\/\\\/help.classymade.de\\\/?page_id=110#primaryimage\"},\"image\":{\"@id\":\"https:\\\/\\\/help.classymade.de\\\/?page_id=110#primaryimage\"},\"thumbnailUrl\":\"https:\\\/\\\/help.classymade.de\\\/wp-content\\\/uploads\\\/2025\\\/08\\\/Verwalten-Button-1.png\",\"datePublished\":\"2025-08-28T13:41:03+00:00\",\"dateModified\":\"2025-09-23T10:51:29+00:00\",\"breadcrumb\":{\"@id\":\"https:\\\/\\\/help.classymade.de\\\/?page_id=110#breadcrumb\"},\"inLanguage\":\"de\",\"potentialAction\":[{\"@type\":\"ReadAction\",\"target\":[\"https:\\\/\\\/help.classymade.de\\\/?page_id=110\"]}]},{\"@type\":\"ImageObject\",\"inLanguage\":\"de\",\"@id\":\"https:\\\/\\\/help.classymade.de\\\/?page_id=110#primaryimage\",\"url\":\"https:\\\/\\\/help.classymade.de\\\/wp-content\\\/uploads\\\/2025\\\/08\\\/Verwalten-Button-1.png\",\"contentUrl\":\"https:\\\/\\\/help.classymade.de\\\/wp-content\\\/uploads\\\/2025\\\/08\\\/Verwalten-Button-1.png\",\"width\":580,\"height\":238},{\"@type\":\"BreadcrumbList\",\"@id\":\"https:\\\/\\\/help.classymade.de\\\/?page_id=110#breadcrumb\",\"itemListElement\":[{\"@type\":\"ListItem\",\"position\":1,\"name\":\"Startseite\",\"item\":\"https:\\\/\\\/help.classymade.de\\\/\"},{\"@type\":\"ListItem\",\"position\":2,\"name\":\"Verwalten\"}]},{\"@type\":\"WebSite\",\"@id\":\"https:\\\/\\\/help.classymade.de\\\/#website\",\"url\":\"https:\\\/\\\/help.classymade.de\\\/\",\"name\":\"ClassyMade GmbH\",\"description\":\"Hilfecenter\",\"publisher\":{\"@id\":\"https:\\\/\\\/help.classymade.de\\\/#organization\"},\"potentialAction\":[{\"@type\":\"SearchAction\",\"target\":{\"@type\":\"EntryPoint\",\"urlTemplate\":\"https:\\\/\\\/help.classymade.de\\\/?s={search_term_string}\"},\"query-input\":{\"@type\":\"PropertyValueSpecification\",\"valueRequired\":true,\"valueName\":\"search_term_string\"}}],\"inLanguage\":\"de\"},{\"@type\":\"Organization\",\"@id\":\"https:\\\/\\\/help.classymade.de\\\/#organization\",\"name\":\"ClassyMade GmbH\",\"url\":\"https:\\\/\\\/help.classymade.de\\\/\",\"logo\":{\"@type\":\"ImageObject\",\"inLanguage\":\"de\",\"@id\":\"https:\\\/\\\/help.classymade.de\\\/#\\\/schema\\\/logo\\\/image\\\/\",\"url\":\"https:\\\/\\\/help.classymade.de\\\/wp-content\\\/uploads\\\/2025\\\/06\\\/Classymade-logo-quadrat-grau.png\",\"contentUrl\":\"https:\\\/\\\/help.classymade.de\\\/wp-content\\\/uploads\\\/2025\\\/06\\\/Classymade-logo-quadrat-grau.png\",\"width\":2000,\"height\":2000,\"caption\":\"ClassyMade GmbH\"},\"image\":{\"@id\":\"https:\\\/\\\/help.classymade.de\\\/#\\\/schema\\\/logo\\\/image\\\/\"}}]}<\/script>\n<!-- \/ Yoast SEO plugin. -->","yoast_head_json":{"title":"Verwalten - ClassyMade GmbH","robots":{"index":"index","follow":"follow","max-snippet":"max-snippet:-1","max-image-preview":"max-image-preview:large","max-video-preview":"max-video-preview:-1"},"canonical":"https:\/\/help.classymade.de\/?page_id=110","og_locale":"de_DE","og_type":"article","og_title":"Verwalten - ClassyMade GmbH","og_description":"Hier zeigen wir Ihnen, wie Sie die Benutzerinnen und Benutzer Ihrer Schule verwalten k\u00f6nnen. Klicken Sie auf Verwalten und Sie erhalten eine \u00dcbersicht \u00fcber die Benutzerinnen und Benutzer Ihrer Schule. \u00dcber das Suchfeld oben rechts k\u00f6nnen Sie auch gezielt nach einzelnen nach Personen an Ihrer Schule suchen, die bereits ein Accidents at School Konto registriert ... Weiterlesen","og_url":"https:\/\/help.classymade.de\/?page_id=110","og_site_name":"ClassyMade GmbH","article_modified_time":"2025-09-23T10:51:29+00:00","og_image":[{"width":580,"height":238,"url":"https:\/\/help.classymade.de\/wp-content\/uploads\/2025\/08\/Verwalten-Button-1.png","type":"image\/png"}],"twitter_card":"summary_large_image","twitter_misc":{"Gesch\u00e4tzte Lesezeit":"3\u00a0Minuten"},"schema":{"@context":"https:\/\/schema.org","@graph":[{"@type":"WebPage","@id":"https:\/\/help.classymade.de\/?page_id=110","url":"https:\/\/help.classymade.de\/?page_id=110","name":"Verwalten - ClassyMade GmbH","isPartOf":{"@id":"https:\/\/help.classymade.de\/#website"},"primaryImageOfPage":{"@id":"https:\/\/help.classymade.de\/?page_id=110#primaryimage"},"image":{"@id":"https:\/\/help.classymade.de\/?page_id=110#primaryimage"},"thumbnailUrl":"https:\/\/help.classymade.de\/wp-content\/uploads\/2025\/08\/Verwalten-Button-1.png","datePublished":"2025-08-28T13:41:03+00:00","dateModified":"2025-09-23T10:51:29+00:00","breadcrumb":{"@id":"https:\/\/help.classymade.de\/?page_id=110#breadcrumb"},"inLanguage":"de","potentialAction":[{"@type":"ReadAction","target":["https:\/\/help.classymade.de\/?page_id=110"]}]},{"@type":"ImageObject","inLanguage":"de","@id":"https:\/\/help.classymade.de\/?page_id=110#primaryimage","url":"https:\/\/help.classymade.de\/wp-content\/uploads\/2025\/08\/Verwalten-Button-1.png","contentUrl":"https:\/\/help.classymade.de\/wp-content\/uploads\/2025\/08\/Verwalten-Button-1.png","width":580,"height":238},{"@type":"BreadcrumbList","@id":"https:\/\/help.classymade.de\/?page_id=110#breadcrumb","itemListElement":[{"@type":"ListItem","position":1,"name":"Startseite","item":"https:\/\/help.classymade.de\/"},{"@type":"ListItem","position":2,"name":"Verwalten"}]},{"@type":"WebSite","@id":"https:\/\/help.classymade.de\/#website","url":"https:\/\/help.classymade.de\/","name":"ClassyMade GmbH","description":"Hilfecenter","publisher":{"@id":"https:\/\/help.classymade.de\/#organization"},"potentialAction":[{"@type":"SearchAction","target":{"@type":"EntryPoint","urlTemplate":"https:\/\/help.classymade.de\/?s={search_term_string}"},"query-input":{"@type":"PropertyValueSpecification","valueRequired":true,"valueName":"search_term_string"}}],"inLanguage":"de"},{"@type":"Organization","@id":"https:\/\/help.classymade.de\/#organization","name":"ClassyMade GmbH","url":"https:\/\/help.classymade.de\/","logo":{"@type":"ImageObject","inLanguage":"de","@id":"https:\/\/help.classymade.de\/#\/schema\/logo\/image\/","url":"https:\/\/help.classymade.de\/wp-content\/uploads\/2025\/06\/Classymade-logo-quadrat-grau.png","contentUrl":"https:\/\/help.classymade.de\/wp-content\/uploads\/2025\/06\/Classymade-logo-quadrat-grau.png","width":2000,"height":2000,"caption":"ClassyMade GmbH"},"image":{"@id":"https:\/\/help.classymade.de\/#\/schema\/logo\/image\/"}}]}},"_links":{"self":[{"href":"https:\/\/help.classymade.de\/index.php?rest_route=\/wp\/v2\/pages\/110","targetHints":{"allow":["GET"]}}],"collection":[{"href":"https:\/\/help.classymade.de\/index.php?rest_route=\/wp\/v2\/pages"}],"about":[{"href":"https:\/\/help.classymade.de\/index.php?rest_route=\/wp\/v2\/types\/page"}],"author":[{"embeddable":true,"href":"https:\/\/help.classymade.de\/index.php?rest_route=\/wp\/v2\/users\/2"}],"replies":[{"embeddable":true,"href":"https:\/\/help.classymade.de\/index.php?rest_route=%2Fwp%2Fv2%2Fcomments&post=110"}],"version-history":[{"count":31,"href":"https:\/\/help.classymade.de\/index.php?rest_route=\/wp\/v2\/pages\/110\/revisions"}],"predecessor-version":[{"id":1278,"href":"https:\/\/help.classymade.de\/index.php?rest_route=\/wp\/v2\/pages\/110\/revisions\/1278"}],"wp:attachment":[{"href":"https:\/\/help.classymade.de\/index.php?rest_route=%2Fwp%2Fv2%2Fmedia&parent=110"}],"curies":[{"name":"wp","href":"https:\/\/api.w.org\/{rel}","templated":true}]}}