{"id":1400,"date":"2025-09-24T13:05:17","date_gmt":"2025-09-24T13:05:17","guid":{"rendered":"https:\/\/help.classymade.de\/?page_id=1400"},"modified":"2025-09-24T13:49:40","modified_gmt":"2025-09-24T13:49:40","slug":"zeiterfassung-starten","status":"publish","type":"page","link":"https:\/\/help.classymade.de\/?page_id=1400","title":{"rendered":"Zeiterfassung starten"},"content":{"rendered":"\t\t<div data-elementor-type=\"wp-page\" data-elementor-id=\"1400\" class=\"elementor elementor-1400\" data-elementor-post-type=\"page\">\n\t\t\t\t<div class=\"elementor-element elementor-element-b2f3d26 e-flex e-con-boxed e-con e-parent\" data-id=\"b2f3d26\" data-element_type=\"container\" data-e-type=\"container\">\n\t\t\t\t\t<div class=\"e-con-inner\">\n\t\t\t\t<div class=\"elementor-element elementor-element-c234e8e elementor-widget-divider--view-line elementor-widget elementor-widget-divider\" data-id=\"c234e8e\" data-element_type=\"widget\" data-e-type=\"widget\" data-widget_type=\"divider.default\">\n\t\t\t\t<div class=\"elementor-widget-container\">\n\t\t\t\t\t\t\t<div class=\"elementor-divider\">\n\t\t\t<span class=\"elementor-divider-separator\">\n\t\t\t\t\t\t<\/span>\n\t\t<\/div>\n\t\t\t\t\t\t<\/div>\n\t\t\t\t<\/div>\n\t\t\t\t\t<\/div>\n\t\t\t\t<\/div>\n\t\t<div class=\"elementor-element elementor-element-3456225 e-flex e-con-boxed e-con e-parent\" data-id=\"3456225\" data-element_type=\"container\" data-e-type=\"container\">\n\t\t\t\t\t<div class=\"e-con-inner\">\n\t\t\t\t<div class=\"elementor-element elementor-element-76c605d elementor-widget elementor-widget-text-editor\" data-id=\"76c605d\" data-element_type=\"widget\" data-e-type=\"widget\" data-widget_type=\"text-editor.default\">\n\t\t\t\t<div class=\"elementor-widget-container\">\n\t\t\t\t\t\t\t\t\t<h5><strong>Hier fahren Sie, wie Sie Ihre Zeiterfassung starten, pausieren und stoppen k\u00f6nnen.\u00a0<\/strong><\/h5>\t\t\t\t\t\t\t\t<\/div>\n\t\t\t\t<\/div>\n\t\t\t\t\t<\/div>\n\t\t\t\t<\/div>\n\t\t<div class=\"elementor-element elementor-element-75ce31a e-flex e-con-boxed e-con e-parent\" data-id=\"75ce31a\" data-element_type=\"container\" data-e-type=\"container\">\n\t\t\t\t\t<div class=\"e-con-inner\">\n\t\t\t\t<div class=\"elementor-element elementor-element-f300a71 elementor-widget elementor-widget-text-editor\" data-id=\"f300a71\" data-element_type=\"widget\" data-e-type=\"widget\" data-widget_type=\"text-editor.default\">\n\t\t\t\t<div class=\"elementor-widget-container\">\n\t\t\t\t\t\t\t\t\t<p>Sobald Sie sich bei ClassyTime einloggen, gelangen Sie direkt auf die Zeiterfassungs-Seite. Dort k\u00f6nnen Sie unkompliziert &#8222;Start&#8220; dr\u00fccken, sobald Ihr Arbeitstag beginnt.\u00a0<\/p>\t\t\t\t\t\t\t\t<\/div>\n\t\t\t\t<\/div>\n\t\t\t\t\t<\/div>\n\t\t\t\t<\/div>\n\t\t<div class=\"elementor-element elementor-element-892cf3d e-flex e-con-boxed e-con e-parent\" data-id=\"892cf3d\" data-element_type=\"container\" data-e-type=\"container\">\n\t\t\t\t\t<div class=\"e-con-inner\">\n\t\t\t\t<div class=\"elementor-element elementor-element-befe540 elementor-widget elementor-widget-image\" data-id=\"befe540\" data-element_type=\"widget\" data-e-type=\"widget\" data-widget_type=\"image.default\">\n\t\t\t\t<div class=\"elementor-widget-container\">\n\t\t\t\t\t\t\t\t\t\t\t\t\t\t\t<img fetchpriority=\"high\" decoding=\"async\" width=\"1024\" height=\"336\" src=\"https:\/\/help.classymade.de\/wp-content\/uploads\/2025\/09\/CT_Arbeitszeit-starten_MA-1024x336.png\" class=\"attachment-large size-large wp-image-1402\" alt=\"\" srcset=\"https:\/\/help.classymade.de\/wp-content\/uploads\/2025\/09\/CT_Arbeitszeit-starten_MA-1024x336.png 1024w, https:\/\/help.classymade.de\/wp-content\/uploads\/2025\/09\/CT_Arbeitszeit-starten_MA-300x98.png 300w, https:\/\/help.classymade.de\/wp-content\/uploads\/2025\/09\/CT_Arbeitszeit-starten_MA-768x252.png 768w, https:\/\/help.classymade.de\/wp-content\/uploads\/2025\/09\/CT_Arbeitszeit-starten_MA.png 1451w\" sizes=\"(max-width: 1024px) 100vw, 1024px\" \/>\t\t\t\t\t\t\t\t\t\t\t\t\t\t\t<\/div>\n\t\t\t\t<\/div>\n\t\t\t\t\t<\/div>\n\t\t\t\t<\/div>\n\t\t<div class=\"elementor-element elementor-element-2f2f479 e-flex e-con-boxed e-con e-parent\" data-id=\"2f2f479\" data-element_type=\"container\" data-e-type=\"container\">\n\t\t\t\t\t<div class=\"e-con-inner\">\n\t\t\t\t<div class=\"elementor-element elementor-element-7cbd28c elementor-widget elementor-widget-text-editor\" data-id=\"7cbd28c\" data-element_type=\"widget\" data-e-type=\"widget\" data-widget_type=\"text-editor.default\">\n\t\t\t\t<div class=\"elementor-widget-container\">\n\t\t\t\t\t\t\t\t\t<p>Nun l\u00e4uft Ihre Arbeitszeit. Der Beginn wird automatisch festgehalten ab dem Zeitpunkt, an dem Sie auf &#8222;Start&#8220; geklickt haben.<\/p><p>Mit den drei Schaltfl\u00e4chen (hier eingerahmt) k\u00f6nnen Sie Ihre Arbeitszeit <strong>Pausieren<\/strong> und <strong>Stoppen<\/strong>. Die Pausen werden automatisch mit eingerechnet und von der Gesamtarbeitszeit abgezogen.<\/p>\t\t\t\t\t\t\t\t<\/div>\n\t\t\t\t<\/div>\n\t\t\t\t\t<\/div>\n\t\t\t\t<\/div>\n\t\t<div class=\"elementor-element elementor-element-0db84aa e-flex e-con-boxed e-con e-parent\" data-id=\"0db84aa\" data-element_type=\"container\" data-e-type=\"container\">\n\t\t\t\t\t<div class=\"e-con-inner\">\n\t\t\t\t<div class=\"elementor-element elementor-element-d260168 elementor-widget elementor-widget-image\" data-id=\"d260168\" data-element_type=\"widget\" data-e-type=\"widget\" data-widget_type=\"image.default\">\n\t\t\t\t<div class=\"elementor-widget-container\">\n\t\t\t\t\t\t\t\t\t\t\t\t\t\t\t<img decoding=\"async\" width=\"1024\" height=\"469\" src=\"https:\/\/help.classymade.de\/wp-content\/uploads\/2025\/09\/CT_Arbeitszeit-pausieren-und-Stoppen_MA-1024x469.png\" class=\"attachment-large size-large wp-image-1403\" alt=\"\" srcset=\"https:\/\/help.classymade.de\/wp-content\/uploads\/2025\/09\/CT_Arbeitszeit-pausieren-und-Stoppen_MA-1024x469.png 1024w, https:\/\/help.classymade.de\/wp-content\/uploads\/2025\/09\/CT_Arbeitszeit-pausieren-und-Stoppen_MA-300x137.png 300w, https:\/\/help.classymade.de\/wp-content\/uploads\/2025\/09\/CT_Arbeitszeit-pausieren-und-Stoppen_MA-768x352.png 768w, https:\/\/help.classymade.de\/wp-content\/uploads\/2025\/09\/CT_Arbeitszeit-pausieren-und-Stoppen_MA.png 1452w\" sizes=\"(max-width: 1024px) 100vw, 1024px\" \/>\t\t\t\t\t\t\t\t\t\t\t\t\t\t\t<\/div>\n\t\t\t\t<\/div>\n\t\t\t\t\t<\/div>\n\t\t\t\t<\/div>\n\t\t<div class=\"elementor-element elementor-element-0de913d e-flex e-con-boxed e-con e-parent\" data-id=\"0de913d\" data-element_type=\"container\" data-e-type=\"container\">\n\t\t\t\t\t<div class=\"e-con-inner\">\n\t\t\t\t<div class=\"elementor-element elementor-element-6b19df1 elementor-widget elementor-widget-text-editor\" data-id=\"6b19df1\" data-element_type=\"widget\" data-e-type=\"widget\" data-widget_type=\"text-editor.default\">\n\t\t\t\t<div class=\"elementor-widget-container\">\n\t\t\t\t\t\t\t\t\t<p>Unter Aufgabe und Beschreibung k\u00f6nnen Sie das die Aufgabe ausw\u00e4hlen, an der Sie gerade arbeiten und eine Beschreibung hinzuf\u00fcgen. Die Beschreibung wird automatisch \u00fcbernommen, sobald Sie sie eingetragen haben.<\/p>\t\t\t\t\t\t\t\t<\/div>\n\t\t\t\t<\/div>\n\t\t\t\t<div class=\"elementor-element elementor-element-304f38b elementor-widget elementor-widget-image\" data-id=\"304f38b\" data-element_type=\"widget\" data-e-type=\"widget\" data-widget_type=\"image.default\">\n\t\t\t\t<div class=\"elementor-widget-container\">\n\t\t\t\t\t\t\t\t\t\t\t\t\t\t\t<img decoding=\"async\" width=\"1024\" height=\"418\" src=\"https:\/\/help.classymade.de\/wp-content\/uploads\/2025\/09\/CT_Arbeitszeit_Aufgaben-1024x418.png\" class=\"attachment-large size-large wp-image-1404\" alt=\"\" srcset=\"https:\/\/help.classymade.de\/wp-content\/uploads\/2025\/09\/CT_Arbeitszeit_Aufgaben-1024x418.png 1024w, https:\/\/help.classymade.de\/wp-content\/uploads\/2025\/09\/CT_Arbeitszeit_Aufgaben-300x123.png 300w, https:\/\/help.classymade.de\/wp-content\/uploads\/2025\/09\/CT_Arbeitszeit_Aufgaben-768x314.png 768w, https:\/\/help.classymade.de\/wp-content\/uploads\/2025\/09\/CT_Arbeitszeit_Aufgaben.png 1452w\" sizes=\"(max-width: 1024px) 100vw, 1024px\" \/>\t\t\t\t\t\t\t\t\t\t\t\t\t\t\t<\/div>\n\t\t\t\t<\/div>\n\t\t\t\t<div class=\"elementor-element elementor-element-5bd878c elementor-widget elementor-widget-text-editor\" data-id=\"5bd878c\" data-element_type=\"widget\" data-e-type=\"widget\" data-widget_type=\"text-editor.default\">\n\t\t\t\t<div class=\"elementor-widget-container\">\n\t\t\t\t\t\t\t\t\t<p>Mit Klick auf das <strong>+<\/strong> k\u00f6nnen Sie Zwischenschritte speichern. Dies ist besonders dann n\u00fctzlich, wenn Sie an verschiedenen Aufgaben und Projekten, denen Sie zugeteilt sind, arbeiten. Die erfassten Zeiten werden Ihnen wie folgt weiter unten auf der Zeiterfassungsseite angezegit.<\/p><p>Die Arbeitszeit l\u00e4uft automatisch weiter, sobald Sie eine neue Aufgabe starten:\u00a0<\/p>\t\t\t\t\t\t\t\t<\/div>\n\t\t\t\t<\/div>\n\t\t\t\t<div class=\"elementor-element elementor-element-fbc5b90 elementor-widget elementor-widget-image\" data-id=\"fbc5b90\" data-element_type=\"widget\" data-e-type=\"widget\" data-widget_type=\"image.default\">\n\t\t\t\t<div class=\"elementor-widget-container\">\n\t\t\t\t\t\t\t\t\t\t\t\t\t\t\t<img loading=\"lazy\" decoding=\"async\" width=\"1024\" height=\"252\" src=\"https:\/\/help.classymade.de\/wp-content\/uploads\/2025\/09\/CT_Arbeitszeit-splitten-1024x252.png\" class=\"attachment-large size-large wp-image-1412\" alt=\"\" srcset=\"https:\/\/help.classymade.de\/wp-content\/uploads\/2025\/09\/CT_Arbeitszeit-splitten-1024x252.png 1024w, https:\/\/help.classymade.de\/wp-content\/uploads\/2025\/09\/CT_Arbeitszeit-splitten-300x74.png 300w, https:\/\/help.classymade.de\/wp-content\/uploads\/2025\/09\/CT_Arbeitszeit-splitten-768x189.png 768w, https:\/\/help.classymade.de\/wp-content\/uploads\/2025\/09\/CT_Arbeitszeit-splitten.png 1448w\" sizes=\"(max-width: 1024px) 100vw, 1024px\" \/>\t\t\t\t\t\t\t\t\t\t\t\t\t\t\t<\/div>\n\t\t\t\t<\/div>\n\t\t\t\t\t<\/div>\n\t\t\t\t<\/div>\n\t\t\t\t<\/div>\n\t\t","protected":false},"excerpt":{"rendered":"<p>Hier fahren Sie, wie Sie Ihre Zeiterfassung starten, pausieren und stoppen k\u00f6nnen.\u00a0 Sobald Sie sich bei ClassyTime einloggen, gelangen Sie direkt auf die Zeiterfassungs-Seite. Dort k\u00f6nnen Sie unkompliziert &#8222;Start&#8220; dr\u00fccken, sobald Ihr Arbeitstag beginnt.\u00a0 Nun l\u00e4uft Ihre Arbeitszeit. Der Beginn wird automatisch festgehalten ab dem Zeitpunkt, an dem Sie auf &#8222;Start&#8220; geklickt haben. Mit den &#8230; <a title=\"Zeiterfassung starten\" class=\"read-more\" href=\"https:\/\/help.classymade.de\/?page_id=1400\" aria-label=\"Mehr Informationen \u00fcber Zeiterfassung starten\">Weiterlesen<\/a><\/p>\n","protected":false},"author":2,"featured_media":0,"parent":0,"menu_order":0,"comment_status":"closed","ping_status":"closed","template":"","meta":{"footnotes":""},"class_list":["post-1400","page","type-page","status-publish"],"yoast_head":"<!-- This site is optimized with the Yoast SEO plugin v27.6 - https:\/\/yoast.com\/product\/yoast-seo-wordpress\/ -->\n<title>Zeiterfassung starten - ClassyMade GmbH<\/title>\n<meta name=\"robots\" content=\"index, follow, max-snippet:-1, max-image-preview:large, max-video-preview:-1\" \/>\n<link rel=\"canonical\" href=\"https:\/\/help.classymade.de\/?page_id=1400\" \/>\n<meta property=\"og:locale\" content=\"de_DE\" \/>\n<meta property=\"og:type\" content=\"article\" \/>\n<meta property=\"og:title\" content=\"Zeiterfassung starten - ClassyMade GmbH\" \/>\n<meta property=\"og:description\" content=\"Hier fahren Sie, wie Sie Ihre Zeiterfassung starten, pausieren und stoppen k\u00f6nnen.\u00a0 Sobald Sie sich bei ClassyTime einloggen, gelangen Sie direkt auf die Zeiterfassungs-Seite. Dort k\u00f6nnen Sie unkompliziert &#8222;Start&#8220; dr\u00fccken, sobald Ihr Arbeitstag beginnt.\u00a0 Nun l\u00e4uft Ihre Arbeitszeit. Der Beginn wird automatisch festgehalten ab dem Zeitpunkt, an dem Sie auf &#8222;Start&#8220; geklickt haben. Mit den ... Weiterlesen\" \/>\n<meta property=\"og:url\" content=\"https:\/\/help.classymade.de\/?page_id=1400\" \/>\n<meta property=\"og:site_name\" content=\"ClassyMade GmbH\" \/>\n<meta property=\"article:modified_time\" content=\"2025-09-24T13:49:40+00:00\" \/>\n<meta property=\"og:image\" content=\"https:\/\/help.classymade.de\/wp-content\/uploads\/2025\/09\/CT_Arbeitszeit-starten_MA.png\" \/>\n\t<meta property=\"og:image:width\" content=\"1451\" \/>\n\t<meta property=\"og:image:height\" content=\"476\" \/>\n\t<meta property=\"og:image:type\" content=\"image\/png\" \/>\n<meta name=\"twitter:card\" content=\"summary_large_image\" \/>\n<meta name=\"twitter:label1\" content=\"Gesch\u00e4tzte Lesezeit\" \/>\n\t<meta name=\"twitter:data1\" content=\"2\u00a0Minuten\" \/>\n<script type=\"application\/ld+json\" class=\"yoast-schema-graph\">{\"@context\":\"https:\\\/\\\/schema.org\",\"@graph\":[{\"@type\":\"WebPage\",\"@id\":\"https:\\\/\\\/help.classymade.de\\\/?page_id=1400\",\"url\":\"https:\\\/\\\/help.classymade.de\\\/?page_id=1400\",\"name\":\"Zeiterfassung starten - ClassyMade GmbH\",\"isPartOf\":{\"@id\":\"https:\\\/\\\/help.classymade.de\\\/#website\"},\"primaryImageOfPage\":{\"@id\":\"https:\\\/\\\/help.classymade.de\\\/?page_id=1400#primaryimage\"},\"image\":{\"@id\":\"https:\\\/\\\/help.classymade.de\\\/?page_id=1400#primaryimage\"},\"thumbnailUrl\":\"https:\\\/\\\/help.classymade.de\\\/wp-content\\\/uploads\\\/2025\\\/09\\\/CT_Arbeitszeit-starten_MA-1024x336.png\",\"datePublished\":\"2025-09-24T13:05:17+00:00\",\"dateModified\":\"2025-09-24T13:49:40+00:00\",\"breadcrumb\":{\"@id\":\"https:\\\/\\\/help.classymade.de\\\/?page_id=1400#breadcrumb\"},\"inLanguage\":\"de\",\"potentialAction\":[{\"@type\":\"ReadAction\",\"target\":[\"https:\\\/\\\/help.classymade.de\\\/?page_id=1400\"]}]},{\"@type\":\"ImageObject\",\"inLanguage\":\"de\",\"@id\":\"https:\\\/\\\/help.classymade.de\\\/?page_id=1400#primaryimage\",\"url\":\"https:\\\/\\\/help.classymade.de\\\/wp-content\\\/uploads\\\/2025\\\/09\\\/CT_Arbeitszeit-starten_MA.png\",\"contentUrl\":\"https:\\\/\\\/help.classymade.de\\\/wp-content\\\/uploads\\\/2025\\\/09\\\/CT_Arbeitszeit-starten_MA.png\",\"width\":1451,\"height\":476},{\"@type\":\"BreadcrumbList\",\"@id\":\"https:\\\/\\\/help.classymade.de\\\/?page_id=1400#breadcrumb\",\"itemListElement\":[{\"@type\":\"ListItem\",\"position\":1,\"name\":\"Startseite\",\"item\":\"https:\\\/\\\/help.classymade.de\\\/\"},{\"@type\":\"ListItem\",\"position\":2,\"name\":\"Zeiterfassung starten\"}]},{\"@type\":\"WebSite\",\"@id\":\"https:\\\/\\\/help.classymade.de\\\/#website\",\"url\":\"https:\\\/\\\/help.classymade.de\\\/\",\"name\":\"ClassyMade GmbH\",\"description\":\"Hilfecenter\",\"publisher\":{\"@id\":\"https:\\\/\\\/help.classymade.de\\\/#organization\"},\"potentialAction\":[{\"@type\":\"SearchAction\",\"target\":{\"@type\":\"EntryPoint\",\"urlTemplate\":\"https:\\\/\\\/help.classymade.de\\\/?s={search_term_string}\"},\"query-input\":{\"@type\":\"PropertyValueSpecification\",\"valueRequired\":true,\"valueName\":\"search_term_string\"}}],\"inLanguage\":\"de\"},{\"@type\":\"Organization\",\"@id\":\"https:\\\/\\\/help.classymade.de\\\/#organization\",\"name\":\"ClassyMade GmbH\",\"url\":\"https:\\\/\\\/help.classymade.de\\\/\",\"logo\":{\"@type\":\"ImageObject\",\"inLanguage\":\"de\",\"@id\":\"https:\\\/\\\/help.classymade.de\\\/#\\\/schema\\\/logo\\\/image\\\/\",\"url\":\"https:\\\/\\\/help.classymade.de\\\/wp-content\\\/uploads\\\/2025\\\/06\\\/Classymade-logo-quadrat-grau.png\",\"contentUrl\":\"https:\\\/\\\/help.classymade.de\\\/wp-content\\\/uploads\\\/2025\\\/06\\\/Classymade-logo-quadrat-grau.png\",\"width\":2000,\"height\":2000,\"caption\":\"ClassyMade GmbH\"},\"image\":{\"@id\":\"https:\\\/\\\/help.classymade.de\\\/#\\\/schema\\\/logo\\\/image\\\/\"}}]}<\/script>\n<!-- \/ Yoast SEO plugin. -->","yoast_head_json":{"title":"Zeiterfassung starten - ClassyMade GmbH","robots":{"index":"index","follow":"follow","max-snippet":"max-snippet:-1","max-image-preview":"max-image-preview:large","max-video-preview":"max-video-preview:-1"},"canonical":"https:\/\/help.classymade.de\/?page_id=1400","og_locale":"de_DE","og_type":"article","og_title":"Zeiterfassung starten - ClassyMade GmbH","og_description":"Hier fahren Sie, wie Sie Ihre Zeiterfassung starten, pausieren und stoppen k\u00f6nnen.\u00a0 Sobald Sie sich bei ClassyTime einloggen, gelangen Sie direkt auf die Zeiterfassungs-Seite. Dort k\u00f6nnen Sie unkompliziert &#8222;Start&#8220; dr\u00fccken, sobald Ihr Arbeitstag beginnt.\u00a0 Nun l\u00e4uft Ihre Arbeitszeit. Der Beginn wird automatisch festgehalten ab dem Zeitpunkt, an dem Sie auf &#8222;Start&#8220; geklickt haben. Mit den ... Weiterlesen","og_url":"https:\/\/help.classymade.de\/?page_id=1400","og_site_name":"ClassyMade GmbH","article_modified_time":"2025-09-24T13:49:40+00:00","og_image":[{"width":1451,"height":476,"url":"https:\/\/help.classymade.de\/wp-content\/uploads\/2025\/09\/CT_Arbeitszeit-starten_MA.png","type":"image\/png"}],"twitter_card":"summary_large_image","twitter_misc":{"Gesch\u00e4tzte Lesezeit":"2\u00a0Minuten"},"schema":{"@context":"https:\/\/schema.org","@graph":[{"@type":"WebPage","@id":"https:\/\/help.classymade.de\/?page_id=1400","url":"https:\/\/help.classymade.de\/?page_id=1400","name":"Zeiterfassung starten - ClassyMade GmbH","isPartOf":{"@id":"https:\/\/help.classymade.de\/#website"},"primaryImageOfPage":{"@id":"https:\/\/help.classymade.de\/?page_id=1400#primaryimage"},"image":{"@id":"https:\/\/help.classymade.de\/?page_id=1400#primaryimage"},"thumbnailUrl":"https:\/\/help.classymade.de\/wp-content\/uploads\/2025\/09\/CT_Arbeitszeit-starten_MA-1024x336.png","datePublished":"2025-09-24T13:05:17+00:00","dateModified":"2025-09-24T13:49:40+00:00","breadcrumb":{"@id":"https:\/\/help.classymade.de\/?page_id=1400#breadcrumb"},"inLanguage":"de","potentialAction":[{"@type":"ReadAction","target":["https:\/\/help.classymade.de\/?page_id=1400"]}]},{"@type":"ImageObject","inLanguage":"de","@id":"https:\/\/help.classymade.de\/?page_id=1400#primaryimage","url":"https:\/\/help.classymade.de\/wp-content\/uploads\/2025\/09\/CT_Arbeitszeit-starten_MA.png","contentUrl":"https:\/\/help.classymade.de\/wp-content\/uploads\/2025\/09\/CT_Arbeitszeit-starten_MA.png","width":1451,"height":476},{"@type":"BreadcrumbList","@id":"https:\/\/help.classymade.de\/?page_id=1400#breadcrumb","itemListElement":[{"@type":"ListItem","position":1,"name":"Startseite","item":"https:\/\/help.classymade.de\/"},{"@type":"ListItem","position":2,"name":"Zeiterfassung starten"}]},{"@type":"WebSite","@id":"https:\/\/help.classymade.de\/#website","url":"https:\/\/help.classymade.de\/","name":"ClassyMade GmbH","description":"Hilfecenter","publisher":{"@id":"https:\/\/help.classymade.de\/#organization"},"potentialAction":[{"@type":"SearchAction","target":{"@type":"EntryPoint","urlTemplate":"https:\/\/help.classymade.de\/?s={search_term_string}"},"query-input":{"@type":"PropertyValueSpecification","valueRequired":true,"valueName":"search_term_string"}}],"inLanguage":"de"},{"@type":"Organization","@id":"https:\/\/help.classymade.de\/#organization","name":"ClassyMade GmbH","url":"https:\/\/help.classymade.de\/","logo":{"@type":"ImageObject","inLanguage":"de","@id":"https:\/\/help.classymade.de\/#\/schema\/logo\/image\/","url":"https:\/\/help.classymade.de\/wp-content\/uploads\/2025\/06\/Classymade-logo-quadrat-grau.png","contentUrl":"https:\/\/help.classymade.de\/wp-content\/uploads\/2025\/06\/Classymade-logo-quadrat-grau.png","width":2000,"height":2000,"caption":"ClassyMade GmbH"},"image":{"@id":"https:\/\/help.classymade.de\/#\/schema\/logo\/image\/"}}]}},"_links":{"self":[{"href":"https:\/\/help.classymade.de\/index.php?rest_route=\/wp\/v2\/pages\/1400","targetHints":{"allow":["GET"]}}],"collection":[{"href":"https:\/\/help.classymade.de\/index.php?rest_route=\/wp\/v2\/pages"}],"about":[{"href":"https:\/\/help.classymade.de\/index.php?rest_route=\/wp\/v2\/types\/page"}],"author":[{"embeddable":true,"href":"https:\/\/help.classymade.de\/index.php?rest_route=\/wp\/v2\/users\/2"}],"replies":[{"embeddable":true,"href":"https:\/\/help.classymade.de\/index.php?rest_route=%2Fwp%2Fv2%2Fcomments&post=1400"}],"version-history":[{"count":19,"href":"https:\/\/help.classymade.de\/index.php?rest_route=\/wp\/v2\/pages\/1400\/revisions"}],"predecessor-version":[{"id":1424,"href":"https:\/\/help.classymade.de\/index.php?rest_route=\/wp\/v2\/pages\/1400\/revisions\/1424"}],"wp:attachment":[{"href":"https:\/\/help.classymade.de\/index.php?rest_route=%2Fwp%2Fv2%2Fmedia&parent=1400"}],"curies":[{"name":"wp","href":"https:\/\/api.w.org\/{rel}","templated":true}]}}