{"id":148,"date":"2025-08-28T14:02:17","date_gmt":"2025-08-28T14:02:17","guid":{"rendered":"https:\/\/help.classymade.de\/?page_id=148"},"modified":"2025-09-23T10:28:24","modified_gmt":"2025-09-23T10:28:24","slug":"anleitung-mein-notfallpass","status":"publish","type":"page","link":"https:\/\/help.classymade.de\/?page_id=148","title":{"rendered":"Mein Notfallpass"},"content":{"rendered":"\t\t<div data-elementor-type=\"wp-page\" data-elementor-id=\"148\" class=\"elementor elementor-148\" data-elementor-post-type=\"page\">\n\t\t\t\t<div class=\"elementor-element elementor-element-4cf79d3 e-flex e-con-boxed e-con e-parent\" data-id=\"4cf79d3\" data-element_type=\"container\" data-e-type=\"container\">\n\t\t\t\t\t<div class=\"e-con-inner\">\n\t\t\t\t<div class=\"elementor-element elementor-element-0ae2a7c elementor-widget-divider--view-line elementor-widget elementor-widget-divider\" data-id=\"0ae2a7c\" data-element_type=\"widget\" data-e-type=\"widget\" data-widget_type=\"divider.default\">\n\t\t\t\t<div class=\"elementor-widget-container\">\n\t\t\t\t\t\t\t<div class=\"elementor-divider\">\n\t\t\t<span class=\"elementor-divider-separator\">\n\t\t\t\t\t\t<\/span>\n\t\t<\/div>\n\t\t\t\t\t\t<\/div>\n\t\t\t\t<\/div>\n\t\t\t\t\t<\/div>\n\t\t\t\t<\/div>\n\t\t<div class=\"elementor-element elementor-element-cce4e46 e-flex e-con-boxed e-con e-parent\" data-id=\"cce4e46\" data-element_type=\"container\" data-e-type=\"container\">\n\t\t\t\t\t<div class=\"e-con-inner\">\n\t\t\t\t<div class=\"elementor-element elementor-element-e6f2b75 elementor-widget elementor-widget-text-editor\" data-id=\"e6f2b75\" data-element_type=\"widget\" data-e-type=\"widget\" data-widget_type=\"text-editor.default\">\n\t\t\t\t<div class=\"elementor-widget-container\">\n\t\t\t\t\t\t\t\t\t<h5><strong>Hier finden Sie Hinweise zum Ausf\u00fcllen und Verwenden Ihres pers\u00f6nlichen Notfallpasses.<\/strong><\/h5>\t\t\t\t\t\t\t\t<\/div>\n\t\t\t\t<\/div>\n\t\t\t\t\t<\/div>\n\t\t\t\t<\/div>\n\t\t<div class=\"elementor-element elementor-element-94edded e-flex e-con-boxed e-con e-parent\" data-id=\"94edded\" data-element_type=\"container\" data-e-type=\"container\">\n\t\t\t\t\t<div class=\"e-con-inner\">\n\t\t\t\t<div class=\"elementor-element elementor-element-81fa076 elementor-widget elementor-widget-image\" data-id=\"81fa076\" data-element_type=\"widget\" data-e-type=\"widget\" data-widget_type=\"image.default\">\n\t\t\t\t<div class=\"elementor-widget-container\">\n\t\t\t\t\t\t\t\t\t\t\t\t\t\t\t<img fetchpriority=\"high\" decoding=\"async\" width=\"397\" height=\"254\" src=\"https:\/\/help.classymade.de\/wp-content\/uploads\/2025\/08\/Mein-Notfallpass.png\" class=\"attachment-large size-large wp-image-171\" alt=\"\" srcset=\"https:\/\/help.classymade.de\/wp-content\/uploads\/2025\/08\/Mein-Notfallpass.png 397w, https:\/\/help.classymade.de\/wp-content\/uploads\/2025\/08\/Mein-Notfallpass-300x192.png 300w\" sizes=\"(max-width: 397px) 100vw, 397px\" \/>\t\t\t\t\t\t\t\t\t\t\t\t\t\t\t<\/div>\n\t\t\t\t<\/div>\n\t\t\t\t<div class=\"elementor-element elementor-element-7e34a6a elementor-widget-divider--view-line elementor-widget elementor-widget-divider\" data-id=\"7e34a6a\" data-element_type=\"widget\" data-e-type=\"widget\" data-widget_type=\"divider.default\">\n\t\t\t\t<div class=\"elementor-widget-container\">\n\t\t\t\t\t\t\t<div class=\"elementor-divider\">\n\t\t\t<span class=\"elementor-divider-separator\">\n\t\t\t\t\t\t<\/span>\n\t\t<\/div>\n\t\t\t\t\t\t<\/div>\n\t\t\t\t<\/div>\n\t\t\t\t<div class=\"elementor-element elementor-element-6ca45a0 elementor-widget elementor-widget-text-editor\" data-id=\"6ca45a0\" data-element_type=\"widget\" data-e-type=\"widget\" data-widget_type=\"text-editor.default\">\n\t\t\t\t<div class=\"elementor-widget-container\">\n\t\t\t\t\t\t\t\t\t<p><span style=\"color: #ffffff;\">Klicken Sie im Hauptmen\u00fc auf <strong>Mein Notfallpass<\/strong>.<\/span><\/p><p>\u00a0<\/p><p><span style=\"color: #ffffff;\">Hier\u00fcber haben Sie die M\u00f6glichkeit, Ihren individuellen Notfallpass auszuf\u00fcllen. Dieser kann eine gro\u00dfe Hilfe sein, falls Sie selbst einmal verunfallen, nicht ansprechbar sind oder Ihre Notfallinformationen nicht zur Hand haben. Ihr Notfallpass ist dann \u00fcber <strong>\u201eNotfallp\u00e4sse\u201c<\/strong> im Hauptmen\u00fc durch berechtigte Personen abrufbar. Au\u00dferdem haben Sie ihn selbst auch immer griffbereit!<\/span><\/p><p>\u00a0<\/p><p><span style=\"color: #ffffff;\">Sobald Sie <strong>\u201eMein Notfallpass\u201c<\/strong> angeklickt haben, \u00f6ffnet sich dieser direkt.<\/span><\/p>\t\t\t\t\t\t\t\t<\/div>\n\t\t\t\t<\/div>\n\t\t\t\t\t<\/div>\n\t\t\t\t<\/div>\n\t\t<div class=\"elementor-element elementor-element-52a5930 e-flex e-con-boxed e-con e-parent\" data-id=\"52a5930\" data-element_type=\"container\" data-e-type=\"container\">\n\t\t\t\t\t<div class=\"e-con-inner\">\n\t\t\t\t<div class=\"elementor-element elementor-element-73148fb elementor-widget elementor-widget-text-editor\" data-id=\"73148fb\" data-element_type=\"widget\" data-e-type=\"widget\" data-widget_type=\"text-editor.default\">\n\t\t\t\t<div class=\"elementor-widget-container\">\n\t\t\t\t\t\t\t\t\t<h5><span style=\"color: #ffffff;\"><strong>Falls Sie ihn noch nicht ausgef\u00fcllt haben, erfahren Sie hier, wie Sie dies vornehmen.<\/strong><\/span><\/h5><p><span style=\"color: #ffffff;\"><strong>1.<\/strong> Klicken Sie unten rechts auf das <strong>Bearbeiten-Symbol<\/strong>.<\/span><\/p>\t\t\t\t\t\t\t\t<\/div>\n\t\t\t\t<\/div>\n\t\t\t\t<div class=\"elementor-element elementor-element-85947de elementor-widget elementor-widget-image\" data-id=\"85947de\" data-element_type=\"widget\" data-e-type=\"widget\" data-widget_type=\"image.default\">\n\t\t\t\t<div class=\"elementor-widget-container\">\n\t\t\t\t\t\t\t\t\t\t\t\t\t\t\t<img decoding=\"async\" width=\"1024\" height=\"537\" src=\"https:\/\/help.classymade.de\/wp-content\/uploads\/2025\/08\/Leerer-Notfallpass-1024x537.png\" class=\"attachment-large size-large wp-image-169\" alt=\"\" srcset=\"https:\/\/help.classymade.de\/wp-content\/uploads\/2025\/08\/Leerer-Notfallpass-1024x537.png 1024w, https:\/\/help.classymade.de\/wp-content\/uploads\/2025\/08\/Leerer-Notfallpass-300x157.png 300w, https:\/\/help.classymade.de\/wp-content\/uploads\/2025\/08\/Leerer-Notfallpass-768x403.png 768w, https:\/\/help.classymade.de\/wp-content\/uploads\/2025\/08\/Leerer-Notfallpass-1536x805.png 1536w, https:\/\/help.classymade.de\/wp-content\/uploads\/2025\/08\/Leerer-Notfallpass-2048x1074.png 2048w\" sizes=\"(max-width: 1024px) 100vw, 1024px\" \/>\t\t\t\t\t\t\t\t\t\t\t\t\t\t\t<\/div>\n\t\t\t\t<\/div>\n\t\t\t\t\t<\/div>\n\t\t\t\t<\/div>\n\t\t<div class=\"elementor-element elementor-element-c369060 e-flex e-con-boxed e-con e-parent\" data-id=\"c369060\" data-element_type=\"container\" data-e-type=\"container\">\n\t\t\t\t\t<div class=\"e-con-inner\">\n\t\t\t\t<div class=\"elementor-element elementor-element-cb655c8 elementor-widget elementor-widget-text-editor\" data-id=\"cb655c8\" data-element_type=\"widget\" data-e-type=\"widget\" data-widget_type=\"text-editor.default\">\n\t\t\t\t<div class=\"elementor-widget-container\">\n\t\t\t\t\t\t\t\t\t<p><span style=\"color: #ffffff;\"><strong>2.<\/strong> Nun k\u00f6nnen Sie Ihre Daten eintragen. \u00dcber den <strong>Schieberegler<\/strong> ganz oben in der Maske k\u00f6nnen Sie ausw\u00e4hlen, ob Ihr Notfallpass auch Sch\u00fclerinnen und Sch\u00fclern des Schulsanit\u00e4tsdienstes angezeigt werden darf.<\/span><\/p>\t\t\t\t\t\t\t\t<\/div>\n\t\t\t\t<\/div>\n\t\t\t\t<div class=\"elementor-element elementor-element-7d6a141 elementor-widget elementor-widget-image\" data-id=\"7d6a141\" data-element_type=\"widget\" data-e-type=\"widget\" data-widget_type=\"image.default\">\n\t\t\t\t<div class=\"elementor-widget-container\">\n\t\t\t\t\t\t\t\t\t\t\t\t\t\t\t<img decoding=\"async\" width=\"977\" height=\"257\" src=\"https:\/\/help.classymade.de\/wp-content\/uploads\/2025\/08\/Sichtbarkeit-des-Notfallpasses.png\" class=\"attachment-large size-large wp-image-180\" alt=\"\" srcset=\"https:\/\/help.classymade.de\/wp-content\/uploads\/2025\/08\/Sichtbarkeit-des-Notfallpasses.png 977w, https:\/\/help.classymade.de\/wp-content\/uploads\/2025\/08\/Sichtbarkeit-des-Notfallpasses-300x79.png 300w, https:\/\/help.classymade.de\/wp-content\/uploads\/2025\/08\/Sichtbarkeit-des-Notfallpasses-768x202.png 768w\" sizes=\"(max-width: 977px) 100vw, 977px\" \/>\t\t\t\t\t\t\t\t\t\t\t\t\t\t\t<\/div>\n\t\t\t\t<\/div>\n\t\t\t\t\t<\/div>\n\t\t\t\t<\/div>\n\t\t<div class=\"elementor-element elementor-element-345805a e-flex e-con-boxed e-con e-parent\" data-id=\"345805a\" data-element_type=\"container\" data-e-type=\"container\">\n\t\t\t\t\t<div class=\"e-con-inner\">\n\t\t\t\t<div class=\"elementor-element elementor-element-e5d18e0 elementor-widget elementor-widget-text-editor\" data-id=\"e5d18e0\" data-element_type=\"widget\" data-e-type=\"widget\" data-widget_type=\"text-editor.default\">\n\t\t\t\t<div class=\"elementor-widget-container\">\n\t\t\t\t\t\t\t\t\t<p><span style=\"color: #ffffff;\"><strong>3.<\/strong> Weiter unten k\u00f6nnen Sie folgende weitere Felder ausf\u00fcllen:<\/span><\/p>\t\t\t\t\t\t\t\t<\/div>\n\t\t\t\t<\/div>\n\t\t\t\t<div class=\"elementor-element elementor-element-7a70b66 elementor-widget elementor-widget-text-editor\" data-id=\"7a70b66\" data-element_type=\"widget\" data-e-type=\"widget\" data-widget_type=\"text-editor.default\">\n\t\t\t\t<div class=\"elementor-widget-container\">\n\t\t\t\t\t\t\t\t\t<h3 style=\"text-align: center;\"><span style=\"color: #ffffff;\">Informationen im Notfallpass<\/span><\/h3><p style=\"text-align: left; padding-left: 40px;\"><span style=\"color: #ffffff;\"><strong>Personenbezogene Daten: <\/strong><\/span><\/p><ul><li><span style=\"color: #ffffff;\">Name<\/span><\/li><li><span style=\"color: #ffffff;\">Adresse<\/span><\/li><\/ul><p style=\"text-align: left; padding-left: 40px;\"><span style=\"color: #ffffff;\"><strong>Gesundheitsdaten:<\/strong><\/span><\/p><ul style=\"text-align: left;\"><li><span style=\"color: #ffffff;\">Vorerkrankungen<\/span><\/li><li><span style=\"color: #ffffff;\">Allergien<\/span><\/li><li><span style=\"color: #ffffff;\">Medikamente<\/span><\/li><li><span style=\"color: #ffffff;\">Wichtige Hinweise<\/span><\/li><li><span style=\"color: #ffffff;\">Sonstige Anmerkungen<\/span><\/li><\/ul><p style=\"text-align: left; padding-left: 40px;\"><span style=\"color: #ffffff;\"><strong>Krankenversicherungsdaten:<\/strong><\/span><\/p><ul style=\"text-align: left;\"><li><span style=\"color: #ffffff;\">Name der Krankenversicherung<\/span><\/li><li><span style=\"color: #ffffff;\">Versicherungsnummer<\/span><\/li><li><span style=\"color: #ffffff;\">Bemerkungen<\/span><\/li><\/ul><p style=\"text-align: left; padding-left: 40px;\"><span style=\"color: #ffffff;\"><strong>Notfallkontakte:<\/strong><\/span><\/p><ul><li><span style=\"color: #ffffff;\">Name und Telefonnummer von Personen, die im Notfall kontaktiert werden sollen<\/span><\/li><\/ul>\t\t\t\t\t\t\t\t<\/div>\n\t\t\t\t<\/div>\n\t\t\t\t\t<\/div>\n\t\t\t\t<\/div>\n\t\t<div class=\"elementor-element elementor-element-ff69497 e-flex e-con-boxed e-con e-parent\" data-id=\"ff69497\" data-element_type=\"container\" data-e-type=\"container\">\n\t\t\t\t\t<div class=\"e-con-inner\">\n\t\t\t\t<div class=\"elementor-element elementor-element-83c12e8 elementor-widget elementor-widget-text-editor\" data-id=\"83c12e8\" data-element_type=\"widget\" data-e-type=\"widget\" data-widget_type=\"text-editor.default\">\n\t\t\t\t<div class=\"elementor-widget-container\">\n\t\t\t\t\t\t\t\t\t<p><span style=\"color: #ffffff;\"><strong>4.<\/strong> Mit Klick auf das<strong> +<\/strong> k\u00f6nnen Sie weitere Felder zum Ausf\u00fcllen hinzuf\u00fcgen. M\u00f6chten Sie Felder wieder entfernen, klicken Sie einfach auf das <strong>X<\/strong> hinter dem entsprechenden Feld.<\/span><\/p>\t\t\t\t\t\t\t\t<\/div>\n\t\t\t\t<\/div>\n\t\t\t\t\t<\/div>\n\t\t\t\t<\/div>\n\t\t<div class=\"elementor-element elementor-element-ee06eac e-flex e-con-boxed e-con e-parent\" data-id=\"ee06eac\" data-element_type=\"container\" data-e-type=\"container\">\n\t\t\t\t\t<div class=\"e-con-inner\">\n\t\t\t\t<div class=\"elementor-element elementor-element-b88a64d elementor-widget elementor-widget-text-editor\" data-id=\"b88a64d\" data-element_type=\"widget\" data-e-type=\"widget\" data-widget_type=\"text-editor.default\">\n\t\t\t\t<div class=\"elementor-widget-container\">\n\t\t\t\t\t\t\t\t\t<p><span style=\"color: #ffffff;\"><strong>5.<\/strong> Klicken Sie auf<strong> Speichern <\/strong>und Ihre Daten werden in Ihrem Notfallpass hinterlegt.<\/span><\/p>\t\t\t\t\t\t\t\t<\/div>\n\t\t\t\t<\/div>\n\t\t\t\t<div class=\"elementor-element elementor-element-125e5ce elementor-widget elementor-widget-image\" data-id=\"125e5ce\" data-element_type=\"widget\" data-e-type=\"widget\" data-widget_type=\"image.default\">\n\t\t\t\t<div class=\"elementor-widget-container\">\n\t\t\t\t\t\t\t\t\t\t\t\t\t\t\t<img loading=\"lazy\" decoding=\"async\" width=\"1017\" height=\"120\" src=\"https:\/\/help.classymade.de\/wp-content\/uploads\/2025\/08\/Notfallpass_speichern.png\" class=\"attachment-large size-large wp-image-174\" alt=\"\" srcset=\"https:\/\/help.classymade.de\/wp-content\/uploads\/2025\/08\/Notfallpass_speichern.png 1017w, https:\/\/help.classymade.de\/wp-content\/uploads\/2025\/08\/Notfallpass_speichern-300x35.png 300w, https:\/\/help.classymade.de\/wp-content\/uploads\/2025\/08\/Notfallpass_speichern-768x91.png 768w\" sizes=\"(max-width: 1017px) 100vw, 1017px\" \/>\t\t\t\t\t\t\t\t\t\t\t\t\t\t\t<\/div>\n\t\t\t\t<\/div>\n\t\t\t\t<div class=\"elementor-element elementor-element-e0a8648 elementor-widget-divider--view-line elementor-widget elementor-widget-divider\" data-id=\"e0a8648\" data-element_type=\"widget\" data-e-type=\"widget\" data-widget_type=\"divider.default\">\n\t\t\t\t<div class=\"elementor-widget-container\">\n\t\t\t\t\t\t\t<div class=\"elementor-divider\">\n\t\t\t<span class=\"elementor-divider-separator\">\n\t\t\t\t\t\t<\/span>\n\t\t<\/div>\n\t\t\t\t\t\t<\/div>\n\t\t\t\t<\/div>\n\t\t\t\t\t<\/div>\n\t\t\t\t<\/div>\n\t\t<div class=\"elementor-element elementor-element-7c309b0 e-con-full e-flex e-con e-parent\" data-id=\"7c309b0\" data-element_type=\"container\" data-e-type=\"container\">\n\t\t\t\t<div class=\"elementor-element elementor-element-00bd336 elementor-widget elementor-widget-image\" data-id=\"00bd336\" data-element_type=\"widget\" data-e-type=\"widget\" data-widget_type=\"image.default\">\n\t\t\t\t<div class=\"elementor-widget-container\">\n\t\t\t\t\t\t\t\t\t\t\t\t\t\t\t<img loading=\"lazy\" decoding=\"async\" width=\"1024\" height=\"428\" src=\"https:\/\/help.classymade.de\/wp-content\/uploads\/2025\/08\/Notfallpass_ausgefuellt-1024x428.png\" class=\"attachment-large size-large wp-image-178\" alt=\"\" srcset=\"https:\/\/help.classymade.de\/wp-content\/uploads\/2025\/08\/Notfallpass_ausgefuellt-1024x428.png 1024w, https:\/\/help.classymade.de\/wp-content\/uploads\/2025\/08\/Notfallpass_ausgefuellt-300x125.png 300w, https:\/\/help.classymade.de\/wp-content\/uploads\/2025\/08\/Notfallpass_ausgefuellt-768x321.png 768w, https:\/\/help.classymade.de\/wp-content\/uploads\/2025\/08\/Notfallpass_ausgefuellt-1536x641.png 1536w, https:\/\/help.classymade.de\/wp-content\/uploads\/2025\/08\/Notfallpass_ausgefuellt-2048x855.png 2048w\" sizes=\"(max-width: 1024px) 100vw, 1024px\" \/>\t\t\t\t\t\t\t\t\t\t\t\t\t\t\t<\/div>\n\t\t\t\t<\/div>\n\t\t\t\t<\/div>\n\t\t\t\t<\/div>\n\t\t","protected":false},"excerpt":{"rendered":"<p>Hier finden Sie Hinweise zum Ausf\u00fcllen und Verwenden Ihres pers\u00f6nlichen Notfallpasses. Klicken Sie im Hauptmen\u00fc auf Mein Notfallpass. \u00a0 Hier\u00fcber haben Sie die M\u00f6glichkeit, Ihren individuellen Notfallpass auszuf\u00fcllen. Dieser kann eine gro\u00dfe Hilfe sein, falls Sie selbst einmal verunfallen, nicht ansprechbar sind oder Ihre Notfallinformationen nicht zur Hand haben. Ihr Notfallpass ist dann \u00fcber \u201eNotfallp\u00e4sse\u201c &#8230; <a title=\"Mein Notfallpass\" class=\"read-more\" href=\"https:\/\/help.classymade.de\/?page_id=148\" aria-label=\"Mehr Informationen \u00fcber Mein Notfallpass\">Weiterlesen<\/a><\/p>\n","protected":false},"author":2,"featured_media":0,"parent":0,"menu_order":0,"comment_status":"closed","ping_status":"closed","template":"","meta":{"footnotes":""},"class_list":["post-148","page","type-page","status-publish"],"yoast_head":"<!-- This site is optimized with the Yoast SEO plugin v27.6 - https:\/\/yoast.com\/product\/yoast-seo-wordpress\/ -->\n<title>Mein Notfallpass - ClassyMade GmbH<\/title>\n<meta name=\"robots\" content=\"index, follow, max-snippet:-1, max-image-preview:large, max-video-preview:-1\" \/>\n<link rel=\"canonical\" href=\"https:\/\/help.classymade.de\/?page_id=148\" \/>\n<meta property=\"og:locale\" content=\"de_DE\" \/>\n<meta property=\"og:type\" content=\"article\" \/>\n<meta property=\"og:title\" content=\"Mein Notfallpass - ClassyMade GmbH\" \/>\n<meta property=\"og:description\" content=\"Hier finden Sie Hinweise zum Ausf\u00fcllen und Verwenden Ihres pers\u00f6nlichen Notfallpasses. Klicken Sie im Hauptmen\u00fc auf Mein Notfallpass. \u00a0 Hier\u00fcber haben Sie die M\u00f6glichkeit, Ihren individuellen Notfallpass auszuf\u00fcllen. Dieser kann eine gro\u00dfe Hilfe sein, falls Sie selbst einmal verunfallen, nicht ansprechbar sind oder Ihre Notfallinformationen nicht zur Hand haben. Ihr Notfallpass ist dann \u00fcber \u201eNotfallp\u00e4sse\u201c ... Weiterlesen\" \/>\n<meta property=\"og:url\" content=\"https:\/\/help.classymade.de\/?page_id=148\" \/>\n<meta property=\"og:site_name\" content=\"ClassyMade GmbH\" \/>\n<meta property=\"article:modified_time\" content=\"2025-09-23T10:28:24+00:00\" \/>\n<meta property=\"og:image\" content=\"https:\/\/help.classymade.de\/wp-content\/uploads\/2025\/08\/Mein-Notfallpass.png\" \/>\n\t<meta property=\"og:image:width\" content=\"397\" \/>\n\t<meta property=\"og:image:height\" content=\"254\" \/>\n\t<meta property=\"og:image:type\" content=\"image\/png\" \/>\n<meta name=\"twitter:card\" content=\"summary_large_image\" \/>\n<meta name=\"twitter:label1\" content=\"Gesch\u00e4tzte Lesezeit\" \/>\n\t<meta name=\"twitter:data1\" content=\"3\u00a0Minuten\" \/>\n<script type=\"application\/ld+json\" class=\"yoast-schema-graph\">{\"@context\":\"https:\\\/\\\/schema.org\",\"@graph\":[{\"@type\":\"WebPage\",\"@id\":\"https:\\\/\\\/help.classymade.de\\\/?page_id=148\",\"url\":\"https:\\\/\\\/help.classymade.de\\\/?page_id=148\",\"name\":\"Mein Notfallpass - ClassyMade GmbH\",\"isPartOf\":{\"@id\":\"https:\\\/\\\/help.classymade.de\\\/#website\"},\"primaryImageOfPage\":{\"@id\":\"https:\\\/\\\/help.classymade.de\\\/?page_id=148#primaryimage\"},\"image\":{\"@id\":\"https:\\\/\\\/help.classymade.de\\\/?page_id=148#primaryimage\"},\"thumbnailUrl\":\"https:\\\/\\\/help.classymade.de\\\/wp-content\\\/uploads\\\/2025\\\/08\\\/Mein-Notfallpass.png\",\"datePublished\":\"2025-08-28T14:02:17+00:00\",\"dateModified\":\"2025-09-23T10:28:24+00:00\",\"breadcrumb\":{\"@id\":\"https:\\\/\\\/help.classymade.de\\\/?page_id=148#breadcrumb\"},\"inLanguage\":\"de\",\"potentialAction\":[{\"@type\":\"ReadAction\",\"target\":[\"https:\\\/\\\/help.classymade.de\\\/?page_id=148\"]}]},{\"@type\":\"ImageObject\",\"inLanguage\":\"de\",\"@id\":\"https:\\\/\\\/help.classymade.de\\\/?page_id=148#primaryimage\",\"url\":\"https:\\\/\\\/help.classymade.de\\\/wp-content\\\/uploads\\\/2025\\\/08\\\/Mein-Notfallpass.png\",\"contentUrl\":\"https:\\\/\\\/help.classymade.de\\\/wp-content\\\/uploads\\\/2025\\\/08\\\/Mein-Notfallpass.png\",\"width\":397,\"height\":254},{\"@type\":\"BreadcrumbList\",\"@id\":\"https:\\\/\\\/help.classymade.de\\\/?page_id=148#breadcrumb\",\"itemListElement\":[{\"@type\":\"ListItem\",\"position\":1,\"name\":\"Startseite\",\"item\":\"https:\\\/\\\/help.classymade.de\\\/\"},{\"@type\":\"ListItem\",\"position\":2,\"name\":\"Mein Notfallpass\"}]},{\"@type\":\"WebSite\",\"@id\":\"https:\\\/\\\/help.classymade.de\\\/#website\",\"url\":\"https:\\\/\\\/help.classymade.de\\\/\",\"name\":\"ClassyMade GmbH\",\"description\":\"Hilfecenter\",\"publisher\":{\"@id\":\"https:\\\/\\\/help.classymade.de\\\/#organization\"},\"potentialAction\":[{\"@type\":\"SearchAction\",\"target\":{\"@type\":\"EntryPoint\",\"urlTemplate\":\"https:\\\/\\\/help.classymade.de\\\/?s={search_term_string}\"},\"query-input\":{\"@type\":\"PropertyValueSpecification\",\"valueRequired\":true,\"valueName\":\"search_term_string\"}}],\"inLanguage\":\"de\"},{\"@type\":\"Organization\",\"@id\":\"https:\\\/\\\/help.classymade.de\\\/#organization\",\"name\":\"ClassyMade GmbH\",\"url\":\"https:\\\/\\\/help.classymade.de\\\/\",\"logo\":{\"@type\":\"ImageObject\",\"inLanguage\":\"de\",\"@id\":\"https:\\\/\\\/help.classymade.de\\\/#\\\/schema\\\/logo\\\/image\\\/\",\"url\":\"https:\\\/\\\/help.classymade.de\\\/wp-content\\\/uploads\\\/2025\\\/06\\\/Classymade-logo-quadrat-grau.png\",\"contentUrl\":\"https:\\\/\\\/help.classymade.de\\\/wp-content\\\/uploads\\\/2025\\\/06\\\/Classymade-logo-quadrat-grau.png\",\"width\":2000,\"height\":2000,\"caption\":\"ClassyMade GmbH\"},\"image\":{\"@id\":\"https:\\\/\\\/help.classymade.de\\\/#\\\/schema\\\/logo\\\/image\\\/\"}}]}<\/script>\n<!-- \/ Yoast SEO plugin. -->","yoast_head_json":{"title":"Mein Notfallpass - ClassyMade GmbH","robots":{"index":"index","follow":"follow","max-snippet":"max-snippet:-1","max-image-preview":"max-image-preview:large","max-video-preview":"max-video-preview:-1"},"canonical":"https:\/\/help.classymade.de\/?page_id=148","og_locale":"de_DE","og_type":"article","og_title":"Mein Notfallpass - ClassyMade GmbH","og_description":"Hier finden Sie Hinweise zum Ausf\u00fcllen und Verwenden Ihres pers\u00f6nlichen Notfallpasses. Klicken Sie im Hauptmen\u00fc auf Mein Notfallpass. \u00a0 Hier\u00fcber haben Sie die M\u00f6glichkeit, Ihren individuellen Notfallpass auszuf\u00fcllen. Dieser kann eine gro\u00dfe Hilfe sein, falls Sie selbst einmal verunfallen, nicht ansprechbar sind oder Ihre Notfallinformationen nicht zur Hand haben. Ihr Notfallpass ist dann \u00fcber \u201eNotfallp\u00e4sse\u201c ... Weiterlesen","og_url":"https:\/\/help.classymade.de\/?page_id=148","og_site_name":"ClassyMade GmbH","article_modified_time":"2025-09-23T10:28:24+00:00","og_image":[{"width":397,"height":254,"url":"https:\/\/help.classymade.de\/wp-content\/uploads\/2025\/08\/Mein-Notfallpass.png","type":"image\/png"}],"twitter_card":"summary_large_image","twitter_misc":{"Gesch\u00e4tzte Lesezeit":"3\u00a0Minuten"},"schema":{"@context":"https:\/\/schema.org","@graph":[{"@type":"WebPage","@id":"https:\/\/help.classymade.de\/?page_id=148","url":"https:\/\/help.classymade.de\/?page_id=148","name":"Mein Notfallpass - ClassyMade GmbH","isPartOf":{"@id":"https:\/\/help.classymade.de\/#website"},"primaryImageOfPage":{"@id":"https:\/\/help.classymade.de\/?page_id=148#primaryimage"},"image":{"@id":"https:\/\/help.classymade.de\/?page_id=148#primaryimage"},"thumbnailUrl":"https:\/\/help.classymade.de\/wp-content\/uploads\/2025\/08\/Mein-Notfallpass.png","datePublished":"2025-08-28T14:02:17+00:00","dateModified":"2025-09-23T10:28:24+00:00","breadcrumb":{"@id":"https:\/\/help.classymade.de\/?page_id=148#breadcrumb"},"inLanguage":"de","potentialAction":[{"@type":"ReadAction","target":["https:\/\/help.classymade.de\/?page_id=148"]}]},{"@type":"ImageObject","inLanguage":"de","@id":"https:\/\/help.classymade.de\/?page_id=148#primaryimage","url":"https:\/\/help.classymade.de\/wp-content\/uploads\/2025\/08\/Mein-Notfallpass.png","contentUrl":"https:\/\/help.classymade.de\/wp-content\/uploads\/2025\/08\/Mein-Notfallpass.png","width":397,"height":254},{"@type":"BreadcrumbList","@id":"https:\/\/help.classymade.de\/?page_id=148#breadcrumb","itemListElement":[{"@type":"ListItem","position":1,"name":"Startseite","item":"https:\/\/help.classymade.de\/"},{"@type":"ListItem","position":2,"name":"Mein Notfallpass"}]},{"@type":"WebSite","@id":"https:\/\/help.classymade.de\/#website","url":"https:\/\/help.classymade.de\/","name":"ClassyMade GmbH","description":"Hilfecenter","publisher":{"@id":"https:\/\/help.classymade.de\/#organization"},"potentialAction":[{"@type":"SearchAction","target":{"@type":"EntryPoint","urlTemplate":"https:\/\/help.classymade.de\/?s={search_term_string}"},"query-input":{"@type":"PropertyValueSpecification","valueRequired":true,"valueName":"search_term_string"}}],"inLanguage":"de"},{"@type":"Organization","@id":"https:\/\/help.classymade.de\/#organization","name":"ClassyMade GmbH","url":"https:\/\/help.classymade.de\/","logo":{"@type":"ImageObject","inLanguage":"de","@id":"https:\/\/help.classymade.de\/#\/schema\/logo\/image\/","url":"https:\/\/help.classymade.de\/wp-content\/uploads\/2025\/06\/Classymade-logo-quadrat-grau.png","contentUrl":"https:\/\/help.classymade.de\/wp-content\/uploads\/2025\/06\/Classymade-logo-quadrat-grau.png","width":2000,"height":2000,"caption":"ClassyMade GmbH"},"image":{"@id":"https:\/\/help.classymade.de\/#\/schema\/logo\/image\/"}}]}},"_links":{"self":[{"href":"https:\/\/help.classymade.de\/index.php?rest_route=\/wp\/v2\/pages\/148","targetHints":{"allow":["GET"]}}],"collection":[{"href":"https:\/\/help.classymade.de\/index.php?rest_route=\/wp\/v2\/pages"}],"about":[{"href":"https:\/\/help.classymade.de\/index.php?rest_route=\/wp\/v2\/types\/page"}],"author":[{"embeddable":true,"href":"https:\/\/help.classymade.de\/index.php?rest_route=\/wp\/v2\/users\/2"}],"replies":[{"embeddable":true,"href":"https:\/\/help.classymade.de\/index.php?rest_route=%2Fwp%2Fv2%2Fcomments&post=148"}],"version-history":[{"count":37,"href":"https:\/\/help.classymade.de\/index.php?rest_route=\/wp\/v2\/pages\/148\/revisions"}],"predecessor-version":[{"id":1259,"href":"https:\/\/help.classymade.de\/index.php?rest_route=\/wp\/v2\/pages\/148\/revisions\/1259"}],"wp:attachment":[{"href":"https:\/\/help.classymade.de\/index.php?rest_route=%2Fwp%2Fv2%2Fmedia&parent=148"}],"curies":[{"name":"wp","href":"https:\/\/api.w.org\/{rel}","templated":true}]}}