{"id":16,"date":"2025-08-25T12:20:15","date_gmt":"2025-08-25T12:20:15","guid":{"rendered":"https:\/\/help.classymade.de\/?page_id=16"},"modified":"2025-09-19T12:14:29","modified_gmt":"2025-09-19T12:14:29","slug":"accidents-school","status":"publish","type":"page","link":"https:\/\/help.classymade.de\/?page_id=16","title":{"rendered":"Accidents @ School"},"content":{"rendered":"\t\t<div data-elementor-type=\"wp-page\" data-elementor-id=\"16\" class=\"elementor elementor-16\" data-elementor-post-type=\"page\">\n\t\t\t\t<div class=\"elementor-element elementor-element-8ccadde e-flex e-con-boxed e-con e-parent\" data-id=\"8ccadde\" data-element_type=\"container\" data-e-type=\"container\">\n\t\t\t\t\t<div class=\"e-con-inner\">\n\t\t\t\t<div class=\"elementor-element elementor-element-5b97f31 elementor-widget elementor-widget-image\" data-id=\"5b97f31\" data-element_type=\"widget\" data-e-type=\"widget\" data-widget_type=\"image.default\">\n\t\t\t\t<div class=\"elementor-widget-container\">\n\t\t\t\t\t\t\t\t\t\t\t\t\t\t\t<img fetchpriority=\"high\" decoding=\"async\" width=\"768\" height=\"386\" src=\"https:\/\/help.classymade.de\/wp-content\/uploads\/2025\/09\/AS_Logo_banner_for_dark_design-768x386.png\" class=\"attachment-medium_large size-medium_large wp-image-477\" alt=\"\" srcset=\"https:\/\/help.classymade.de\/wp-content\/uploads\/2025\/09\/AS_Logo_banner_for_dark_design-768x386.png 768w, https:\/\/help.classymade.de\/wp-content\/uploads\/2025\/09\/AS_Logo_banner_for_dark_design-300x151.png 300w, https:\/\/help.classymade.de\/wp-content\/uploads\/2025\/09\/AS_Logo_banner_for_dark_design-1024x514.png 1024w, https:\/\/help.classymade.de\/wp-content\/uploads\/2025\/09\/AS_Logo_banner_for_dark_design-1536x771.png 1536w, https:\/\/help.classymade.de\/wp-content\/uploads\/2025\/09\/AS_Logo_banner_for_dark_design-2048x1028.png 2048w\" sizes=\"(max-width: 768px) 100vw, 768px\" \/>\t\t\t\t\t\t\t\t\t\t\t\t\t\t\t<\/div>\n\t\t\t\t<\/div>\n\t\t\t\t<div class=\"elementor-element elementor-element-d580ec7 elementor-widget elementor-widget-text-editor\" data-id=\"d580ec7\" data-element_type=\"widget\" data-e-type=\"widget\" data-widget_type=\"text-editor.default\">\n\t\t\t\t<div class=\"elementor-widget-container\">\n\t\t\t\t\t\t\t\t\t<h4 style=\"text-align: left;\">Willkommen im Hilfecenter von <strong><em>Accidents at School <\/em><\/strong>!<\/h4><p>Analoges Unfallbuch war gestern!<\/p><p>Mit unserem Tool k\u00f6nnen Sie Unf\u00e4lle in Ihrer Bildungseinrichtung oder dem Weg dorthin revisionssicher und datenschutzkonform erfassen und verwalten.<\/p><p>Und in unserem Hilfecenter finden Sie passend f\u00fcr Ihre Benutzergruppe alle Anleitungen, damit Sie das digitale Unfallbuch Accidents at School optimal nutzen k\u00f6nnen.<\/p><p>Klicken Sie daf\u00fcr einfach oben im Men\u00fc auf Ihre Benutzergruppe und Sie erhalten alle Informationen f\u00fcr Sie zusammengestellt.<\/p>\t\t\t\t\t\t\t\t<\/div>\n\t\t\t\t<\/div>\n\t\t\t\t\t<\/div>\n\t\t\t\t<\/div>\n\t\t\t\t<\/div>\n\t\t","protected":false},"excerpt":{"rendered":"<p>Willkommen im Hilfecenter von Accidents at School ! Analoges Unfallbuch war gestern! Mit unserem Tool k\u00f6nnen Sie Unf\u00e4lle in Ihrer Bildungseinrichtung oder dem Weg dorthin revisionssicher und datenschutzkonform erfassen und verwalten. Und in unserem Hilfecenter finden Sie passend f\u00fcr Ihre Benutzergruppe alle Anleitungen, damit Sie das digitale Unfallbuch Accidents at School optimal nutzen k\u00f6nnen. Klicken &#8230; <a title=\"Accidents @ School\" class=\"read-more\" href=\"https:\/\/help.classymade.de\/?page_id=16\" aria-label=\"Mehr Informationen \u00fcber Accidents @ School\">Weiterlesen<\/a><\/p>\n","protected":false},"author":1,"featured_media":0,"parent":0,"menu_order":0,"comment_status":"closed","ping_status":"closed","template":"","meta":{"footnotes":""},"class_list":["post-16","page","type-page","status-publish"],"yoast_head":"<!-- This site is optimized with the Yoast SEO plugin v27.6 - https:\/\/yoast.com\/product\/yoast-seo-wordpress\/ -->\n<title>Accidents @ School - ClassyMade GmbH<\/title>\n<meta name=\"robots\" content=\"index, follow, max-snippet:-1, max-image-preview:large, max-video-preview:-1\" \/>\n<link rel=\"canonical\" href=\"https:\/\/help.classymade.de\/?page_id=16\" \/>\n<meta property=\"og:locale\" content=\"de_DE\" \/>\n<meta property=\"og:type\" content=\"article\" \/>\n<meta property=\"og:title\" content=\"Accidents @ School - ClassyMade GmbH\" \/>\n<meta property=\"og:description\" content=\"Willkommen im Hilfecenter von Accidents at School ! Analoges Unfallbuch war gestern! Mit unserem Tool k\u00f6nnen Sie Unf\u00e4lle in Ihrer Bildungseinrichtung oder dem Weg dorthin revisionssicher und datenschutzkonform erfassen und verwalten. Und in unserem Hilfecenter finden Sie passend f\u00fcr Ihre Benutzergruppe alle Anleitungen, damit Sie das digitale Unfallbuch Accidents at School optimal nutzen k\u00f6nnen. Klicken ... Weiterlesen\" \/>\n<meta property=\"og:url\" content=\"https:\/\/help.classymade.de\/?page_id=16\" \/>\n<meta property=\"og:site_name\" content=\"ClassyMade GmbH\" \/>\n<meta property=\"article:modified_time\" content=\"2025-09-19T12:14:29+00:00\" \/>\n<meta property=\"og:image\" content=\"https:\/\/help.classymade.de\/wp-content\/uploads\/2025\/09\/AS_Logo_banner_for_dark_design-768x386.png\" \/>\n<meta name=\"twitter:card\" content=\"summary_large_image\" \/>\n<meta name=\"twitter:label1\" content=\"Gesch\u00e4tzte Lesezeit\" \/>\n\t<meta name=\"twitter:data1\" content=\"1\u00a0Minute\" \/>\n<script type=\"application\/ld+json\" class=\"yoast-schema-graph\">{\"@context\":\"https:\\\/\\\/schema.org\",\"@graph\":[{\"@type\":\"WebPage\",\"@id\":\"https:\\\/\\\/help.classymade.de\\\/?page_id=16\",\"url\":\"https:\\\/\\\/help.classymade.de\\\/?page_id=16\",\"name\":\"Accidents @ School - ClassyMade GmbH\",\"isPartOf\":{\"@id\":\"https:\\\/\\\/help.classymade.de\\\/#website\"},\"primaryImageOfPage\":{\"@id\":\"https:\\\/\\\/help.classymade.de\\\/?page_id=16#primaryimage\"},\"image\":{\"@id\":\"https:\\\/\\\/help.classymade.de\\\/?page_id=16#primaryimage\"},\"thumbnailUrl\":\"https:\\\/\\\/help.classymade.de\\\/wp-content\\\/uploads\\\/2025\\\/09\\\/AS_Logo_banner_for_dark_design-768x386.png\",\"datePublished\":\"2025-08-25T12:20:15+00:00\",\"dateModified\":\"2025-09-19T12:14:29+00:00\",\"breadcrumb\":{\"@id\":\"https:\\\/\\\/help.classymade.de\\\/?page_id=16#breadcrumb\"},\"inLanguage\":\"de\",\"potentialAction\":[{\"@type\":\"ReadAction\",\"target\":[\"https:\\\/\\\/help.classymade.de\\\/?page_id=16\"]}]},{\"@type\":\"ImageObject\",\"inLanguage\":\"de\",\"@id\":\"https:\\\/\\\/help.classymade.de\\\/?page_id=16#primaryimage\",\"url\":\"https:\\\/\\\/help.classymade.de\\\/wp-content\\\/uploads\\\/2025\\\/09\\\/AS_Logo_banner_for_dark_design-scaled.png\",\"contentUrl\":\"https:\\\/\\\/help.classymade.de\\\/wp-content\\\/uploads\\\/2025\\\/09\\\/AS_Logo_banner_for_dark_design-scaled.png\",\"width\":2560,\"height\":1285},{\"@type\":\"BreadcrumbList\",\"@id\":\"https:\\\/\\\/help.classymade.de\\\/?page_id=16#breadcrumb\",\"itemListElement\":[{\"@type\":\"ListItem\",\"position\":1,\"name\":\"Startseite\",\"item\":\"https:\\\/\\\/help.classymade.de\\\/\"},{\"@type\":\"ListItem\",\"position\":2,\"name\":\"Accidents @ School\"}]},{\"@type\":\"WebSite\",\"@id\":\"https:\\\/\\\/help.classymade.de\\\/#website\",\"url\":\"https:\\\/\\\/help.classymade.de\\\/\",\"name\":\"ClassyMade GmbH\",\"description\":\"Hilfecenter\",\"publisher\":{\"@id\":\"https:\\\/\\\/help.classymade.de\\\/#organization\"},\"potentialAction\":[{\"@type\":\"SearchAction\",\"target\":{\"@type\":\"EntryPoint\",\"urlTemplate\":\"https:\\\/\\\/help.classymade.de\\\/?s={search_term_string}\"},\"query-input\":{\"@type\":\"PropertyValueSpecification\",\"valueRequired\":true,\"valueName\":\"search_term_string\"}}],\"inLanguage\":\"de\"},{\"@type\":\"Organization\",\"@id\":\"https:\\\/\\\/help.classymade.de\\\/#organization\",\"name\":\"ClassyMade GmbH\",\"url\":\"https:\\\/\\\/help.classymade.de\\\/\",\"logo\":{\"@type\":\"ImageObject\",\"inLanguage\":\"de\",\"@id\":\"https:\\\/\\\/help.classymade.de\\\/#\\\/schema\\\/logo\\\/image\\\/\",\"url\":\"https:\\\/\\\/help.classymade.de\\\/wp-content\\\/uploads\\\/2025\\\/06\\\/Classymade-logo-quadrat-grau.png\",\"contentUrl\":\"https:\\\/\\\/help.classymade.de\\\/wp-content\\\/uploads\\\/2025\\\/06\\\/Classymade-logo-quadrat-grau.png\",\"width\":2000,\"height\":2000,\"caption\":\"ClassyMade GmbH\"},\"image\":{\"@id\":\"https:\\\/\\\/help.classymade.de\\\/#\\\/schema\\\/logo\\\/image\\\/\"}}]}<\/script>\n<!-- \/ Yoast SEO plugin. -->","yoast_head_json":{"title":"Accidents @ School - ClassyMade GmbH","robots":{"index":"index","follow":"follow","max-snippet":"max-snippet:-1","max-image-preview":"max-image-preview:large","max-video-preview":"max-video-preview:-1"},"canonical":"https:\/\/help.classymade.de\/?page_id=16","og_locale":"de_DE","og_type":"article","og_title":"Accidents @ School - ClassyMade GmbH","og_description":"Willkommen im Hilfecenter von Accidents at School ! Analoges Unfallbuch war gestern! Mit unserem Tool k\u00f6nnen Sie Unf\u00e4lle in Ihrer Bildungseinrichtung oder dem Weg dorthin revisionssicher und datenschutzkonform erfassen und verwalten. Und in unserem Hilfecenter finden Sie passend f\u00fcr Ihre Benutzergruppe alle Anleitungen, damit Sie das digitale Unfallbuch Accidents at School optimal nutzen k\u00f6nnen. Klicken ... Weiterlesen","og_url":"https:\/\/help.classymade.de\/?page_id=16","og_site_name":"ClassyMade GmbH","article_modified_time":"2025-09-19T12:14:29+00:00","og_image":[{"url":"https:\/\/help.classymade.de\/wp-content\/uploads\/2025\/09\/AS_Logo_banner_for_dark_design-768x386.png","type":"","width":"","height":""}],"twitter_card":"summary_large_image","twitter_misc":{"Gesch\u00e4tzte Lesezeit":"1\u00a0Minute"},"schema":{"@context":"https:\/\/schema.org","@graph":[{"@type":"WebPage","@id":"https:\/\/help.classymade.de\/?page_id=16","url":"https:\/\/help.classymade.de\/?page_id=16","name":"Accidents @ School - ClassyMade GmbH","isPartOf":{"@id":"https:\/\/help.classymade.de\/#website"},"primaryImageOfPage":{"@id":"https:\/\/help.classymade.de\/?page_id=16#primaryimage"},"image":{"@id":"https:\/\/help.classymade.de\/?page_id=16#primaryimage"},"thumbnailUrl":"https:\/\/help.classymade.de\/wp-content\/uploads\/2025\/09\/AS_Logo_banner_for_dark_design-768x386.png","datePublished":"2025-08-25T12:20:15+00:00","dateModified":"2025-09-19T12:14:29+00:00","breadcrumb":{"@id":"https:\/\/help.classymade.de\/?page_id=16#breadcrumb"},"inLanguage":"de","potentialAction":[{"@type":"ReadAction","target":["https:\/\/help.classymade.de\/?page_id=16"]}]},{"@type":"ImageObject","inLanguage":"de","@id":"https:\/\/help.classymade.de\/?page_id=16#primaryimage","url":"https:\/\/help.classymade.de\/wp-content\/uploads\/2025\/09\/AS_Logo_banner_for_dark_design-scaled.png","contentUrl":"https:\/\/help.classymade.de\/wp-content\/uploads\/2025\/09\/AS_Logo_banner_for_dark_design-scaled.png","width":2560,"height":1285},{"@type":"BreadcrumbList","@id":"https:\/\/help.classymade.de\/?page_id=16#breadcrumb","itemListElement":[{"@type":"ListItem","position":1,"name":"Startseite","item":"https:\/\/help.classymade.de\/"},{"@type":"ListItem","position":2,"name":"Accidents @ School"}]},{"@type":"WebSite","@id":"https:\/\/help.classymade.de\/#website","url":"https:\/\/help.classymade.de\/","name":"ClassyMade GmbH","description":"Hilfecenter","publisher":{"@id":"https:\/\/help.classymade.de\/#organization"},"potentialAction":[{"@type":"SearchAction","target":{"@type":"EntryPoint","urlTemplate":"https:\/\/help.classymade.de\/?s={search_term_string}"},"query-input":{"@type":"PropertyValueSpecification","valueRequired":true,"valueName":"search_term_string"}}],"inLanguage":"de"},{"@type":"Organization","@id":"https:\/\/help.classymade.de\/#organization","name":"ClassyMade GmbH","url":"https:\/\/help.classymade.de\/","logo":{"@type":"ImageObject","inLanguage":"de","@id":"https:\/\/help.classymade.de\/#\/schema\/logo\/image\/","url":"https:\/\/help.classymade.de\/wp-content\/uploads\/2025\/06\/Classymade-logo-quadrat-grau.png","contentUrl":"https:\/\/help.classymade.de\/wp-content\/uploads\/2025\/06\/Classymade-logo-quadrat-grau.png","width":2000,"height":2000,"caption":"ClassyMade GmbH"},"image":{"@id":"https:\/\/help.classymade.de\/#\/schema\/logo\/image\/"}}]}},"_links":{"self":[{"href":"https:\/\/help.classymade.de\/index.php?rest_route=\/wp\/v2\/pages\/16","targetHints":{"allow":["GET"]}}],"collection":[{"href":"https:\/\/help.classymade.de\/index.php?rest_route=\/wp\/v2\/pages"}],"about":[{"href":"https:\/\/help.classymade.de\/index.php?rest_route=\/wp\/v2\/types\/page"}],"author":[{"embeddable":true,"href":"https:\/\/help.classymade.de\/index.php?rest_route=\/wp\/v2\/users\/1"}],"replies":[{"embeddable":true,"href":"https:\/\/help.classymade.de\/index.php?rest_route=%2Fwp%2Fv2%2Fcomments&post=16"}],"version-history":[{"count":22,"href":"https:\/\/help.classymade.de\/index.php?rest_route=\/wp\/v2\/pages\/16\/revisions"}],"predecessor-version":[{"id":1018,"href":"https:\/\/help.classymade.de\/index.php?rest_route=\/wp\/v2\/pages\/16\/revisions\/1018"}],"wp:attachment":[{"href":"https:\/\/help.classymade.de\/index.php?rest_route=%2Fwp%2Fv2%2Fmedia&parent=16"}],"curies":[{"name":"wp","href":"https:\/\/api.w.org\/{rel}","templated":true}]}}