{"id":190,"date":"2025-08-29T12:21:13","date_gmt":"2025-08-29T12:21:13","guid":{"rendered":"https:\/\/help.classymade.de\/?page_id=190"},"modified":"2025-09-23T12:30:04","modified_gmt":"2025-09-23T12:30:04","slug":"fuer-schuelerinnen-und-schueler","status":"publish","type":"page","link":"https:\/\/help.classymade.de\/?page_id=190","title":{"rendered":"Sch\u00fclerinnen und Sch\u00fcler"},"content":{"rendered":"\t\t<div data-elementor-type=\"wp-page\" data-elementor-id=\"190\" class=\"elementor elementor-190\" data-elementor-post-type=\"page\">\n\t\t\t\t<div class=\"elementor-element elementor-element-f73618c e-flex e-con-boxed e-con e-parent\" data-id=\"f73618c\" data-element_type=\"container\" data-e-type=\"container\">\n\t\t\t\t\t<div class=\"e-con-inner\">\n\t\t\t\t<div class=\"elementor-element elementor-element-f8c2581 elementor-widget-divider--view-line elementor-widget elementor-widget-divider\" data-id=\"f8c2581\" data-element_type=\"widget\" data-e-type=\"widget\" data-widget_type=\"divider.default\">\n\t\t\t\t<div class=\"elementor-widget-container\">\n\t\t\t\t\t\t\t<div class=\"elementor-divider\">\n\t\t\t<span class=\"elementor-divider-separator\">\n\t\t\t\t\t\t<\/span>\n\t\t<\/div>\n\t\t\t\t\t\t<\/div>\n\t\t\t\t<\/div>\n\t\t\t\t\t<\/div>\n\t\t\t\t<\/div>\n\t\t<div class=\"elementor-element elementor-element-7cb1102d e-flex e-con-boxed e-con e-parent\" data-id=\"7cb1102d\" data-element_type=\"container\" data-e-type=\"container\">\n\t\t\t\t\t<div class=\"e-con-inner\">\n\t\t\t\t<div class=\"elementor-element elementor-element-3e69ad5 elementor-widget elementor-widget-text-editor\" data-id=\"3e69ad5\" data-element_type=\"widget\" data-e-type=\"widget\" data-widget_type=\"text-editor.default\">\n\t\t\t\t<div class=\"elementor-widget-container\">\n\t\t\t\t\t\t\t\t\t<div class=\"css-1dp3fz2\"><span style=\"color: #ffffff;\">Diese App dient der sicheren und schnellen Erfassung von Schulunf\u00e4llen durch berechtigte Personen.<\/span><\/div><div>\u00a0<\/div><div class=\"css-1pzwcd2\"><span style=\"color: #ffffff;\">Als <strong>Sch\u00fclerin oder Sch\u00fcler<\/strong> kannst du zwar keine Unf\u00e4lle erfassen oder einsehen, aber:<\/span><\/div><div>\u00a0<\/div><div class=\"css-1pzwcd2\"><span style=\"color: #ffffff;\">Du hast jederzeit Zugriff auf deinen pers\u00f6nlichen Notfallpass mit wichtigen medizinischen Informationen f\u00fcr Notf\u00e4lle.<\/span><\/div><div>\u00a0<\/div><div><span style=\"color: #ffffff;\">Pr\u00fcfe unbedingt, vielleicht mit Hilfe deiner Eltern, ob dein Notfallpass alle wichtigen Daten \u00fcber dich hat! Nur so k\u00f6nnen wir alle sicher sein, dass in einer Notfallsituation du auch optimal behandelt wirst und dir geholfen werden kann. Keine Angst! Die Daten sehen nur Menschen, die dir helfen k\u00f6nnen, also deine Lehrerinnen und Lehrer und, wenn du das m\u00f6chtest, deine Mitsch\u00fclerinnen und Mitsch\u00fcler vom Schulsanit\u00e4tsdienst.<\/span><\/div>\t\t\t\t\t\t\t\t<\/div>\n\t\t\t\t<\/div>\n\t\t\t\t\t<\/div>\n\t\t\t\t<\/div>\n\t\t<div class=\"elementor-element elementor-element-8782fd1 e-con-full e-flex e-con e-parent\" data-id=\"8782fd1\" data-element_type=\"container\" data-e-type=\"container\">\n\t\t\t\t<div class=\"elementor-element elementor-element-d79305d elementor-widget elementor-widget-text-editor\" data-id=\"d79305d\" data-element_type=\"widget\" data-e-type=\"widget\" data-widget_type=\"text-editor.default\">\n\t\t\t\t<div class=\"elementor-widget-container\">\n\t\t\t\t\t\t\t\t\t<p><span style=\"color: #ffffff;\"><strong>Hier findest du n\u00fctzliche Hilfeseiten zur Verwendung von Accidents at School sowie zum Ausf\u00fcllen deines Notfallpasses. Frage im Zweifelsfall deine Eltern, ob sie dir bei der Einrichtung helfen:<\/strong><\/span><\/p>\t\t\t\t\t\t\t\t<\/div>\n\t\t\t\t<\/div>\n\t\t\t\t<\/div>\n\t\t<div class=\"elementor-element elementor-element-974a5ad e-flex e-con-boxed e-con e-parent\" data-id=\"974a5ad\" data-element_type=\"container\" data-e-type=\"container\">\n\t\t\t\t\t<div class=\"e-con-inner\">\n\t\t\t\t<div class=\"elementor-element elementor-element-8e05ffd elementor-icon-list--layout-traditional elementor-list-item-link-full_width elementor-widget elementor-widget-icon-list\" data-id=\"8e05ffd\" data-element_type=\"widget\" data-e-type=\"widget\" data-widget_type=\"icon-list.default\">\n\t\t\t\t<div class=\"elementor-widget-container\">\n\t\t\t\t\t\t\t<ul class=\"elementor-icon-list-items\">\n\t\t\t\t\t\t\t<li class=\"elementor-icon-list-item\">\n\t\t\t\t\t\t\t\t\t\t\t<a href=\"https:\/\/help.classymade.de\/?page_id=666\">\n\n\t\t\t\t\t\t\t\t\t\t\t\t<span class=\"elementor-icon-list-icon\">\n\t\t\t\t\t\t\t<svg aria-hidden=\"true\" class=\"e-font-icon-svg e-fas-plus\" viewBox=\"0 0 448 512\" xmlns=\"http:\/\/www.w3.org\/2000\/svg\"><path d=\"M416 208H272V64c0-17.67-14.33-32-32-32h-32c-17.67 0-32 14.33-32 32v144H32c-17.67 0-32 14.33-32 32v32c0 17.67 14.33 32 32 32h144v144c0 17.67 14.33 32 32 32h32c17.67 0 32-14.33 32-32V304h144c17.67 0 32-14.33 32-32v-32c0-17.67-14.33-32-32-32z\"><\/path><\/svg>\t\t\t\t\t\t<\/span>\n\t\t\t\t\t\t\t\t\t\t<span class=\"elementor-icon-list-text\">Registrieren mit Code von Deiner Schule<\/span>\n\t\t\t\t\t\t\t\t\t\t\t<\/a>\n\t\t\t\t\t\t\t\t\t<\/li>\n\t\t\t\t\t\t\t\t<li class=\"elementor-icon-list-item\">\n\t\t\t\t\t\t\t\t\t\t\t<a href=\"https:\/\/help.classymade.de\/?page_id=371\">\n\n\t\t\t\t\t\t\t\t\t\t\t\t<span class=\"elementor-icon-list-icon\">\n\t\t\t\t\t\t\t<svg aria-hidden=\"true\" class=\"e-font-icon-svg e-fas-plus\" viewBox=\"0 0 448 512\" xmlns=\"http:\/\/www.w3.org\/2000\/svg\"><path d=\"M416 208H272V64c0-17.67-14.33-32-32-32h-32c-17.67 0-32 14.33-32 32v144H32c-17.67 0-32 14.33-32 32v32c0 17.67 14.33 32 32 32h144v144c0 17.67 14.33 32 32 32h32c17.67 0 32-14.33 32-32V304h144c17.67 0 32-14.33 32-32v-32c0-17.67-14.33-32-32-32z\"><\/path><\/svg>\t\t\t\t\t\t<\/span>\n\t\t\t\t\t\t\t\t\t\t<span class=\"elementor-icon-list-text\">Benutzer verwalten<\/span>\n\t\t\t\t\t\t\t\t\t\t\t<\/a>\n\t\t\t\t\t\t\t\t\t<\/li>\n\t\t\t\t\t\t\t\t<li class=\"elementor-icon-list-item\">\n\t\t\t\t\t\t\t\t\t\t\t<a href=\"https:\/\/help.classymade.de\/?page_id=148\">\n\n\t\t\t\t\t\t\t\t\t\t\t\t<span class=\"elementor-icon-list-icon\">\n\t\t\t\t\t\t\t<svg aria-hidden=\"true\" class=\"e-font-icon-svg e-fas-plus\" viewBox=\"0 0 448 512\" xmlns=\"http:\/\/www.w3.org\/2000\/svg\"><path d=\"M416 208H272V64c0-17.67-14.33-32-32-32h-32c-17.67 0-32 14.33-32 32v144H32c-17.67 0-32 14.33-32 32v32c0 17.67 14.33 32 32 32h144v144c0 17.67 14.33 32 32 32h32c17.67 0 32-14.33 32-32V304h144c17.67 0 32-14.33 32-32v-32c0-17.67-14.33-32-32-32z\"><\/path><\/svg>\t\t\t\t\t\t<\/span>\n\t\t\t\t\t\t\t\t\t\t<span class=\"elementor-icon-list-text\">Mein Notfallpass<\/span>\n\t\t\t\t\t\t\t\t\t\t\t<\/a>\n\t\t\t\t\t\t\t\t\t<\/li>\n\t\t\t\t\t\t\t\t<li class=\"elementor-icon-list-item\">\n\t\t\t\t\t\t\t\t\t\t\t<a href=\"https:\/\/help.classymade.de\/?page_id=1049\">\n\n\t\t\t\t\t\t\t\t\t\t\t\t<span class=\"elementor-icon-list-icon\">\n\t\t\t\t\t\t\t<svg aria-hidden=\"true\" class=\"e-font-icon-svg e-fas-plus\" viewBox=\"0 0 448 512\" xmlns=\"http:\/\/www.w3.org\/2000\/svg\"><path d=\"M416 208H272V64c0-17.67-14.33-32-32-32h-32c-17.67 0-32 14.33-32 32v144H32c-17.67 0-32 14.33-32 32v32c0 17.67 14.33 32 32 32h144v144c0 17.67 14.33 32 32 32h32c17.67 0 32-14.33 32-32V304h144c17.67 0 32-14.33 32-32v-32c0-17.67-14.33-32-32-32z\"><\/path><\/svg>\t\t\t\t\t\t<\/span>\n\t\t\t\t\t\t\t\t\t\t<span class=\"elementor-icon-list-text\">Elternteil einladen und verkn\u00fcpfen<\/span>\n\t\t\t\t\t\t\t\t\t\t\t<\/a>\n\t\t\t\t\t\t\t\t\t<\/li>\n\t\t\t\t\t\t<\/ul>\n\t\t\t\t\t\t<\/div>\n\t\t\t\t<\/div>\n\t\t\t\t<div class=\"elementor-element elementor-element-c3fa9b7 elementor-widget elementor-widget-text-editor\" data-id=\"c3fa9b7\" data-element_type=\"widget\" data-e-type=\"widget\" data-widget_type=\"text-editor.default\">\n\t\t\t\t<div class=\"elementor-widget-container\">\n\t\t\t\t\t\t\t\t\t<div class=\"css-e0ia0o\"><span style=\"color: #ffffff;\"><strong>Willst du mehr erreichen und etwas bewegen?<\/strong><\/span><\/div><div>\u00a0<\/div><div class=\"css-1pzwcd2\"><span style=\"color: #ffffff;\">Frage in deiner Schule nach, ob du dem Schulsanit\u00e4tsdienst beitreten kannst \u2013 vielleicht kannst du damit selbst Teil des Teams werden, das anderen hilft und Unf\u00e4lle dokumentiert. Sprich deine Lehrerinnen und Lehrer an, wenn du Interesse hast oder Fragen zur Nutzung hast. Sicherheit beginnt mit guter Vorbereitung!<\/span><\/div>\t\t\t\t\t\t\t\t<\/div>\n\t\t\t\t<\/div>\n\t\t\t\t\t<\/div>\n\t\t\t\t<\/div>\n\t\t\t\t<\/div>\n\t\t","protected":false},"excerpt":{"rendered":"<p>Diese App dient der sicheren und schnellen Erfassung von Schulunf\u00e4llen durch berechtigte Personen.\u00a0Als Sch\u00fclerin oder Sch\u00fcler kannst du zwar keine Unf\u00e4lle erfassen oder einsehen, aber:\u00a0Du hast jederzeit Zugriff auf deinen pers\u00f6nlichen Notfallpass mit wichtigen medizinischen Informationen f\u00fcr Notf\u00e4lle.\u00a0Pr\u00fcfe unbedingt, vielleicht mit Hilfe deiner Eltern, ob dein Notfallpass alle wichtigen Daten \u00fcber dich hat! Nur so &#8230; <a title=\"Sch\u00fclerinnen und Sch\u00fcler\" class=\"read-more\" href=\"https:\/\/help.classymade.de\/?page_id=190\" aria-label=\"Mehr Informationen \u00fcber Sch\u00fclerinnen und Sch\u00fcler\">Weiterlesen<\/a><\/p>\n","protected":false},"author":2,"featured_media":0,"parent":0,"menu_order":0,"comment_status":"closed","ping_status":"closed","template":"","meta":{"footnotes":""},"class_list":["post-190","page","type-page","status-publish"],"yoast_head":"<!-- This site is optimized with the Yoast SEO plugin v27.6 - https:\/\/yoast.com\/product\/yoast-seo-wordpress\/ -->\n<title>Sch\u00fclerinnen und Sch\u00fcler - ClassyMade GmbH<\/title>\n<meta name=\"robots\" content=\"index, follow, max-snippet:-1, max-image-preview:large, max-video-preview:-1\" \/>\n<link rel=\"canonical\" href=\"https:\/\/help.classymade.de\/?page_id=190\" \/>\n<meta property=\"og:locale\" content=\"de_DE\" \/>\n<meta property=\"og:type\" content=\"article\" \/>\n<meta property=\"og:title\" content=\"Sch\u00fclerinnen und Sch\u00fcler - ClassyMade GmbH\" \/>\n<meta property=\"og:description\" content=\"Diese App dient der sicheren und schnellen Erfassung von Schulunf\u00e4llen durch berechtigte Personen.\u00a0Als Sch\u00fclerin oder Sch\u00fcler kannst du zwar keine Unf\u00e4lle erfassen oder einsehen, aber:\u00a0Du hast jederzeit Zugriff auf deinen pers\u00f6nlichen Notfallpass mit wichtigen medizinischen Informationen f\u00fcr Notf\u00e4lle.\u00a0Pr\u00fcfe unbedingt, vielleicht mit Hilfe deiner Eltern, ob dein Notfallpass alle wichtigen Daten \u00fcber dich hat! Nur so ... Weiterlesen\" \/>\n<meta property=\"og:url\" content=\"https:\/\/help.classymade.de\/?page_id=190\" \/>\n<meta property=\"og:site_name\" content=\"ClassyMade GmbH\" \/>\n<meta property=\"article:modified_time\" content=\"2025-09-23T12:30:04+00:00\" \/>\n<meta name=\"twitter:card\" content=\"summary_large_image\" \/>\n<meta name=\"twitter:label1\" content=\"Gesch\u00e4tzte Lesezeit\" \/>\n\t<meta name=\"twitter:data1\" content=\"2\u00a0Minuten\" \/>\n<script type=\"application\/ld+json\" class=\"yoast-schema-graph\">{\"@context\":\"https:\\\/\\\/schema.org\",\"@graph\":[{\"@type\":\"WebPage\",\"@id\":\"https:\\\/\\\/help.classymade.de\\\/?page_id=190\",\"url\":\"https:\\\/\\\/help.classymade.de\\\/?page_id=190\",\"name\":\"Sch\u00fclerinnen und Sch\u00fcler - ClassyMade GmbH\",\"isPartOf\":{\"@id\":\"https:\\\/\\\/help.classymade.de\\\/#website\"},\"datePublished\":\"2025-08-29T12:21:13+00:00\",\"dateModified\":\"2025-09-23T12:30:04+00:00\",\"breadcrumb\":{\"@id\":\"https:\\\/\\\/help.classymade.de\\\/?page_id=190#breadcrumb\"},\"inLanguage\":\"de\",\"potentialAction\":[{\"@type\":\"ReadAction\",\"target\":[\"https:\\\/\\\/help.classymade.de\\\/?page_id=190\"]}]},{\"@type\":\"BreadcrumbList\",\"@id\":\"https:\\\/\\\/help.classymade.de\\\/?page_id=190#breadcrumb\",\"itemListElement\":[{\"@type\":\"ListItem\",\"position\":1,\"name\":\"Startseite\",\"item\":\"https:\\\/\\\/help.classymade.de\\\/\"},{\"@type\":\"ListItem\",\"position\":2,\"name\":\"Sch\u00fclerinnen und Sch\u00fcler\"}]},{\"@type\":\"WebSite\",\"@id\":\"https:\\\/\\\/help.classymade.de\\\/#website\",\"url\":\"https:\\\/\\\/help.classymade.de\\\/\",\"name\":\"ClassyMade GmbH\",\"description\":\"Hilfecenter\",\"publisher\":{\"@id\":\"https:\\\/\\\/help.classymade.de\\\/#organization\"},\"potentialAction\":[{\"@type\":\"SearchAction\",\"target\":{\"@type\":\"EntryPoint\",\"urlTemplate\":\"https:\\\/\\\/help.classymade.de\\\/?s={search_term_string}\"},\"query-input\":{\"@type\":\"PropertyValueSpecification\",\"valueRequired\":true,\"valueName\":\"search_term_string\"}}],\"inLanguage\":\"de\"},{\"@type\":\"Organization\",\"@id\":\"https:\\\/\\\/help.classymade.de\\\/#organization\",\"name\":\"ClassyMade GmbH\",\"url\":\"https:\\\/\\\/help.classymade.de\\\/\",\"logo\":{\"@type\":\"ImageObject\",\"inLanguage\":\"de\",\"@id\":\"https:\\\/\\\/help.classymade.de\\\/#\\\/schema\\\/logo\\\/image\\\/\",\"url\":\"https:\\\/\\\/help.classymade.de\\\/wp-content\\\/uploads\\\/2025\\\/06\\\/Classymade-logo-quadrat-grau.png\",\"contentUrl\":\"https:\\\/\\\/help.classymade.de\\\/wp-content\\\/uploads\\\/2025\\\/06\\\/Classymade-logo-quadrat-grau.png\",\"width\":2000,\"height\":2000,\"caption\":\"ClassyMade GmbH\"},\"image\":{\"@id\":\"https:\\\/\\\/help.classymade.de\\\/#\\\/schema\\\/logo\\\/image\\\/\"}}]}<\/script>\n<!-- \/ Yoast SEO plugin. -->","yoast_head_json":{"title":"Sch\u00fclerinnen und Sch\u00fcler - ClassyMade GmbH","robots":{"index":"index","follow":"follow","max-snippet":"max-snippet:-1","max-image-preview":"max-image-preview:large","max-video-preview":"max-video-preview:-1"},"canonical":"https:\/\/help.classymade.de\/?page_id=190","og_locale":"de_DE","og_type":"article","og_title":"Sch\u00fclerinnen und Sch\u00fcler - ClassyMade GmbH","og_description":"Diese App dient der sicheren und schnellen Erfassung von Schulunf\u00e4llen durch berechtigte Personen.\u00a0Als Sch\u00fclerin oder Sch\u00fcler kannst du zwar keine Unf\u00e4lle erfassen oder einsehen, aber:\u00a0Du hast jederzeit Zugriff auf deinen pers\u00f6nlichen Notfallpass mit wichtigen medizinischen Informationen f\u00fcr Notf\u00e4lle.\u00a0Pr\u00fcfe unbedingt, vielleicht mit Hilfe deiner Eltern, ob dein Notfallpass alle wichtigen Daten \u00fcber dich hat! Nur so ... Weiterlesen","og_url":"https:\/\/help.classymade.de\/?page_id=190","og_site_name":"ClassyMade GmbH","article_modified_time":"2025-09-23T12:30:04+00:00","twitter_card":"summary_large_image","twitter_misc":{"Gesch\u00e4tzte Lesezeit":"2\u00a0Minuten"},"schema":{"@context":"https:\/\/schema.org","@graph":[{"@type":"WebPage","@id":"https:\/\/help.classymade.de\/?page_id=190","url":"https:\/\/help.classymade.de\/?page_id=190","name":"Sch\u00fclerinnen und Sch\u00fcler - ClassyMade GmbH","isPartOf":{"@id":"https:\/\/help.classymade.de\/#website"},"datePublished":"2025-08-29T12:21:13+00:00","dateModified":"2025-09-23T12:30:04+00:00","breadcrumb":{"@id":"https:\/\/help.classymade.de\/?page_id=190#breadcrumb"},"inLanguage":"de","potentialAction":[{"@type":"ReadAction","target":["https:\/\/help.classymade.de\/?page_id=190"]}]},{"@type":"BreadcrumbList","@id":"https:\/\/help.classymade.de\/?page_id=190#breadcrumb","itemListElement":[{"@type":"ListItem","position":1,"name":"Startseite","item":"https:\/\/help.classymade.de\/"},{"@type":"ListItem","position":2,"name":"Sch\u00fclerinnen und Sch\u00fcler"}]},{"@type":"WebSite","@id":"https:\/\/help.classymade.de\/#website","url":"https:\/\/help.classymade.de\/","name":"ClassyMade GmbH","description":"Hilfecenter","publisher":{"@id":"https:\/\/help.classymade.de\/#organization"},"potentialAction":[{"@type":"SearchAction","target":{"@type":"EntryPoint","urlTemplate":"https:\/\/help.classymade.de\/?s={search_term_string}"},"query-input":{"@type":"PropertyValueSpecification","valueRequired":true,"valueName":"search_term_string"}}],"inLanguage":"de"},{"@type":"Organization","@id":"https:\/\/help.classymade.de\/#organization","name":"ClassyMade GmbH","url":"https:\/\/help.classymade.de\/","logo":{"@type":"ImageObject","inLanguage":"de","@id":"https:\/\/help.classymade.de\/#\/schema\/logo\/image\/","url":"https:\/\/help.classymade.de\/wp-content\/uploads\/2025\/06\/Classymade-logo-quadrat-grau.png","contentUrl":"https:\/\/help.classymade.de\/wp-content\/uploads\/2025\/06\/Classymade-logo-quadrat-grau.png","width":2000,"height":2000,"caption":"ClassyMade GmbH"},"image":{"@id":"https:\/\/help.classymade.de\/#\/schema\/logo\/image\/"}}]}},"_links":{"self":[{"href":"https:\/\/help.classymade.de\/index.php?rest_route=\/wp\/v2\/pages\/190","targetHints":{"allow":["GET"]}}],"collection":[{"href":"https:\/\/help.classymade.de\/index.php?rest_route=\/wp\/v2\/pages"}],"about":[{"href":"https:\/\/help.classymade.de\/index.php?rest_route=\/wp\/v2\/types\/page"}],"author":[{"embeddable":true,"href":"https:\/\/help.classymade.de\/index.php?rest_route=\/wp\/v2\/users\/2"}],"replies":[{"embeddable":true,"href":"https:\/\/help.classymade.de\/index.php?rest_route=%2Fwp%2Fv2%2Fcomments&post=190"}],"version-history":[{"count":52,"href":"https:\/\/help.classymade.de\/index.php?rest_route=\/wp\/v2\/pages\/190\/revisions"}],"predecessor-version":[{"id":1347,"href":"https:\/\/help.classymade.de\/index.php?rest_route=\/wp\/v2\/pages\/190\/revisions\/1347"}],"wp:attachment":[{"href":"https:\/\/help.classymade.de\/index.php?rest_route=%2Fwp%2Fv2%2Fmedia&parent=190"}],"curies":[{"name":"wp","href":"https:\/\/api.w.org\/{rel}","templated":true}]}}