{"id":32,"date":"2025-08-28T12:35:04","date_gmt":"2025-08-28T12:35:04","guid":{"rendered":"https:\/\/help.classymade.de\/?page_id=32"},"modified":"2025-09-23T10:26:17","modified_gmt":"2025-09-23T10:26:17","slug":"unfaelle-einsehen","status":"publish","type":"page","link":"https:\/\/help.classymade.de\/?page_id=32","title":{"rendered":"Unf\u00e4lle einsehen"},"content":{"rendered":"\t\t<div data-elementor-type=\"wp-page\" data-elementor-id=\"32\" class=\"elementor elementor-32\" data-elementor-post-type=\"page\">\n\t\t\t\t<div class=\"elementor-element elementor-element-95de6da e-flex e-con-boxed e-con e-parent\" data-id=\"95de6da\" data-element_type=\"container\" data-e-type=\"container\">\n\t\t\t\t\t<div class=\"e-con-inner\">\n\t\t\t\t<div class=\"elementor-element elementor-element-9cbef73 elementor-widget-divider--view-line elementor-widget elementor-widget-divider\" data-id=\"9cbef73\" data-element_type=\"widget\" data-e-type=\"widget\" data-widget_type=\"divider.default\">\n\t\t\t\t<div class=\"elementor-widget-container\">\n\t\t\t\t\t\t\t<div class=\"elementor-divider\">\n\t\t\t<span class=\"elementor-divider-separator\">\n\t\t\t\t\t\t<\/span>\n\t\t<\/div>\n\t\t\t\t\t\t<\/div>\n\t\t\t\t<\/div>\n\t\t\t\t\t<\/div>\n\t\t\t\t<\/div>\n\t\t<div class=\"elementor-element elementor-element-71720e4 e-flex e-con-boxed e-con e-parent\" data-id=\"71720e4\" data-element_type=\"container\" data-e-type=\"container\">\n\t\t\t\t\t<div class=\"e-con-inner\">\n\t\t\t\t<div class=\"elementor-element elementor-element-1828d8a elementor-widget elementor-widget-text-editor\" data-id=\"1828d8a\" data-element_type=\"widget\" data-e-type=\"widget\" data-widget_type=\"text-editor.default\">\n\t\t\t\t<div class=\"elementor-widget-container\">\n\t\t\t\t\t\t\t\t\t<h5><span style=\"color: #ffffff;\"><strong>Hier erfahren Sie, wie Sie bereits dokumentierte Unf\u00e4lle einsehen k\u00f6nnen.<\/strong><\/span><\/h5>\t\t\t\t\t\t\t\t<\/div>\n\t\t\t\t<\/div>\n\t\t\t\t<div class=\"elementor-element elementor-element-f1c7c82 elementor-widget elementor-widget-image\" data-id=\"f1c7c82\" data-element_type=\"widget\" data-e-type=\"widget\" data-widget_type=\"image.default\">\n\t\t\t\t<div class=\"elementor-widget-container\">\n\t\t\t\t\t\t\t\t\t\t\t\t\t\t\t<img fetchpriority=\"high\" decoding=\"async\" width=\"526\" height=\"214\" src=\"https:\/\/help.classymade.de\/wp-content\/uploads\/2025\/09\/Unfaelle-einsehen.png\" class=\"attachment-large size-large wp-image-598\" alt=\"\" srcset=\"https:\/\/help.classymade.de\/wp-content\/uploads\/2025\/09\/Unfaelle-einsehen.png 526w, https:\/\/help.classymade.de\/wp-content\/uploads\/2025\/09\/Unfaelle-einsehen-300x122.png 300w\" sizes=\"(max-width: 526px) 100vw, 526px\" \/>\t\t\t\t\t\t\t\t\t\t\t\t\t\t\t<\/div>\n\t\t\t\t<\/div>\n\t\t\t\t<div class=\"elementor-element elementor-element-266f195 elementor-widget elementor-widget-text-editor\" data-id=\"266f195\" data-element_type=\"widget\" data-e-type=\"widget\" data-widget_type=\"text-editor.default\">\n\t\t\t\t<div class=\"elementor-widget-container\">\n\t\t\t\t\t\t\t\t\t<p>Klicken Sie im Hauptmen\u00fc auf die Schaltfl\u00e4che &#8222;Unf\u00e4lle einsehen&#8220;, um bereits von Ihnen erfasste Unf\u00e4lle einzusehen.<\/p><p>\u00a0<\/p><p>Sie erhalten eine \u00dcbersicht aller bereits erfassten Unf\u00e4lle und einer kurzen Detailansicht.\u00a0<\/p><p>Wollen Sie \u00c4nderungen bei einem der Unf\u00e4lle vornehmen oder diesen aus der Liste l\u00f6schen, da er bspw. f\u00e4lschlicherweise eingetragen wurde, klicken Sie den entsprechenden Unfall an.\u00a0<\/p>\t\t\t\t\t\t\t\t<\/div>\n\t\t\t\t<\/div>\n\t\t\t\t<div class=\"elementor-element elementor-element-dc1f47f elementor-widget elementor-widget-image\" data-id=\"dc1f47f\" data-element_type=\"widget\" data-e-type=\"widget\" data-widget_type=\"image.default\">\n\t\t\t\t<div class=\"elementor-widget-container\">\n\t\t\t\t\t\t\t\t\t\t\t\t\t\t\t<img decoding=\"async\" width=\"1024\" height=\"310\" src=\"https:\/\/help.classymade.de\/wp-content\/uploads\/2025\/08\/Admin_Unfaelle-einsehen-1024x310.png\" class=\"attachment-large size-large wp-image-61\" alt=\"\" srcset=\"https:\/\/help.classymade.de\/wp-content\/uploads\/2025\/08\/Admin_Unfaelle-einsehen-1024x310.png 1024w, https:\/\/help.classymade.de\/wp-content\/uploads\/2025\/08\/Admin_Unfaelle-einsehen-300x91.png 300w, https:\/\/help.classymade.de\/wp-content\/uploads\/2025\/08\/Admin_Unfaelle-einsehen-768x232.png 768w, https:\/\/help.classymade.de\/wp-content\/uploads\/2025\/08\/Admin_Unfaelle-einsehen-1536x465.png 1536w, https:\/\/help.classymade.de\/wp-content\/uploads\/2025\/08\/Admin_Unfaelle-einsehen-2048x619.png 2048w\" sizes=\"(max-width: 1024px) 100vw, 1024px\" \/>\t\t\t\t\t\t\t\t\t\t\t\t\t\t\t<\/div>\n\t\t\t\t<\/div>\n\t\t\t\t\t<\/div>\n\t\t\t\t<\/div>\n\t\t<div class=\"elementor-element elementor-element-af911ac e-flex e-con-boxed e-con e-parent\" data-id=\"af911ac\" data-element_type=\"container\" data-e-type=\"container\">\n\t\t\t\t\t<div class=\"e-con-inner\">\n\t\t\t\t<div class=\"elementor-element elementor-element-4c46643 elementor-widget elementor-widget-text-editor\" data-id=\"4c46643\" data-element_type=\"widget\" data-e-type=\"widget\" data-widget_type=\"text-editor.default\">\n\t\t\t\t<div class=\"elementor-widget-container\">\n\t\t\t\t\t\t\t\t\t<p>Nun k\u00f6nnen Sie die \u00c4nderungen vornehmen. Klicken Sie dazu weiter unten auf <strong>&#8222;aktualisieren&#8220;<\/strong>. M\u00f6chten Sie den Unfall l\u00f6schen, klicken Sie auf das <strong>Papierkorb-Symbol<\/strong>. Der Unfall erscheint dann nicht mehr in Ihrer Liste.<\/p>\t\t\t\t\t\t\t\t<\/div>\n\t\t\t\t<\/div>\n\t\t\t\t<div class=\"elementor-element elementor-element-142ae15 elementor-widget elementor-widget-image\" data-id=\"142ae15\" data-element_type=\"widget\" data-e-type=\"widget\" data-widget_type=\"image.default\">\n\t\t\t\t<div class=\"elementor-widget-container\">\n\t\t\t\t\t\t\t\t\t\t\t\t\t\t\t<img decoding=\"async\" width=\"645\" height=\"72\" src=\"https:\/\/help.classymade.de\/wp-content\/uploads\/2025\/09\/Buttons_Unfall-bearbeiten.png\" class=\"attachment-large size-large wp-image-884\" alt=\"\" srcset=\"https:\/\/help.classymade.de\/wp-content\/uploads\/2025\/09\/Buttons_Unfall-bearbeiten.png 645w, https:\/\/help.classymade.de\/wp-content\/uploads\/2025\/09\/Buttons_Unfall-bearbeiten-300x33.png 300w\" sizes=\"(max-width: 645px) 100vw, 645px\" \/>\t\t\t\t\t\t\t\t\t\t\t\t\t\t\t<\/div>\n\t\t\t\t<\/div>\n\t\t\t\t\t<\/div>\n\t\t\t\t<\/div>\n\t\t<div class=\"elementor-element elementor-element-9216184 e-flex e-con-boxed e-con e-parent\" data-id=\"9216184\" data-element_type=\"container\" data-e-type=\"container\">\n\t\t\t\t\t<div class=\"e-con-inner\">\n\t\t\t\t<div class=\"elementor-element elementor-element-574499d elementor-widget elementor-widget-text-editor\" data-id=\"574499d\" data-element_type=\"widget\" data-e-type=\"widget\" data-widget_type=\"text-editor.default\">\n\t\t\t\t<div class=\"elementor-widget-container\">\n\t\t\t\t\t\t\t\t\t<p><span style=\"color: #ffffff;\"><strong>Aber!<\/strong> Da unsere Software revisionssicher ist, wird kein Eintrag <em>wirklich<\/em> gel\u00f6scht. Die L\u00f6schung von Unf\u00e4llen wird in der Datenbank hinterlegt, die Unf\u00e4lle werden Ihnen aber nicht mehr angezeigt. Berechtigte Benutzergruppen k\u00f6nnen jede Ver\u00e4nderung und das Entfernen von Daten einsehen.<\/span><\/p>\t\t\t\t\t\t\t\t<\/div>\n\t\t\t\t<\/div>\n\t\t\t\t\t<\/div>\n\t\t\t\t<\/div>\n\t\t\t\t<\/div>\n\t\t","protected":false},"excerpt":{"rendered":"<p>Hier erfahren Sie, wie Sie bereits dokumentierte Unf\u00e4lle einsehen k\u00f6nnen. Klicken Sie im Hauptmen\u00fc auf die Schaltfl\u00e4che &#8222;Unf\u00e4lle einsehen&#8220;, um bereits von Ihnen erfasste Unf\u00e4lle einzusehen. \u00a0 Sie erhalten eine \u00dcbersicht aller bereits erfassten Unf\u00e4lle und einer kurzen Detailansicht.\u00a0 Wollen Sie \u00c4nderungen bei einem der Unf\u00e4lle vornehmen oder diesen aus der Liste l\u00f6schen, da er &#8230; <a title=\"Unf\u00e4lle einsehen\" class=\"read-more\" href=\"https:\/\/help.classymade.de\/?page_id=32\" aria-label=\"Mehr Informationen \u00fcber Unf\u00e4lle einsehen\">Weiterlesen<\/a><\/p>\n","protected":false},"author":2,"featured_media":0,"parent":0,"menu_order":0,"comment_status":"closed","ping_status":"closed","template":"","meta":{"footnotes":""},"class_list":["post-32","page","type-page","status-publish"],"yoast_head":"<!-- This site is optimized with the Yoast SEO plugin v27.6 - https:\/\/yoast.com\/product\/yoast-seo-wordpress\/ -->\n<title>Unf\u00e4lle einsehen - ClassyMade GmbH<\/title>\n<meta name=\"robots\" content=\"index, follow, max-snippet:-1, max-image-preview:large, max-video-preview:-1\" \/>\n<link rel=\"canonical\" href=\"https:\/\/help.classymade.de\/?page_id=32\" \/>\n<meta property=\"og:locale\" content=\"de_DE\" \/>\n<meta property=\"og:type\" content=\"article\" \/>\n<meta property=\"og:title\" content=\"Unf\u00e4lle einsehen - ClassyMade GmbH\" \/>\n<meta property=\"og:description\" content=\"Hier erfahren Sie, wie Sie bereits dokumentierte Unf\u00e4lle einsehen k\u00f6nnen. Klicken Sie im Hauptmen\u00fc auf die Schaltfl\u00e4che &#8222;Unf\u00e4lle einsehen&#8220;, um bereits von Ihnen erfasste Unf\u00e4lle einzusehen. \u00a0 Sie erhalten eine \u00dcbersicht aller bereits erfassten Unf\u00e4lle und einer kurzen Detailansicht.\u00a0 Wollen Sie \u00c4nderungen bei einem der Unf\u00e4lle vornehmen oder diesen aus der Liste l\u00f6schen, da er ... Weiterlesen\" \/>\n<meta property=\"og:url\" content=\"https:\/\/help.classymade.de\/?page_id=32\" \/>\n<meta property=\"og:site_name\" content=\"ClassyMade GmbH\" \/>\n<meta property=\"article:modified_time\" content=\"2025-09-23T10:26:17+00:00\" \/>\n<meta property=\"og:image\" content=\"https:\/\/help.classymade.de\/wp-content\/uploads\/2025\/09\/Unfaelle-einsehen.png\" \/>\n\t<meta property=\"og:image:width\" content=\"526\" \/>\n\t<meta property=\"og:image:height\" content=\"214\" \/>\n\t<meta property=\"og:image:type\" content=\"image\/png\" \/>\n<meta name=\"twitter:card\" content=\"summary_large_image\" \/>\n<meta name=\"twitter:label1\" content=\"Gesch\u00e4tzte Lesezeit\" \/>\n\t<meta name=\"twitter:data1\" content=\"2\u00a0Minuten\" \/>\n<script type=\"application\/ld+json\" class=\"yoast-schema-graph\">{\"@context\":\"https:\\\/\\\/schema.org\",\"@graph\":[{\"@type\":\"WebPage\",\"@id\":\"https:\\\/\\\/help.classymade.de\\\/?page_id=32\",\"url\":\"https:\\\/\\\/help.classymade.de\\\/?page_id=32\",\"name\":\"Unf\u00e4lle einsehen - ClassyMade GmbH\",\"isPartOf\":{\"@id\":\"https:\\\/\\\/help.classymade.de\\\/#website\"},\"primaryImageOfPage\":{\"@id\":\"https:\\\/\\\/help.classymade.de\\\/?page_id=32#primaryimage\"},\"image\":{\"@id\":\"https:\\\/\\\/help.classymade.de\\\/?page_id=32#primaryimage\"},\"thumbnailUrl\":\"https:\\\/\\\/help.classymade.de\\\/wp-content\\\/uploads\\\/2025\\\/09\\\/Unfaelle-einsehen.png\",\"datePublished\":\"2025-08-28T12:35:04+00:00\",\"dateModified\":\"2025-09-23T10:26:17+00:00\",\"breadcrumb\":{\"@id\":\"https:\\\/\\\/help.classymade.de\\\/?page_id=32#breadcrumb\"},\"inLanguage\":\"de\",\"potentialAction\":[{\"@type\":\"ReadAction\",\"target\":[\"https:\\\/\\\/help.classymade.de\\\/?page_id=32\"]}]},{\"@type\":\"ImageObject\",\"inLanguage\":\"de\",\"@id\":\"https:\\\/\\\/help.classymade.de\\\/?page_id=32#primaryimage\",\"url\":\"https:\\\/\\\/help.classymade.de\\\/wp-content\\\/uploads\\\/2025\\\/09\\\/Unfaelle-einsehen.png\",\"contentUrl\":\"https:\\\/\\\/help.classymade.de\\\/wp-content\\\/uploads\\\/2025\\\/09\\\/Unfaelle-einsehen.png\",\"width\":526,\"height\":214},{\"@type\":\"BreadcrumbList\",\"@id\":\"https:\\\/\\\/help.classymade.de\\\/?page_id=32#breadcrumb\",\"itemListElement\":[{\"@type\":\"ListItem\",\"position\":1,\"name\":\"Startseite\",\"item\":\"https:\\\/\\\/help.classymade.de\\\/\"},{\"@type\":\"ListItem\",\"position\":2,\"name\":\"Unf\u00e4lle einsehen\"}]},{\"@type\":\"WebSite\",\"@id\":\"https:\\\/\\\/help.classymade.de\\\/#website\",\"url\":\"https:\\\/\\\/help.classymade.de\\\/\",\"name\":\"ClassyMade GmbH\",\"description\":\"Hilfecenter\",\"publisher\":{\"@id\":\"https:\\\/\\\/help.classymade.de\\\/#organization\"},\"potentialAction\":[{\"@type\":\"SearchAction\",\"target\":{\"@type\":\"EntryPoint\",\"urlTemplate\":\"https:\\\/\\\/help.classymade.de\\\/?s={search_term_string}\"},\"query-input\":{\"@type\":\"PropertyValueSpecification\",\"valueRequired\":true,\"valueName\":\"search_term_string\"}}],\"inLanguage\":\"de\"},{\"@type\":\"Organization\",\"@id\":\"https:\\\/\\\/help.classymade.de\\\/#organization\",\"name\":\"ClassyMade GmbH\",\"url\":\"https:\\\/\\\/help.classymade.de\\\/\",\"logo\":{\"@type\":\"ImageObject\",\"inLanguage\":\"de\",\"@id\":\"https:\\\/\\\/help.classymade.de\\\/#\\\/schema\\\/logo\\\/image\\\/\",\"url\":\"https:\\\/\\\/help.classymade.de\\\/wp-content\\\/uploads\\\/2025\\\/06\\\/Classymade-logo-quadrat-grau.png\",\"contentUrl\":\"https:\\\/\\\/help.classymade.de\\\/wp-content\\\/uploads\\\/2025\\\/06\\\/Classymade-logo-quadrat-grau.png\",\"width\":2000,\"height\":2000,\"caption\":\"ClassyMade GmbH\"},\"image\":{\"@id\":\"https:\\\/\\\/help.classymade.de\\\/#\\\/schema\\\/logo\\\/image\\\/\"}}]}<\/script>\n<!-- \/ Yoast SEO plugin. -->","yoast_head_json":{"title":"Unf\u00e4lle einsehen - ClassyMade GmbH","robots":{"index":"index","follow":"follow","max-snippet":"max-snippet:-1","max-image-preview":"max-image-preview:large","max-video-preview":"max-video-preview:-1"},"canonical":"https:\/\/help.classymade.de\/?page_id=32","og_locale":"de_DE","og_type":"article","og_title":"Unf\u00e4lle einsehen - ClassyMade GmbH","og_description":"Hier erfahren Sie, wie Sie bereits dokumentierte Unf\u00e4lle einsehen k\u00f6nnen. Klicken Sie im Hauptmen\u00fc auf die Schaltfl\u00e4che &#8222;Unf\u00e4lle einsehen&#8220;, um bereits von Ihnen erfasste Unf\u00e4lle einzusehen. \u00a0 Sie erhalten eine \u00dcbersicht aller bereits erfassten Unf\u00e4lle und einer kurzen Detailansicht.\u00a0 Wollen Sie \u00c4nderungen bei einem der Unf\u00e4lle vornehmen oder diesen aus der Liste l\u00f6schen, da er ... Weiterlesen","og_url":"https:\/\/help.classymade.de\/?page_id=32","og_site_name":"ClassyMade GmbH","article_modified_time":"2025-09-23T10:26:17+00:00","og_image":[{"width":526,"height":214,"url":"https:\/\/help.classymade.de\/wp-content\/uploads\/2025\/09\/Unfaelle-einsehen.png","type":"image\/png"}],"twitter_card":"summary_large_image","twitter_misc":{"Gesch\u00e4tzte Lesezeit":"2\u00a0Minuten"},"schema":{"@context":"https:\/\/schema.org","@graph":[{"@type":"WebPage","@id":"https:\/\/help.classymade.de\/?page_id=32","url":"https:\/\/help.classymade.de\/?page_id=32","name":"Unf\u00e4lle einsehen - ClassyMade GmbH","isPartOf":{"@id":"https:\/\/help.classymade.de\/#website"},"primaryImageOfPage":{"@id":"https:\/\/help.classymade.de\/?page_id=32#primaryimage"},"image":{"@id":"https:\/\/help.classymade.de\/?page_id=32#primaryimage"},"thumbnailUrl":"https:\/\/help.classymade.de\/wp-content\/uploads\/2025\/09\/Unfaelle-einsehen.png","datePublished":"2025-08-28T12:35:04+00:00","dateModified":"2025-09-23T10:26:17+00:00","breadcrumb":{"@id":"https:\/\/help.classymade.de\/?page_id=32#breadcrumb"},"inLanguage":"de","potentialAction":[{"@type":"ReadAction","target":["https:\/\/help.classymade.de\/?page_id=32"]}]},{"@type":"ImageObject","inLanguage":"de","@id":"https:\/\/help.classymade.de\/?page_id=32#primaryimage","url":"https:\/\/help.classymade.de\/wp-content\/uploads\/2025\/09\/Unfaelle-einsehen.png","contentUrl":"https:\/\/help.classymade.de\/wp-content\/uploads\/2025\/09\/Unfaelle-einsehen.png","width":526,"height":214},{"@type":"BreadcrumbList","@id":"https:\/\/help.classymade.de\/?page_id=32#breadcrumb","itemListElement":[{"@type":"ListItem","position":1,"name":"Startseite","item":"https:\/\/help.classymade.de\/"},{"@type":"ListItem","position":2,"name":"Unf\u00e4lle einsehen"}]},{"@type":"WebSite","@id":"https:\/\/help.classymade.de\/#website","url":"https:\/\/help.classymade.de\/","name":"ClassyMade GmbH","description":"Hilfecenter","publisher":{"@id":"https:\/\/help.classymade.de\/#organization"},"potentialAction":[{"@type":"SearchAction","target":{"@type":"EntryPoint","urlTemplate":"https:\/\/help.classymade.de\/?s={search_term_string}"},"query-input":{"@type":"PropertyValueSpecification","valueRequired":true,"valueName":"search_term_string"}}],"inLanguage":"de"},{"@type":"Organization","@id":"https:\/\/help.classymade.de\/#organization","name":"ClassyMade GmbH","url":"https:\/\/help.classymade.de\/","logo":{"@type":"ImageObject","inLanguage":"de","@id":"https:\/\/help.classymade.de\/#\/schema\/logo\/image\/","url":"https:\/\/help.classymade.de\/wp-content\/uploads\/2025\/06\/Classymade-logo-quadrat-grau.png","contentUrl":"https:\/\/help.classymade.de\/wp-content\/uploads\/2025\/06\/Classymade-logo-quadrat-grau.png","width":2000,"height":2000,"caption":"ClassyMade GmbH"},"image":{"@id":"https:\/\/help.classymade.de\/#\/schema\/logo\/image\/"}}]}},"_links":{"self":[{"href":"https:\/\/help.classymade.de\/index.php?rest_route=\/wp\/v2\/pages\/32","targetHints":{"allow":["GET"]}}],"collection":[{"href":"https:\/\/help.classymade.de\/index.php?rest_route=\/wp\/v2\/pages"}],"about":[{"href":"https:\/\/help.classymade.de\/index.php?rest_route=\/wp\/v2\/types\/page"}],"author":[{"embeddable":true,"href":"https:\/\/help.classymade.de\/index.php?rest_route=\/wp\/v2\/users\/2"}],"replies":[{"embeddable":true,"href":"https:\/\/help.classymade.de\/index.php?rest_route=%2Fwp%2Fv2%2Fcomments&post=32"}],"version-history":[{"count":22,"href":"https:\/\/help.classymade.de\/index.php?rest_route=\/wp\/v2\/pages\/32\/revisions"}],"predecessor-version":[{"id":1247,"href":"https:\/\/help.classymade.de\/index.php?rest_route=\/wp\/v2\/pages\/32\/revisions\/1247"}],"wp:attachment":[{"href":"https:\/\/help.classymade.de\/index.php?rest_route=%2Fwp%2Fv2%2Fmedia&parent=32"}],"curies":[{"name":"wp","href":"https:\/\/api.w.org\/{rel}","templated":true}]}}