{"id":337,"date":"2025-09-02T11:35:32","date_gmt":"2025-09-02T11:35:32","guid":{"rendered":"https:\/\/help.classymade.de\/?page_id=337"},"modified":"2025-09-23T10:23:09","modified_gmt":"2025-09-23T10:23:09","slug":"schule-verwalten","status":"publish","type":"page","link":"https:\/\/help.classymade.de\/?page_id=337","title":{"rendered":"Schule verwalten"},"content":{"rendered":"\t\t<div data-elementor-type=\"wp-page\" data-elementor-id=\"337\" class=\"elementor elementor-337\" data-elementor-post-type=\"page\">\n\t\t\t\t<div class=\"elementor-element elementor-element-29eb555 e-flex e-con-boxed e-con e-parent\" data-id=\"29eb555\" data-element_type=\"container\" data-e-type=\"container\">\n\t\t\t\t\t<div class=\"e-con-inner\">\n\t\t\t\t<div class=\"elementor-element elementor-element-e6cd2f0 elementor-widget-divider--view-line elementor-widget elementor-widget-divider\" data-id=\"e6cd2f0\" data-element_type=\"widget\" data-e-type=\"widget\" data-widget_type=\"divider.default\">\n\t\t\t\t<div class=\"elementor-widget-container\">\n\t\t\t\t\t\t\t<div class=\"elementor-divider\">\n\t\t\t<span class=\"elementor-divider-separator\">\n\t\t\t\t\t\t<\/span>\n\t\t<\/div>\n\t\t\t\t\t\t<\/div>\n\t\t\t\t<\/div>\n\t\t\t\t\t<\/div>\n\t\t\t\t<\/div>\n\t\t<div class=\"elementor-element elementor-element-47937fc e-flex e-con-boxed e-con e-parent\" data-id=\"47937fc\" data-element_type=\"container\" data-e-type=\"container\">\n\t\t\t\t\t<div class=\"e-con-inner\">\n\t\t\t\t<div class=\"elementor-element elementor-element-16802aa elementor-widget elementor-widget-text-editor\" data-id=\"16802aa\" data-element_type=\"widget\" data-e-type=\"widget\" data-widget_type=\"text-editor.default\">\n\t\t\t\t<div class=\"elementor-widget-container\">\n\t\t\t\t\t\t\t\t\t<h5><strong>Hier erfahren Sie, wie Sie die Daten Ihrer Schule einsehen und verwalten k\u00f6nnen. Weiterhin kann hier ein Einladungscodes f\u00fcr Sch\u00fclerinnen und Sch\u00fcler generiert werden.<\/strong><\/h5>\t\t\t\t\t\t\t\t<\/div>\n\t\t\t\t<\/div>\n\t\t\t\t<div class=\"elementor-element elementor-element-9f2060f elementor-widget elementor-widget-text-editor\" data-id=\"9f2060f\" data-element_type=\"widget\" data-e-type=\"widget\" data-widget_type=\"text-editor.default\">\n\t\t\t\t<div class=\"elementor-widget-container\">\n\t\t\t\t\t\t\t\t\t<p>Egal auf welcher Seite Sie sich in<em> Accidents at School<\/em> gerade befinden, ganz unten finden Sie den <strong>Schule verwalten-Button<\/strong>.<\/p>\t\t\t\t\t\t\t\t<\/div>\n\t\t\t\t<\/div>\n\t\t\t\t\t<\/div>\n\t\t\t\t<\/div>\n\t\t<div class=\"elementor-element elementor-element-f38fc7b e-flex e-con-boxed e-con e-parent\" data-id=\"f38fc7b\" data-element_type=\"container\" data-e-type=\"container\">\n\t\t\t\t\t<div class=\"e-con-inner\">\n\t\t\t\t<div class=\"elementor-element elementor-element-6d4cb07 elementor-widget elementor-widget-image\" data-id=\"6d4cb07\" data-element_type=\"widget\" data-e-type=\"widget\" data-widget_type=\"image.default\">\n\t\t\t\t<div class=\"elementor-widget-container\">\n\t\t\t\t\t\t\t\t\t\t\t\t\t\t\t<img fetchpriority=\"high\" decoding=\"async\" width=\"516\" height=\"249\" src=\"https:\/\/help.classymade.de\/wp-content\/uploads\/2025\/09\/Schule-verwalten-1.png\" class=\"attachment-large size-large wp-image-367\" alt=\"\" srcset=\"https:\/\/help.classymade.de\/wp-content\/uploads\/2025\/09\/Schule-verwalten-1.png 516w, https:\/\/help.classymade.de\/wp-content\/uploads\/2025\/09\/Schule-verwalten-1-300x145.png 300w\" sizes=\"(max-width: 516px) 100vw, 516px\" \/>\t\t\t\t\t\t\t\t\t\t\t\t\t\t\t<\/div>\n\t\t\t\t<\/div>\n\t\t\t\t<div class=\"elementor-element elementor-element-4836195 elementor-widget elementor-widget-text-editor\" data-id=\"4836195\" data-element_type=\"widget\" data-e-type=\"widget\" data-widget_type=\"text-editor.default\">\n\t\t\t\t<div class=\"elementor-widget-container\">\n\t\t\t\t\t\t\t\t\t<p><strong>1.<\/strong> Klicken Sie diesen an, sehen Sie an dieser Stelle die hinterlegten Daten Ihrer Schule. Hier sehen Sie auch Ihre aktive Lizenz. Klicken Sie unten auf das <strong>Bearbeiten-Symbol<\/strong>, um diese Daten anzupassen.<\/p>\t\t\t\t\t\t\t\t<\/div>\n\t\t\t\t<\/div>\n\t\t\t\t<div class=\"elementor-element elementor-element-8505455 elementor-widget elementor-widget-image\" data-id=\"8505455\" data-element_type=\"widget\" data-e-type=\"widget\" data-widget_type=\"image.default\">\n\t\t\t\t<div class=\"elementor-widget-container\">\n\t\t\t\t\t\t\t\t\t\t\t\t\t\t\t<img decoding=\"async\" width=\"782\" height=\"565\" src=\"https:\/\/help.classymade.de\/wp-content\/uploads\/2025\/09\/Schuldaten.png\" class=\"attachment-large size-large wp-image-341\" alt=\"\" srcset=\"https:\/\/help.classymade.de\/wp-content\/uploads\/2025\/09\/Schuldaten.png 782w, https:\/\/help.classymade.de\/wp-content\/uploads\/2025\/09\/Schuldaten-300x217.png 300w, https:\/\/help.classymade.de\/wp-content\/uploads\/2025\/09\/Schuldaten-768x555.png 768w\" sizes=\"(max-width: 782px) 100vw, 782px\" \/>\t\t\t\t\t\t\t\t\t\t\t\t\t\t\t<\/div>\n\t\t\t\t<\/div>\n\t\t\t\t\t<\/div>\n\t\t\t\t<\/div>\n\t\t<div class=\"elementor-element elementor-element-c5b1239 e-flex e-con-boxed e-con e-parent\" data-id=\"c5b1239\" data-element_type=\"container\" data-e-type=\"container\">\n\t\t\t\t\t<div class=\"e-con-inner\">\n\t\t\t\t<div class=\"elementor-element elementor-element-a8fb36e elementor-widget elementor-widget-text-editor\" data-id=\"a8fb36e\" data-element_type=\"widget\" data-e-type=\"widget\" data-widget_type=\"text-editor.default\">\n\t\t\t\t<div class=\"elementor-widget-container\">\n\t\t\t\t\t\t\t\t\t<p><strong>2.<\/strong> Hier k\u00f6nnen Sie nun die Daten Ihrer Schule eintragen bzw. \u00e4ndern. <strong>Speichern<\/strong> Sie anschlie\u00dfend, damit die \u00c4nderungen \u00fcbernommen werden.<\/p>\t\t\t\t\t\t\t\t<\/div>\n\t\t\t\t<\/div>\n\t\t\t\t<div class=\"elementor-element elementor-element-4a0cc83 elementor-widget elementor-widget-image\" data-id=\"4a0cc83\" data-element_type=\"widget\" data-e-type=\"widget\" data-widget_type=\"image.default\">\n\t\t\t\t<div class=\"elementor-widget-container\">\n\t\t\t\t\t\t\t\t\t\t\t\t\t\t\t<img decoding=\"async\" width=\"930\" height=\"474\" src=\"https:\/\/help.classymade.de\/wp-content\/uploads\/2025\/09\/Schuldaten_aendern.png\" class=\"attachment-large size-large wp-image-342\" alt=\"\" srcset=\"https:\/\/help.classymade.de\/wp-content\/uploads\/2025\/09\/Schuldaten_aendern.png 930w, https:\/\/help.classymade.de\/wp-content\/uploads\/2025\/09\/Schuldaten_aendern-300x153.png 300w, https:\/\/help.classymade.de\/wp-content\/uploads\/2025\/09\/Schuldaten_aendern-768x391.png 768w\" sizes=\"(max-width: 930px) 100vw, 930px\" \/>\t\t\t\t\t\t\t\t\t\t\t\t\t\t\t<\/div>\n\t\t\t\t<\/div>\n\t\t\t\t\t<\/div>\n\t\t\t\t<\/div>\n\t\t<div class=\"elementor-element elementor-element-fdf4dfa e-flex e-con-boxed e-con e-parent\" data-id=\"fdf4dfa\" data-element_type=\"container\" data-e-type=\"container\">\n\t\t\t\t\t<div class=\"e-con-inner\">\n\t\t\t\t<div class=\"elementor-element elementor-element-b257234 elementor-widget elementor-widget-spacer\" data-id=\"b257234\" data-element_type=\"widget\" data-e-type=\"widget\" data-widget_type=\"spacer.default\">\n\t\t\t\t<div class=\"elementor-widget-container\">\n\t\t\t\t\t\t\t<div class=\"elementor-spacer\">\n\t\t\t<div class=\"elementor-spacer-inner\"><\/div>\n\t\t<\/div>\n\t\t\t\t\t\t<\/div>\n\t\t\t\t<\/div>\n\t\t\t\t<div class=\"elementor-element elementor-element-d5e9a46 elementor-widget elementor-widget-text-editor\" data-id=\"d5e9a46\" data-element_type=\"widget\" data-e-type=\"widget\" data-widget_type=\"text-editor.default\">\n\t\t\t\t<div class=\"elementor-widget-container\">\n\t\t\t\t\t\t\t\t\t<h5><strong>Registrierungscode f\u00fcr Sch\u00fclerinnen und Sch\u00fcler generieren:<\/strong><\/h5>\t\t\t\t\t\t\t\t<\/div>\n\t\t\t\t<\/div>\n\t\t\t\t<div class=\"elementor-element elementor-element-dd22c6d elementor-widget elementor-widget-text-editor\" data-id=\"dd22c6d\" data-element_type=\"widget\" data-e-type=\"widget\" data-widget_type=\"text-editor.default\">\n\t\t\t\t<div class=\"elementor-widget-container\">\n\t\t\t\t\t\t\t\t\t<p>Weiter unten haben Sie die M\u00f6glichkeit, einen <strong>Registrierungscode<\/strong> f\u00fcr Ihre Sch\u00fclerinnen und Sch\u00fcler zu generieren. So k\u00f6nnen Sie den Code an alle Sch\u00fclerinnen und Sch\u00fcler versenden, damit diese sich bei <em>Accidents at School<\/em> unkompliziert registrieren k\u00f6nnen. <a href=\"https:\/\/help.classymade.de\/?page_id=666\">Hier<\/a> finden Sie die Anleitungen f\u00fcr Sch\u00fclerinnen und Sch\u00fcler, wie sie die Registrierung mit Code vornehmen k\u00f6nnen.\u00a0<\/p>\t\t\t\t\t\t\t\t<\/div>\n\t\t\t\t<\/div>\n\t\t\t\t<div class=\"elementor-element elementor-element-d3a2c44 elementor-widget elementor-widget-image\" data-id=\"d3a2c44\" data-element_type=\"widget\" data-e-type=\"widget\" data-widget_type=\"image.default\">\n\t\t\t\t<div class=\"elementor-widget-container\">\n\t\t\t\t\t\t\t\t\t\t\t\t\t\t\t<img loading=\"lazy\" decoding=\"async\" width=\"667\" height=\"310\" src=\"https:\/\/help.classymade.de\/wp-content\/uploads\/2025\/09\/Registrierungscode_Schueler_generieren.png\" class=\"attachment-large size-large wp-image-954\" alt=\"\" srcset=\"https:\/\/help.classymade.de\/wp-content\/uploads\/2025\/09\/Registrierungscode_Schueler_generieren.png 667w, https:\/\/help.classymade.de\/wp-content\/uploads\/2025\/09\/Registrierungscode_Schueler_generieren-300x139.png 300w\" sizes=\"(max-width: 667px) 100vw, 667px\" \/>\t\t\t\t\t\t\t\t\t\t\t\t\t\t\t<\/div>\n\t\t\t\t<\/div>\n\t\t\t\t\t<\/div>\n\t\t\t\t<\/div>\n\t\t\t\t<\/div>\n\t\t","protected":false},"excerpt":{"rendered":"<p>Hier erfahren Sie, wie Sie die Daten Ihrer Schule einsehen und verwalten k\u00f6nnen. Weiterhin kann hier ein Einladungscodes f\u00fcr Sch\u00fclerinnen und Sch\u00fcler generiert werden. Egal auf welcher Seite Sie sich in Accidents at School gerade befinden, ganz unten finden Sie den Schule verwalten-Button. 1. Klicken Sie diesen an, sehen Sie an dieser Stelle die hinterlegten &#8230; <a title=\"Schule verwalten\" class=\"read-more\" href=\"https:\/\/help.classymade.de\/?page_id=337\" aria-label=\"Mehr Informationen \u00fcber Schule verwalten\">Weiterlesen<\/a><\/p>\n","protected":false},"author":2,"featured_media":0,"parent":0,"menu_order":0,"comment_status":"closed","ping_status":"closed","template":"","meta":{"footnotes":""},"class_list":["post-337","page","type-page","status-publish"],"yoast_head":"<!-- This site is optimized with the Yoast SEO plugin v27.6 - https:\/\/yoast.com\/product\/yoast-seo-wordpress\/ -->\n<title>Schule verwalten - ClassyMade GmbH<\/title>\n<meta name=\"robots\" content=\"index, follow, max-snippet:-1, max-image-preview:large, max-video-preview:-1\" \/>\n<link rel=\"canonical\" href=\"https:\/\/help.classymade.de\/?page_id=337\" \/>\n<meta property=\"og:locale\" content=\"de_DE\" \/>\n<meta property=\"og:type\" content=\"article\" \/>\n<meta property=\"og:title\" content=\"Schule verwalten - ClassyMade GmbH\" \/>\n<meta property=\"og:description\" content=\"Hier erfahren Sie, wie Sie die Daten Ihrer Schule einsehen und verwalten k\u00f6nnen. Weiterhin kann hier ein Einladungscodes f\u00fcr Sch\u00fclerinnen und Sch\u00fcler generiert werden. Egal auf welcher Seite Sie sich in Accidents at School gerade befinden, ganz unten finden Sie den Schule verwalten-Button. 1. Klicken Sie diesen an, sehen Sie an dieser Stelle die hinterlegten ... Weiterlesen\" \/>\n<meta property=\"og:url\" content=\"https:\/\/help.classymade.de\/?page_id=337\" \/>\n<meta property=\"og:site_name\" content=\"ClassyMade GmbH\" \/>\n<meta property=\"article:modified_time\" content=\"2025-09-23T10:23:09+00:00\" \/>\n<meta property=\"og:image\" content=\"https:\/\/help.classymade.de\/wp-content\/uploads\/2025\/09\/Schule-verwalten-1.png\" \/>\n\t<meta property=\"og:image:width\" content=\"516\" \/>\n\t<meta property=\"og:image:height\" content=\"249\" \/>\n\t<meta property=\"og:image:type\" content=\"image\/png\" \/>\n<meta name=\"twitter:card\" content=\"summary_large_image\" \/>\n<meta name=\"twitter:label1\" content=\"Gesch\u00e4tzte Lesezeit\" \/>\n\t<meta name=\"twitter:data1\" content=\"2\u00a0Minuten\" \/>\n<script type=\"application\/ld+json\" class=\"yoast-schema-graph\">{\"@context\":\"https:\\\/\\\/schema.org\",\"@graph\":[{\"@type\":\"WebPage\",\"@id\":\"https:\\\/\\\/help.classymade.de\\\/?page_id=337\",\"url\":\"https:\\\/\\\/help.classymade.de\\\/?page_id=337\",\"name\":\"Schule verwalten - ClassyMade GmbH\",\"isPartOf\":{\"@id\":\"https:\\\/\\\/help.classymade.de\\\/#website\"},\"primaryImageOfPage\":{\"@id\":\"https:\\\/\\\/help.classymade.de\\\/?page_id=337#primaryimage\"},\"image\":{\"@id\":\"https:\\\/\\\/help.classymade.de\\\/?page_id=337#primaryimage\"},\"thumbnailUrl\":\"https:\\\/\\\/help.classymade.de\\\/wp-content\\\/uploads\\\/2025\\\/09\\\/Schule-verwalten-1.png\",\"datePublished\":\"2025-09-02T11:35:32+00:00\",\"dateModified\":\"2025-09-23T10:23:09+00:00\",\"breadcrumb\":{\"@id\":\"https:\\\/\\\/help.classymade.de\\\/?page_id=337#breadcrumb\"},\"inLanguage\":\"de\",\"potentialAction\":[{\"@type\":\"ReadAction\",\"target\":[\"https:\\\/\\\/help.classymade.de\\\/?page_id=337\"]}]},{\"@type\":\"ImageObject\",\"inLanguage\":\"de\",\"@id\":\"https:\\\/\\\/help.classymade.de\\\/?page_id=337#primaryimage\",\"url\":\"https:\\\/\\\/help.classymade.de\\\/wp-content\\\/uploads\\\/2025\\\/09\\\/Schule-verwalten-1.png\",\"contentUrl\":\"https:\\\/\\\/help.classymade.de\\\/wp-content\\\/uploads\\\/2025\\\/09\\\/Schule-verwalten-1.png\",\"width\":516,\"height\":249},{\"@type\":\"BreadcrumbList\",\"@id\":\"https:\\\/\\\/help.classymade.de\\\/?page_id=337#breadcrumb\",\"itemListElement\":[{\"@type\":\"ListItem\",\"position\":1,\"name\":\"Startseite\",\"item\":\"https:\\\/\\\/help.classymade.de\\\/\"},{\"@type\":\"ListItem\",\"position\":2,\"name\":\"Schule verwalten\"}]},{\"@type\":\"WebSite\",\"@id\":\"https:\\\/\\\/help.classymade.de\\\/#website\",\"url\":\"https:\\\/\\\/help.classymade.de\\\/\",\"name\":\"ClassyMade GmbH\",\"description\":\"Hilfecenter\",\"publisher\":{\"@id\":\"https:\\\/\\\/help.classymade.de\\\/#organization\"},\"potentialAction\":[{\"@type\":\"SearchAction\",\"target\":{\"@type\":\"EntryPoint\",\"urlTemplate\":\"https:\\\/\\\/help.classymade.de\\\/?s={search_term_string}\"},\"query-input\":{\"@type\":\"PropertyValueSpecification\",\"valueRequired\":true,\"valueName\":\"search_term_string\"}}],\"inLanguage\":\"de\"},{\"@type\":\"Organization\",\"@id\":\"https:\\\/\\\/help.classymade.de\\\/#organization\",\"name\":\"ClassyMade GmbH\",\"url\":\"https:\\\/\\\/help.classymade.de\\\/\",\"logo\":{\"@type\":\"ImageObject\",\"inLanguage\":\"de\",\"@id\":\"https:\\\/\\\/help.classymade.de\\\/#\\\/schema\\\/logo\\\/image\\\/\",\"url\":\"https:\\\/\\\/help.classymade.de\\\/wp-content\\\/uploads\\\/2025\\\/06\\\/Classymade-logo-quadrat-grau.png\",\"contentUrl\":\"https:\\\/\\\/help.classymade.de\\\/wp-content\\\/uploads\\\/2025\\\/06\\\/Classymade-logo-quadrat-grau.png\",\"width\":2000,\"height\":2000,\"caption\":\"ClassyMade GmbH\"},\"image\":{\"@id\":\"https:\\\/\\\/help.classymade.de\\\/#\\\/schema\\\/logo\\\/image\\\/\"}}]}<\/script>\n<!-- \/ Yoast SEO plugin. -->","yoast_head_json":{"title":"Schule verwalten - ClassyMade GmbH","robots":{"index":"index","follow":"follow","max-snippet":"max-snippet:-1","max-image-preview":"max-image-preview:large","max-video-preview":"max-video-preview:-1"},"canonical":"https:\/\/help.classymade.de\/?page_id=337","og_locale":"de_DE","og_type":"article","og_title":"Schule verwalten - ClassyMade GmbH","og_description":"Hier erfahren Sie, wie Sie die Daten Ihrer Schule einsehen und verwalten k\u00f6nnen. Weiterhin kann hier ein Einladungscodes f\u00fcr Sch\u00fclerinnen und Sch\u00fcler generiert werden. Egal auf welcher Seite Sie sich in Accidents at School gerade befinden, ganz unten finden Sie den Schule verwalten-Button. 1. Klicken Sie diesen an, sehen Sie an dieser Stelle die hinterlegten ... Weiterlesen","og_url":"https:\/\/help.classymade.de\/?page_id=337","og_site_name":"ClassyMade GmbH","article_modified_time":"2025-09-23T10:23:09+00:00","og_image":[{"width":516,"height":249,"url":"https:\/\/help.classymade.de\/wp-content\/uploads\/2025\/09\/Schule-verwalten-1.png","type":"image\/png"}],"twitter_card":"summary_large_image","twitter_misc":{"Gesch\u00e4tzte Lesezeit":"2\u00a0Minuten"},"schema":{"@context":"https:\/\/schema.org","@graph":[{"@type":"WebPage","@id":"https:\/\/help.classymade.de\/?page_id=337","url":"https:\/\/help.classymade.de\/?page_id=337","name":"Schule verwalten - ClassyMade GmbH","isPartOf":{"@id":"https:\/\/help.classymade.de\/#website"},"primaryImageOfPage":{"@id":"https:\/\/help.classymade.de\/?page_id=337#primaryimage"},"image":{"@id":"https:\/\/help.classymade.de\/?page_id=337#primaryimage"},"thumbnailUrl":"https:\/\/help.classymade.de\/wp-content\/uploads\/2025\/09\/Schule-verwalten-1.png","datePublished":"2025-09-02T11:35:32+00:00","dateModified":"2025-09-23T10:23:09+00:00","breadcrumb":{"@id":"https:\/\/help.classymade.de\/?page_id=337#breadcrumb"},"inLanguage":"de","potentialAction":[{"@type":"ReadAction","target":["https:\/\/help.classymade.de\/?page_id=337"]}]},{"@type":"ImageObject","inLanguage":"de","@id":"https:\/\/help.classymade.de\/?page_id=337#primaryimage","url":"https:\/\/help.classymade.de\/wp-content\/uploads\/2025\/09\/Schule-verwalten-1.png","contentUrl":"https:\/\/help.classymade.de\/wp-content\/uploads\/2025\/09\/Schule-verwalten-1.png","width":516,"height":249},{"@type":"BreadcrumbList","@id":"https:\/\/help.classymade.de\/?page_id=337#breadcrumb","itemListElement":[{"@type":"ListItem","position":1,"name":"Startseite","item":"https:\/\/help.classymade.de\/"},{"@type":"ListItem","position":2,"name":"Schule verwalten"}]},{"@type":"WebSite","@id":"https:\/\/help.classymade.de\/#website","url":"https:\/\/help.classymade.de\/","name":"ClassyMade GmbH","description":"Hilfecenter","publisher":{"@id":"https:\/\/help.classymade.de\/#organization"},"potentialAction":[{"@type":"SearchAction","target":{"@type":"EntryPoint","urlTemplate":"https:\/\/help.classymade.de\/?s={search_term_string}"},"query-input":{"@type":"PropertyValueSpecification","valueRequired":true,"valueName":"search_term_string"}}],"inLanguage":"de"},{"@type":"Organization","@id":"https:\/\/help.classymade.de\/#organization","name":"ClassyMade GmbH","url":"https:\/\/help.classymade.de\/","logo":{"@type":"ImageObject","inLanguage":"de","@id":"https:\/\/help.classymade.de\/#\/schema\/logo\/image\/","url":"https:\/\/help.classymade.de\/wp-content\/uploads\/2025\/06\/Classymade-logo-quadrat-grau.png","contentUrl":"https:\/\/help.classymade.de\/wp-content\/uploads\/2025\/06\/Classymade-logo-quadrat-grau.png","width":2000,"height":2000,"caption":"ClassyMade GmbH"},"image":{"@id":"https:\/\/help.classymade.de\/#\/schema\/logo\/image\/"}}]}},"_links":{"self":[{"href":"https:\/\/help.classymade.de\/index.php?rest_route=\/wp\/v2\/pages\/337","targetHints":{"allow":["GET"]}}],"collection":[{"href":"https:\/\/help.classymade.de\/index.php?rest_route=\/wp\/v2\/pages"}],"about":[{"href":"https:\/\/help.classymade.de\/index.php?rest_route=\/wp\/v2\/types\/page"}],"author":[{"embeddable":true,"href":"https:\/\/help.classymade.de\/index.php?rest_route=\/wp\/v2\/users\/2"}],"replies":[{"embeddable":true,"href":"https:\/\/help.classymade.de\/index.php?rest_route=%2Fwp%2Fv2%2Fcomments&post=337"}],"version-history":[{"count":40,"href":"https:\/\/help.classymade.de\/index.php?rest_route=\/wp\/v2\/pages\/337\/revisions"}],"predecessor-version":[{"id":1235,"href":"https:\/\/help.classymade.de\/index.php?rest_route=\/wp\/v2\/pages\/337\/revisions\/1235"}],"wp:attachment":[{"href":"https:\/\/help.classymade.de\/index.php?rest_route=%2Fwp%2Fv2%2Fmedia&parent=337"}],"curies":[{"name":"wp","href":"https:\/\/api.w.org\/{rel}","templated":true}]}}