{"id":37,"date":"2025-08-28T12:42:46","date_gmt":"2025-08-28T12:42:46","guid":{"rendered":"https:\/\/help.classymade.de\/?page_id=37"},"modified":"2025-09-23T10:26:50","modified_gmt":"2025-09-23T10:26:50","slug":"meldepflichtigen-unfall-erfassen","status":"publish","type":"page","link":"https:\/\/help.classymade.de\/?page_id=37","title":{"rendered":"Meldepflichtigen Unfall erfassen"},"content":{"rendered":"\t\t<div data-elementor-type=\"wp-page\" data-elementor-id=\"37\" class=\"elementor elementor-37\" data-elementor-post-type=\"page\">\n\t\t\t\t<div class=\"elementor-element elementor-element-93d4f01 e-flex e-con-boxed e-con e-parent\" data-id=\"93d4f01\" data-element_type=\"container\" data-e-type=\"container\">\n\t\t\t\t\t<div class=\"e-con-inner\">\n\t\t\t\t<div class=\"elementor-element elementor-element-39b14cf elementor-widget-divider--view-line elementor-widget elementor-widget-divider\" data-id=\"39b14cf\" data-element_type=\"widget\" data-e-type=\"widget\" data-widget_type=\"divider.default\">\n\t\t\t\t<div class=\"elementor-widget-container\">\n\t\t\t\t\t\t\t<div class=\"elementor-divider\">\n\t\t\t<span class=\"elementor-divider-separator\">\n\t\t\t\t\t\t<\/span>\n\t\t<\/div>\n\t\t\t\t\t\t<\/div>\n\t\t\t\t<\/div>\n\t\t\t\t\t<\/div>\n\t\t\t\t<\/div>\n\t\t<div class=\"elementor-element elementor-element-c4988b8 e-flex e-con-boxed e-con e-parent\" data-id=\"c4988b8\" data-element_type=\"container\" data-e-type=\"container\">\n\t\t\t\t\t<div class=\"e-con-inner\">\n\t\t\t\t<div class=\"elementor-element elementor-element-f2eff4b elementor-widget elementor-widget-text-editor\" data-id=\"f2eff4b\" data-element_type=\"widget\" data-e-type=\"widget\" data-widget_type=\"text-editor.default\">\n\t\t\t\t<div class=\"elementor-widget-container\">\n\t\t\t\t\t\t\t\t\t<h5><strong>An dieser Stelle k\u00f6nnen Sie einen meldepflichtigen Unfall bei der DGUV einreichen.<\/strong><\/h5>\t\t\t\t\t\t\t\t<\/div>\n\t\t\t\t<\/div>\n\t\t\t\t\t<\/div>\n\t\t\t\t<\/div>\n\t\t<div class=\"elementor-element elementor-element-49cafef e-flex e-con-boxed e-con e-parent\" data-id=\"49cafef\" data-element_type=\"container\" data-e-type=\"container\">\n\t\t\t\t\t<div class=\"e-con-inner\">\n\t\t\t\t<div class=\"elementor-element elementor-element-5b62106 elementor-widget elementor-widget-image\" data-id=\"5b62106\" data-element_type=\"widget\" data-e-type=\"widget\" data-widget_type=\"image.default\">\n\t\t\t\t<div class=\"elementor-widget-container\">\n\t\t\t\t\t\t\t\t\t\t\t\t\t\t\t<img fetchpriority=\"high\" decoding=\"async\" width=\"514\" height=\"193\" src=\"https:\/\/help.classymade.de\/wp-content\/uploads\/2025\/09\/Meldepflichtigen-Unfall-erfassen.png\" class=\"attachment-large size-large wp-image-738\" alt=\"\" srcset=\"https:\/\/help.classymade.de\/wp-content\/uploads\/2025\/09\/Meldepflichtigen-Unfall-erfassen.png 514w, https:\/\/help.classymade.de\/wp-content\/uploads\/2025\/09\/Meldepflichtigen-Unfall-erfassen-300x113.png 300w\" sizes=\"(max-width: 514px) 100vw, 514px\" \/>\t\t\t\t\t\t\t\t\t\t\t\t\t\t\t<\/div>\n\t\t\t\t<\/div>\n\t\t\t\t\t<\/div>\n\t\t\t\t<\/div>\n\t\t<div class=\"elementor-element elementor-element-0aae823 e-flex e-con-boxed e-con e-parent\" data-id=\"0aae823\" data-element_type=\"container\" data-e-type=\"container\">\n\t\t\t\t\t<div class=\"e-con-inner\">\n\t\t\t\t<div class=\"elementor-element elementor-element-93d3ba2 elementor-widget elementor-widget-text-editor\" data-id=\"93d3ba2\" data-element_type=\"widget\" data-e-type=\"widget\" data-widget_type=\"text-editor.default\">\n\t\t\t\t<div class=\"elementor-widget-container\">\n\t\t\t\t\t\t\t\t\t<p><span style=\"color: #ffffff;\">Falls Sie einen meldepflichtigen Unfall erfassen m\u00fcssen, der sich in Ihrer Betriebs- oder Bildungsst\u00e4tte oder auf dem Weg dorthin ereignet hat, leiten wir Sie an dieser Stelle zu den entsprechenden Seiten der <strong>Deutschen Gesetzlichen Unfallversicherung (DGUV)<\/strong> weiter. Dort k\u00f6nnen Sie die Unfallmeldung direkt einreichen.\u00a0<\/span><\/p>\t\t\t\t\t\t\t\t<\/div>\n\t\t\t\t<\/div>\n\t\t\t\t\t<\/div>\n\t\t\t\t<\/div>\n\t\t\t\t<\/div>\n\t\t","protected":false},"excerpt":{"rendered":"<p>An dieser Stelle k\u00f6nnen Sie einen meldepflichtigen Unfall bei der DGUV einreichen. Falls Sie einen meldepflichtigen Unfall erfassen m\u00fcssen, der sich in Ihrer Betriebs- oder Bildungsst\u00e4tte oder auf dem Weg dorthin ereignet hat, leiten wir Sie an dieser Stelle zu den entsprechenden Seiten der Deutschen Gesetzlichen Unfallversicherung (DGUV) weiter. Dort k\u00f6nnen Sie die Unfallmeldung direkt &#8230; <a title=\"Meldepflichtigen Unfall erfassen\" class=\"read-more\" href=\"https:\/\/help.classymade.de\/?page_id=37\" aria-label=\"Mehr Informationen \u00fcber Meldepflichtigen Unfall erfassen\">Weiterlesen<\/a><\/p>\n","protected":false},"author":2,"featured_media":0,"parent":0,"menu_order":0,"comment_status":"closed","ping_status":"closed","template":"","meta":{"footnotes":""},"class_list":["post-37","page","type-page","status-publish"],"yoast_head":"<!-- This site is optimized with the Yoast SEO plugin v27.6 - https:\/\/yoast.com\/product\/yoast-seo-wordpress\/ -->\n<title>Meldepflichtigen Unfall erfassen - ClassyMade GmbH<\/title>\n<meta name=\"robots\" content=\"index, follow, max-snippet:-1, max-image-preview:large, max-video-preview:-1\" \/>\n<link rel=\"canonical\" href=\"https:\/\/help.classymade.de\/?page_id=37\" \/>\n<meta property=\"og:locale\" content=\"de_DE\" \/>\n<meta property=\"og:type\" content=\"article\" \/>\n<meta property=\"og:title\" content=\"Meldepflichtigen Unfall erfassen - ClassyMade GmbH\" \/>\n<meta property=\"og:description\" content=\"An dieser Stelle k\u00f6nnen Sie einen meldepflichtigen Unfall bei der DGUV einreichen. Falls Sie einen meldepflichtigen Unfall erfassen m\u00fcssen, der sich in Ihrer Betriebs- oder Bildungsst\u00e4tte oder auf dem Weg dorthin ereignet hat, leiten wir Sie an dieser Stelle zu den entsprechenden Seiten der Deutschen Gesetzlichen Unfallversicherung (DGUV) weiter. Dort k\u00f6nnen Sie die Unfallmeldung direkt ... Weiterlesen\" \/>\n<meta property=\"og:url\" content=\"https:\/\/help.classymade.de\/?page_id=37\" \/>\n<meta property=\"og:site_name\" content=\"ClassyMade GmbH\" \/>\n<meta property=\"article:modified_time\" content=\"2025-09-23T10:26:50+00:00\" \/>\n<meta property=\"og:image\" content=\"https:\/\/help.classymade.de\/wp-content\/uploads\/2025\/09\/Meldepflichtigen-Unfall-erfassen.png\" \/>\n\t<meta property=\"og:image:width\" content=\"514\" \/>\n\t<meta property=\"og:image:height\" content=\"193\" \/>\n\t<meta property=\"og:image:type\" content=\"image\/png\" \/>\n<meta name=\"twitter:card\" content=\"summary_large_image\" \/>\n<meta name=\"twitter:label1\" content=\"Gesch\u00e4tzte Lesezeit\" \/>\n\t<meta name=\"twitter:data1\" content=\"1\u00a0Minute\" \/>\n<script type=\"application\/ld+json\" class=\"yoast-schema-graph\">{\"@context\":\"https:\\\/\\\/schema.org\",\"@graph\":[{\"@type\":\"WebPage\",\"@id\":\"https:\\\/\\\/help.classymade.de\\\/?page_id=37\",\"url\":\"https:\\\/\\\/help.classymade.de\\\/?page_id=37\",\"name\":\"Meldepflichtigen Unfall erfassen - ClassyMade GmbH\",\"isPartOf\":{\"@id\":\"https:\\\/\\\/help.classymade.de\\\/#website\"},\"primaryImageOfPage\":{\"@id\":\"https:\\\/\\\/help.classymade.de\\\/?page_id=37#primaryimage\"},\"image\":{\"@id\":\"https:\\\/\\\/help.classymade.de\\\/?page_id=37#primaryimage\"},\"thumbnailUrl\":\"https:\\\/\\\/help.classymade.de\\\/wp-content\\\/uploads\\\/2025\\\/09\\\/Meldepflichtigen-Unfall-erfassen.png\",\"datePublished\":\"2025-08-28T12:42:46+00:00\",\"dateModified\":\"2025-09-23T10:26:50+00:00\",\"breadcrumb\":{\"@id\":\"https:\\\/\\\/help.classymade.de\\\/?page_id=37#breadcrumb\"},\"inLanguage\":\"de\",\"potentialAction\":[{\"@type\":\"ReadAction\",\"target\":[\"https:\\\/\\\/help.classymade.de\\\/?page_id=37\"]}]},{\"@type\":\"ImageObject\",\"inLanguage\":\"de\",\"@id\":\"https:\\\/\\\/help.classymade.de\\\/?page_id=37#primaryimage\",\"url\":\"https:\\\/\\\/help.classymade.de\\\/wp-content\\\/uploads\\\/2025\\\/09\\\/Meldepflichtigen-Unfall-erfassen.png\",\"contentUrl\":\"https:\\\/\\\/help.classymade.de\\\/wp-content\\\/uploads\\\/2025\\\/09\\\/Meldepflichtigen-Unfall-erfassen.png\",\"width\":514,\"height\":193},{\"@type\":\"BreadcrumbList\",\"@id\":\"https:\\\/\\\/help.classymade.de\\\/?page_id=37#breadcrumb\",\"itemListElement\":[{\"@type\":\"ListItem\",\"position\":1,\"name\":\"Startseite\",\"item\":\"https:\\\/\\\/help.classymade.de\\\/\"},{\"@type\":\"ListItem\",\"position\":2,\"name\":\"Meldepflichtigen Unfall erfassen\"}]},{\"@type\":\"WebSite\",\"@id\":\"https:\\\/\\\/help.classymade.de\\\/#website\",\"url\":\"https:\\\/\\\/help.classymade.de\\\/\",\"name\":\"ClassyMade GmbH\",\"description\":\"Hilfecenter\",\"publisher\":{\"@id\":\"https:\\\/\\\/help.classymade.de\\\/#organization\"},\"potentialAction\":[{\"@type\":\"SearchAction\",\"target\":{\"@type\":\"EntryPoint\",\"urlTemplate\":\"https:\\\/\\\/help.classymade.de\\\/?s={search_term_string}\"},\"query-input\":{\"@type\":\"PropertyValueSpecification\",\"valueRequired\":true,\"valueName\":\"search_term_string\"}}],\"inLanguage\":\"de\"},{\"@type\":\"Organization\",\"@id\":\"https:\\\/\\\/help.classymade.de\\\/#organization\",\"name\":\"ClassyMade GmbH\",\"url\":\"https:\\\/\\\/help.classymade.de\\\/\",\"logo\":{\"@type\":\"ImageObject\",\"inLanguage\":\"de\",\"@id\":\"https:\\\/\\\/help.classymade.de\\\/#\\\/schema\\\/logo\\\/image\\\/\",\"url\":\"https:\\\/\\\/help.classymade.de\\\/wp-content\\\/uploads\\\/2025\\\/06\\\/Classymade-logo-quadrat-grau.png\",\"contentUrl\":\"https:\\\/\\\/help.classymade.de\\\/wp-content\\\/uploads\\\/2025\\\/06\\\/Classymade-logo-quadrat-grau.png\",\"width\":2000,\"height\":2000,\"caption\":\"ClassyMade GmbH\"},\"image\":{\"@id\":\"https:\\\/\\\/help.classymade.de\\\/#\\\/schema\\\/logo\\\/image\\\/\"}}]}<\/script>\n<!-- \/ Yoast SEO plugin. -->","yoast_head_json":{"title":"Meldepflichtigen Unfall erfassen - ClassyMade GmbH","robots":{"index":"index","follow":"follow","max-snippet":"max-snippet:-1","max-image-preview":"max-image-preview:large","max-video-preview":"max-video-preview:-1"},"canonical":"https:\/\/help.classymade.de\/?page_id=37","og_locale":"de_DE","og_type":"article","og_title":"Meldepflichtigen Unfall erfassen - ClassyMade GmbH","og_description":"An dieser Stelle k\u00f6nnen Sie einen meldepflichtigen Unfall bei der DGUV einreichen. Falls Sie einen meldepflichtigen Unfall erfassen m\u00fcssen, der sich in Ihrer Betriebs- oder Bildungsst\u00e4tte oder auf dem Weg dorthin ereignet hat, leiten wir Sie an dieser Stelle zu den entsprechenden Seiten der Deutschen Gesetzlichen Unfallversicherung (DGUV) weiter. Dort k\u00f6nnen Sie die Unfallmeldung direkt ... Weiterlesen","og_url":"https:\/\/help.classymade.de\/?page_id=37","og_site_name":"ClassyMade GmbH","article_modified_time":"2025-09-23T10:26:50+00:00","og_image":[{"width":514,"height":193,"url":"https:\/\/help.classymade.de\/wp-content\/uploads\/2025\/09\/Meldepflichtigen-Unfall-erfassen.png","type":"image\/png"}],"twitter_card":"summary_large_image","twitter_misc":{"Gesch\u00e4tzte Lesezeit":"1\u00a0Minute"},"schema":{"@context":"https:\/\/schema.org","@graph":[{"@type":"WebPage","@id":"https:\/\/help.classymade.de\/?page_id=37","url":"https:\/\/help.classymade.de\/?page_id=37","name":"Meldepflichtigen Unfall erfassen - ClassyMade GmbH","isPartOf":{"@id":"https:\/\/help.classymade.de\/#website"},"primaryImageOfPage":{"@id":"https:\/\/help.classymade.de\/?page_id=37#primaryimage"},"image":{"@id":"https:\/\/help.classymade.de\/?page_id=37#primaryimage"},"thumbnailUrl":"https:\/\/help.classymade.de\/wp-content\/uploads\/2025\/09\/Meldepflichtigen-Unfall-erfassen.png","datePublished":"2025-08-28T12:42:46+00:00","dateModified":"2025-09-23T10:26:50+00:00","breadcrumb":{"@id":"https:\/\/help.classymade.de\/?page_id=37#breadcrumb"},"inLanguage":"de","potentialAction":[{"@type":"ReadAction","target":["https:\/\/help.classymade.de\/?page_id=37"]}]},{"@type":"ImageObject","inLanguage":"de","@id":"https:\/\/help.classymade.de\/?page_id=37#primaryimage","url":"https:\/\/help.classymade.de\/wp-content\/uploads\/2025\/09\/Meldepflichtigen-Unfall-erfassen.png","contentUrl":"https:\/\/help.classymade.de\/wp-content\/uploads\/2025\/09\/Meldepflichtigen-Unfall-erfassen.png","width":514,"height":193},{"@type":"BreadcrumbList","@id":"https:\/\/help.classymade.de\/?page_id=37#breadcrumb","itemListElement":[{"@type":"ListItem","position":1,"name":"Startseite","item":"https:\/\/help.classymade.de\/"},{"@type":"ListItem","position":2,"name":"Meldepflichtigen Unfall erfassen"}]},{"@type":"WebSite","@id":"https:\/\/help.classymade.de\/#website","url":"https:\/\/help.classymade.de\/","name":"ClassyMade GmbH","description":"Hilfecenter","publisher":{"@id":"https:\/\/help.classymade.de\/#organization"},"potentialAction":[{"@type":"SearchAction","target":{"@type":"EntryPoint","urlTemplate":"https:\/\/help.classymade.de\/?s={search_term_string}"},"query-input":{"@type":"PropertyValueSpecification","valueRequired":true,"valueName":"search_term_string"}}],"inLanguage":"de"},{"@type":"Organization","@id":"https:\/\/help.classymade.de\/#organization","name":"ClassyMade GmbH","url":"https:\/\/help.classymade.de\/","logo":{"@type":"ImageObject","inLanguage":"de","@id":"https:\/\/help.classymade.de\/#\/schema\/logo\/image\/","url":"https:\/\/help.classymade.de\/wp-content\/uploads\/2025\/06\/Classymade-logo-quadrat-grau.png","contentUrl":"https:\/\/help.classymade.de\/wp-content\/uploads\/2025\/06\/Classymade-logo-quadrat-grau.png","width":2000,"height":2000,"caption":"ClassyMade GmbH"},"image":{"@id":"https:\/\/help.classymade.de\/#\/schema\/logo\/image\/"}}]}},"_links":{"self":[{"href":"https:\/\/help.classymade.de\/index.php?rest_route=\/wp\/v2\/pages\/37","targetHints":{"allow":["GET"]}}],"collection":[{"href":"https:\/\/help.classymade.de\/index.php?rest_route=\/wp\/v2\/pages"}],"about":[{"href":"https:\/\/help.classymade.de\/index.php?rest_route=\/wp\/v2\/types\/page"}],"author":[{"embeddable":true,"href":"https:\/\/help.classymade.de\/index.php?rest_route=\/wp\/v2\/users\/2"}],"replies":[{"embeddable":true,"href":"https:\/\/help.classymade.de\/index.php?rest_route=%2Fwp%2Fv2%2Fcomments&post=37"}],"version-history":[{"count":16,"href":"https:\/\/help.classymade.de\/index.php?rest_route=\/wp\/v2\/pages\/37\/revisions"}],"predecessor-version":[{"id":1250,"href":"https:\/\/help.classymade.de\/index.php?rest_route=\/wp\/v2\/pages\/37\/revisions\/1250"}],"wp:attachment":[{"href":"https:\/\/help.classymade.de\/index.php?rest_route=%2Fwp%2Fv2%2Fmedia&parent=37"}],"curies":[{"name":"wp","href":"https:\/\/api.w.org\/{rel}","templated":true}]}}