{"id":371,"date":"2025-09-02T12:39:54","date_gmt":"2025-09-02T12:39:54","guid":{"rendered":"https:\/\/help.classymade.de\/?page_id=371"},"modified":"2025-09-23T10:24:06","modified_gmt":"2025-09-23T10:24:06","slug":"anleitung-benutzer-verwalten","status":"publish","type":"page","link":"https:\/\/help.classymade.de\/?page_id=371","title":{"rendered":"Benutzer verwalten"},"content":{"rendered":"\t\t<div data-elementor-type=\"wp-page\" data-elementor-id=\"371\" class=\"elementor elementor-371\" data-elementor-post-type=\"page\">\n\t\t\t\t<div class=\"elementor-element elementor-element-c3ce46b e-flex e-con-boxed e-con e-parent\" data-id=\"c3ce46b\" data-element_type=\"container\" data-e-type=\"container\">\n\t\t\t\t\t<div class=\"e-con-inner\">\n\t\t\t\t<div class=\"elementor-element elementor-element-5b24a11 elementor-widget-divider--view-line elementor-widget elementor-widget-divider\" data-id=\"5b24a11\" data-element_type=\"widget\" data-e-type=\"widget\" data-widget_type=\"divider.default\">\n\t\t\t\t<div class=\"elementor-widget-container\">\n\t\t\t\t\t\t\t<div class=\"elementor-divider\">\n\t\t\t<span class=\"elementor-divider-separator\">\n\t\t\t\t\t\t<\/span>\n\t\t<\/div>\n\t\t\t\t\t\t<\/div>\n\t\t\t\t<\/div>\n\t\t\t\t\t<\/div>\n\t\t\t\t<\/div>\n\t\t<div class=\"elementor-element elementor-element-4a51dae e-flex e-con-boxed e-con e-parent\" data-id=\"4a51dae\" data-element_type=\"container\" data-e-type=\"container\">\n\t\t\t\t\t<div class=\"e-con-inner\">\n\t\t\t\t<div class=\"elementor-element elementor-element-fb26de7 elementor-widget elementor-widget-text-editor\" data-id=\"fb26de7\" data-element_type=\"widget\" data-e-type=\"widget\" data-widget_type=\"text-editor.default\">\n\t\t\t\t<div class=\"elementor-widget-container\">\n\t\t\t\t\t\t\t\t\t<div class=\"elementor-element elementor-element-47937fc e-flex e-con-boxed e-con e-parent e-lazyloaded\" data-id=\"47937fc\" data-element_type=\"container\"><div class=\"e-con-inner\"><div class=\"elementor-element elementor-element-16802aa elementor-widget elementor-widget-text-editor\" data-id=\"16802aa\" data-element_type=\"widget\" data-widget_type=\"text-editor.default\"><div class=\"elementor-widget-container\"><h5><strong>Hier erfahren Sie, wie Sie Ihre pers\u00f6nlichen Daten einsehen und verwalten k\u00f6nnen. Hier sehen Sie auch Ihre pers\u00f6nliche Rolle.<\/strong><\/h5><\/div><\/div><\/div><\/div>\t\t\t\t\t\t\t\t<\/div>\n\t\t\t\t<\/div>\n\t\t\t\t<div class=\"elementor-element elementor-element-10a2669 elementor-widget elementor-widget-text-editor\" data-id=\"10a2669\" data-element_type=\"widget\" data-e-type=\"widget\" data-widget_type=\"text-editor.default\">\n\t\t\t\t<div class=\"elementor-widget-container\">\n\t\t\t\t\t\t\t\t\t<p><span style=\"color: #ffffff;\">Egal auf welcher Seite Sie sich in Accidents at School gerade befinden, ganz unten finden Sie den <strong>Benutzer\u00a0verwalten-Button<\/strong>.<\/span><\/p>\t\t\t\t\t\t\t\t<\/div>\n\t\t\t\t<\/div>\n\t\t\t\t\t<\/div>\n\t\t\t\t<\/div>\n\t\t<div class=\"elementor-element elementor-element-e33fbb8 e-con-full e-flex e-con e-parent\" data-id=\"e33fbb8\" data-element_type=\"container\" data-e-type=\"container\">\n\t\t\t\t<div class=\"elementor-element elementor-element-e6c27f4 elementor-widget__width-initial elementor-widget elementor-widget-image\" data-id=\"e6c27f4\" data-element_type=\"widget\" data-e-type=\"widget\" data-widget_type=\"image.default\">\n\t\t\t\t<div class=\"elementor-widget-container\">\n\t\t\t\t\t\t\t\t\t\t\t\t\t\t\t<img fetchpriority=\"high\" decoding=\"async\" width=\"725\" height=\"329\" src=\"https:\/\/help.classymade.de\/wp-content\/uploads\/2025\/09\/Benutzerkonto-verwalten.png\" class=\"attachment-large size-large wp-image-374\" alt=\"\" srcset=\"https:\/\/help.classymade.de\/wp-content\/uploads\/2025\/09\/Benutzerkonto-verwalten.png 725w, https:\/\/help.classymade.de\/wp-content\/uploads\/2025\/09\/Benutzerkonto-verwalten-300x136.png 300w\" sizes=\"(max-width: 725px) 100vw, 725px\" \/>\t\t\t\t\t\t\t\t\t\t\t\t\t\t\t<\/div>\n\t\t\t\t<\/div>\n\t\t\t\t<\/div>\n\t\t<div class=\"elementor-element elementor-element-5e7f1ac e-flex e-con-boxed e-con e-parent\" data-id=\"5e7f1ac\" data-element_type=\"container\" data-e-type=\"container\">\n\t\t\t\t\t<div class=\"e-con-inner\">\n\t\t\t\t<div class=\"elementor-element elementor-element-73d9ae0 elementor-widget elementor-widget-text-editor\" data-id=\"73d9ae0\" data-element_type=\"widget\" data-e-type=\"widget\" data-widget_type=\"text-editor.default\">\n\t\t\t\t<div class=\"elementor-widget-container\">\n\t\t\t\t\t\t\t\t\t<p>Klicken Sie diesen an, sehen Sie an dieser Stelle Ihre hinterlegten Daten. M\u00f6chten Sie diese Daten anpassen und beispielsweise ein neues Passwort vergeben, klicken Sie auf das <strong>Bearbeiten-Symbol<\/strong> neben der Angabe, die Sie \u00e4ndern m\u00f6chten.<\/p><p>Ganz unten finden Sie den Button um sich von der aktuellen Sitzung in <em>Accidents at School<\/em> auszuloggen.<\/p>\t\t\t\t\t\t\t\t<\/div>\n\t\t\t\t<\/div>\n\t\t\t\t\t<\/div>\n\t\t\t\t<\/div>\n\t\t<div class=\"elementor-element elementor-element-ba84b8f e-flex e-con-boxed e-con e-parent\" data-id=\"ba84b8f\" data-element_type=\"container\" data-e-type=\"container\">\n\t\t\t\t\t<div class=\"e-con-inner\">\n\t\t\t\t<div class=\"elementor-element elementor-element-6d118f1 elementor-widget elementor-widget-image\" data-id=\"6d118f1\" data-element_type=\"widget\" data-e-type=\"widget\" data-widget_type=\"image.default\">\n\t\t\t\t<div class=\"elementor-widget-container\">\n\t\t\t\t\t\t\t\t\t\t\t\t\t\t\t<img decoding=\"async\" width=\"1024\" height=\"665\" src=\"https:\/\/help.classymade.de\/wp-content\/uploads\/2025\/09\/Eigenes-Konto-verwalten-1024x665.png\" class=\"attachment-large size-large wp-image-375\" alt=\"\" srcset=\"https:\/\/help.classymade.de\/wp-content\/uploads\/2025\/09\/Eigenes-Konto-verwalten-1024x665.png 1024w, https:\/\/help.classymade.de\/wp-content\/uploads\/2025\/09\/Eigenes-Konto-verwalten-300x195.png 300w, https:\/\/help.classymade.de\/wp-content\/uploads\/2025\/09\/Eigenes-Konto-verwalten-768x499.png 768w, https:\/\/help.classymade.de\/wp-content\/uploads\/2025\/09\/Eigenes-Konto-verwalten.png 1199w\" sizes=\"(max-width: 1024px) 100vw, 1024px\" \/>\t\t\t\t\t\t\t\t\t\t\t\t\t\t\t<\/div>\n\t\t\t\t<\/div>\n\t\t\t\t\t<\/div>\n\t\t\t\t<\/div>\n\t\t<div class=\"elementor-element elementor-element-73a919b e-flex e-con-boxed e-con e-parent\" data-id=\"73a919b\" data-element_type=\"container\" data-e-type=\"container\">\n\t\t\t\t\t<div class=\"e-con-inner\">\n\t\t\t\t<div class=\"elementor-element elementor-element-5c326ed elementor-widget elementor-widget-text-editor\" data-id=\"5c326ed\" data-element_type=\"widget\" data-e-type=\"widget\" data-widget_type=\"text-editor.default\">\n\t\t\t\t<div class=\"elementor-widget-container\">\n\t\t\t\t\t\t\t\t\t<h5><strong>Wichtig zu beachten!<\/strong><\/h5><p><strong>Namen: <\/strong><\/p><p>Mit Ihrem Namen werden in Notsituationen wichtige Informationen, wie beispielsweise Ihr Notfallpass, abgerufen. Tragen Sie daher unbedingt Ihren<strong> richtigen Namen<\/strong> ein!<\/p>\t\t\t\t\t\t\t\t<\/div>\n\t\t\t\t<\/div>\n\t\t\t\t<div class=\"elementor-element elementor-element-b668cbf elementor-widget elementor-widget-text-editor\" data-id=\"b668cbf\" data-element_type=\"widget\" data-e-type=\"widget\" data-widget_type=\"text-editor.default\">\n\t\t\t\t<div class=\"elementor-widget-container\">\n\t\t\t\t\t\t\t\t\t<p><strong>E-Mail-Adresse:<\/strong><\/p><p>Achten Sie bitte darauf, Ihre <strong>Mailadresse korrekt<\/strong> einzugeben. Diese Mailadresse wird unter anderem genutzt, um Ihnen ein neues Passwort zu setzen. Falls Sie keinen Zugang mehr zu Ihrem <em>Accidents@School<\/em> Konto haben, werden wir Kontakt \u00fcber diese Mailadresse aufnehmen.<\/p>\t\t\t\t\t\t\t\t<\/div>\n\t\t\t\t<\/div>\n\t\t\t\t\t<\/div>\n\t\t\t\t<\/div>\n\t\t\t\t<\/div>\n\t\t","protected":false},"excerpt":{"rendered":"<p>Hier erfahren Sie, wie Sie Ihre pers\u00f6nlichen Daten einsehen und verwalten k\u00f6nnen. Hier sehen Sie auch Ihre pers\u00f6nliche Rolle. Egal auf welcher Seite Sie sich in Accidents at School gerade befinden, ganz unten finden Sie den Benutzer\u00a0verwalten-Button. Klicken Sie diesen an, sehen Sie an dieser Stelle Ihre hinterlegten Daten. M\u00f6chten Sie diese Daten anpassen und &#8230; <a title=\"Benutzer verwalten\" class=\"read-more\" href=\"https:\/\/help.classymade.de\/?page_id=371\" aria-label=\"Mehr Informationen \u00fcber Benutzer verwalten\">Weiterlesen<\/a><\/p>\n","protected":false},"author":2,"featured_media":0,"parent":0,"menu_order":0,"comment_status":"closed","ping_status":"closed","template":"","meta":{"footnotes":""},"class_list":["post-371","page","type-page","status-publish"],"yoast_head":"<!-- This site is optimized with the Yoast SEO plugin v27.6 - https:\/\/yoast.com\/product\/yoast-seo-wordpress\/ -->\n<title>Benutzer verwalten - ClassyMade GmbH<\/title>\n<meta name=\"robots\" content=\"index, follow, max-snippet:-1, max-image-preview:large, max-video-preview:-1\" \/>\n<link rel=\"canonical\" href=\"https:\/\/help.classymade.de\/?page_id=371\" \/>\n<meta property=\"og:locale\" content=\"de_DE\" \/>\n<meta property=\"og:type\" content=\"article\" \/>\n<meta property=\"og:title\" content=\"Benutzer verwalten - ClassyMade GmbH\" \/>\n<meta property=\"og:description\" content=\"Hier erfahren Sie, wie Sie Ihre pers\u00f6nlichen Daten einsehen und verwalten k\u00f6nnen. Hier sehen Sie auch Ihre pers\u00f6nliche Rolle. Egal auf welcher Seite Sie sich in Accidents at School gerade befinden, ganz unten finden Sie den Benutzer\u00a0verwalten-Button. Klicken Sie diesen an, sehen Sie an dieser Stelle Ihre hinterlegten Daten. M\u00f6chten Sie diese Daten anpassen und ... Weiterlesen\" \/>\n<meta property=\"og:url\" content=\"https:\/\/help.classymade.de\/?page_id=371\" \/>\n<meta property=\"og:site_name\" content=\"ClassyMade GmbH\" \/>\n<meta property=\"article:modified_time\" content=\"2025-09-23T10:24:06+00:00\" \/>\n<meta property=\"og:image\" content=\"https:\/\/help.classymade.de\/wp-content\/uploads\/2025\/09\/Benutzerkonto-verwalten.png\" \/>\n\t<meta property=\"og:image:width\" content=\"725\" \/>\n\t<meta property=\"og:image:height\" content=\"329\" \/>\n\t<meta property=\"og:image:type\" content=\"image\/png\" \/>\n<meta name=\"twitter:card\" content=\"summary_large_image\" \/>\n<meta name=\"twitter:label1\" content=\"Gesch\u00e4tzte Lesezeit\" \/>\n\t<meta name=\"twitter:data1\" content=\"2\u00a0Minuten\" \/>\n<script type=\"application\/ld+json\" class=\"yoast-schema-graph\">{\"@context\":\"https:\\\/\\\/schema.org\",\"@graph\":[{\"@type\":\"WebPage\",\"@id\":\"https:\\\/\\\/help.classymade.de\\\/?page_id=371\",\"url\":\"https:\\\/\\\/help.classymade.de\\\/?page_id=371\",\"name\":\"Benutzer verwalten - ClassyMade GmbH\",\"isPartOf\":{\"@id\":\"https:\\\/\\\/help.classymade.de\\\/#website\"},\"primaryImageOfPage\":{\"@id\":\"https:\\\/\\\/help.classymade.de\\\/?page_id=371#primaryimage\"},\"image\":{\"@id\":\"https:\\\/\\\/help.classymade.de\\\/?page_id=371#primaryimage\"},\"thumbnailUrl\":\"https:\\\/\\\/help.classymade.de\\\/wp-content\\\/uploads\\\/2025\\\/09\\\/Benutzerkonto-verwalten.png\",\"datePublished\":\"2025-09-02T12:39:54+00:00\",\"dateModified\":\"2025-09-23T10:24:06+00:00\",\"breadcrumb\":{\"@id\":\"https:\\\/\\\/help.classymade.de\\\/?page_id=371#breadcrumb\"},\"inLanguage\":\"de\",\"potentialAction\":[{\"@type\":\"ReadAction\",\"target\":[\"https:\\\/\\\/help.classymade.de\\\/?page_id=371\"]}]},{\"@type\":\"ImageObject\",\"inLanguage\":\"de\",\"@id\":\"https:\\\/\\\/help.classymade.de\\\/?page_id=371#primaryimage\",\"url\":\"https:\\\/\\\/help.classymade.de\\\/wp-content\\\/uploads\\\/2025\\\/09\\\/Benutzerkonto-verwalten.png\",\"contentUrl\":\"https:\\\/\\\/help.classymade.de\\\/wp-content\\\/uploads\\\/2025\\\/09\\\/Benutzerkonto-verwalten.png\",\"width\":725,\"height\":329},{\"@type\":\"BreadcrumbList\",\"@id\":\"https:\\\/\\\/help.classymade.de\\\/?page_id=371#breadcrumb\",\"itemListElement\":[{\"@type\":\"ListItem\",\"position\":1,\"name\":\"Startseite\",\"item\":\"https:\\\/\\\/help.classymade.de\\\/\"},{\"@type\":\"ListItem\",\"position\":2,\"name\":\"Benutzer verwalten\"}]},{\"@type\":\"WebSite\",\"@id\":\"https:\\\/\\\/help.classymade.de\\\/#website\",\"url\":\"https:\\\/\\\/help.classymade.de\\\/\",\"name\":\"ClassyMade GmbH\",\"description\":\"Hilfecenter\",\"publisher\":{\"@id\":\"https:\\\/\\\/help.classymade.de\\\/#organization\"},\"potentialAction\":[{\"@type\":\"SearchAction\",\"target\":{\"@type\":\"EntryPoint\",\"urlTemplate\":\"https:\\\/\\\/help.classymade.de\\\/?s={search_term_string}\"},\"query-input\":{\"@type\":\"PropertyValueSpecification\",\"valueRequired\":true,\"valueName\":\"search_term_string\"}}],\"inLanguage\":\"de\"},{\"@type\":\"Organization\",\"@id\":\"https:\\\/\\\/help.classymade.de\\\/#organization\",\"name\":\"ClassyMade GmbH\",\"url\":\"https:\\\/\\\/help.classymade.de\\\/\",\"logo\":{\"@type\":\"ImageObject\",\"inLanguage\":\"de\",\"@id\":\"https:\\\/\\\/help.classymade.de\\\/#\\\/schema\\\/logo\\\/image\\\/\",\"url\":\"https:\\\/\\\/help.classymade.de\\\/wp-content\\\/uploads\\\/2025\\\/06\\\/Classymade-logo-quadrat-grau.png\",\"contentUrl\":\"https:\\\/\\\/help.classymade.de\\\/wp-content\\\/uploads\\\/2025\\\/06\\\/Classymade-logo-quadrat-grau.png\",\"width\":2000,\"height\":2000,\"caption\":\"ClassyMade GmbH\"},\"image\":{\"@id\":\"https:\\\/\\\/help.classymade.de\\\/#\\\/schema\\\/logo\\\/image\\\/\"}}]}<\/script>\n<!-- \/ Yoast SEO plugin. -->","yoast_head_json":{"title":"Benutzer verwalten - ClassyMade GmbH","robots":{"index":"index","follow":"follow","max-snippet":"max-snippet:-1","max-image-preview":"max-image-preview:large","max-video-preview":"max-video-preview:-1"},"canonical":"https:\/\/help.classymade.de\/?page_id=371","og_locale":"de_DE","og_type":"article","og_title":"Benutzer verwalten - ClassyMade GmbH","og_description":"Hier erfahren Sie, wie Sie Ihre pers\u00f6nlichen Daten einsehen und verwalten k\u00f6nnen. Hier sehen Sie auch Ihre pers\u00f6nliche Rolle. Egal auf welcher Seite Sie sich in Accidents at School gerade befinden, ganz unten finden Sie den Benutzer\u00a0verwalten-Button. Klicken Sie diesen an, sehen Sie an dieser Stelle Ihre hinterlegten Daten. M\u00f6chten Sie diese Daten anpassen und ... Weiterlesen","og_url":"https:\/\/help.classymade.de\/?page_id=371","og_site_name":"ClassyMade GmbH","article_modified_time":"2025-09-23T10:24:06+00:00","og_image":[{"width":725,"height":329,"url":"https:\/\/help.classymade.de\/wp-content\/uploads\/2025\/09\/Benutzerkonto-verwalten.png","type":"image\/png"}],"twitter_card":"summary_large_image","twitter_misc":{"Gesch\u00e4tzte Lesezeit":"2\u00a0Minuten"},"schema":{"@context":"https:\/\/schema.org","@graph":[{"@type":"WebPage","@id":"https:\/\/help.classymade.de\/?page_id=371","url":"https:\/\/help.classymade.de\/?page_id=371","name":"Benutzer verwalten - ClassyMade GmbH","isPartOf":{"@id":"https:\/\/help.classymade.de\/#website"},"primaryImageOfPage":{"@id":"https:\/\/help.classymade.de\/?page_id=371#primaryimage"},"image":{"@id":"https:\/\/help.classymade.de\/?page_id=371#primaryimage"},"thumbnailUrl":"https:\/\/help.classymade.de\/wp-content\/uploads\/2025\/09\/Benutzerkonto-verwalten.png","datePublished":"2025-09-02T12:39:54+00:00","dateModified":"2025-09-23T10:24:06+00:00","breadcrumb":{"@id":"https:\/\/help.classymade.de\/?page_id=371#breadcrumb"},"inLanguage":"de","potentialAction":[{"@type":"ReadAction","target":["https:\/\/help.classymade.de\/?page_id=371"]}]},{"@type":"ImageObject","inLanguage":"de","@id":"https:\/\/help.classymade.de\/?page_id=371#primaryimage","url":"https:\/\/help.classymade.de\/wp-content\/uploads\/2025\/09\/Benutzerkonto-verwalten.png","contentUrl":"https:\/\/help.classymade.de\/wp-content\/uploads\/2025\/09\/Benutzerkonto-verwalten.png","width":725,"height":329},{"@type":"BreadcrumbList","@id":"https:\/\/help.classymade.de\/?page_id=371#breadcrumb","itemListElement":[{"@type":"ListItem","position":1,"name":"Startseite","item":"https:\/\/help.classymade.de\/"},{"@type":"ListItem","position":2,"name":"Benutzer verwalten"}]},{"@type":"WebSite","@id":"https:\/\/help.classymade.de\/#website","url":"https:\/\/help.classymade.de\/","name":"ClassyMade GmbH","description":"Hilfecenter","publisher":{"@id":"https:\/\/help.classymade.de\/#organization"},"potentialAction":[{"@type":"SearchAction","target":{"@type":"EntryPoint","urlTemplate":"https:\/\/help.classymade.de\/?s={search_term_string}"},"query-input":{"@type":"PropertyValueSpecification","valueRequired":true,"valueName":"search_term_string"}}],"inLanguage":"de"},{"@type":"Organization","@id":"https:\/\/help.classymade.de\/#organization","name":"ClassyMade GmbH","url":"https:\/\/help.classymade.de\/","logo":{"@type":"ImageObject","inLanguage":"de","@id":"https:\/\/help.classymade.de\/#\/schema\/logo\/image\/","url":"https:\/\/help.classymade.de\/wp-content\/uploads\/2025\/06\/Classymade-logo-quadrat-grau.png","contentUrl":"https:\/\/help.classymade.de\/wp-content\/uploads\/2025\/06\/Classymade-logo-quadrat-grau.png","width":2000,"height":2000,"caption":"ClassyMade GmbH"},"image":{"@id":"https:\/\/help.classymade.de\/#\/schema\/logo\/image\/"}}]}},"_links":{"self":[{"href":"https:\/\/help.classymade.de\/index.php?rest_route=\/wp\/v2\/pages\/371","targetHints":{"allow":["GET"]}}],"collection":[{"href":"https:\/\/help.classymade.de\/index.php?rest_route=\/wp\/v2\/pages"}],"about":[{"href":"https:\/\/help.classymade.de\/index.php?rest_route=\/wp\/v2\/types\/page"}],"author":[{"embeddable":true,"href":"https:\/\/help.classymade.de\/index.php?rest_route=\/wp\/v2\/users\/2"}],"replies":[{"embeddable":true,"href":"https:\/\/help.classymade.de\/index.php?rest_route=%2Fwp%2Fv2%2Fcomments&post=371"}],"version-history":[{"count":25,"href":"https:\/\/help.classymade.de\/index.php?rest_route=\/wp\/v2\/pages\/371\/revisions"}],"predecessor-version":[{"id":1238,"href":"https:\/\/help.classymade.de\/index.php?rest_route=\/wp\/v2\/pages\/371\/revisions\/1238"}],"wp:attachment":[{"href":"https:\/\/help.classymade.de\/index.php?rest_route=%2Fwp%2Fv2%2Fmedia&parent=371"}],"curies":[{"name":"wp","href":"https:\/\/api.w.org\/{rel}","templated":true}]}}