{"id":403,"date":"2025-09-02T14:13:37","date_gmt":"2025-09-02T14:13:37","guid":{"rendered":"https:\/\/help.classymade.de\/?page_id=403"},"modified":"2025-09-19T12:34:26","modified_gmt":"2025-09-19T12:34:26","slug":"eigenes-konto-anlegen","status":"publish","type":"page","link":"https:\/\/help.classymade.de\/?page_id=403","title":{"rendered":"Anleitung &#8211; Eigenes Konto anlegen"},"content":{"rendered":"\t\t<div data-elementor-type=\"wp-page\" data-elementor-id=\"403\" class=\"elementor elementor-403\" data-elementor-post-type=\"page\">\n\t\t\t\t<div class=\"elementor-element elementor-element-9dd03fa e-flex e-con-boxed e-con e-parent\" data-id=\"9dd03fa\" data-element_type=\"container\" data-e-type=\"container\">\n\t\t\t\t\t<div class=\"e-con-inner\">\n\t\t\t\t<div class=\"elementor-element elementor-element-b85ec7a elementor-widget-divider--view-line elementor-widget elementor-widget-divider\" data-id=\"b85ec7a\" data-element_type=\"widget\" data-e-type=\"widget\" data-widget_type=\"divider.default\">\n\t\t\t\t<div class=\"elementor-widget-container\">\n\t\t\t\t\t\t\t<div class=\"elementor-divider\">\n\t\t\t<span class=\"elementor-divider-separator\">\n\t\t\t\t\t\t<\/span>\n\t\t<\/div>\n\t\t\t\t\t\t<\/div>\n\t\t\t\t<\/div>\n\t\t\t\t\t<\/div>\n\t\t\t\t<\/div>\n\t\t<div class=\"elementor-element elementor-element-937f978 e-flex e-con-boxed e-con e-parent\" data-id=\"937f978\" data-element_type=\"container\" data-e-type=\"container\">\n\t\t\t\t\t<div class=\"e-con-inner\">\n\t\t\t\t<div class=\"elementor-element elementor-element-2b773d7 elementor-widget elementor-widget-text-editor\" data-id=\"2b773d7\" data-element_type=\"widget\" data-e-type=\"widget\" data-widget_type=\"text-editor.default\">\n\t\t\t\t<div class=\"elementor-widget-container\">\n\t\t\t\t\t\t\t\t\t<p><span style=\"color: #ffffff;\">Ein eigenes Konto anlegen ist dann m\u00f6glich, wenn Ihre Schule bereits bei Accidents at School registriert ist.<\/span><\/p><p><span style=\"color: #ffffff;\">In diesem Falle wurden Sie wom\u00f6glich schon von Ihrem Administator oder Ihrer Administratorin per E-Mail zu Ihrer Schule hinzugef\u00fcgt.<\/span><\/p>\t\t\t\t\t\t\t\t<\/div>\n\t\t\t\t<\/div>\n\t\t\t\t<div class=\"elementor-element elementor-element-fe3bc46 elementor-widget elementor-widget-text-editor\" data-id=\"fe3bc46\" data-element_type=\"widget\" data-e-type=\"widget\" data-widget_type=\"text-editor.default\">\n\t\t\t\t<div class=\"elementor-widget-container\">\n\t\t\t\t\t\t\t\t\t<h5><span style=\"color: #ffffff;\"><strong>Folgen Sie dann bitte folgender Anleitung, um Ihr pers\u00f6nliches Konto bei Accidents at School anzulegen.<\/strong><\/span><\/h5>\t\t\t\t\t\t\t\t<\/div>\n\t\t\t\t<\/div>\n\t\t\t\t\t<\/div>\n\t\t\t\t<\/div>\n\t\t<div class=\"elementor-element elementor-element-13f154f e-flex e-con-boxed e-con e-parent\" data-id=\"13f154f\" data-element_type=\"container\" data-e-type=\"container\">\n\t\t\t\t\t<div class=\"e-con-inner\">\n\t\t\t\t<div class=\"elementor-element elementor-element-cb009e4 elementor-widget elementor-widget-text-editor\" data-id=\"cb009e4\" data-element_type=\"widget\" data-e-type=\"widget\" data-widget_type=\"text-editor.default\">\n\t\t\t\t<div class=\"elementor-widget-container\">\n\t\t\t\t\t\t\t\t\t<p><span style=\"color: #ffffff;\"><strong>1.<\/strong> \u00d6ffnen Sie <em>Accidents at School<\/em>. Den Link finden Sie in der E-Mail, die Ihnen mitteilt, dass Sie zu einer Schule hinzugef\u00fcgt wurden und Ihr Konto freigeschaltet ist.<\/span><\/p>\t\t\t\t\t\t\t\t<\/div>\n\t\t\t\t<\/div>\n\t\t\t\t\t<\/div>\n\t\t\t\t<\/div>\n\t\t<div class=\"elementor-element elementor-element-efe2ea6 e-flex e-con-boxed e-con e-parent\" data-id=\"efe2ea6\" data-element_type=\"container\" data-e-type=\"container\">\n\t\t\t\t\t<div class=\"e-con-inner\">\n\t\t\t\t<div class=\"elementor-element elementor-element-c6e6909 elementor-widget elementor-widget-text-editor\" data-id=\"c6e6909\" data-element_type=\"widget\" data-e-type=\"widget\" data-widget_type=\"text-editor.default\">\n\t\t\t\t<div class=\"elementor-widget-container\">\n\t\t\t\t\t\t\t\t\t<p><span style=\"color: #ffffff;\"><strong>2.<\/strong> W\u00e4hlen Sie auf der Startseite Ihre Schule aus, indem Sie sie im Textfeld suchen.<\/span><\/p>\t\t\t\t\t\t\t\t<\/div>\n\t\t\t\t<\/div>\n\t\t\t\t\t<\/div>\n\t\t\t\t<\/div>\n\t\t<div class=\"elementor-element elementor-element-e5bb5f4 e-flex e-con-boxed e-con e-parent\" data-id=\"e5bb5f4\" data-element_type=\"container\" data-e-type=\"container\">\n\t\t\t\t\t<div class=\"e-con-inner\">\n\t\t\t\t<div class=\"elementor-element elementor-element-3b2868d elementor-widget elementor-widget-image\" data-id=\"3b2868d\" data-element_type=\"widget\" data-e-type=\"widget\" data-widget_type=\"image.default\">\n\t\t\t\t<div class=\"elementor-widget-container\">\n\t\t\t\t\t\t\t\t\t\t\t\t\t\t\t<img fetchpriority=\"high\" decoding=\"async\" width=\"773\" height=\"731\" src=\"https:\/\/help.classymade.de\/wp-content\/uploads\/2025\/09\/Schule-suchen.png\" class=\"attachment-large size-large wp-image-407\" alt=\"\" srcset=\"https:\/\/help.classymade.de\/wp-content\/uploads\/2025\/09\/Schule-suchen.png 773w, https:\/\/help.classymade.de\/wp-content\/uploads\/2025\/09\/Schule-suchen-300x284.png 300w, https:\/\/help.classymade.de\/wp-content\/uploads\/2025\/09\/Schule-suchen-768x726.png 768w\" sizes=\"(max-width: 773px) 100vw, 773px\" \/>\t\t\t\t\t\t\t\t\t\t\t\t\t\t\t<\/div>\n\t\t\t\t<\/div>\n\t\t\t\t\t<\/div>\n\t\t\t\t<\/div>\n\t\t<div class=\"elementor-element elementor-element-7e4538a e-flex e-con-boxed e-con e-parent\" data-id=\"7e4538a\" data-element_type=\"container\" data-e-type=\"container\">\n\t\t\t\t\t<div class=\"e-con-inner\">\n\t\t\t\t<div class=\"elementor-element elementor-element-91ecbf4 elementor-widget elementor-widget-text-editor\" data-id=\"91ecbf4\" data-element_type=\"widget\" data-e-type=\"widget\" data-widget_type=\"text-editor.default\">\n\t\t\t\t<div class=\"elementor-widget-container\">\n\t\t\t\t\t\t\t\t\t<p><span style=\"color: #ffffff;\"><strong>3.<\/strong> Auf der Anmeldeseite wird Ihnen der Name Ihrer Schule oben angezeigt.<\/span><\/p><p><span style=\"color: #ffffff;\">Da Sie noch kein Konto haben, dieses aber von Ihrer Schule freigeschaltet wurde, klicken Sie unten auf <strong>&#8222;Registrieren&#8220;<\/strong>.<\/span><\/p>\t\t\t\t\t\t\t\t<\/div>\n\t\t\t\t<\/div>\n\t\t\t\t\t<\/div>\n\t\t\t\t<\/div>\n\t\t<div class=\"elementor-element elementor-element-fbb0848 e-flex e-con-boxed e-con e-parent\" data-id=\"fbb0848\" data-element_type=\"container\" data-e-type=\"container\">\n\t\t\t\t\t<div class=\"e-con-inner\">\n\t\t\t\t<div class=\"elementor-element elementor-element-9bd01ce elementor-widget elementor-widget-image\" data-id=\"9bd01ce\" data-element_type=\"widget\" data-e-type=\"widget\" data-widget_type=\"image.default\">\n\t\t\t\t<div class=\"elementor-widget-container\">\n\t\t\t\t\t\t\t\t\t\t\t\t\t\t\t<img decoding=\"async\" width=\"669\" height=\"695\" src=\"https:\/\/help.classymade.de\/wp-content\/uploads\/2025\/09\/Anmeldeseite.png\" class=\"attachment-large size-large wp-image-408\" alt=\"\" srcset=\"https:\/\/help.classymade.de\/wp-content\/uploads\/2025\/09\/Anmeldeseite.png 669w, https:\/\/help.classymade.de\/wp-content\/uploads\/2025\/09\/Anmeldeseite-289x300.png 289w\" sizes=\"(max-width: 669px) 100vw, 669px\" \/>\t\t\t\t\t\t\t\t\t\t\t\t\t\t\t<\/div>\n\t\t\t\t<\/div>\n\t\t\t\t\t<\/div>\n\t\t\t\t<\/div>\n\t\t<div class=\"elementor-element elementor-element-ef8db45 e-flex e-con-boxed e-con e-parent\" data-id=\"ef8db45\" data-element_type=\"container\" data-e-type=\"container\">\n\t\t\t\t\t<div class=\"e-con-inner\">\n\t\t\t\t<div class=\"elementor-element elementor-element-f2c7271 elementor-widget elementor-widget-text-editor\" data-id=\"f2c7271\" data-element_type=\"widget\" data-e-type=\"widget\" data-widget_type=\"text-editor.default\">\n\t\t\t\t<div class=\"elementor-widget-container\">\n\t\t\t\t\t\t\t\t\t<p><span style=\"color: #ffffff;\"><strong>4.<\/strong> Nun gelangen Sie auf die Registrierungsseite. Geben Sie hier Ihre Daten ein und klicken Sie anschlie\u00dfend auf <strong>&#8222;Registrieren&#8220;<\/strong>.<\/span><\/p><p><span style=\"color: #ffffff;\"><strong>Bitte beachten Sie: Ihre E-Mail-Adresse muss mit der Adresse \u00fcbereinstimmen, die Ihre Schule f\u00fcr das Freischalten Ihres Kontos verwendet hat. Sonst ist eine Registrierung nicht m\u00f6glich!<\/strong><\/span><\/p>\t\t\t\t\t\t\t\t<\/div>\n\t\t\t\t<\/div>\n\t\t\t\t<div class=\"elementor-element elementor-element-efab3af elementor-widget elementor-widget-image\" data-id=\"efab3af\" data-element_type=\"widget\" data-e-type=\"widget\" data-widget_type=\"image.default\">\n\t\t\t\t<div class=\"elementor-widget-container\">\n\t\t\t\t\t\t\t\t\t\t\t\t\t\t\t<img decoding=\"async\" width=\"680\" height=\"778\" src=\"https:\/\/help.classymade.de\/wp-content\/uploads\/2025\/09\/Registrierung_Daten-eingeben.png\" class=\"attachment-large size-large wp-image-409\" alt=\"\" srcset=\"https:\/\/help.classymade.de\/wp-content\/uploads\/2025\/09\/Registrierung_Daten-eingeben.png 680w, https:\/\/help.classymade.de\/wp-content\/uploads\/2025\/09\/Registrierung_Daten-eingeben-262x300.png 262w\" sizes=\"(max-width: 680px) 100vw, 680px\" \/>\t\t\t\t\t\t\t\t\t\t\t\t\t\t\t<\/div>\n\t\t\t\t<\/div>\n\t\t\t\t\t<\/div>\n\t\t\t\t<\/div>\n\t\t<div class=\"elementor-element elementor-element-09a5c94 e-flex e-con-boxed e-con e-parent\" data-id=\"09a5c94\" data-element_type=\"container\" data-e-type=\"container\">\n\t\t\t\t\t<div class=\"e-con-inner\">\n\t\t\t\t<div class=\"elementor-element elementor-element-cfb8b8f elementor-widget elementor-widget-text-editor\" data-id=\"cfb8b8f\" data-element_type=\"widget\" data-e-type=\"widget\" data-widget_type=\"text-editor.default\">\n\t\t\t\t<div class=\"elementor-widget-container\">\n\t\t\t\t\t\t\t\t\t<p><span style=\"color: #ffffff;\"><strong>Fertig!<\/strong> Ihr Konto wurde erfolgreich angelegt. Geben Sie nun nur noch den Verifizierungscode ein, den Sie per E-Mail erhalten haben.<\/span><\/p><p><span style=\"color: #ffffff;\"><strong>Suchen Sie zur Anmeldung einfach nach Ihrer Schule und melden Sie sich mit Ihren Daten an.<\/strong><\/span><\/p>\t\t\t\t\t\t\t\t<\/div>\n\t\t\t\t<\/div>\n\t\t\t\t\t<\/div>\n\t\t\t\t<\/div>\n\t\t\t\t<\/div>\n\t\t","protected":false},"excerpt":{"rendered":"<p>Ein eigenes Konto anlegen ist dann m\u00f6glich, wenn Ihre Schule bereits bei Accidents at School registriert ist. In diesem Falle wurden Sie wom\u00f6glich schon von Ihrem Administator oder Ihrer Administratorin per E-Mail zu Ihrer Schule hinzugef\u00fcgt. Folgen Sie dann bitte folgender Anleitung, um Ihr pers\u00f6nliches Konto bei Accidents at School anzulegen. 1. \u00d6ffnen Sie Accidents &#8230; <a title=\"Anleitung &#8211; Eigenes Konto anlegen\" class=\"read-more\" href=\"https:\/\/help.classymade.de\/?page_id=403\" aria-label=\"Mehr Informationen \u00fcber Anleitung &#8211; Eigenes Konto anlegen\">Weiterlesen<\/a><\/p>\n","protected":false},"author":2,"featured_media":0,"parent":0,"menu_order":0,"comment_status":"closed","ping_status":"closed","template":"","meta":{"footnotes":""},"class_list":["post-403","page","type-page","status-publish"],"yoast_head":"<!-- This site is optimized with the Yoast SEO plugin v27.6 - https:\/\/yoast.com\/product\/yoast-seo-wordpress\/ -->\n<title>Anleitung - Eigenes Konto anlegen - ClassyMade GmbH<\/title>\n<meta name=\"robots\" content=\"index, follow, max-snippet:-1, max-image-preview:large, max-video-preview:-1\" \/>\n<link rel=\"canonical\" href=\"https:\/\/help.classymade.de\/?page_id=403\" \/>\n<meta property=\"og:locale\" content=\"de_DE\" \/>\n<meta property=\"og:type\" content=\"article\" \/>\n<meta property=\"og:title\" content=\"Anleitung - Eigenes Konto anlegen - ClassyMade GmbH\" \/>\n<meta property=\"og:description\" content=\"Ein eigenes Konto anlegen ist dann m\u00f6glich, wenn Ihre Schule bereits bei Accidents at School registriert ist. In diesem Falle wurden Sie wom\u00f6glich schon von Ihrem Administator oder Ihrer Administratorin per E-Mail zu Ihrer Schule hinzugef\u00fcgt. Folgen Sie dann bitte folgender Anleitung, um Ihr pers\u00f6nliches Konto bei Accidents at School anzulegen. 1. \u00d6ffnen Sie Accidents ... Weiterlesen\" \/>\n<meta property=\"og:url\" content=\"https:\/\/help.classymade.de\/?page_id=403\" \/>\n<meta property=\"og:site_name\" content=\"ClassyMade GmbH\" \/>\n<meta property=\"article:modified_time\" content=\"2025-09-19T12:34:26+00:00\" \/>\n<meta property=\"og:image\" content=\"https:\/\/help.classymade.de\/wp-content\/uploads\/2025\/09\/Schule-suchen.png\" \/>\n\t<meta property=\"og:image:width\" content=\"773\" \/>\n\t<meta property=\"og:image:height\" content=\"731\" \/>\n\t<meta property=\"og:image:type\" content=\"image\/png\" \/>\n<meta name=\"twitter:card\" content=\"summary_large_image\" \/>\n<meta name=\"twitter:label1\" content=\"Gesch\u00e4tzte Lesezeit\" \/>\n\t<meta name=\"twitter:data1\" content=\"2\u00a0Minuten\" \/>\n<script type=\"application\/ld+json\" class=\"yoast-schema-graph\">{\"@context\":\"https:\\\/\\\/schema.org\",\"@graph\":[{\"@type\":\"WebPage\",\"@id\":\"https:\\\/\\\/help.classymade.de\\\/?page_id=403\",\"url\":\"https:\\\/\\\/help.classymade.de\\\/?page_id=403\",\"name\":\"Anleitung - Eigenes Konto anlegen - ClassyMade GmbH\",\"isPartOf\":{\"@id\":\"https:\\\/\\\/help.classymade.de\\\/#website\"},\"primaryImageOfPage\":{\"@id\":\"https:\\\/\\\/help.classymade.de\\\/?page_id=403#primaryimage\"},\"image\":{\"@id\":\"https:\\\/\\\/help.classymade.de\\\/?page_id=403#primaryimage\"},\"thumbnailUrl\":\"https:\\\/\\\/help.classymade.de\\\/wp-content\\\/uploads\\\/2025\\\/09\\\/Schule-suchen.png\",\"datePublished\":\"2025-09-02T14:13:37+00:00\",\"dateModified\":\"2025-09-19T12:34:26+00:00\",\"breadcrumb\":{\"@id\":\"https:\\\/\\\/help.classymade.de\\\/?page_id=403#breadcrumb\"},\"inLanguage\":\"de\",\"potentialAction\":[{\"@type\":\"ReadAction\",\"target\":[\"https:\\\/\\\/help.classymade.de\\\/?page_id=403\"]}]},{\"@type\":\"ImageObject\",\"inLanguage\":\"de\",\"@id\":\"https:\\\/\\\/help.classymade.de\\\/?page_id=403#primaryimage\",\"url\":\"https:\\\/\\\/help.classymade.de\\\/wp-content\\\/uploads\\\/2025\\\/09\\\/Schule-suchen.png\",\"contentUrl\":\"https:\\\/\\\/help.classymade.de\\\/wp-content\\\/uploads\\\/2025\\\/09\\\/Schule-suchen.png\",\"width\":773,\"height\":731},{\"@type\":\"BreadcrumbList\",\"@id\":\"https:\\\/\\\/help.classymade.de\\\/?page_id=403#breadcrumb\",\"itemListElement\":[{\"@type\":\"ListItem\",\"position\":1,\"name\":\"Startseite\",\"item\":\"https:\\\/\\\/help.classymade.de\\\/\"},{\"@type\":\"ListItem\",\"position\":2,\"name\":\"Anleitung &#8211; Eigenes Konto anlegen\"}]},{\"@type\":\"WebSite\",\"@id\":\"https:\\\/\\\/help.classymade.de\\\/#website\",\"url\":\"https:\\\/\\\/help.classymade.de\\\/\",\"name\":\"ClassyMade GmbH\",\"description\":\"Hilfecenter\",\"publisher\":{\"@id\":\"https:\\\/\\\/help.classymade.de\\\/#organization\"},\"potentialAction\":[{\"@type\":\"SearchAction\",\"target\":{\"@type\":\"EntryPoint\",\"urlTemplate\":\"https:\\\/\\\/help.classymade.de\\\/?s={search_term_string}\"},\"query-input\":{\"@type\":\"PropertyValueSpecification\",\"valueRequired\":true,\"valueName\":\"search_term_string\"}}],\"inLanguage\":\"de\"},{\"@type\":\"Organization\",\"@id\":\"https:\\\/\\\/help.classymade.de\\\/#organization\",\"name\":\"ClassyMade GmbH\",\"url\":\"https:\\\/\\\/help.classymade.de\\\/\",\"logo\":{\"@type\":\"ImageObject\",\"inLanguage\":\"de\",\"@id\":\"https:\\\/\\\/help.classymade.de\\\/#\\\/schema\\\/logo\\\/image\\\/\",\"url\":\"https:\\\/\\\/help.classymade.de\\\/wp-content\\\/uploads\\\/2025\\\/06\\\/Classymade-logo-quadrat-grau.png\",\"contentUrl\":\"https:\\\/\\\/help.classymade.de\\\/wp-content\\\/uploads\\\/2025\\\/06\\\/Classymade-logo-quadrat-grau.png\",\"width\":2000,\"height\":2000,\"caption\":\"ClassyMade GmbH\"},\"image\":{\"@id\":\"https:\\\/\\\/help.classymade.de\\\/#\\\/schema\\\/logo\\\/image\\\/\"}}]}<\/script>\n<!-- \/ Yoast SEO plugin. -->","yoast_head_json":{"title":"Anleitung - Eigenes Konto anlegen - ClassyMade GmbH","robots":{"index":"index","follow":"follow","max-snippet":"max-snippet:-1","max-image-preview":"max-image-preview:large","max-video-preview":"max-video-preview:-1"},"canonical":"https:\/\/help.classymade.de\/?page_id=403","og_locale":"de_DE","og_type":"article","og_title":"Anleitung - Eigenes Konto anlegen - ClassyMade GmbH","og_description":"Ein eigenes Konto anlegen ist dann m\u00f6glich, wenn Ihre Schule bereits bei Accidents at School registriert ist. In diesem Falle wurden Sie wom\u00f6glich schon von Ihrem Administator oder Ihrer Administratorin per E-Mail zu Ihrer Schule hinzugef\u00fcgt. Folgen Sie dann bitte folgender Anleitung, um Ihr pers\u00f6nliches Konto bei Accidents at School anzulegen. 1. \u00d6ffnen Sie Accidents ... Weiterlesen","og_url":"https:\/\/help.classymade.de\/?page_id=403","og_site_name":"ClassyMade GmbH","article_modified_time":"2025-09-19T12:34:26+00:00","og_image":[{"width":773,"height":731,"url":"https:\/\/help.classymade.de\/wp-content\/uploads\/2025\/09\/Schule-suchen.png","type":"image\/png"}],"twitter_card":"summary_large_image","twitter_misc":{"Gesch\u00e4tzte Lesezeit":"2\u00a0Minuten"},"schema":{"@context":"https:\/\/schema.org","@graph":[{"@type":"WebPage","@id":"https:\/\/help.classymade.de\/?page_id=403","url":"https:\/\/help.classymade.de\/?page_id=403","name":"Anleitung - Eigenes Konto anlegen - ClassyMade GmbH","isPartOf":{"@id":"https:\/\/help.classymade.de\/#website"},"primaryImageOfPage":{"@id":"https:\/\/help.classymade.de\/?page_id=403#primaryimage"},"image":{"@id":"https:\/\/help.classymade.de\/?page_id=403#primaryimage"},"thumbnailUrl":"https:\/\/help.classymade.de\/wp-content\/uploads\/2025\/09\/Schule-suchen.png","datePublished":"2025-09-02T14:13:37+00:00","dateModified":"2025-09-19T12:34:26+00:00","breadcrumb":{"@id":"https:\/\/help.classymade.de\/?page_id=403#breadcrumb"},"inLanguage":"de","potentialAction":[{"@type":"ReadAction","target":["https:\/\/help.classymade.de\/?page_id=403"]}]},{"@type":"ImageObject","inLanguage":"de","@id":"https:\/\/help.classymade.de\/?page_id=403#primaryimage","url":"https:\/\/help.classymade.de\/wp-content\/uploads\/2025\/09\/Schule-suchen.png","contentUrl":"https:\/\/help.classymade.de\/wp-content\/uploads\/2025\/09\/Schule-suchen.png","width":773,"height":731},{"@type":"BreadcrumbList","@id":"https:\/\/help.classymade.de\/?page_id=403#breadcrumb","itemListElement":[{"@type":"ListItem","position":1,"name":"Startseite","item":"https:\/\/help.classymade.de\/"},{"@type":"ListItem","position":2,"name":"Anleitung &#8211; Eigenes Konto anlegen"}]},{"@type":"WebSite","@id":"https:\/\/help.classymade.de\/#website","url":"https:\/\/help.classymade.de\/","name":"ClassyMade GmbH","description":"Hilfecenter","publisher":{"@id":"https:\/\/help.classymade.de\/#organization"},"potentialAction":[{"@type":"SearchAction","target":{"@type":"EntryPoint","urlTemplate":"https:\/\/help.classymade.de\/?s={search_term_string}"},"query-input":{"@type":"PropertyValueSpecification","valueRequired":true,"valueName":"search_term_string"}}],"inLanguage":"de"},{"@type":"Organization","@id":"https:\/\/help.classymade.de\/#organization","name":"ClassyMade GmbH","url":"https:\/\/help.classymade.de\/","logo":{"@type":"ImageObject","inLanguage":"de","@id":"https:\/\/help.classymade.de\/#\/schema\/logo\/image\/","url":"https:\/\/help.classymade.de\/wp-content\/uploads\/2025\/06\/Classymade-logo-quadrat-grau.png","contentUrl":"https:\/\/help.classymade.de\/wp-content\/uploads\/2025\/06\/Classymade-logo-quadrat-grau.png","width":2000,"height":2000,"caption":"ClassyMade GmbH"},"image":{"@id":"https:\/\/help.classymade.de\/#\/schema\/logo\/image\/"}}]}},"_links":{"self":[{"href":"https:\/\/help.classymade.de\/index.php?rest_route=\/wp\/v2\/pages\/403","targetHints":{"allow":["GET"]}}],"collection":[{"href":"https:\/\/help.classymade.de\/index.php?rest_route=\/wp\/v2\/pages"}],"about":[{"href":"https:\/\/help.classymade.de\/index.php?rest_route=\/wp\/v2\/types\/page"}],"author":[{"embeddable":true,"href":"https:\/\/help.classymade.de\/index.php?rest_route=\/wp\/v2\/users\/2"}],"replies":[{"embeddable":true,"href":"https:\/\/help.classymade.de\/index.php?rest_route=%2Fwp%2Fv2%2Fcomments&post=403"}],"version-history":[{"count":13,"href":"https:\/\/help.classymade.de\/index.php?rest_route=\/wp\/v2\/pages\/403\/revisions"}],"predecessor-version":[{"id":1076,"href":"https:\/\/help.classymade.de\/index.php?rest_route=\/wp\/v2\/pages\/403\/revisions\/1076"}],"wp:attachment":[{"href":"https:\/\/help.classymade.de\/index.php?rest_route=%2Fwp%2Fv2%2Fmedia&parent=403"}],"curies":[{"name":"wp","href":"https:\/\/api.w.org\/{rel}","templated":true}]}}