{"id":455,"date":"2025-09-15T09:21:20","date_gmt":"2025-09-15T09:21:20","guid":{"rendered":"https:\/\/help.classymade.de\/?page_id=455"},"modified":"2025-09-19T12:32:43","modified_gmt":"2025-09-19T12:32:43","slug":"aktivieren-der-plattform-app","status":"publish","type":"page","link":"https:\/\/help.classymade.de\/?page_id=455","title":{"rendered":"Aktivieren der Plattform-App"},"content":{"rendered":"\t\t<div data-elementor-type=\"wp-page\" data-elementor-id=\"455\" class=\"elementor elementor-455\" data-elementor-post-type=\"page\">\n\t\t\t\t<div class=\"elementor-element elementor-element-4de86cb e-flex e-con-boxed e-con e-parent\" data-id=\"4de86cb\" data-element_type=\"container\" data-e-type=\"container\">\n\t\t\t\t\t<div class=\"e-con-inner\">\n\t\t\t\t<div class=\"elementor-element elementor-element-bb0acc0 elementor-widget-divider--view-line elementor-widget elementor-widget-divider\" data-id=\"bb0acc0\" data-element_type=\"widget\" data-e-type=\"widget\" data-widget_type=\"divider.default\">\n\t\t\t\t<div class=\"elementor-widget-container\">\n\t\t\t\t\t\t\t<div class=\"elementor-divider\">\n\t\t\t<span class=\"elementor-divider-separator\">\n\t\t\t\t\t\t<\/span>\n\t\t<\/div>\n\t\t\t\t\t\t<\/div>\n\t\t\t\t<\/div>\n\t\t\t\t\t<\/div>\n\t\t\t\t<\/div>\n\t\t<div class=\"elementor-element elementor-element-0ff7675 e-flex e-con-boxed e-con e-parent\" data-id=\"0ff7675\" data-element_type=\"container\" data-e-type=\"container\">\n\t\t\t\t\t<div class=\"e-con-inner\">\n\t\t\t\t<div class=\"elementor-element elementor-element-7e8e657 elementor-widget elementor-widget-text-editor\" data-id=\"7e8e657\" data-element_type=\"widget\" data-e-type=\"widget\" data-widget_type=\"text-editor.default\">\n\t\t\t\t<div class=\"elementor-widget-container\">\n\t\t\t\t\t\t\t\t\t<h5><strong>Als Schule, die WebUntis nutzt, m\u00fcssen Sie die App <em>Accidents at School<\/em> zun\u00e4chst in WebUntis aktivieren. In dieser Anleitung zeigen wir Ihnen, wie Sie dabei vorgehen und was es zu beachten gibt.<\/strong><\/h5>\t\t\t\t\t\t\t\t<\/div>\n\t\t\t\t<\/div>\n\t\t\t\t\t<\/div>\n\t\t\t\t<\/div>\n\t\t<div class=\"elementor-element elementor-element-c3c9dac e-flex e-con-boxed e-con e-parent\" data-id=\"c3c9dac\" data-element_type=\"container\" data-e-type=\"container\">\n\t\t\t\t\t<div class=\"e-con-inner\">\n\t\t\t\t<div class=\"elementor-element elementor-element-1781785 elementor-widget elementor-widget-text-editor\" data-id=\"1781785\" data-element_type=\"widget\" data-e-type=\"widget\" data-widget_type=\"text-editor.default\">\n\t\t\t\t<div class=\"elementor-widget-container\">\n\t\t\t\t\t\t\t\t\t<p><strong>1.<\/strong> Loggen Sie sich als Administrator oder Administratorin in Ihrem <strong>WebUntis<\/strong> Schulaccount ein.\u00a0<\/p><p><strong>2.<\/strong> Klicken Sie in der Men\u00fcleiste links auf <strong>&#8222;Administration&#8220;<\/strong>.<\/p><p><strong>3.<\/strong> Anschlie\u00dfend klicken Sie dort auf den Men\u00fcpunkt <strong>&#8222;Plattform&#8220;<\/strong>.<\/p><p><strong>4.<\/strong> Dort sehen Sie alle Plattform-Apps, die Ihre Schule bisher aktiviert hat. Um<em> Accidents at School<\/em> hinzuzuf\u00fcgen, klicken Sie oben auf das <strong>+<\/strong> und w\u00e4hlen die App aus der Liste aus.<\/p>\t\t\t\t\t\t\t\t<\/div>\n\t\t\t\t<\/div>\n\t\t\t\t\t<\/div>\n\t\t\t\t<\/div>\n\t\t<div class=\"elementor-element elementor-element-a5a30a9 e-flex e-con-boxed e-con e-parent\" data-id=\"a5a30a9\" data-element_type=\"container\" data-e-type=\"container\">\n\t\t\t\t\t<div class=\"e-con-inner\">\n\t\t\t\t<div class=\"elementor-element elementor-element-23a70e4 elementor-widget elementor-widget-image\" data-id=\"23a70e4\" data-element_type=\"widget\" data-e-type=\"widget\" data-widget_type=\"image.default\">\n\t\t\t\t<div class=\"elementor-widget-container\">\n\t\t\t\t\t\t\t\t\t\t\t\t\t\t\t<img fetchpriority=\"high\" decoding=\"async\" width=\"1024\" height=\"347\" src=\"https:\/\/help.classymade.de\/wp-content\/uploads\/2025\/09\/WU_Plattformapp-hinzufuegen-1024x347.png\" class=\"attachment-large size-large wp-image-939\" alt=\"\" srcset=\"https:\/\/help.classymade.de\/wp-content\/uploads\/2025\/09\/WU_Plattformapp-hinzufuegen-1024x347.png 1024w, https:\/\/help.classymade.de\/wp-content\/uploads\/2025\/09\/WU_Plattformapp-hinzufuegen-300x102.png 300w, https:\/\/help.classymade.de\/wp-content\/uploads\/2025\/09\/WU_Plattformapp-hinzufuegen-768x260.png 768w, https:\/\/help.classymade.de\/wp-content\/uploads\/2025\/09\/WU_Plattformapp-hinzufuegen.png 1278w\" sizes=\"(max-width: 1024px) 100vw, 1024px\" \/>\t\t\t\t\t\t\t\t\t\t\t\t\t\t\t<\/div>\n\t\t\t\t<\/div>\n\t\t\t\t\t<\/div>\n\t\t\t\t<\/div>\n\t\t<div class=\"elementor-element elementor-element-091b9d1 e-flex e-con-boxed e-con e-parent\" data-id=\"091b9d1\" data-element_type=\"container\" data-e-type=\"container\">\n\t\t\t\t\t<div class=\"e-con-inner\">\n\t\t\t\t<div class=\"elementor-element elementor-element-278f89d elementor-widget elementor-widget-text-editor\" data-id=\"278f89d\" data-element_type=\"widget\" data-e-type=\"widget\" data-widget_type=\"text-editor.default\">\n\t\t\t\t<div class=\"elementor-widget-container\">\n\t\t\t\t\t\t\t\t\t<p><strong>5.<\/strong> Aktivieren Sie den Schieberegler <strong>&#8222;Applikation aktivieren&#8220;.<\/strong><\/p>\t\t\t\t\t\t\t\t<\/div>\n\t\t\t\t<\/div>\n\t\t\t\t\t<\/div>\n\t\t\t\t<\/div>\n\t\t<div class=\"elementor-element elementor-element-3d26cea e-flex e-con-boxed e-con e-parent\" data-id=\"3d26cea\" data-element_type=\"container\" data-e-type=\"container\">\n\t\t\t\t\t<div class=\"e-con-inner\">\n\t\t\t\t<div class=\"elementor-element elementor-element-4477fa0 elementor-widget elementor-widget-image\" data-id=\"4477fa0\" data-element_type=\"widget\" data-e-type=\"widget\" data-widget_type=\"image.default\">\n\t\t\t\t<div class=\"elementor-widget-container\">\n\t\t\t\t\t\t\t\t\t\t\t\t\t\t\t<img decoding=\"async\" width=\"919\" height=\"734\" src=\"https:\/\/help.classymade.de\/wp-content\/uploads\/2025\/09\/WU_Plattformapp-aktivieren.png\" class=\"attachment-large size-large wp-image-940\" alt=\"\" srcset=\"https:\/\/help.classymade.de\/wp-content\/uploads\/2025\/09\/WU_Plattformapp-aktivieren.png 919w, https:\/\/help.classymade.de\/wp-content\/uploads\/2025\/09\/WU_Plattformapp-aktivieren-300x240.png 300w, https:\/\/help.classymade.de\/wp-content\/uploads\/2025\/09\/WU_Plattformapp-aktivieren-768x613.png 768w\" sizes=\"(max-width: 919px) 100vw, 919px\" \/>\t\t\t\t\t\t\t\t\t\t\t\t\t\t\t<\/div>\n\t\t\t\t<\/div>\n\t\t\t\t<div class=\"elementor-element elementor-element-f9f6a83 elementor-widget elementor-widget-text-editor\" data-id=\"f9f6a83\" data-element_type=\"widget\" data-e-type=\"widget\" data-widget_type=\"text-editor.default\">\n\t\t\t\t<div class=\"elementor-widget-container\">\n\t\t\t\t\t\t\t\t\t<p><strong>6.<\/strong> Weiter unten sehen Sie Daten zu Ihrer Schule und die API Berechtigungen. Diese beschreiben Ihnen, auf welche Daten die App aus WebUntis zugreifen kann. Diese Einstellung k\u00f6nnen Sie nicht bearbeiten, dient aber Ihrer Information.<\/p>\t\t\t\t\t\t\t\t<\/div>\n\t\t\t\t<\/div>\n\t\t\t\t\t<\/div>\n\t\t\t\t<\/div>\n\t\t<div class=\"elementor-element elementor-element-7b5e2ca e-flex e-con-boxed e-con e-parent\" data-id=\"7b5e2ca\" data-element_type=\"container\" data-e-type=\"container\">\n\t\t\t\t\t<div class=\"e-con-inner\">\n\t\t\t\t<div class=\"elementor-element elementor-element-46bfcae elementor-widget elementor-widget-text-editor\" data-id=\"46bfcae\" data-element_type=\"widget\" data-e-type=\"widget\" data-widget_type=\"text-editor.default\">\n\t\t\t\t<div class=\"elementor-widget-container\">\n\t\t\t\t\t\t\t\t\t<p><strong>7.<\/strong> Weiterhin k\u00f6nnen Sie einstellen, wie die App auf der Benutzeroberfl\u00e4che f\u00fcr die verschiedenen Benutzergruppen Ihrer Schule angezeigt wird.\u00a0<\/p>\t\t\t\t\t\t\t\t<\/div>\n\t\t\t\t<\/div>\n\t\t\t\t<div class=\"elementor-element elementor-element-44333f2 elementor-widget elementor-widget-image\" data-id=\"44333f2\" data-element_type=\"widget\" data-e-type=\"widget\" data-widget_type=\"image.default\">\n\t\t\t\t<div class=\"elementor-widget-container\">\n\t\t\t\t\t\t\t\t\t\t\t\t\t\t\t<img decoding=\"async\" width=\"1024\" height=\"745\" src=\"https:\/\/help.classymade.de\/wp-content\/uploads\/2025\/09\/WU_Benutzeroberflaechen-Integration-1024x745.png\" class=\"attachment-large size-large wp-image-941\" alt=\"\" srcset=\"https:\/\/help.classymade.de\/wp-content\/uploads\/2025\/09\/WU_Benutzeroberflaechen-Integration-1024x745.png 1024w, https:\/\/help.classymade.de\/wp-content\/uploads\/2025\/09\/WU_Benutzeroberflaechen-Integration-300x218.png 300w, https:\/\/help.classymade.de\/wp-content\/uploads\/2025\/09\/WU_Benutzeroberflaechen-Integration-768x559.png 768w, https:\/\/help.classymade.de\/wp-content\/uploads\/2025\/09\/WU_Benutzeroberflaechen-Integration.png 1141w\" sizes=\"(max-width: 1024px) 100vw, 1024px\" \/>\t\t\t\t\t\t\t\t\t\t\t\t\t\t\t<\/div>\n\t\t\t\t<\/div>\n\t\t\t\t\t<\/div>\n\t\t\t\t<\/div>\n\t\t<div class=\"elementor-element elementor-element-45740ef e-flex e-con-boxed e-con e-parent\" data-id=\"45740ef\" data-element_type=\"container\" data-e-type=\"container\">\n\t\t\t\t\t<div class=\"e-con-inner\">\n\t\t\t\t<div class=\"elementor-element elementor-element-6e95b6d elementor-widget elementor-widget-text-editor\" data-id=\"6e95b6d\" data-element_type=\"widget\" data-e-type=\"widget\" data-widget_type=\"text-editor.default\">\n\t\t\t\t<div class=\"elementor-widget-container\">\n\t\t\t\t\t\t\t\t\t<p><strong>8.<\/strong> Klicken Sie anschlie\u00dfend auf <strong>&#8222;speichern&#8220;<\/strong>.<\/p><p><strong>Nun wird die Plattform-App <em>Accidents @ School<\/em> in Ihrem Hauptmen\u00fc angezeigt und Sie k\u00f6nnen sie bequem \u00fcber WebUntis erreichen! Ihre in WebUntis hinterlegten Daten, Rollen und Benutzer und Benutzerinnen werden automatisch \u00fcbernommen.<\/strong><\/p>\t\t\t\t\t\t\t\t<\/div>\n\t\t\t\t<\/div>\n\t\t\t\t\t<\/div>\n\t\t\t\t<\/div>\n\t\t\t\t<\/div>\n\t\t","protected":false},"excerpt":{"rendered":"<p>Als Schule, die WebUntis nutzt, m\u00fcssen Sie die App Accidents at School zun\u00e4chst in WebUntis aktivieren. In dieser Anleitung zeigen wir Ihnen, wie Sie dabei vorgehen und was es zu beachten gibt. 1. Loggen Sie sich als Administrator oder Administratorin in Ihrem WebUntis Schulaccount ein.\u00a0 2. Klicken Sie in der Men\u00fcleiste links auf &#8222;Administration&#8220;. 3. &#8230; <a title=\"Aktivieren der Plattform-App\" class=\"read-more\" href=\"https:\/\/help.classymade.de\/?page_id=455\" aria-label=\"Mehr Informationen \u00fcber Aktivieren der Plattform-App\">Weiterlesen<\/a><\/p>\n","protected":false},"author":2,"featured_media":0,"parent":0,"menu_order":0,"comment_status":"closed","ping_status":"closed","template":"","meta":{"footnotes":""},"class_list":["post-455","page","type-page","status-publish"],"yoast_head":"<!-- This site is optimized with the Yoast SEO plugin v27.6 - https:\/\/yoast.com\/product\/yoast-seo-wordpress\/ -->\n<title>Aktivieren der Plattform-App - ClassyMade GmbH<\/title>\n<meta name=\"robots\" content=\"index, follow, max-snippet:-1, max-image-preview:large, max-video-preview:-1\" \/>\n<link rel=\"canonical\" href=\"https:\/\/help.classymade.de\/?page_id=455\" \/>\n<meta property=\"og:locale\" content=\"de_DE\" \/>\n<meta property=\"og:type\" content=\"article\" \/>\n<meta property=\"og:title\" content=\"Aktivieren der Plattform-App - ClassyMade GmbH\" \/>\n<meta property=\"og:description\" content=\"Als Schule, die WebUntis nutzt, m\u00fcssen Sie die App Accidents at School zun\u00e4chst in WebUntis aktivieren. In dieser Anleitung zeigen wir Ihnen, wie Sie dabei vorgehen und was es zu beachten gibt. 1. Loggen Sie sich als Administrator oder Administratorin in Ihrem WebUntis Schulaccount ein.\u00a0 2. Klicken Sie in der Men\u00fcleiste links auf &#8222;Administration&#8220;. 3. ... Weiterlesen\" \/>\n<meta property=\"og:url\" content=\"https:\/\/help.classymade.de\/?page_id=455\" \/>\n<meta property=\"og:site_name\" content=\"ClassyMade GmbH\" \/>\n<meta property=\"article:modified_time\" content=\"2025-09-19T12:32:43+00:00\" \/>\n<meta property=\"og:image\" content=\"https:\/\/help.classymade.de\/wp-content\/uploads\/2025\/09\/WU_Plattformapp-hinzufuegen.png\" \/>\n\t<meta property=\"og:image:width\" content=\"1278\" \/>\n\t<meta property=\"og:image:height\" content=\"433\" \/>\n\t<meta property=\"og:image:type\" content=\"image\/png\" \/>\n<meta name=\"twitter:card\" content=\"summary_large_image\" \/>\n<meta name=\"twitter:label1\" content=\"Gesch\u00e4tzte Lesezeit\" \/>\n\t<meta name=\"twitter:data1\" content=\"2\u00a0Minuten\" \/>\n<script type=\"application\/ld+json\" class=\"yoast-schema-graph\">{\"@context\":\"https:\\\/\\\/schema.org\",\"@graph\":[{\"@type\":\"WebPage\",\"@id\":\"https:\\\/\\\/help.classymade.de\\\/?page_id=455\",\"url\":\"https:\\\/\\\/help.classymade.de\\\/?page_id=455\",\"name\":\"Aktivieren der Plattform-App - ClassyMade GmbH\",\"isPartOf\":{\"@id\":\"https:\\\/\\\/help.classymade.de\\\/#website\"},\"primaryImageOfPage\":{\"@id\":\"https:\\\/\\\/help.classymade.de\\\/?page_id=455#primaryimage\"},\"image\":{\"@id\":\"https:\\\/\\\/help.classymade.de\\\/?page_id=455#primaryimage\"},\"thumbnailUrl\":\"https:\\\/\\\/help.classymade.de\\\/wp-content\\\/uploads\\\/2025\\\/09\\\/WU_Plattformapp-hinzufuegen-1024x347.png\",\"datePublished\":\"2025-09-15T09:21:20+00:00\",\"dateModified\":\"2025-09-19T12:32:43+00:00\",\"breadcrumb\":{\"@id\":\"https:\\\/\\\/help.classymade.de\\\/?page_id=455#breadcrumb\"},\"inLanguage\":\"de\",\"potentialAction\":[{\"@type\":\"ReadAction\",\"target\":[\"https:\\\/\\\/help.classymade.de\\\/?page_id=455\"]}]},{\"@type\":\"ImageObject\",\"inLanguage\":\"de\",\"@id\":\"https:\\\/\\\/help.classymade.de\\\/?page_id=455#primaryimage\",\"url\":\"https:\\\/\\\/help.classymade.de\\\/wp-content\\\/uploads\\\/2025\\\/09\\\/WU_Plattformapp-hinzufuegen.png\",\"contentUrl\":\"https:\\\/\\\/help.classymade.de\\\/wp-content\\\/uploads\\\/2025\\\/09\\\/WU_Plattformapp-hinzufuegen.png\",\"width\":1278,\"height\":433},{\"@type\":\"BreadcrumbList\",\"@id\":\"https:\\\/\\\/help.classymade.de\\\/?page_id=455#breadcrumb\",\"itemListElement\":[{\"@type\":\"ListItem\",\"position\":1,\"name\":\"Startseite\",\"item\":\"https:\\\/\\\/help.classymade.de\\\/\"},{\"@type\":\"ListItem\",\"position\":2,\"name\":\"Aktivieren der Plattform-App\"}]},{\"@type\":\"WebSite\",\"@id\":\"https:\\\/\\\/help.classymade.de\\\/#website\",\"url\":\"https:\\\/\\\/help.classymade.de\\\/\",\"name\":\"ClassyMade GmbH\",\"description\":\"Hilfecenter\",\"publisher\":{\"@id\":\"https:\\\/\\\/help.classymade.de\\\/#organization\"},\"potentialAction\":[{\"@type\":\"SearchAction\",\"target\":{\"@type\":\"EntryPoint\",\"urlTemplate\":\"https:\\\/\\\/help.classymade.de\\\/?s={search_term_string}\"},\"query-input\":{\"@type\":\"PropertyValueSpecification\",\"valueRequired\":true,\"valueName\":\"search_term_string\"}}],\"inLanguage\":\"de\"},{\"@type\":\"Organization\",\"@id\":\"https:\\\/\\\/help.classymade.de\\\/#organization\",\"name\":\"ClassyMade GmbH\",\"url\":\"https:\\\/\\\/help.classymade.de\\\/\",\"logo\":{\"@type\":\"ImageObject\",\"inLanguage\":\"de\",\"@id\":\"https:\\\/\\\/help.classymade.de\\\/#\\\/schema\\\/logo\\\/image\\\/\",\"url\":\"https:\\\/\\\/help.classymade.de\\\/wp-content\\\/uploads\\\/2025\\\/06\\\/Classymade-logo-quadrat-grau.png\",\"contentUrl\":\"https:\\\/\\\/help.classymade.de\\\/wp-content\\\/uploads\\\/2025\\\/06\\\/Classymade-logo-quadrat-grau.png\",\"width\":2000,\"height\":2000,\"caption\":\"ClassyMade GmbH\"},\"image\":{\"@id\":\"https:\\\/\\\/help.classymade.de\\\/#\\\/schema\\\/logo\\\/image\\\/\"}}]}<\/script>\n<!-- \/ Yoast SEO plugin. -->","yoast_head_json":{"title":"Aktivieren der Plattform-App - ClassyMade GmbH","robots":{"index":"index","follow":"follow","max-snippet":"max-snippet:-1","max-image-preview":"max-image-preview:large","max-video-preview":"max-video-preview:-1"},"canonical":"https:\/\/help.classymade.de\/?page_id=455","og_locale":"de_DE","og_type":"article","og_title":"Aktivieren der Plattform-App - ClassyMade GmbH","og_description":"Als Schule, die WebUntis nutzt, m\u00fcssen Sie die App Accidents at School zun\u00e4chst in WebUntis aktivieren. In dieser Anleitung zeigen wir Ihnen, wie Sie dabei vorgehen und was es zu beachten gibt. 1. Loggen Sie sich als Administrator oder Administratorin in Ihrem WebUntis Schulaccount ein.\u00a0 2. Klicken Sie in der Men\u00fcleiste links auf &#8222;Administration&#8220;. 3. ... Weiterlesen","og_url":"https:\/\/help.classymade.de\/?page_id=455","og_site_name":"ClassyMade GmbH","article_modified_time":"2025-09-19T12:32:43+00:00","og_image":[{"width":1278,"height":433,"url":"https:\/\/help.classymade.de\/wp-content\/uploads\/2025\/09\/WU_Plattformapp-hinzufuegen.png","type":"image\/png"}],"twitter_card":"summary_large_image","twitter_misc":{"Gesch\u00e4tzte Lesezeit":"2\u00a0Minuten"},"schema":{"@context":"https:\/\/schema.org","@graph":[{"@type":"WebPage","@id":"https:\/\/help.classymade.de\/?page_id=455","url":"https:\/\/help.classymade.de\/?page_id=455","name":"Aktivieren der Plattform-App - ClassyMade GmbH","isPartOf":{"@id":"https:\/\/help.classymade.de\/#website"},"primaryImageOfPage":{"@id":"https:\/\/help.classymade.de\/?page_id=455#primaryimage"},"image":{"@id":"https:\/\/help.classymade.de\/?page_id=455#primaryimage"},"thumbnailUrl":"https:\/\/help.classymade.de\/wp-content\/uploads\/2025\/09\/WU_Plattformapp-hinzufuegen-1024x347.png","datePublished":"2025-09-15T09:21:20+00:00","dateModified":"2025-09-19T12:32:43+00:00","breadcrumb":{"@id":"https:\/\/help.classymade.de\/?page_id=455#breadcrumb"},"inLanguage":"de","potentialAction":[{"@type":"ReadAction","target":["https:\/\/help.classymade.de\/?page_id=455"]}]},{"@type":"ImageObject","inLanguage":"de","@id":"https:\/\/help.classymade.de\/?page_id=455#primaryimage","url":"https:\/\/help.classymade.de\/wp-content\/uploads\/2025\/09\/WU_Plattformapp-hinzufuegen.png","contentUrl":"https:\/\/help.classymade.de\/wp-content\/uploads\/2025\/09\/WU_Plattformapp-hinzufuegen.png","width":1278,"height":433},{"@type":"BreadcrumbList","@id":"https:\/\/help.classymade.de\/?page_id=455#breadcrumb","itemListElement":[{"@type":"ListItem","position":1,"name":"Startseite","item":"https:\/\/help.classymade.de\/"},{"@type":"ListItem","position":2,"name":"Aktivieren der Plattform-App"}]},{"@type":"WebSite","@id":"https:\/\/help.classymade.de\/#website","url":"https:\/\/help.classymade.de\/","name":"ClassyMade GmbH","description":"Hilfecenter","publisher":{"@id":"https:\/\/help.classymade.de\/#organization"},"potentialAction":[{"@type":"SearchAction","target":{"@type":"EntryPoint","urlTemplate":"https:\/\/help.classymade.de\/?s={search_term_string}"},"query-input":{"@type":"PropertyValueSpecification","valueRequired":true,"valueName":"search_term_string"}}],"inLanguage":"de"},{"@type":"Organization","@id":"https:\/\/help.classymade.de\/#organization","name":"ClassyMade GmbH","url":"https:\/\/help.classymade.de\/","logo":{"@type":"ImageObject","inLanguage":"de","@id":"https:\/\/help.classymade.de\/#\/schema\/logo\/image\/","url":"https:\/\/help.classymade.de\/wp-content\/uploads\/2025\/06\/Classymade-logo-quadrat-grau.png","contentUrl":"https:\/\/help.classymade.de\/wp-content\/uploads\/2025\/06\/Classymade-logo-quadrat-grau.png","width":2000,"height":2000,"caption":"ClassyMade GmbH"},"image":{"@id":"https:\/\/help.classymade.de\/#\/schema\/logo\/image\/"}}]}},"_links":{"self":[{"href":"https:\/\/help.classymade.de\/index.php?rest_route=\/wp\/v2\/pages\/455","targetHints":{"allow":["GET"]}}],"collection":[{"href":"https:\/\/help.classymade.de\/index.php?rest_route=\/wp\/v2\/pages"}],"about":[{"href":"https:\/\/help.classymade.de\/index.php?rest_route=\/wp\/v2\/types\/page"}],"author":[{"embeddable":true,"href":"https:\/\/help.classymade.de\/index.php?rest_route=\/wp\/v2\/users\/2"}],"replies":[{"embeddable":true,"href":"https:\/\/help.classymade.de\/index.php?rest_route=%2Fwp%2Fv2%2Fcomments&post=455"}],"version-history":[{"count":28,"href":"https:\/\/help.classymade.de\/index.php?rest_route=\/wp\/v2\/pages\/455\/revisions"}],"predecessor-version":[{"id":1068,"href":"https:\/\/help.classymade.de\/index.php?rest_route=\/wp\/v2\/pages\/455\/revisions\/1068"}],"wp:attachment":[{"href":"https:\/\/help.classymade.de\/index.php?rest_route=%2Fwp%2Fv2%2Fmedia&parent=455"}],"curies":[{"name":"wp","href":"https:\/\/api.w.org\/{rel}","templated":true}]}}