{"id":596,"date":"2025-09-15T14:15:46","date_gmt":"2025-09-15T14:15:46","guid":{"rendered":"https:\/\/help.classymade.de\/?page_id=596"},"modified":"2025-09-19T12:39:31","modified_gmt":"2025-09-19T12:39:31","slug":"anleitung-unfaelle-einsehen-reviewer","status":"publish","type":"page","link":"https:\/\/help.classymade.de\/?page_id=596","title":{"rendered":"Anleitung &#8211; Unf\u00e4lle einsehen (Reviewer)"},"content":{"rendered":"\t\t<div data-elementor-type=\"wp-page\" data-elementor-id=\"596\" class=\"elementor elementor-596\" data-elementor-post-type=\"page\">\n\t\t\t\t<div class=\"elementor-element elementor-element-f3112f2 e-flex e-con-boxed e-con e-parent\" data-id=\"f3112f2\" data-element_type=\"container\" data-e-type=\"container\">\n\t\t\t\t\t<div class=\"e-con-inner\">\n\t\t\t\t<div class=\"elementor-element elementor-element-700b62d elementor-widget-divider--view-line elementor-widget elementor-widget-divider\" data-id=\"700b62d\" data-element_type=\"widget\" data-e-type=\"widget\" data-widget_type=\"divider.default\">\n\t\t\t\t<div class=\"elementor-widget-container\">\n\t\t\t\t\t\t\t<div class=\"elementor-divider\">\n\t\t\t<span class=\"elementor-divider-separator\">\n\t\t\t\t\t\t<\/span>\n\t\t<\/div>\n\t\t\t\t\t\t<\/div>\n\t\t\t\t<\/div>\n\t\t\t\t\t<\/div>\n\t\t\t\t<\/div>\n\t\t<div class=\"elementor-element elementor-element-512902d e-flex e-con-boxed e-con e-parent\" data-id=\"512902d\" data-element_type=\"container\" data-e-type=\"container\">\n\t\t\t\t\t<div class=\"e-con-inner\">\n\t\t\t\t<div class=\"elementor-element elementor-element-1e5f528 elementor-widget elementor-widget-text-editor\" data-id=\"1e5f528\" data-element_type=\"widget\" data-e-type=\"widget\" data-widget_type=\"text-editor.default\">\n\t\t\t\t<div class=\"elementor-widget-container\">\n\t\t\t\t\t\t\t\t\t<h5><strong>Hier erfahren Sie, wie Sie als Reviewer oder Reviewerin Unf\u00e4lle einsehen k\u00f6nnen.<\/strong><\/h5>\t\t\t\t\t\t\t\t<\/div>\n\t\t\t\t<\/div>\n\t\t\t\t<div class=\"elementor-element elementor-element-c99f786 elementor-widget elementor-widget-image\" data-id=\"c99f786\" data-element_type=\"widget\" data-e-type=\"widget\" data-widget_type=\"image.default\">\n\t\t\t\t<div class=\"elementor-widget-container\">\n\t\t\t\t\t\t\t\t\t\t\t\t\t\t\t<img fetchpriority=\"high\" decoding=\"async\" width=\"526\" height=\"214\" src=\"https:\/\/help.classymade.de\/wp-content\/uploads\/2025\/09\/Unfaelle-einsehen.png\" class=\"attachment-large size-large wp-image-598\" alt=\"\" srcset=\"https:\/\/help.classymade.de\/wp-content\/uploads\/2025\/09\/Unfaelle-einsehen.png 526w, https:\/\/help.classymade.de\/wp-content\/uploads\/2025\/09\/Unfaelle-einsehen-300x122.png 300w\" sizes=\"(max-width: 526px) 100vw, 526px\" \/>\t\t\t\t\t\t\t\t\t\t\t\t\t\t\t<\/div>\n\t\t\t\t<\/div>\n\t\t\t\t\t<\/div>\n\t\t\t\t<\/div>\n\t\t<div class=\"elementor-element elementor-element-26fcbbc e-flex e-con-boxed e-con e-parent\" data-id=\"26fcbbc\" data-element_type=\"container\" data-e-type=\"container\">\n\t\t\t\t\t<div class=\"e-con-inner\">\n\t\t\t\t<div class=\"elementor-element elementor-element-ed43bc4 elementor-widget elementor-widget-text-editor\" data-id=\"ed43bc4\" data-element_type=\"widget\" data-e-type=\"widget\" data-widget_type=\"text-editor.default\">\n\t\t\t\t<div class=\"elementor-widget-container\">\n\t\t\t\t\t\t\t\t\t<p><span style=\"color: #ffffff;\"> Gehen Sie im Hauptmen\u00fc auf <strong>&#8222;Unf\u00e4lle einsehen&#8220;<\/strong>.<\/span><\/p>\t\t\t\t\t\t\t\t<\/div>\n\t\t\t\t<\/div>\n\t\t\t\t\t<\/div>\n\t\t\t\t<\/div>\n\t\t<div class=\"elementor-element elementor-element-df32012 e-flex e-con-boxed e-con e-parent\" data-id=\"df32012\" data-element_type=\"container\" data-e-type=\"container\">\n\t\t\t\t\t<div class=\"e-con-inner\">\n\t\t\t\t<div class=\"elementor-element elementor-element-12b6610 elementor-widget elementor-widget-text-editor\" data-id=\"12b6610\" data-element_type=\"widget\" data-e-type=\"widget\" data-widget_type=\"text-editor.default\">\n\t\t\t\t<div class=\"elementor-widget-container\">\n\t\t\t\t\t\t\t\t\t<p><span style=\"color: #ffffff;\">Wenn schon Unf\u00e4lle erfasst wurden, sehen Sie diese hier aufgelistet. Suchen Sie einen bestimmten Unfall, k\u00f6nnen Sie diesen \u00fcber das <strong>Suche-Feld<\/strong> direkt heraussuchen und sich anzeigen lassen.<\/span><\/p><p><span style=\"color: #ffffff;\">Klicken Sie nun auf den Eintrag, k\u00f6nnen Sie sich alle Details zum Unfallhergang und beteiligten Personen sowie erfolgten Ma\u00dfnahmen anzeigen lassen.<\/span><\/p><p><span style=\"color: #ffffff;\">Als Reviewer oder Reviewerin haben Sie zus\u00e4tzlich die M\u00f6glichkeit, die Revisionen des Unfalleintrags einzusehen. Klicken Sie dazu auf das<strong> Uhren-Symbol<\/strong> neben dem gew\u00fcnschten Eintrag.<\/span><\/p>\t\t\t\t\t\t\t\t<\/div>\n\t\t\t\t<\/div>\n\t\t\t\t\t<\/div>\n\t\t\t\t<\/div>\n\t\t<div class=\"elementor-element elementor-element-1ae249e e-flex e-con-boxed e-con e-parent\" data-id=\"1ae249e\" data-element_type=\"container\" data-e-type=\"container\">\n\t\t\t\t\t<div class=\"e-con-inner\">\n\t\t\t\t<div class=\"elementor-element elementor-element-0cbf93c elementor-widget elementor-widget-image\" data-id=\"0cbf93c\" data-element_type=\"widget\" data-e-type=\"widget\" data-widget_type=\"image.default\">\n\t\t\t\t<div class=\"elementor-widget-container\">\n\t\t\t\t\t\t\t\t\t\t\t\t\t\t\t<img decoding=\"async\" width=\"1024\" height=\"487\" src=\"https:\/\/help.classymade.de\/wp-content\/uploads\/2025\/09\/Unfaelle-einsehen_Reviewer-1024x487.png\" class=\"attachment-large size-large wp-image-599\" alt=\"\" srcset=\"https:\/\/help.classymade.de\/wp-content\/uploads\/2025\/09\/Unfaelle-einsehen_Reviewer-1024x487.png 1024w, https:\/\/help.classymade.de\/wp-content\/uploads\/2025\/09\/Unfaelle-einsehen_Reviewer-300x143.png 300w, https:\/\/help.classymade.de\/wp-content\/uploads\/2025\/09\/Unfaelle-einsehen_Reviewer-768x365.png 768w, https:\/\/help.classymade.de\/wp-content\/uploads\/2025\/09\/Unfaelle-einsehen_Reviewer-1536x731.png 1536w, https:\/\/help.classymade.de\/wp-content\/uploads\/2025\/09\/Unfaelle-einsehen_Reviewer.png 1598w\" sizes=\"(max-width: 1024px) 100vw, 1024px\" \/>\t\t\t\t\t\t\t\t\t\t\t\t\t\t\t<\/div>\n\t\t\t\t<\/div>\n\t\t\t\t\t<\/div>\n\t\t\t\t<\/div>\n\t\t<div class=\"elementor-element elementor-element-38d2914 e-flex e-con-boxed e-con e-parent\" data-id=\"38d2914\" data-element_type=\"container\" data-e-type=\"container\">\n\t\t\t\t\t<div class=\"e-con-inner\">\n\t\t\t\t<div class=\"elementor-element elementor-element-47e70fb elementor-widget-divider--view-line elementor-widget elementor-widget-divider\" data-id=\"47e70fb\" data-element_type=\"widget\" data-e-type=\"widget\" data-widget_type=\"divider.default\">\n\t\t\t\t<div class=\"elementor-widget-container\">\n\t\t\t\t\t\t\t<div class=\"elementor-divider\">\n\t\t\t<span class=\"elementor-divider-separator\">\n\t\t\t\t\t\t<\/span>\n\t\t<\/div>\n\t\t\t\t\t\t<\/div>\n\t\t\t\t<\/div>\n\t\t\t\t<div class=\"elementor-element elementor-element-08a3300 elementor-widget elementor-widget-text-editor\" data-id=\"08a3300\" data-element_type=\"widget\" data-e-type=\"widget\" data-widget_type=\"text-editor.default\">\n\t\t\t\t<div class=\"elementor-widget-container\">\n\t\t\t\t\t\t\t\t\t<p><strong><span style=\"color: #ffffff;\">Durch die Revisionssicherheit unserer Software haben Sie stets Einblick darin, welcher Benutzer den Unfall angelegt, eingesehen, ver\u00e4ndert oder gel\u00f6scht hat. Auch werden Ihnen Ver\u00e4nderungen detailliert aufgeschl\u00fcsselt.\u00a0<\/span><\/strong><\/p>\t\t\t\t\t\t\t\t<\/div>\n\t\t\t\t<\/div>\n\t\t\t\t\t<\/div>\n\t\t\t\t<\/div>\n\t\t\t\t<\/div>\n\t\t","protected":false},"excerpt":{"rendered":"<p>Hier erfahren Sie, wie Sie als Reviewer oder Reviewerin Unf\u00e4lle einsehen k\u00f6nnen. Gehen Sie im Hauptmen\u00fc auf &#8222;Unf\u00e4lle einsehen&#8220;. Wenn schon Unf\u00e4lle erfasst wurden, sehen Sie diese hier aufgelistet. Suchen Sie einen bestimmten Unfall, k\u00f6nnen Sie diesen \u00fcber das Suche-Feld direkt heraussuchen und sich anzeigen lassen. Klicken Sie nun auf den Eintrag, k\u00f6nnen Sie sich &#8230; <a title=\"Anleitung &#8211; Unf\u00e4lle einsehen (Reviewer)\" class=\"read-more\" href=\"https:\/\/help.classymade.de\/?page_id=596\" aria-label=\"Mehr Informationen \u00fcber Anleitung &#8211; Unf\u00e4lle einsehen (Reviewer)\">Weiterlesen<\/a><\/p>\n","protected":false},"author":2,"featured_media":0,"parent":0,"menu_order":0,"comment_status":"closed","ping_status":"closed","template":"","meta":{"footnotes":""},"class_list":["post-596","page","type-page","status-publish"],"yoast_head":"<!-- This site is optimized with the Yoast SEO plugin v27.6 - https:\/\/yoast.com\/product\/yoast-seo-wordpress\/ -->\n<title>Anleitung - Unf\u00e4lle einsehen (Reviewer) - ClassyMade GmbH<\/title>\n<meta name=\"robots\" content=\"index, follow, max-snippet:-1, max-image-preview:large, max-video-preview:-1\" \/>\n<link rel=\"canonical\" href=\"https:\/\/help.classymade.de\/?page_id=596\" \/>\n<meta property=\"og:locale\" content=\"de_DE\" \/>\n<meta property=\"og:type\" content=\"article\" \/>\n<meta property=\"og:title\" content=\"Anleitung - Unf\u00e4lle einsehen (Reviewer) - ClassyMade GmbH\" \/>\n<meta property=\"og:description\" content=\"Hier erfahren Sie, wie Sie als Reviewer oder Reviewerin Unf\u00e4lle einsehen k\u00f6nnen. Gehen Sie im Hauptmen\u00fc auf &#8222;Unf\u00e4lle einsehen&#8220;. Wenn schon Unf\u00e4lle erfasst wurden, sehen Sie diese hier aufgelistet. Suchen Sie einen bestimmten Unfall, k\u00f6nnen Sie diesen \u00fcber das Suche-Feld direkt heraussuchen und sich anzeigen lassen. Klicken Sie nun auf den Eintrag, k\u00f6nnen Sie sich ... Weiterlesen\" \/>\n<meta property=\"og:url\" content=\"https:\/\/help.classymade.de\/?page_id=596\" \/>\n<meta property=\"og:site_name\" content=\"ClassyMade GmbH\" \/>\n<meta property=\"article:modified_time\" content=\"2025-09-19T12:39:31+00:00\" \/>\n<meta property=\"og:image\" content=\"https:\/\/help.classymade.de\/wp-content\/uploads\/2025\/09\/Unfaelle-einsehen.png\" \/>\n\t<meta property=\"og:image:width\" content=\"526\" \/>\n\t<meta property=\"og:image:height\" content=\"214\" \/>\n\t<meta property=\"og:image:type\" content=\"image\/png\" \/>\n<meta name=\"twitter:card\" content=\"summary_large_image\" \/>\n<meta name=\"twitter:label1\" content=\"Gesch\u00e4tzte Lesezeit\" \/>\n\t<meta name=\"twitter:data1\" content=\"2\u00a0Minuten\" \/>\n<script type=\"application\/ld+json\" class=\"yoast-schema-graph\">{\"@context\":\"https:\\\/\\\/schema.org\",\"@graph\":[{\"@type\":\"WebPage\",\"@id\":\"https:\\\/\\\/help.classymade.de\\\/?page_id=596\",\"url\":\"https:\\\/\\\/help.classymade.de\\\/?page_id=596\",\"name\":\"Anleitung - Unf\u00e4lle einsehen (Reviewer) - ClassyMade GmbH\",\"isPartOf\":{\"@id\":\"https:\\\/\\\/help.classymade.de\\\/#website\"},\"primaryImageOfPage\":{\"@id\":\"https:\\\/\\\/help.classymade.de\\\/?page_id=596#primaryimage\"},\"image\":{\"@id\":\"https:\\\/\\\/help.classymade.de\\\/?page_id=596#primaryimage\"},\"thumbnailUrl\":\"https:\\\/\\\/help.classymade.de\\\/wp-content\\\/uploads\\\/2025\\\/09\\\/Unfaelle-einsehen.png\",\"datePublished\":\"2025-09-15T14:15:46+00:00\",\"dateModified\":\"2025-09-19T12:39:31+00:00\",\"breadcrumb\":{\"@id\":\"https:\\\/\\\/help.classymade.de\\\/?page_id=596#breadcrumb\"},\"inLanguage\":\"de\",\"potentialAction\":[{\"@type\":\"ReadAction\",\"target\":[\"https:\\\/\\\/help.classymade.de\\\/?page_id=596\"]}]},{\"@type\":\"ImageObject\",\"inLanguage\":\"de\",\"@id\":\"https:\\\/\\\/help.classymade.de\\\/?page_id=596#primaryimage\",\"url\":\"https:\\\/\\\/help.classymade.de\\\/wp-content\\\/uploads\\\/2025\\\/09\\\/Unfaelle-einsehen.png\",\"contentUrl\":\"https:\\\/\\\/help.classymade.de\\\/wp-content\\\/uploads\\\/2025\\\/09\\\/Unfaelle-einsehen.png\",\"width\":526,\"height\":214},{\"@type\":\"BreadcrumbList\",\"@id\":\"https:\\\/\\\/help.classymade.de\\\/?page_id=596#breadcrumb\",\"itemListElement\":[{\"@type\":\"ListItem\",\"position\":1,\"name\":\"Startseite\",\"item\":\"https:\\\/\\\/help.classymade.de\\\/\"},{\"@type\":\"ListItem\",\"position\":2,\"name\":\"Anleitung &#8211; Unf\u00e4lle einsehen (Reviewer)\"}]},{\"@type\":\"WebSite\",\"@id\":\"https:\\\/\\\/help.classymade.de\\\/#website\",\"url\":\"https:\\\/\\\/help.classymade.de\\\/\",\"name\":\"ClassyMade GmbH\",\"description\":\"Hilfecenter\",\"publisher\":{\"@id\":\"https:\\\/\\\/help.classymade.de\\\/#organization\"},\"potentialAction\":[{\"@type\":\"SearchAction\",\"target\":{\"@type\":\"EntryPoint\",\"urlTemplate\":\"https:\\\/\\\/help.classymade.de\\\/?s={search_term_string}\"},\"query-input\":{\"@type\":\"PropertyValueSpecification\",\"valueRequired\":true,\"valueName\":\"search_term_string\"}}],\"inLanguage\":\"de\"},{\"@type\":\"Organization\",\"@id\":\"https:\\\/\\\/help.classymade.de\\\/#organization\",\"name\":\"ClassyMade GmbH\",\"url\":\"https:\\\/\\\/help.classymade.de\\\/\",\"logo\":{\"@type\":\"ImageObject\",\"inLanguage\":\"de\",\"@id\":\"https:\\\/\\\/help.classymade.de\\\/#\\\/schema\\\/logo\\\/image\\\/\",\"url\":\"https:\\\/\\\/help.classymade.de\\\/wp-content\\\/uploads\\\/2025\\\/06\\\/Classymade-logo-quadrat-grau.png\",\"contentUrl\":\"https:\\\/\\\/help.classymade.de\\\/wp-content\\\/uploads\\\/2025\\\/06\\\/Classymade-logo-quadrat-grau.png\",\"width\":2000,\"height\":2000,\"caption\":\"ClassyMade GmbH\"},\"image\":{\"@id\":\"https:\\\/\\\/help.classymade.de\\\/#\\\/schema\\\/logo\\\/image\\\/\"}}]}<\/script>\n<!-- \/ Yoast SEO plugin. -->","yoast_head_json":{"title":"Anleitung - Unf\u00e4lle einsehen (Reviewer) - ClassyMade GmbH","robots":{"index":"index","follow":"follow","max-snippet":"max-snippet:-1","max-image-preview":"max-image-preview:large","max-video-preview":"max-video-preview:-1"},"canonical":"https:\/\/help.classymade.de\/?page_id=596","og_locale":"de_DE","og_type":"article","og_title":"Anleitung - Unf\u00e4lle einsehen (Reviewer) - ClassyMade GmbH","og_description":"Hier erfahren Sie, wie Sie als Reviewer oder Reviewerin Unf\u00e4lle einsehen k\u00f6nnen. Gehen Sie im Hauptmen\u00fc auf &#8222;Unf\u00e4lle einsehen&#8220;. Wenn schon Unf\u00e4lle erfasst wurden, sehen Sie diese hier aufgelistet. Suchen Sie einen bestimmten Unfall, k\u00f6nnen Sie diesen \u00fcber das Suche-Feld direkt heraussuchen und sich anzeigen lassen. Klicken Sie nun auf den Eintrag, k\u00f6nnen Sie sich ... Weiterlesen","og_url":"https:\/\/help.classymade.de\/?page_id=596","og_site_name":"ClassyMade GmbH","article_modified_time":"2025-09-19T12:39:31+00:00","og_image":[{"width":526,"height":214,"url":"https:\/\/help.classymade.de\/wp-content\/uploads\/2025\/09\/Unfaelle-einsehen.png","type":"image\/png"}],"twitter_card":"summary_large_image","twitter_misc":{"Gesch\u00e4tzte Lesezeit":"2\u00a0Minuten"},"schema":{"@context":"https:\/\/schema.org","@graph":[{"@type":"WebPage","@id":"https:\/\/help.classymade.de\/?page_id=596","url":"https:\/\/help.classymade.de\/?page_id=596","name":"Anleitung - Unf\u00e4lle einsehen (Reviewer) - ClassyMade GmbH","isPartOf":{"@id":"https:\/\/help.classymade.de\/#website"},"primaryImageOfPage":{"@id":"https:\/\/help.classymade.de\/?page_id=596#primaryimage"},"image":{"@id":"https:\/\/help.classymade.de\/?page_id=596#primaryimage"},"thumbnailUrl":"https:\/\/help.classymade.de\/wp-content\/uploads\/2025\/09\/Unfaelle-einsehen.png","datePublished":"2025-09-15T14:15:46+00:00","dateModified":"2025-09-19T12:39:31+00:00","breadcrumb":{"@id":"https:\/\/help.classymade.de\/?page_id=596#breadcrumb"},"inLanguage":"de","potentialAction":[{"@type":"ReadAction","target":["https:\/\/help.classymade.de\/?page_id=596"]}]},{"@type":"ImageObject","inLanguage":"de","@id":"https:\/\/help.classymade.de\/?page_id=596#primaryimage","url":"https:\/\/help.classymade.de\/wp-content\/uploads\/2025\/09\/Unfaelle-einsehen.png","contentUrl":"https:\/\/help.classymade.de\/wp-content\/uploads\/2025\/09\/Unfaelle-einsehen.png","width":526,"height":214},{"@type":"BreadcrumbList","@id":"https:\/\/help.classymade.de\/?page_id=596#breadcrumb","itemListElement":[{"@type":"ListItem","position":1,"name":"Startseite","item":"https:\/\/help.classymade.de\/"},{"@type":"ListItem","position":2,"name":"Anleitung &#8211; Unf\u00e4lle einsehen (Reviewer)"}]},{"@type":"WebSite","@id":"https:\/\/help.classymade.de\/#website","url":"https:\/\/help.classymade.de\/","name":"ClassyMade GmbH","description":"Hilfecenter","publisher":{"@id":"https:\/\/help.classymade.de\/#organization"},"potentialAction":[{"@type":"SearchAction","target":{"@type":"EntryPoint","urlTemplate":"https:\/\/help.classymade.de\/?s={search_term_string}"},"query-input":{"@type":"PropertyValueSpecification","valueRequired":true,"valueName":"search_term_string"}}],"inLanguage":"de"},{"@type":"Organization","@id":"https:\/\/help.classymade.de\/#organization","name":"ClassyMade GmbH","url":"https:\/\/help.classymade.de\/","logo":{"@type":"ImageObject","inLanguage":"de","@id":"https:\/\/help.classymade.de\/#\/schema\/logo\/image\/","url":"https:\/\/help.classymade.de\/wp-content\/uploads\/2025\/06\/Classymade-logo-quadrat-grau.png","contentUrl":"https:\/\/help.classymade.de\/wp-content\/uploads\/2025\/06\/Classymade-logo-quadrat-grau.png","width":2000,"height":2000,"caption":"ClassyMade GmbH"},"image":{"@id":"https:\/\/help.classymade.de\/#\/schema\/logo\/image\/"}}]}},"_links":{"self":[{"href":"https:\/\/help.classymade.de\/index.php?rest_route=\/wp\/v2\/pages\/596","targetHints":{"allow":["GET"]}}],"collection":[{"href":"https:\/\/help.classymade.de\/index.php?rest_route=\/wp\/v2\/pages"}],"about":[{"href":"https:\/\/help.classymade.de\/index.php?rest_route=\/wp\/v2\/types\/page"}],"author":[{"embeddable":true,"href":"https:\/\/help.classymade.de\/index.php?rest_route=\/wp\/v2\/users\/2"}],"replies":[{"embeddable":true,"href":"https:\/\/help.classymade.de\/index.php?rest_route=%2Fwp%2Fv2%2Fcomments&post=596"}],"version-history":[{"count":13,"href":"https:\/\/help.classymade.de\/index.php?rest_route=\/wp\/v2\/pages\/596\/revisions"}],"predecessor-version":[{"id":1098,"href":"https:\/\/help.classymade.de\/index.php?rest_route=\/wp\/v2\/pages\/596\/revisions\/1098"}],"wp:attachment":[{"href":"https:\/\/help.classymade.de\/index.php?rest_route=%2Fwp%2Fv2%2Fmedia&parent=596"}],"curies":[{"name":"wp","href":"https:\/\/api.w.org\/{rel}","templated":true}]}}