{"id":666,"date":"2025-09-16T12:49:46","date_gmt":"2025-09-16T12:49:46","guid":{"rendered":"https:\/\/help.classymade.de\/?page_id=666"},"modified":"2025-09-19T12:37:26","modified_gmt":"2025-09-19T12:37:26","slug":"anleitung-registrierung-fuer-schuelerinnen-und-schueler","status":"publish","type":"page","link":"https:\/\/help.classymade.de\/?page_id=666","title":{"rendered":"Anleitung &#8211; Registrierung f\u00fcr Sch\u00fclerinnen und Sch\u00fcler"},"content":{"rendered":"\t\t<div data-elementor-type=\"wp-page\" data-elementor-id=\"666\" class=\"elementor elementor-666\" data-elementor-post-type=\"page\">\n\t\t\t\t<div class=\"elementor-element elementor-element-7c108a0 e-flex e-con-boxed e-con e-parent\" data-id=\"7c108a0\" data-element_type=\"container\" data-e-type=\"container\">\n\t\t\t\t\t<div class=\"e-con-inner\">\n\t\t\t\t<div class=\"elementor-element elementor-element-04fba7c elementor-widget-divider--view-line elementor-widget elementor-widget-divider\" data-id=\"04fba7c\" data-element_type=\"widget\" data-e-type=\"widget\" data-widget_type=\"divider.default\">\n\t\t\t\t<div class=\"elementor-widget-container\">\n\t\t\t\t\t\t\t<div class=\"elementor-divider\">\n\t\t\t<span class=\"elementor-divider-separator\">\n\t\t\t\t\t\t<\/span>\n\t\t<\/div>\n\t\t\t\t\t\t<\/div>\n\t\t\t\t<\/div>\n\t\t\t\t\t<\/div>\n\t\t\t\t<\/div>\n\t\t<div class=\"elementor-element elementor-element-5cd5633 e-flex e-con-boxed e-con e-parent\" data-id=\"5cd5633\" data-element_type=\"container\" data-e-type=\"container\">\n\t\t\t\t\t<div class=\"e-con-inner\">\n\t\t\t\t<div class=\"elementor-element elementor-element-28c94f2 elementor-widget elementor-widget-text-editor\" data-id=\"28c94f2\" data-element_type=\"widget\" data-e-type=\"widget\" data-widget_type=\"text-editor.default\">\n\t\t\t\t<div class=\"elementor-widget-container\">\n\t\t\t\t\t\t\t\t\t<h5><strong><span style=\"color: #ffffff;\">Um dich als Sch\u00fclerin oder Sch\u00fcler bei<em> Accidents at School<\/em> zu registrieren, folge einfach dieser Anleitung. Wir zeigen Dir Schritt f\u00fcr Schritt, wie du Dein Konto aktivierst. Hierf\u00fcr sollte Dir Deine Schule bereits einen Code gegeben haben, damit Du Dich registrieren kannst. Falls Du noch keinen Code erhalten hast, kontaktiere bitte Deine Schule.<\/span><\/strong><\/h5>\t\t\t\t\t\t\t\t<\/div>\n\t\t\t\t<\/div>\n\t\t\t\t\t<\/div>\n\t\t\t\t<\/div>\n\t\t<div class=\"elementor-element elementor-element-cdb6b36 e-flex e-con-boxed e-con e-parent\" data-id=\"cdb6b36\" data-element_type=\"container\" data-e-type=\"container\">\n\t\t\t\t\t<div class=\"e-con-inner\">\n\t\t\t\t<div class=\"elementor-element elementor-element-d0acdab elementor-widget elementor-widget-text-editor\" data-id=\"d0acdab\" data-element_type=\"widget\" data-e-type=\"widget\" data-widget_type=\"text-editor.default\">\n\t\t\t\t<div class=\"elementor-widget-container\">\n\t\t\t\t\t\t\t\t\t<p><span style=\"color: #ffffff;\"><strong>1.<\/strong> Gehe auf:<\/span> <a href=\"https:\/\/app.accidents.school\">https:\/\/app.accidents.school.<\/a><\/p><p><span style=\"color: #ffffff;\">Hier\u00fcber kommst du auf die Startseite, von dort aus ist die Registrierung schnell abgeschlossen.<\/span><\/p>\t\t\t\t\t\t\t\t<\/div>\n\t\t\t\t<\/div>\n\t\t\t\t\t<\/div>\n\t\t\t\t<\/div>\n\t\t<div class=\"elementor-element elementor-element-16b76f0 e-flex e-con-boxed e-con e-parent\" data-id=\"16b76f0\" data-element_type=\"container\" data-e-type=\"container\">\n\t\t\t\t\t<div class=\"e-con-inner\">\n\t\t\t\t<div class=\"elementor-element elementor-element-ea97ab2 elementor-widget elementor-widget-text-editor\" data-id=\"ea97ab2\" data-element_type=\"widget\" data-e-type=\"widget\" data-widget_type=\"text-editor.default\">\n\t\t\t\t<div class=\"elementor-widget-container\">\n\t\t\t\t\t\t\t\t\t<p><span style=\"color: #ffffff;\"><strong>2.<\/strong> Gib nun den Namen Deiner Schule in das Suchfenster ein:<\/span><\/p>\t\t\t\t\t\t\t\t<\/div>\n\t\t\t\t<\/div>\n\t\t\t\t\t<\/div>\n\t\t\t\t<\/div>\n\t\t<div class=\"elementor-element elementor-element-0048c54 e-flex e-con-boxed e-con e-parent\" data-id=\"0048c54\" data-element_type=\"container\" data-e-type=\"container\">\n\t\t\t\t\t<div class=\"e-con-inner\">\n\t\t\t\t<div class=\"elementor-element elementor-element-3ff9abd elementor-widget elementor-widget-image\" data-id=\"3ff9abd\" data-element_type=\"widget\" data-e-type=\"widget\" data-widget_type=\"image.default\">\n\t\t\t\t<div class=\"elementor-widget-container\">\n\t\t\t\t\t\t\t\t\t\t\t\t\t\t\t<img fetchpriority=\"high\" decoding=\"async\" width=\"773\" height=\"731\" src=\"https:\/\/help.classymade.de\/wp-content\/uploads\/2025\/09\/Schule-suchen.png\" class=\"attachment-large size-large wp-image-407\" alt=\"\" srcset=\"https:\/\/help.classymade.de\/wp-content\/uploads\/2025\/09\/Schule-suchen.png 773w, https:\/\/help.classymade.de\/wp-content\/uploads\/2025\/09\/Schule-suchen-300x284.png 300w, https:\/\/help.classymade.de\/wp-content\/uploads\/2025\/09\/Schule-suchen-768x726.png 768w\" sizes=\"(max-width: 773px) 100vw, 773px\" \/>\t\t\t\t\t\t\t\t\t\t\t\t\t\t\t<\/div>\n\t\t\t\t<\/div>\n\t\t\t\t\t<\/div>\n\t\t\t\t<\/div>\n\t\t<div class=\"elementor-element elementor-element-07be8f5 e-flex e-con-boxed e-con e-parent\" data-id=\"07be8f5\" data-element_type=\"container\" data-e-type=\"container\">\n\t\t\t\t\t<div class=\"e-con-inner\">\n\t\t\t\t\t<\/div>\n\t\t\t\t<\/div>\n\t\t<div class=\"elementor-element elementor-element-0850dca e-flex e-con-boxed e-con e-parent\" data-id=\"0850dca\" data-element_type=\"container\" data-e-type=\"container\">\n\t\t\t\t\t<div class=\"e-con-inner\">\n\t\t\t\t<div class=\"elementor-element elementor-element-2b5e066 elementor-widget elementor-widget-text-editor\" data-id=\"2b5e066\" data-element_type=\"widget\" data-e-type=\"widget\" data-widget_type=\"text-editor.default\">\n\t\t\t\t<div class=\"elementor-widget-container\">\n\t\t\t\t\t\t\t\t\t<p><span style=\"color: #ffffff;\"><strong>3.<\/strong> Klicke nun auf <strong>&#8222;Registrierung als Sch\u00fclerin oder Sch\u00fcler mit Code&#8220;<\/strong>.<\/span><\/p>\t\t\t\t\t\t\t\t<\/div>\n\t\t\t\t<\/div>\n\t\t\t\t\t<\/div>\n\t\t\t\t<\/div>\n\t\t<div class=\"elementor-element elementor-element-29160ad e-flex e-con-boxed e-con e-parent\" data-id=\"29160ad\" data-element_type=\"container\" data-e-type=\"container\">\n\t\t\t\t\t<div class=\"e-con-inner\">\n\t\t\t\t<div class=\"elementor-element elementor-element-9b6dbdc elementor-widget elementor-widget-image\" data-id=\"9b6dbdc\" data-element_type=\"widget\" data-e-type=\"widget\" data-widget_type=\"image.default\">\n\t\t\t\t<div class=\"elementor-widget-container\">\n\t\t\t\t\t\t\t\t\t\t\t\t\t\t\t<img decoding=\"async\" width=\"577\" height=\"752\" src=\"https:\/\/help.classymade.de\/wp-content\/uploads\/2025\/09\/Registrieren_als-Schueler.png\" class=\"attachment-large size-large wp-image-677\" alt=\"\" srcset=\"https:\/\/help.classymade.de\/wp-content\/uploads\/2025\/09\/Registrieren_als-Schueler.png 577w, https:\/\/help.classymade.de\/wp-content\/uploads\/2025\/09\/Registrieren_als-Schueler-230x300.png 230w\" sizes=\"(max-width: 577px) 100vw, 577px\" \/>\t\t\t\t\t\t\t\t\t\t\t\t\t\t\t<\/div>\n\t\t\t\t<\/div>\n\t\t\t\t\t<\/div>\n\t\t\t\t<\/div>\n\t\t<div class=\"elementor-element elementor-element-d451608 e-flex e-con-boxed e-con e-parent\" data-id=\"d451608\" data-element_type=\"container\" data-e-type=\"container\">\n\t\t\t\t\t<div class=\"e-con-inner\">\n\t\t\t\t\t<\/div>\n\t\t\t\t<\/div>\n\t\t<div class=\"elementor-element elementor-element-f8be04e e-flex e-con-boxed e-con e-parent\" data-id=\"f8be04e\" data-element_type=\"container\" data-e-type=\"container\">\n\t\t\t\t\t<div class=\"e-con-inner\">\n\t\t\t\t<div class=\"elementor-element elementor-element-8559b30 elementor-widget elementor-widget-text-editor\" data-id=\"8559b30\" data-element_type=\"widget\" data-e-type=\"widget\" data-widget_type=\"text-editor.default\">\n\t\t\t\t<div class=\"elementor-widget-container\">\n\t\t\t\t\t\t\t\t\t<p><span style=\"color: #ffffff;\"><strong>4.<\/strong> Es \u00f6ffnet sich nun ein Hinweisfenster. Wenn Du den Code hast, klicke auf <strong>&#8222;registrieren&#8220;<\/strong>.<\/span><\/p>\t\t\t\t\t\t\t\t<\/div>\n\t\t\t\t<\/div>\n\t\t\t\t\t<\/div>\n\t\t\t\t<\/div>\n\t\t<div class=\"elementor-element elementor-element-d1ba462 e-flex e-con-boxed e-con e-parent\" data-id=\"d1ba462\" data-element_type=\"container\" data-e-type=\"container\">\n\t\t\t\t\t<div class=\"e-con-inner\">\n\t\t\t\t<div class=\"elementor-element elementor-element-2362ef0 elementor-widget elementor-widget-image\" data-id=\"2362ef0\" data-element_type=\"widget\" data-e-type=\"widget\" data-widget_type=\"image.default\">\n\t\t\t\t<div class=\"elementor-widget-container\">\n\t\t\t\t\t\t\t\t\t\t\t\t\t\t\t<img decoding=\"async\" width=\"1024\" height=\"508\" src=\"https:\/\/help.classymade.de\/wp-content\/uploads\/2025\/09\/Registrierung_Schueler_fortfahren-1024x508.png\" class=\"attachment-large size-large wp-image-687\" alt=\"\" srcset=\"https:\/\/help.classymade.de\/wp-content\/uploads\/2025\/09\/Registrierung_Schueler_fortfahren-1024x508.png 1024w, https:\/\/help.classymade.de\/wp-content\/uploads\/2025\/09\/Registrierung_Schueler_fortfahren-300x149.png 300w, https:\/\/help.classymade.de\/wp-content\/uploads\/2025\/09\/Registrierung_Schueler_fortfahren-768x381.png 768w, https:\/\/help.classymade.de\/wp-content\/uploads\/2025\/09\/Registrierung_Schueler_fortfahren-1536x762.png 1536w, https:\/\/help.classymade.de\/wp-content\/uploads\/2025\/09\/Registrierung_Schueler_fortfahren-2048x1016.png 2048w\" sizes=\"(max-width: 1024px) 100vw, 1024px\" \/>\t\t\t\t\t\t\t\t\t\t\t\t\t\t\t<\/div>\n\t\t\t\t<\/div>\n\t\t\t\t<div class=\"elementor-element elementor-element-16591f2 elementor-widget elementor-widget-text-editor\" data-id=\"16591f2\" data-element_type=\"widget\" data-e-type=\"widget\" data-widget_type=\"text-editor.default\">\n\t\t\t\t<div class=\"elementor-widget-container\">\n\t\t\t\t\t\t\t\t\t<p><span style=\"color: #ffffff;\"><strong>5.<\/strong> Im folgenden Fenster gibst du Deine E-Mail-Adresse und den Code ein, den Du von Deiner Schule erhalten hast. Wenn Du alle Daten eingegeben hast, klicke auf hier auf <strong>&#8222;Registrieren&#8220;<\/strong>.<\/span><\/p>\t\t\t\t\t\t\t\t<\/div>\n\t\t\t\t<\/div>\n\t\t\t\t<div class=\"elementor-element elementor-element-b46d5c0 elementor-widget elementor-widget-image\" data-id=\"b46d5c0\" data-element_type=\"widget\" data-e-type=\"widget\" data-widget_type=\"image.default\">\n\t\t\t\t<div class=\"elementor-widget-container\">\n\t\t\t\t\t\t\t\t\t\t\t\t\t\t\t<img loading=\"lazy\" decoding=\"async\" width=\"846\" height=\"962\" src=\"https:\/\/help.classymade.de\/wp-content\/uploads\/2025\/09\/Registrierung_Schueler_mit-Code.png\" class=\"attachment-large size-large wp-image-681\" alt=\"\" srcset=\"https:\/\/help.classymade.de\/wp-content\/uploads\/2025\/09\/Registrierung_Schueler_mit-Code.png 846w, https:\/\/help.classymade.de\/wp-content\/uploads\/2025\/09\/Registrierung_Schueler_mit-Code-264x300.png 264w, https:\/\/help.classymade.de\/wp-content\/uploads\/2025\/09\/Registrierung_Schueler_mit-Code-768x873.png 768w\" sizes=\"(max-width: 846px) 100vw, 846px\" \/>\t\t\t\t\t\t\t\t\t\t\t\t\t\t\t<\/div>\n\t\t\t\t<\/div>\n\t\t\t\t\t<\/div>\n\t\t\t\t<\/div>\n\t\t<div class=\"elementor-element elementor-element-fdfc91b e-flex e-con-boxed e-con e-parent\" data-id=\"fdfc91b\" data-element_type=\"container\" data-e-type=\"container\">\n\t\t\t\t\t<div class=\"e-con-inner\">\n\t\t\t\t<div class=\"elementor-element elementor-element-e736182 elementor-widget elementor-widget-text-editor\" data-id=\"e736182\" data-element_type=\"widget\" data-e-type=\"widget\" data-widget_type=\"text-editor.default\">\n\t\t\t\t<div class=\"elementor-widget-container\">\n\t\t\t\t\t\t\t\t\t<p><span style=\"color: #ffffff;\">Geschafft! [&#8230;]<\/span><\/p>\t\t\t\t\t\t\t\t<\/div>\n\t\t\t\t<\/div>\n\t\t\t\t\t<\/div>\n\t\t\t\t<\/div>\n\t\t\t\t<\/div>\n\t\t","protected":false},"excerpt":{"rendered":"<p>Um dich als Sch\u00fclerin oder Sch\u00fcler bei Accidents at School zu registrieren, folge einfach dieser Anleitung. Wir zeigen Dir Schritt f\u00fcr Schritt, wie du Dein Konto aktivierst. Hierf\u00fcr sollte Dir Deine Schule bereits einen Code gegeben haben, damit Du Dich registrieren kannst. Falls Du noch keinen Code erhalten hast, kontaktiere bitte Deine Schule. 1. Gehe &#8230; <a title=\"Anleitung &#8211; Registrierung f\u00fcr Sch\u00fclerinnen und Sch\u00fcler\" class=\"read-more\" href=\"https:\/\/help.classymade.de\/?page_id=666\" aria-label=\"Mehr Informationen \u00fcber Anleitung &#8211; Registrierung f\u00fcr Sch\u00fclerinnen und Sch\u00fcler\">Weiterlesen<\/a><\/p>\n","protected":false},"author":2,"featured_media":0,"parent":0,"menu_order":0,"comment_status":"closed","ping_status":"closed","template":"","meta":{"footnotes":""},"class_list":["post-666","page","type-page","status-publish"],"yoast_head":"<!-- This site is optimized with the Yoast SEO plugin v27.6 - https:\/\/yoast.com\/product\/yoast-seo-wordpress\/ -->\n<title>Anleitung - Registrierung f\u00fcr Sch\u00fclerinnen und Sch\u00fcler - ClassyMade GmbH<\/title>\n<meta name=\"robots\" content=\"index, follow, max-snippet:-1, max-image-preview:large, max-video-preview:-1\" \/>\n<link rel=\"canonical\" href=\"https:\/\/help.classymade.de\/?page_id=666\" \/>\n<meta property=\"og:locale\" content=\"de_DE\" \/>\n<meta property=\"og:type\" content=\"article\" \/>\n<meta property=\"og:title\" content=\"Anleitung - Registrierung f\u00fcr Sch\u00fclerinnen und Sch\u00fcler - ClassyMade GmbH\" \/>\n<meta property=\"og:description\" content=\"Um dich als Sch\u00fclerin oder Sch\u00fcler bei Accidents at School zu registrieren, folge einfach dieser Anleitung. Wir zeigen Dir Schritt f\u00fcr Schritt, wie du Dein Konto aktivierst. Hierf\u00fcr sollte Dir Deine Schule bereits einen Code gegeben haben, damit Du Dich registrieren kannst. Falls Du noch keinen Code erhalten hast, kontaktiere bitte Deine Schule. 1. Gehe ... Weiterlesen\" \/>\n<meta property=\"og:url\" content=\"https:\/\/help.classymade.de\/?page_id=666\" \/>\n<meta property=\"og:site_name\" content=\"ClassyMade GmbH\" \/>\n<meta property=\"article:modified_time\" content=\"2025-09-19T12:37:26+00:00\" \/>\n<meta property=\"og:image\" content=\"https:\/\/help.classymade.de\/wp-content\/uploads\/2025\/09\/Schule-suchen.png\" \/>\n\t<meta property=\"og:image:width\" content=\"773\" \/>\n\t<meta property=\"og:image:height\" content=\"731\" \/>\n\t<meta property=\"og:image:type\" content=\"image\/png\" \/>\n<meta name=\"twitter:card\" content=\"summary_large_image\" \/>\n<meta name=\"twitter:label1\" content=\"Gesch\u00e4tzte Lesezeit\" \/>\n\t<meta name=\"twitter:data1\" content=\"2\u00a0Minuten\" \/>\n<script type=\"application\/ld+json\" class=\"yoast-schema-graph\">{\"@context\":\"https:\\\/\\\/schema.org\",\"@graph\":[{\"@type\":\"WebPage\",\"@id\":\"https:\\\/\\\/help.classymade.de\\\/?page_id=666\",\"url\":\"https:\\\/\\\/help.classymade.de\\\/?page_id=666\",\"name\":\"Anleitung - Registrierung f\u00fcr Sch\u00fclerinnen und Sch\u00fcler - ClassyMade GmbH\",\"isPartOf\":{\"@id\":\"https:\\\/\\\/help.classymade.de\\\/#website\"},\"primaryImageOfPage\":{\"@id\":\"https:\\\/\\\/help.classymade.de\\\/?page_id=666#primaryimage\"},\"image\":{\"@id\":\"https:\\\/\\\/help.classymade.de\\\/?page_id=666#primaryimage\"},\"thumbnailUrl\":\"https:\\\/\\\/help.classymade.de\\\/wp-content\\\/uploads\\\/2025\\\/09\\\/Schule-suchen.png\",\"datePublished\":\"2025-09-16T12:49:46+00:00\",\"dateModified\":\"2025-09-19T12:37:26+00:00\",\"breadcrumb\":{\"@id\":\"https:\\\/\\\/help.classymade.de\\\/?page_id=666#breadcrumb\"},\"inLanguage\":\"de\",\"potentialAction\":[{\"@type\":\"ReadAction\",\"target\":[\"https:\\\/\\\/help.classymade.de\\\/?page_id=666\"]}]},{\"@type\":\"ImageObject\",\"inLanguage\":\"de\",\"@id\":\"https:\\\/\\\/help.classymade.de\\\/?page_id=666#primaryimage\",\"url\":\"https:\\\/\\\/help.classymade.de\\\/wp-content\\\/uploads\\\/2025\\\/09\\\/Schule-suchen.png\",\"contentUrl\":\"https:\\\/\\\/help.classymade.de\\\/wp-content\\\/uploads\\\/2025\\\/09\\\/Schule-suchen.png\",\"width\":773,\"height\":731},{\"@type\":\"BreadcrumbList\",\"@id\":\"https:\\\/\\\/help.classymade.de\\\/?page_id=666#breadcrumb\",\"itemListElement\":[{\"@type\":\"ListItem\",\"position\":1,\"name\":\"Startseite\",\"item\":\"https:\\\/\\\/help.classymade.de\\\/\"},{\"@type\":\"ListItem\",\"position\":2,\"name\":\"Anleitung &#8211; Registrierung f\u00fcr Sch\u00fclerinnen und Sch\u00fcler\"}]},{\"@type\":\"WebSite\",\"@id\":\"https:\\\/\\\/help.classymade.de\\\/#website\",\"url\":\"https:\\\/\\\/help.classymade.de\\\/\",\"name\":\"ClassyMade GmbH\",\"description\":\"Hilfecenter\",\"publisher\":{\"@id\":\"https:\\\/\\\/help.classymade.de\\\/#organization\"},\"potentialAction\":[{\"@type\":\"SearchAction\",\"target\":{\"@type\":\"EntryPoint\",\"urlTemplate\":\"https:\\\/\\\/help.classymade.de\\\/?s={search_term_string}\"},\"query-input\":{\"@type\":\"PropertyValueSpecification\",\"valueRequired\":true,\"valueName\":\"search_term_string\"}}],\"inLanguage\":\"de\"},{\"@type\":\"Organization\",\"@id\":\"https:\\\/\\\/help.classymade.de\\\/#organization\",\"name\":\"ClassyMade GmbH\",\"url\":\"https:\\\/\\\/help.classymade.de\\\/\",\"logo\":{\"@type\":\"ImageObject\",\"inLanguage\":\"de\",\"@id\":\"https:\\\/\\\/help.classymade.de\\\/#\\\/schema\\\/logo\\\/image\\\/\",\"url\":\"https:\\\/\\\/help.classymade.de\\\/wp-content\\\/uploads\\\/2025\\\/06\\\/Classymade-logo-quadrat-grau.png\",\"contentUrl\":\"https:\\\/\\\/help.classymade.de\\\/wp-content\\\/uploads\\\/2025\\\/06\\\/Classymade-logo-quadrat-grau.png\",\"width\":2000,\"height\":2000,\"caption\":\"ClassyMade GmbH\"},\"image\":{\"@id\":\"https:\\\/\\\/help.classymade.de\\\/#\\\/schema\\\/logo\\\/image\\\/\"}}]}<\/script>\n<!-- \/ Yoast SEO plugin. -->","yoast_head_json":{"title":"Anleitung - Registrierung f\u00fcr Sch\u00fclerinnen und Sch\u00fcler - ClassyMade GmbH","robots":{"index":"index","follow":"follow","max-snippet":"max-snippet:-1","max-image-preview":"max-image-preview:large","max-video-preview":"max-video-preview:-1"},"canonical":"https:\/\/help.classymade.de\/?page_id=666","og_locale":"de_DE","og_type":"article","og_title":"Anleitung - Registrierung f\u00fcr Sch\u00fclerinnen und Sch\u00fcler - ClassyMade GmbH","og_description":"Um dich als Sch\u00fclerin oder Sch\u00fcler bei Accidents at School zu registrieren, folge einfach dieser Anleitung. Wir zeigen Dir Schritt f\u00fcr Schritt, wie du Dein Konto aktivierst. Hierf\u00fcr sollte Dir Deine Schule bereits einen Code gegeben haben, damit Du Dich registrieren kannst. Falls Du noch keinen Code erhalten hast, kontaktiere bitte Deine Schule. 1. Gehe ... Weiterlesen","og_url":"https:\/\/help.classymade.de\/?page_id=666","og_site_name":"ClassyMade GmbH","article_modified_time":"2025-09-19T12:37:26+00:00","og_image":[{"width":773,"height":731,"url":"https:\/\/help.classymade.de\/wp-content\/uploads\/2025\/09\/Schule-suchen.png","type":"image\/png"}],"twitter_card":"summary_large_image","twitter_misc":{"Gesch\u00e4tzte Lesezeit":"2\u00a0Minuten"},"schema":{"@context":"https:\/\/schema.org","@graph":[{"@type":"WebPage","@id":"https:\/\/help.classymade.de\/?page_id=666","url":"https:\/\/help.classymade.de\/?page_id=666","name":"Anleitung - Registrierung f\u00fcr Sch\u00fclerinnen und Sch\u00fcler - ClassyMade GmbH","isPartOf":{"@id":"https:\/\/help.classymade.de\/#website"},"primaryImageOfPage":{"@id":"https:\/\/help.classymade.de\/?page_id=666#primaryimage"},"image":{"@id":"https:\/\/help.classymade.de\/?page_id=666#primaryimage"},"thumbnailUrl":"https:\/\/help.classymade.de\/wp-content\/uploads\/2025\/09\/Schule-suchen.png","datePublished":"2025-09-16T12:49:46+00:00","dateModified":"2025-09-19T12:37:26+00:00","breadcrumb":{"@id":"https:\/\/help.classymade.de\/?page_id=666#breadcrumb"},"inLanguage":"de","potentialAction":[{"@type":"ReadAction","target":["https:\/\/help.classymade.de\/?page_id=666"]}]},{"@type":"ImageObject","inLanguage":"de","@id":"https:\/\/help.classymade.de\/?page_id=666#primaryimage","url":"https:\/\/help.classymade.de\/wp-content\/uploads\/2025\/09\/Schule-suchen.png","contentUrl":"https:\/\/help.classymade.de\/wp-content\/uploads\/2025\/09\/Schule-suchen.png","width":773,"height":731},{"@type":"BreadcrumbList","@id":"https:\/\/help.classymade.de\/?page_id=666#breadcrumb","itemListElement":[{"@type":"ListItem","position":1,"name":"Startseite","item":"https:\/\/help.classymade.de\/"},{"@type":"ListItem","position":2,"name":"Anleitung &#8211; Registrierung f\u00fcr Sch\u00fclerinnen und Sch\u00fcler"}]},{"@type":"WebSite","@id":"https:\/\/help.classymade.de\/#website","url":"https:\/\/help.classymade.de\/","name":"ClassyMade GmbH","description":"Hilfecenter","publisher":{"@id":"https:\/\/help.classymade.de\/#organization"},"potentialAction":[{"@type":"SearchAction","target":{"@type":"EntryPoint","urlTemplate":"https:\/\/help.classymade.de\/?s={search_term_string}"},"query-input":{"@type":"PropertyValueSpecification","valueRequired":true,"valueName":"search_term_string"}}],"inLanguage":"de"},{"@type":"Organization","@id":"https:\/\/help.classymade.de\/#organization","name":"ClassyMade GmbH","url":"https:\/\/help.classymade.de\/","logo":{"@type":"ImageObject","inLanguage":"de","@id":"https:\/\/help.classymade.de\/#\/schema\/logo\/image\/","url":"https:\/\/help.classymade.de\/wp-content\/uploads\/2025\/06\/Classymade-logo-quadrat-grau.png","contentUrl":"https:\/\/help.classymade.de\/wp-content\/uploads\/2025\/06\/Classymade-logo-quadrat-grau.png","width":2000,"height":2000,"caption":"ClassyMade GmbH"},"image":{"@id":"https:\/\/help.classymade.de\/#\/schema\/logo\/image\/"}}]}},"_links":{"self":[{"href":"https:\/\/help.classymade.de\/index.php?rest_route=\/wp\/v2\/pages\/666","targetHints":{"allow":["GET"]}}],"collection":[{"href":"https:\/\/help.classymade.de\/index.php?rest_route=\/wp\/v2\/pages"}],"about":[{"href":"https:\/\/help.classymade.de\/index.php?rest_route=\/wp\/v2\/types\/page"}],"author":[{"embeddable":true,"href":"https:\/\/help.classymade.de\/index.php?rest_route=\/wp\/v2\/users\/2"}],"replies":[{"embeddable":true,"href":"https:\/\/help.classymade.de\/index.php?rest_route=%2Fwp%2Fv2%2Fcomments&post=666"}],"version-history":[{"count":13,"href":"https:\/\/help.classymade.de\/index.php?rest_route=\/wp\/v2\/pages\/666\/revisions"}],"predecessor-version":[{"id":1088,"href":"https:\/\/help.classymade.de\/index.php?rest_route=\/wp\/v2\/pages\/666\/revisions\/1088"}],"wp:attachment":[{"href":"https:\/\/help.classymade.de\/index.php?rest_route=%2Fwp%2Fv2%2Fmedia&parent=666"}],"curies":[{"name":"wp","href":"https:\/\/api.w.org\/{rel}","templated":true}]}}