{"id":751,"date":"2025-09-16T13:55:54","date_gmt":"2025-09-16T13:55:54","guid":{"rendered":"https:\/\/help.classymade.de\/?page_id=751"},"modified":"2025-09-17T10:20:43","modified_gmt":"2025-09-17T10:20:43","slug":"cookie-und-tracking-konzept","status":"publish","type":"page","link":"https:\/\/help.classymade.de\/?page_id=751","title":{"rendered":"Cookie und Tracking Konzept"},"content":{"rendered":"\t\t<div data-elementor-type=\"wp-page\" data-elementor-id=\"751\" class=\"elementor elementor-751\" data-elementor-post-type=\"page\">\n\t\t\t\t<div class=\"elementor-element elementor-element-aef31b9 e-flex e-con-boxed e-con e-parent\" data-id=\"aef31b9\" data-element_type=\"container\" data-e-type=\"container\">\n\t\t\t\t\t<div class=\"e-con-inner\">\n\t\t\t\t<div class=\"elementor-element elementor-element-f1b4dc2 elementor-widget elementor-widget-text-editor\" data-id=\"f1b4dc2\" data-element_type=\"widget\" data-e-type=\"widget\" data-widget_type=\"text-editor.default\">\n\t\t\t\t<div class=\"elementor-widget-container\">\n\t\t\t\t\t\t\t\t\t<h2 dir=\"auto\" data-sourcepos=\"1:1-1:78\"><a id=\"user-content-cookie--und-tracking-konzept-f\u00fcr-accidentsschool-das-unfallbuch\" class=\"anchor\" href=\"#cookie--und-tracking-konzept-f%C3%BCr-accidentsschool-das-unfallbuch\" target=\"_blank\" rel=\"nofollow noreferrer noopener\" aria-hidden=\"true\"><\/a>Cookie- und Tracking-Konzept f\u00fcr \u201eAccidents@School\u00a0\u2013 Das Unfallbuch\u201c<\/h2><p dir=\"auto\" data-sourcepos=\"3:1-4:38\"><strong data-sourcepos=\"3:1-3:21\">Verantwortlicher:<\/strong> ClassyMade\u00a0GmbH, Zum\u00a0Schwimmbad\u00a044,\u00a065232\u00a0Taunusstein<br data-sourcepos=\"3:81-3:82\" \/><strong data-sourcepos=\"4:1-4:12\">Version:<\/strong>\u00a01.1\u2003Datum:\u00a015.07.2025<\/p><hr data-sourcepos=\"6:1-6:3\" \/><h3 dir=\"auto\" data-sourcepos=\"8:1-8:17\"><a id=\"user-content-1-zielsetzung\" class=\"anchor\" href=\"#1-zielsetzung\" aria-hidden=\"true\"><\/a>1. Zielsetzung<\/h3><p dir=\"auto\" data-sourcepos=\"10:1-10:209\">Dieses Konzept beschreibt den Verzicht auf Cookies und den Einsatz von JSON\u00a0Web\u00a0Tokens (JWT) im lokalen Speicher des Browsers (\u201elocalStorage\u201c), um Authentifizierung und Session-Management zu realisieren.<\/p><h3 dir=\"auto\" data-sourcepos=\"12:1-12:21\"><a id=\"user-content-2-einsatz-von-jwt\" class=\"anchor\" href=\"#2-einsatz-von-jwt\" aria-hidden=\"true\"><\/a>2. Einsatz von JWT<\/h3><ul dir=\"auto\" data-sourcepos=\"14:1-20:0\"><li data-sourcepos=\"14:1-14:86\"><strong data-sourcepos=\"14:3-14:18\">Speicherung:<\/strong> JWT werden ausschlie\u00dflich im <code data-sourcepos=\"14:50-14:63\">localStorage<\/code> des Browsers abgelegt.<\/li><li data-sourcepos=\"15:1-15:109\"><strong data-sourcepos=\"15:3-15:17\">Verwendung:<\/strong> Bei jedem API-Aufruf sendet das Frontend den JWT im <code data-sourcepos=\"15:71-15:101\">Authorization: Bearer &lt;Token&gt;<\/code>-Header.<\/li><li data-sourcepos=\"16:1-20:0\"><strong data-sourcepos=\"16:3-16:17\">Sicherheit:<\/strong><br \/><ul data-sourcepos=\"17:3-20:0\"><li data-sourcepos=\"17:3-17:55\">Transport ausschlie\u00dflich \u00fcber HTTPS (TLS\u202f1.2+).<\/li><li data-sourcepos=\"18:3-18:34\">Token-Lebensdauer: 8\u00a0Stunden.<\/li><li data-sourcepos=\"19:3-20:0\">Auf der Native App liegt eine verschl\u00fcsselte Speicherung im Secure Store vor.<\/li><\/ul><\/li><\/ul><h3 dir=\"auto\" data-sourcepos=\"21:1-21:39\"><a id=\"user-content-3-verzicht-auf-cookies-und-tracking\" class=\"anchor\" href=\"#3-verzicht-auf-cookies-und-tracking\" aria-hidden=\"true\"><\/a>3. Verzicht auf Cookies und Tracking<\/h3><ul dir=\"auto\" data-sourcepos=\"23:1-26:0\"><li data-sourcepos=\"23:1-23:45\">Es werden <strong data-sourcepos=\"23:13-23:21\">keine<\/strong> HTTP-Cookies verwendet.<\/li><li data-sourcepos=\"24:1-24:74\"><strong data-sourcepos=\"24:3-24:11\">Keine<\/strong> Tracking\u2011 oder Analyse\u2011Cookies (z.\u202fB. Google Analytics).<\/li><li data-sourcepos=\"25:1-26:0\">Alle Ressourcen und Skripte werden von der eigenen Domain geladen, ohne Third-Party-Tracker.<\/li><\/ul><h3 dir=\"auto\" data-sourcepos=\"27:1-27:34\"><a id=\"user-content-4-einwilligung-und-transparenz\" class=\"anchor\" href=\"#4-einwilligung-und-transparenz\" aria-hidden=\"true\"><\/a>4. Einwilligung und Transparenz<\/h3><ul dir=\"auto\" data-sourcepos=\"29:1-31:0\"><li data-sourcepos=\"29:1-29:152\">Nutzer werden in der App und im Datenschutzbereich dar\u00fcber informiert, dass keine Cookies eingesetzt werden und JWT im localStorage verwendet werden.<\/li><li data-sourcepos=\"30:1-31:0\">F\u00fcr den Betrieb der Anwendung ist keine gesonderte Einwilligung erforderlich.<\/li><\/ul><h3 dir=\"auto\" data-sourcepos=\"32:1-32:34\"><a id=\"user-content-5-opt-out-und-token-verwaltung\" class=\"anchor\" href=\"#5-opt-out-und-token-verwaltung\" aria-hidden=\"true\"><\/a>5. Opt-Out und Token-Verwaltung<\/h3><ul dir=\"auto\" data-sourcepos=\"34:1-36:0\"><li data-sourcepos=\"34:1-34:69\">Ein Abmelden (\u201eLogout\u201c) l\u00f6scht den JWT aus dem <code data-sourcepos=\"34:55-34:68\">localStorage<\/code>.<\/li><li data-sourcepos=\"35:1-36:0\">Nutzer k\u00f6nnen den Token manuell \u00fcber die Browser-Entwicklertools entfernen, was zur Abmeldung f\u00fchrt.<\/li><\/ul><h3 dir=\"auto\" data-sourcepos=\"37:1-37:33\"><a id=\"user-content-6-\u00fcberpr\u00fcfung-und-anpassung\" class=\"anchor\" href=\"#6-%C3%BCberpr%C3%BCfung-und-anpassung\" target=\"_blank\" rel=\"nofollow noreferrer noopener\" aria-hidden=\"true\"><\/a>6. \u00dcberpr\u00fcfung und Anpassung<\/h3><ul dir=\"auto\" data-sourcepos=\"39:1-41:0\"><li data-sourcepos=\"39:1-39:103\"><strong data-sourcepos=\"39:3-39:33\">Regelm\u00e4\u00dfige \u00dcberpr\u00fcfung<\/strong> (j\u00e4hrlich) auf Einsatz weiterer Speicher- oder Tracking-Mechanismen.<\/li><li data-sourcepos=\"40:1-41:0\">Aktualisierung des Konzepts bei Einf\u00fchrung neuer Webkomponenten oder Auth-Paradigmen.<\/li><\/ul>\t\t\t\t\t\t\t\t<\/div>\n\t\t\t\t<\/div>\n\t\t\t\t\t<\/div>\n\t\t\t\t<\/div>\n\t\t\t\t<\/div>\n\t\t","protected":false},"excerpt":{"rendered":"<p>Cookie- und Tracking-Konzept f\u00fcr \u201eAccidents@School\u00a0\u2013 Das Unfallbuch\u201c Verantwortlicher: ClassyMade\u00a0GmbH, Zum\u00a0Schwimmbad\u00a044,\u00a065232\u00a0TaunussteinVersion:\u00a01.1\u2003Datum:\u00a015.07.2025 1. Zielsetzung Dieses Konzept beschreibt den Verzicht auf Cookies und den Einsatz von JSON\u00a0Web\u00a0Tokens (JWT) im lokalen Speicher des Browsers (\u201elocalStorage\u201c), um Authentifizierung und Session-Management zu realisieren. 2. Einsatz von JWT Speicherung: JWT werden ausschlie\u00dflich im localStorage des Browsers abgelegt. Verwendung: Bei jedem API-Aufruf sendet &#8230; <a title=\"Cookie und Tracking Konzept\" class=\"read-more\" href=\"https:\/\/help.classymade.de\/?page_id=751\" aria-label=\"Mehr Informationen \u00fcber Cookie und Tracking Konzept\">Weiterlesen<\/a><\/p>\n","protected":false},"author":3,"featured_media":0,"parent":0,"menu_order":0,"comment_status":"closed","ping_status":"closed","template":"","meta":{"footnotes":""},"class_list":["post-751","page","type-page","status-publish"],"yoast_head":"<!-- This site is optimized with the Yoast SEO plugin v27.6 - https:\/\/yoast.com\/product\/yoast-seo-wordpress\/ -->\n<title>Cookie und Tracking Konzept - ClassyMade GmbH<\/title>\n<meta name=\"robots\" content=\"index, follow, max-snippet:-1, max-image-preview:large, max-video-preview:-1\" \/>\n<link rel=\"canonical\" href=\"https:\/\/help.classymade.de\/?page_id=751\" \/>\n<meta property=\"og:locale\" content=\"de_DE\" \/>\n<meta property=\"og:type\" content=\"article\" \/>\n<meta property=\"og:title\" content=\"Cookie und Tracking Konzept - ClassyMade GmbH\" \/>\n<meta property=\"og:description\" content=\"Cookie- und Tracking-Konzept f\u00fcr \u201eAccidents@School\u00a0\u2013 Das Unfallbuch\u201c Verantwortlicher: ClassyMade\u00a0GmbH, Zum\u00a0Schwimmbad\u00a044,\u00a065232\u00a0TaunussteinVersion:\u00a01.1\u2003Datum:\u00a015.07.2025 1. Zielsetzung Dieses Konzept beschreibt den Verzicht auf Cookies und den Einsatz von JSON\u00a0Web\u00a0Tokens (JWT) im lokalen Speicher des Browsers (\u201elocalStorage\u201c), um Authentifizierung und Session-Management zu realisieren. 2. Einsatz von JWT Speicherung: JWT werden ausschlie\u00dflich im localStorage des Browsers abgelegt. Verwendung: Bei jedem API-Aufruf sendet ... Weiterlesen\" \/>\n<meta property=\"og:url\" content=\"https:\/\/help.classymade.de\/?page_id=751\" \/>\n<meta property=\"og:site_name\" content=\"ClassyMade GmbH\" \/>\n<meta property=\"article:modified_time\" content=\"2025-09-17T10:20:43+00:00\" \/>\n<meta name=\"twitter:card\" content=\"summary_large_image\" \/>\n<meta name=\"twitter:label1\" content=\"Gesch\u00e4tzte Lesezeit\" \/>\n\t<meta name=\"twitter:data1\" content=\"2\u00a0Minuten\" \/>\n<script type=\"application\/ld+json\" class=\"yoast-schema-graph\">{\"@context\":\"https:\\\/\\\/schema.org\",\"@graph\":[{\"@type\":\"WebPage\",\"@id\":\"https:\\\/\\\/help.classymade.de\\\/?page_id=751\",\"url\":\"https:\\\/\\\/help.classymade.de\\\/?page_id=751\",\"name\":\"Cookie und Tracking Konzept - ClassyMade GmbH\",\"isPartOf\":{\"@id\":\"https:\\\/\\\/help.classymade.de\\\/#website\"},\"datePublished\":\"2025-09-16T13:55:54+00:00\",\"dateModified\":\"2025-09-17T10:20:43+00:00\",\"breadcrumb\":{\"@id\":\"https:\\\/\\\/help.classymade.de\\\/?page_id=751#breadcrumb\"},\"inLanguage\":\"de\",\"potentialAction\":[{\"@type\":\"ReadAction\",\"target\":[\"https:\\\/\\\/help.classymade.de\\\/?page_id=751\"]}]},{\"@type\":\"BreadcrumbList\",\"@id\":\"https:\\\/\\\/help.classymade.de\\\/?page_id=751#breadcrumb\",\"itemListElement\":[{\"@type\":\"ListItem\",\"position\":1,\"name\":\"Startseite\",\"item\":\"https:\\\/\\\/help.classymade.de\\\/\"},{\"@type\":\"ListItem\",\"position\":2,\"name\":\"Cookie und Tracking Konzept\"}]},{\"@type\":\"WebSite\",\"@id\":\"https:\\\/\\\/help.classymade.de\\\/#website\",\"url\":\"https:\\\/\\\/help.classymade.de\\\/\",\"name\":\"ClassyMade GmbH\",\"description\":\"Hilfecenter\",\"publisher\":{\"@id\":\"https:\\\/\\\/help.classymade.de\\\/#organization\"},\"potentialAction\":[{\"@type\":\"SearchAction\",\"target\":{\"@type\":\"EntryPoint\",\"urlTemplate\":\"https:\\\/\\\/help.classymade.de\\\/?s={search_term_string}\"},\"query-input\":{\"@type\":\"PropertyValueSpecification\",\"valueRequired\":true,\"valueName\":\"search_term_string\"}}],\"inLanguage\":\"de\"},{\"@type\":\"Organization\",\"@id\":\"https:\\\/\\\/help.classymade.de\\\/#organization\",\"name\":\"ClassyMade GmbH\",\"url\":\"https:\\\/\\\/help.classymade.de\\\/\",\"logo\":{\"@type\":\"ImageObject\",\"inLanguage\":\"de\",\"@id\":\"https:\\\/\\\/help.classymade.de\\\/#\\\/schema\\\/logo\\\/image\\\/\",\"url\":\"https:\\\/\\\/help.classymade.de\\\/wp-content\\\/uploads\\\/2025\\\/06\\\/Classymade-logo-quadrat-grau.png\",\"contentUrl\":\"https:\\\/\\\/help.classymade.de\\\/wp-content\\\/uploads\\\/2025\\\/06\\\/Classymade-logo-quadrat-grau.png\",\"width\":2000,\"height\":2000,\"caption\":\"ClassyMade GmbH\"},\"image\":{\"@id\":\"https:\\\/\\\/help.classymade.de\\\/#\\\/schema\\\/logo\\\/image\\\/\"}}]}<\/script>\n<!-- \/ Yoast SEO plugin. -->","yoast_head_json":{"title":"Cookie und Tracking Konzept - ClassyMade GmbH","robots":{"index":"index","follow":"follow","max-snippet":"max-snippet:-1","max-image-preview":"max-image-preview:large","max-video-preview":"max-video-preview:-1"},"canonical":"https:\/\/help.classymade.de\/?page_id=751","og_locale":"de_DE","og_type":"article","og_title":"Cookie und Tracking Konzept - ClassyMade GmbH","og_description":"Cookie- und Tracking-Konzept f\u00fcr \u201eAccidents@School\u00a0\u2013 Das Unfallbuch\u201c Verantwortlicher: ClassyMade\u00a0GmbH, Zum\u00a0Schwimmbad\u00a044,\u00a065232\u00a0TaunussteinVersion:\u00a01.1\u2003Datum:\u00a015.07.2025 1. Zielsetzung Dieses Konzept beschreibt den Verzicht auf Cookies und den Einsatz von JSON\u00a0Web\u00a0Tokens (JWT) im lokalen Speicher des Browsers (\u201elocalStorage\u201c), um Authentifizierung und Session-Management zu realisieren. 2. Einsatz von JWT Speicherung: JWT werden ausschlie\u00dflich im localStorage des Browsers abgelegt. Verwendung: Bei jedem API-Aufruf sendet ... Weiterlesen","og_url":"https:\/\/help.classymade.de\/?page_id=751","og_site_name":"ClassyMade GmbH","article_modified_time":"2025-09-17T10:20:43+00:00","twitter_card":"summary_large_image","twitter_misc":{"Gesch\u00e4tzte Lesezeit":"2\u00a0Minuten"},"schema":{"@context":"https:\/\/schema.org","@graph":[{"@type":"WebPage","@id":"https:\/\/help.classymade.de\/?page_id=751","url":"https:\/\/help.classymade.de\/?page_id=751","name":"Cookie und Tracking Konzept - ClassyMade GmbH","isPartOf":{"@id":"https:\/\/help.classymade.de\/#website"},"datePublished":"2025-09-16T13:55:54+00:00","dateModified":"2025-09-17T10:20:43+00:00","breadcrumb":{"@id":"https:\/\/help.classymade.de\/?page_id=751#breadcrumb"},"inLanguage":"de","potentialAction":[{"@type":"ReadAction","target":["https:\/\/help.classymade.de\/?page_id=751"]}]},{"@type":"BreadcrumbList","@id":"https:\/\/help.classymade.de\/?page_id=751#breadcrumb","itemListElement":[{"@type":"ListItem","position":1,"name":"Startseite","item":"https:\/\/help.classymade.de\/"},{"@type":"ListItem","position":2,"name":"Cookie und Tracking Konzept"}]},{"@type":"WebSite","@id":"https:\/\/help.classymade.de\/#website","url":"https:\/\/help.classymade.de\/","name":"ClassyMade GmbH","description":"Hilfecenter","publisher":{"@id":"https:\/\/help.classymade.de\/#organization"},"potentialAction":[{"@type":"SearchAction","target":{"@type":"EntryPoint","urlTemplate":"https:\/\/help.classymade.de\/?s={search_term_string}"},"query-input":{"@type":"PropertyValueSpecification","valueRequired":true,"valueName":"search_term_string"}}],"inLanguage":"de"},{"@type":"Organization","@id":"https:\/\/help.classymade.de\/#organization","name":"ClassyMade GmbH","url":"https:\/\/help.classymade.de\/","logo":{"@type":"ImageObject","inLanguage":"de","@id":"https:\/\/help.classymade.de\/#\/schema\/logo\/image\/","url":"https:\/\/help.classymade.de\/wp-content\/uploads\/2025\/06\/Classymade-logo-quadrat-grau.png","contentUrl":"https:\/\/help.classymade.de\/wp-content\/uploads\/2025\/06\/Classymade-logo-quadrat-grau.png","width":2000,"height":2000,"caption":"ClassyMade GmbH"},"image":{"@id":"https:\/\/help.classymade.de\/#\/schema\/logo\/image\/"}}]}},"_links":{"self":[{"href":"https:\/\/help.classymade.de\/index.php?rest_route=\/wp\/v2\/pages\/751","targetHints":{"allow":["GET"]}}],"collection":[{"href":"https:\/\/help.classymade.de\/index.php?rest_route=\/wp\/v2\/pages"}],"about":[{"href":"https:\/\/help.classymade.de\/index.php?rest_route=\/wp\/v2\/types\/page"}],"author":[{"embeddable":true,"href":"https:\/\/help.classymade.de\/index.php?rest_route=\/wp\/v2\/users\/3"}],"replies":[{"embeddable":true,"href":"https:\/\/help.classymade.de\/index.php?rest_route=%2Fwp%2Fv2%2Fcomments&post=751"}],"version-history":[{"count":8,"href":"https:\/\/help.classymade.de\/index.php?rest_route=\/wp\/v2\/pages\/751\/revisions"}],"predecessor-version":[{"id":773,"href":"https:\/\/help.classymade.de\/index.php?rest_route=\/wp\/v2\/pages\/751\/revisions\/773"}],"wp:attachment":[{"href":"https:\/\/help.classymade.de\/index.php?rest_route=%2Fwp%2Fv2%2Fmedia&parent=751"}],"curies":[{"name":"wp","href":"https:\/\/api.w.org\/{rel}","templated":true}]}}