{"id":791,"date":"2025-09-17T11:08:17","date_gmt":"2025-09-17T11:08:17","guid":{"rendered":"https:\/\/help.classymade.de\/?page_id=791"},"modified":"2025-09-17T11:14:04","modified_gmt":"2025-09-17T11:14:04","slug":"datenschutzerklaerung","status":"publish","type":"page","link":"https:\/\/help.classymade.de\/?page_id=791","title":{"rendered":"Datenschutzerkl\u00e4rung"},"content":{"rendered":"\t\t<div data-elementor-type=\"wp-page\" data-elementor-id=\"791\" class=\"elementor elementor-791\" data-elementor-post-type=\"page\">\n\t\t\t\t<div class=\"elementor-element elementor-element-8601843 e-flex e-con-boxed e-con e-parent\" data-id=\"8601843\" data-element_type=\"container\" data-e-type=\"container\">\n\t\t\t\t\t<div class=\"e-con-inner\">\n\t\t\t\t<div class=\"elementor-element elementor-element-794d52b elementor-widget elementor-widget-text-editor\" data-id=\"794d52b\" data-element_type=\"widget\" data-e-type=\"widget\" data-widget_type=\"text-editor.default\">\n\t\t\t\t<div class=\"elementor-widget-container\">\n\t\t\t\t\t\t\t\t\t<h2 dir=\"auto\" data-sourcepos=\"1:1-1:70\"><a id=\"user-content-datenschutzerkl\u00e4rung-f\u00fcr-accidentsschool--das-unfallbuch\" class=\"anchor\" href=\"#datenschutzerkl%C3%A4rung-f%C3%BCr-accidentsschool--das-unfallbuch\" target=\"_blank\" rel=\"nofollow noreferrer noopener\" aria-hidden=\"true\"><\/a>Datenschutzerkl\u00e4rung f\u00fcr \u201eAccidents@School \u2013 Das Unfallbuch\u201c<\/h2><p dir=\"auto\" data-sourcepos=\"3:1-5:39\"><strong data-sourcepos=\"3:1-3:21\">Verantwortlicher:<\/strong><br data-sourcepos=\"3:22-3:23\" \/>ClassyMade GmbH<br data-sourcepos=\"4:16-4:17\" \/>Zum Schwimmbad\u00a044,\u00a065232\u00a0Taunusstein<\/p><p dir=\"auto\" data-sourcepos=\"7:1-7:38\"><strong data-sourcepos=\"7:1-7:12\">Version:<\/strong>\u00a01.0\u2003Datum:\u00a015.07.2025<\/p><hr data-sourcepos=\"9:1-9:3\" \/><h3 dir=\"auto\" data-sourcepos=\"11:1-11:25\"><a id=\"user-content-1-allgemeine-hinweise\" class=\"anchor\" href=\"#1-allgemeine-hinweise\" aria-hidden=\"true\"><\/a>1. Allgemeine Hinweise<\/h3><p dir=\"auto\" data-sourcepos=\"13:1-13:196\">Diese Datenschutzerkl\u00e4rung informiert \u00fcber Art, Umfang und Zweck der Erhebung und Verwendung personenbezogener Daten im Rahmen der Nutzung der Software \u201eAccidents@School \u2013 Das Unfallbuch\u201c.<\/p><h3 dir=\"auto\" data-sourcepos=\"15:1-15:55\"><a id=\"user-content-2-erhebung-und-verarbeitung-personenbezogener-daten\" class=\"anchor\" href=\"#2-erhebung-und-verarbeitung-personenbezogener-daten\" aria-hidden=\"true\"><\/a>2. Erhebung und Verarbeitung personenbezogener Daten<\/h3>\t\t\t\t\t\t\t\t<\/div>\n\t\t\t\t<\/div>\n\t\t\t\t\t<\/div>\n\t\t\t\t<\/div>\n\t\t<div class=\"elementor-element elementor-element-2820af0 e-grid e-con-boxed e-con e-parent\" data-id=\"2820af0\" data-element_type=\"container\" data-e-type=\"container\">\n\t\t\t\t\t<div class=\"e-con-inner\">\n\t\t\t\t<div class=\"elementor-element elementor-element-dba1a9a elementor-widget elementor-widget-text-editor\" data-id=\"dba1a9a\" data-element_type=\"widget\" data-e-type=\"widget\" data-widget_type=\"text-editor.default\">\n\t\t\t\t<div class=\"elementor-widget-container\">\n\t\t\t\t\t\t\t\t\t<h4><strong>Datenkategorie<\/strong><\/h4>\t\t\t\t\t\t\t\t<\/div>\n\t\t\t\t<\/div>\n\t\t\t\t<div class=\"elementor-element elementor-element-36d85f2 elementor-widget elementor-widget-text-editor\" data-id=\"36d85f2\" data-element_type=\"widget\" data-e-type=\"widget\" data-widget_type=\"text-editor.default\">\n\t\t\t\t<div class=\"elementor-widget-container\">\n\t\t\t\t\t\t\t\t\t<h4><strong>\u00a0Zweck<\/strong><\/h4>\t\t\t\t\t\t\t\t<\/div>\n\t\t\t\t<\/div>\n\t\t\t\t<div class=\"elementor-element elementor-element-2c158ee elementor-widget elementor-widget-text-editor\" data-id=\"2c158ee\" data-element_type=\"widget\" data-e-type=\"widget\" data-widget_type=\"text-editor.default\">\n\t\t\t\t<div class=\"elementor-widget-container\">\n\t\t\t\t\t\t\t\t\t<h4><strong>Rechtsgrundlage<\/strong><\/h4>\t\t\t\t\t\t\t\t<\/div>\n\t\t\t\t<\/div>\n\t\t\t\t<div class=\"elementor-element elementor-element-0fb1a08 elementor-widget elementor-widget-text-editor\" data-id=\"0fb1a08\" data-element_type=\"widget\" data-e-type=\"widget\" data-widget_type=\"text-editor.default\">\n\t\t\t\t<div class=\"elementor-widget-container\">\n\t\t\t\t\t\t\t\t\t<p>Stammdaten (Name, Rolle, E\u2011Mail)<\/p>\t\t\t\t\t\t\t\t<\/div>\n\t\t\t\t<\/div>\n\t\t\t\t<div class=\"elementor-element elementor-element-6fcd2b2 elementor-widget elementor-widget-text-editor\" data-id=\"6fcd2b2\" data-element_type=\"widget\" data-e-type=\"widget\" data-widget_type=\"text-editor.default\">\n\t\t\t\t<div class=\"elementor-widget-container\">\n\t\t\t\t\t\t\t\t\t<p>Authentifizierung und Nutzerverwaltung<\/p>\t\t\t\t\t\t\t\t<\/div>\n\t\t\t\t<\/div>\n\t\t\t\t<div class=\"elementor-element elementor-element-3a37825 elementor-widget elementor-widget-text-editor\" data-id=\"3a37825\" data-element_type=\"widget\" data-e-type=\"widget\" data-widget_type=\"text-editor.default\">\n\t\t\t\t<div class=\"elementor-widget-container\">\n\t\t\t\t\t\t\t\t\t<p>Art\u00a06\u00a0Abs.\u00a01\u00a0lit.\u00a0b DSGVO<\/p>\t\t\t\t\t\t\t\t<\/div>\n\t\t\t\t<\/div>\n\t\t\t\t<div class=\"elementor-element elementor-element-6110dc2 elementor-widget elementor-widget-text-editor\" data-id=\"6110dc2\" data-element_type=\"widget\" data-e-type=\"widget\" data-widget_type=\"text-editor.default\">\n\t\t\t\t<div class=\"elementor-widget-container\">\n\t\t\t\t\t\t\t\t\t<p>Kontaktdaten (Adresse, Telefon)<\/p>\t\t\t\t\t\t\t\t<\/div>\n\t\t\t\t<\/div>\n\t\t\t\t<div class=\"elementor-element elementor-element-f86c4f5 elementor-widget elementor-widget-text-editor\" data-id=\"f86c4f5\" data-element_type=\"widget\" data-e-type=\"widget\" data-widget_type=\"text-editor.default\">\n\t\t\t\t<div class=\"elementor-widget-container\">\n\t\t\t\t\t\t\t\t\t<p>Notfallkommunikation<\/p>\t\t\t\t\t\t\t\t<\/div>\n\t\t\t\t<\/div>\n\t\t\t\t<div class=\"elementor-element elementor-element-92f8c62 elementor-widget elementor-widget-text-editor\" data-id=\"92f8c62\" data-element_type=\"widget\" data-e-type=\"widget\" data-widget_type=\"text-editor.default\">\n\t\t\t\t<div class=\"elementor-widget-container\">\n\t\t\t\t\t\t\t\t\t<p>Art\u00a06\u00a0Abs.\u00a01\u00a0lit.\u00a0b DSGVO<\/p>\t\t\t\t\t\t\t\t<\/div>\n\t\t\t\t<\/div>\n\t\t\t\t<div class=\"elementor-element elementor-element-cad9b67 elementor-widget elementor-widget-text-editor\" data-id=\"cad9b67\" data-element_type=\"widget\" data-e-type=\"widget\" data-widget_type=\"text-editor.default\">\n\t\t\t\t<div class=\"elementor-widget-container\">\n\t\t\t\t\t\t\t\t\t<p>Gesundheitsdaten (Vorerkrankungen, Allergien, Medikation)<\/p>\t\t\t\t\t\t\t\t<\/div>\n\t\t\t\t<\/div>\n\t\t\t\t<div class=\"elementor-element elementor-element-ac3ca0d elementor-widget elementor-widget-text-editor\" data-id=\"ac3ca0d\" data-element_type=\"widget\" data-e-type=\"widget\" data-widget_type=\"text-editor.default\">\n\t\t\t\t<div class=\"elementor-widget-container\">\n\t\t\t\t\t\t\t\t\t<p>Notfallpass-Funktion, medizinische Versorgung<\/p>\t\t\t\t\t\t\t\t<\/div>\n\t\t\t\t<\/div>\n\t\t\t\t<div class=\"elementor-element elementor-element-bccda90 elementor-widget elementor-widget-text-editor\" data-id=\"bccda90\" data-element_type=\"widget\" data-e-type=\"widget\" data-widget_type=\"text-editor.default\">\n\t\t\t\t<div class=\"elementor-widget-container\">\n\t\t\t\t\t\t\t\t\t<p>Art\u00a09\u00a0Abs.\u00a02\u00a0lit.\u00a0a DSGVO (Einwilligung)<\/p>\t\t\t\t\t\t\t\t<\/div>\n\t\t\t\t<\/div>\n\t\t\t\t<div class=\"elementor-element elementor-element-fa28021 elementor-widget elementor-widget-text-editor\" data-id=\"fa28021\" data-element_type=\"widget\" data-e-type=\"widget\" data-widget_type=\"text-editor.default\">\n\t\t\t\t<div class=\"elementor-widget-container\">\n\t\t\t\t\t\t\t\t\t<p>Unfalldaten (Zeit, Ort, Hergang, Verletzungen)<\/p>\t\t\t\t\t\t\t\t<\/div>\n\t\t\t\t<\/div>\n\t\t\t\t<div class=\"elementor-element elementor-element-bda6955 elementor-widget elementor-widget-text-editor\" data-id=\"bda6955\" data-element_type=\"widget\" data-e-type=\"widget\" data-widget_type=\"text-editor.default\">\n\t\t\t\t<div class=\"elementor-widget-container\">\n\t\t\t\t\t\t\t\t\t<p>Dokumentation gesetzlicher Unfallbuchpflicht<\/p>\t\t\t\t\t\t\t\t<\/div>\n\t\t\t\t<\/div>\n\t\t\t\t<div class=\"elementor-element elementor-element-354ac6b elementor-widget elementor-widget-text-editor\" data-id=\"354ac6b\" data-element_type=\"widget\" data-e-type=\"widget\" data-widget_type=\"text-editor.default\">\n\t\t\t\t<div class=\"elementor-widget-container\">\n\t\t\t\t\t\t\t\t\t<p>Art\u00a06\u00a0Abs.\u00a01\u00a0lit.\u00a0c DSGVO<\/p>\t\t\t\t\t\t\t\t<\/div>\n\t\t\t\t<\/div>\n\t\t\t\t<div class=\"elementor-element elementor-element-4905cc3 elementor-widget elementor-widget-text-editor\" data-id=\"4905cc3\" data-element_type=\"widget\" data-e-type=\"widget\" data-widget_type=\"text-editor.default\">\n\t\t\t\t<div class=\"elementor-widget-container\">\n\t\t\t\t\t\t\t\t\t<p>Audit-Logs, Protokolldaten<\/p>\t\t\t\t\t\t\t\t<\/div>\n\t\t\t\t<\/div>\n\t\t\t\t<div class=\"elementor-element elementor-element-2bb212a elementor-widget elementor-widget-text-editor\" data-id=\"2bb212a\" data-element_type=\"widget\" data-e-type=\"widget\" data-widget_type=\"text-editor.default\">\n\t\t\t\t<div class=\"elementor-widget-container\">\n\t\t\t\t\t\t\t\t\t<p>Compliance, Sicherheit, Nachvollziehbarkeit<\/p>\t\t\t\t\t\t\t\t<\/div>\n\t\t\t\t<\/div>\n\t\t\t\t<div class=\"elementor-element elementor-element-ff4aa76 elementor-widget elementor-widget-text-editor\" data-id=\"ff4aa76\" data-element_type=\"widget\" data-e-type=\"widget\" data-widget_type=\"text-editor.default\">\n\t\t\t\t<div class=\"elementor-widget-container\">\n\t\t\t\t\t\t\t\t\t<p>Art\u00a06\u00a0Abs.\u00a01\u00a0lit.\u00a0c\u00a0+\u00a0lit.\u00a0f DSGVO<\/p>\t\t\t\t\t\t\t\t<\/div>\n\t\t\t\t<\/div>\n\t\t\t\t\t<\/div>\n\t\t\t\t<\/div>\n\t\t<div class=\"elementor-element elementor-element-8b8d0ed e-flex e-con-boxed e-con e-parent\" data-id=\"8b8d0ed\" data-element_type=\"container\" data-e-type=\"container\">\n\t\t\t\t\t<div class=\"e-con-inner\">\n\t\t\t\t<div class=\"elementor-element elementor-element-b6a2308 elementor-widget elementor-widget-text-editor\" data-id=\"b6a2308\" data-element_type=\"widget\" data-e-type=\"widget\" data-widget_type=\"text-editor.default\">\n\t\t\t\t<div class=\"elementor-widget-container\">\n\t\t\t\t\t\t\t\t\t<h3 dir=\"auto\" data-sourcepos=\"25:1-25:32\">3. Erfassung durch den Nutzer<\/h3><p dir=\"auto\" data-sourcepos=\"27:1-27:219\">Alle Daten werden unmittelbar durch die Nutzer (z.\u202fB. Lehrkr\u00e4fte, Sch\u00fcler, Eltern) in daf\u00fcr bereitgestellte Formulare eingetragen. Die Eingabe geschieht freiwillig und kann jederzeit erg\u00e4nzt oder gel\u00f6scht werden.<\/p><h3 dir=\"auto\" data-sourcepos=\"29:1-29:26\"><a id=\"user-content-4-weitergabe-an-dritte\" class=\"anchor\" href=\"#4-weitergabe-an-dritte\" aria-hidden=\"true\"><\/a>4. Weitergabe an Dritte<\/h3><p dir=\"auto\" data-sourcepos=\"31:1-31:73\">Personenbezogene Daten werden nur an folgende Dienstleister \u00fcbermittelt:<\/p><ul dir=\"auto\" data-sourcepos=\"33:1-37:0\"><li data-sourcepos=\"33:1-33:31\">Hetzner Online GmbH (Hosting)<\/li><li data-sourcepos=\"34:1-34:57\">Amazon Web Services EMEA SARL (AWS SES, E-Mail-Versand)<\/li><li data-sourcepos=\"35:1-35:50\">Firebase Cloud Messaging (Push-Benachrichtigung)<\/li><li data-sourcepos=\"36:1-37:0\">Uptime\u00a0Kuma (Monitoring)<\/li><\/ul><p dir=\"auto\" data-sourcepos=\"38:1-38:135\">Eine Daten\u00fcbermittlung an Beh\u00f6rden bzw. Unfallkassen erfolgt nur auf Anweisung des Auftraggebers oder bei gesetzlicher Verpflichtung.<\/p><h3 dir=\"auto\" data-sourcepos=\"40:1-40:26\"><a id=\"user-content-5-cookies-und-tracking\" class=\"anchor\" href=\"#5-cookies-und-tracking\" aria-hidden=\"true\"><\/a>5. Cookies und Tracking<\/h3><p dir=\"auto\" data-sourcepos=\"42:1-42:195\">Diese App nutzt keine Cookies f\u00fcr Tracking\u2011Zwecke. Session\u2011Cookies k\u00f6nnen f\u00fcr die Benutzeranmeldung eingesetzt werden, werden nach Sitzung beendet und nicht zur Profilerstellung verwendet.<\/p><h3 dir=\"auto\" data-sourcepos=\"44:1-44:21\"><a id=\"user-content-6-datensicherheit\" class=\"anchor\" href=\"#6-datensicherheit\" aria-hidden=\"true\"><\/a>6. Datensicherheit<\/h3><p dir=\"auto\" data-sourcepos=\"46:1-46:203\">Wir haben umfangreiche technisch-organisatorische Ma\u00dfnahmen (TOMs) implementiert (z.\u202fB. TLS\u2011Verschl\u00fcsselung, AES\u2011verschl\u00fcsselte Backups, Rollen\u2011 und Rechtekonzept), um Ihre Daten zu sch\u00fctzen.<\/p><h3 dir=\"auto\" data-sourcepos=\"48:1-48:23\"><a id=\"user-content-7-betroffenenrechte\" class=\"anchor\" href=\"#7-betroffenenrechte\" aria-hidden=\"true\"><\/a>7. Betroffenenrechte<\/h3><p dir=\"auto\" data-sourcepos=\"50:1-51:69\">Sie haben das Recht auf Auskunft, Berichtigung, L\u00f6schung, Einschr\u00e4nkung der Verarbeitung, Daten\u00fcbertragbarkeit und Widerspruch gegen Verarbeitung sowie Widerruf Ihrer Einwilligung.<br data-sourcepos=\"50:184-50:185\" \/>Anfragen richten Sie bitte per E\u2011Mail an: <a href=\"mailto:datenschutz@classymade.de\" data-sourcepos=\"51:45-51:69\">datenschutz@classymade.de<\/a><\/p><h3 dir=\"auto\" data-sourcepos=\"53:1-53:23\"><a id=\"user-content-8-l\u00f6schungskonzept\" class=\"anchor\" href=\"#8-l%C3%B6schungskonzept\" target=\"_blank\" rel=\"nofollow noreferrer noopener\" aria-hidden=\"true\"><\/a>8. L\u00f6schungskonzept<\/h3><p dir=\"auto\" data-sourcepos=\"55:1-55:71\">Personenbezogene Daten werden entsprechend der L\u00f6schfristen gel\u00f6scht:<\/p><ul dir=\"auto\" data-sourcepos=\"57:1-60:0\"><li data-sourcepos=\"57:1-57:68\">Unfalldaten und Notfallp\u00e4sse: 6 Monate nach Ende der Schulnutzung<\/li><li data-sourcepos=\"58:1-58:46\">Nutzerkonten: 6 Monate nach Konto\u00adl\u00f6schung<\/li><li data-sourcepos=\"59:1-60:0\">Backups und Protokolle: 7 Tage (t\u00e4glich), 6 Monate (monatlich), Protokolle 6 Monate nach Schulende<\/li><\/ul><h3 dir=\"auto\" data-sourcepos=\"61:1-61:46\"><a id=\"user-content-9-\u00e4nderungen-dieser-datenschutzerkl\u00e4rung\" class=\"anchor\" href=\"#9-%C3%A4nderungen-dieser-datenschutzerkl%C3%A4rung\" target=\"_blank\" rel=\"nofollow noreferrer noopener\" aria-hidden=\"true\"><\/a>9. \u00c4nderungen dieser Datenschutzerkl\u00e4rung<\/h3><p dir=\"auto\" data-sourcepos=\"63:1-63:143\">Wir behalten uns das Recht vor, diese Erkl\u00e4rung bei Bedarf anzupassen. Die jeweils aktuelle Version finden Sie in der App unter &#8222;Datenschutz&#8220;.<\/p>\t\t\t\t\t\t\t\t<\/div>\n\t\t\t\t<\/div>\n\t\t\t\t\t<\/div>\n\t\t\t\t<\/div>\n\t\t\t\t<\/div>\n\t\t","protected":false},"excerpt":{"rendered":"<p>Datenschutzerkl\u00e4rung f\u00fcr \u201eAccidents@School \u2013 Das Unfallbuch\u201c Verantwortlicher:ClassyMade GmbHZum Schwimmbad\u00a044,\u00a065232\u00a0Taunusstein Version:\u00a01.0\u2003Datum:\u00a015.07.2025 1. Allgemeine Hinweise Diese Datenschutzerkl\u00e4rung informiert \u00fcber Art, Umfang und Zweck der Erhebung und Verwendung personenbezogener Daten im Rahmen der Nutzung der Software \u201eAccidents@School \u2013 Das Unfallbuch\u201c. 2. Erhebung und Verarbeitung personenbezogener Daten Datenkategorie \u00a0Zweck Rechtsgrundlage Stammdaten (Name, Rolle, E\u2011Mail) Authentifizierung und Nutzerverwaltung Art\u00a06\u00a0Abs.\u00a01\u00a0lit.\u00a0b DSGVO &#8230; <a title=\"Datenschutzerkl\u00e4rung\" class=\"read-more\" href=\"https:\/\/help.classymade.de\/?page_id=791\" aria-label=\"Mehr Informationen \u00fcber Datenschutzerkl\u00e4rung\">Weiterlesen<\/a><\/p>\n","protected":false},"author":3,"featured_media":0,"parent":0,"menu_order":0,"comment_status":"closed","ping_status":"closed","template":"","meta":{"footnotes":""},"class_list":["post-791","page","type-page","status-publish"],"yoast_head":"<!-- This site is optimized with the Yoast SEO plugin v27.6 - https:\/\/yoast.com\/product\/yoast-seo-wordpress\/ -->\n<title>Datenschutzerkl\u00e4rung - ClassyMade GmbH<\/title>\n<meta name=\"robots\" content=\"index, follow, max-snippet:-1, max-image-preview:large, max-video-preview:-1\" \/>\n<link rel=\"canonical\" href=\"https:\/\/help.classymade.de\/?page_id=791\" \/>\n<meta property=\"og:locale\" content=\"de_DE\" \/>\n<meta property=\"og:type\" content=\"article\" \/>\n<meta property=\"og:title\" content=\"Datenschutzerkl\u00e4rung - ClassyMade GmbH\" \/>\n<meta property=\"og:description\" content=\"Datenschutzerkl\u00e4rung f\u00fcr \u201eAccidents@School \u2013 Das Unfallbuch\u201c Verantwortlicher:ClassyMade GmbHZum Schwimmbad\u00a044,\u00a065232\u00a0Taunusstein Version:\u00a01.0\u2003Datum:\u00a015.07.2025 1. Allgemeine Hinweise Diese Datenschutzerkl\u00e4rung informiert \u00fcber Art, Umfang und Zweck der Erhebung und Verwendung personenbezogener Daten im Rahmen der Nutzung der Software \u201eAccidents@School \u2013 Das Unfallbuch\u201c. 2. Erhebung und Verarbeitung personenbezogener Daten Datenkategorie \u00a0Zweck Rechtsgrundlage Stammdaten (Name, Rolle, E\u2011Mail) Authentifizierung und Nutzerverwaltung Art\u00a06\u00a0Abs.\u00a01\u00a0lit.\u00a0b DSGVO ... Weiterlesen\" \/>\n<meta property=\"og:url\" content=\"https:\/\/help.classymade.de\/?page_id=791\" \/>\n<meta property=\"og:site_name\" content=\"ClassyMade GmbH\" \/>\n<meta property=\"article:modified_time\" content=\"2025-09-17T11:14:04+00:00\" \/>\n<meta name=\"twitter:card\" content=\"summary_large_image\" \/>\n<meta name=\"twitter:label1\" content=\"Gesch\u00e4tzte Lesezeit\" \/>\n\t<meta name=\"twitter:data1\" content=\"2\u00a0Minuten\" \/>\n<script type=\"application\/ld+json\" class=\"yoast-schema-graph\">{\"@context\":\"https:\\\/\\\/schema.org\",\"@graph\":[{\"@type\":\"WebPage\",\"@id\":\"https:\\\/\\\/help.classymade.de\\\/?page_id=791\",\"url\":\"https:\\\/\\\/help.classymade.de\\\/?page_id=791\",\"name\":\"Datenschutzerkl\u00e4rung - ClassyMade GmbH\",\"isPartOf\":{\"@id\":\"https:\\\/\\\/help.classymade.de\\\/#website\"},\"datePublished\":\"2025-09-17T11:08:17+00:00\",\"dateModified\":\"2025-09-17T11:14:04+00:00\",\"breadcrumb\":{\"@id\":\"https:\\\/\\\/help.classymade.de\\\/?page_id=791#breadcrumb\"},\"inLanguage\":\"de\",\"potentialAction\":[{\"@type\":\"ReadAction\",\"target\":[\"https:\\\/\\\/help.classymade.de\\\/?page_id=791\"]}]},{\"@type\":\"BreadcrumbList\",\"@id\":\"https:\\\/\\\/help.classymade.de\\\/?page_id=791#breadcrumb\",\"itemListElement\":[{\"@type\":\"ListItem\",\"position\":1,\"name\":\"Startseite\",\"item\":\"https:\\\/\\\/help.classymade.de\\\/\"},{\"@type\":\"ListItem\",\"position\":2,\"name\":\"Datenschutzerkl\u00e4rung\"}]},{\"@type\":\"WebSite\",\"@id\":\"https:\\\/\\\/help.classymade.de\\\/#website\",\"url\":\"https:\\\/\\\/help.classymade.de\\\/\",\"name\":\"ClassyMade GmbH\",\"description\":\"Hilfecenter\",\"publisher\":{\"@id\":\"https:\\\/\\\/help.classymade.de\\\/#organization\"},\"potentialAction\":[{\"@type\":\"SearchAction\",\"target\":{\"@type\":\"EntryPoint\",\"urlTemplate\":\"https:\\\/\\\/help.classymade.de\\\/?s={search_term_string}\"},\"query-input\":{\"@type\":\"PropertyValueSpecification\",\"valueRequired\":true,\"valueName\":\"search_term_string\"}}],\"inLanguage\":\"de\"},{\"@type\":\"Organization\",\"@id\":\"https:\\\/\\\/help.classymade.de\\\/#organization\",\"name\":\"ClassyMade GmbH\",\"url\":\"https:\\\/\\\/help.classymade.de\\\/\",\"logo\":{\"@type\":\"ImageObject\",\"inLanguage\":\"de\",\"@id\":\"https:\\\/\\\/help.classymade.de\\\/#\\\/schema\\\/logo\\\/image\\\/\",\"url\":\"https:\\\/\\\/help.classymade.de\\\/wp-content\\\/uploads\\\/2025\\\/06\\\/Classymade-logo-quadrat-grau.png\",\"contentUrl\":\"https:\\\/\\\/help.classymade.de\\\/wp-content\\\/uploads\\\/2025\\\/06\\\/Classymade-logo-quadrat-grau.png\",\"width\":2000,\"height\":2000,\"caption\":\"ClassyMade GmbH\"},\"image\":{\"@id\":\"https:\\\/\\\/help.classymade.de\\\/#\\\/schema\\\/logo\\\/image\\\/\"}}]}<\/script>\n<!-- \/ Yoast SEO plugin. -->","yoast_head_json":{"title":"Datenschutzerkl\u00e4rung - ClassyMade GmbH","robots":{"index":"index","follow":"follow","max-snippet":"max-snippet:-1","max-image-preview":"max-image-preview:large","max-video-preview":"max-video-preview:-1"},"canonical":"https:\/\/help.classymade.de\/?page_id=791","og_locale":"de_DE","og_type":"article","og_title":"Datenschutzerkl\u00e4rung - ClassyMade GmbH","og_description":"Datenschutzerkl\u00e4rung f\u00fcr \u201eAccidents@School \u2013 Das Unfallbuch\u201c Verantwortlicher:ClassyMade GmbHZum Schwimmbad\u00a044,\u00a065232\u00a0Taunusstein Version:\u00a01.0\u2003Datum:\u00a015.07.2025 1. Allgemeine Hinweise Diese Datenschutzerkl\u00e4rung informiert \u00fcber Art, Umfang und Zweck der Erhebung und Verwendung personenbezogener Daten im Rahmen der Nutzung der Software \u201eAccidents@School \u2013 Das Unfallbuch\u201c. 2. Erhebung und Verarbeitung personenbezogener Daten Datenkategorie \u00a0Zweck Rechtsgrundlage Stammdaten (Name, Rolle, E\u2011Mail) Authentifizierung und Nutzerverwaltung Art\u00a06\u00a0Abs.\u00a01\u00a0lit.\u00a0b DSGVO ... Weiterlesen","og_url":"https:\/\/help.classymade.de\/?page_id=791","og_site_name":"ClassyMade GmbH","article_modified_time":"2025-09-17T11:14:04+00:00","twitter_card":"summary_large_image","twitter_misc":{"Gesch\u00e4tzte Lesezeit":"2\u00a0Minuten"},"schema":{"@context":"https:\/\/schema.org","@graph":[{"@type":"WebPage","@id":"https:\/\/help.classymade.de\/?page_id=791","url":"https:\/\/help.classymade.de\/?page_id=791","name":"Datenschutzerkl\u00e4rung - ClassyMade GmbH","isPartOf":{"@id":"https:\/\/help.classymade.de\/#website"},"datePublished":"2025-09-17T11:08:17+00:00","dateModified":"2025-09-17T11:14:04+00:00","breadcrumb":{"@id":"https:\/\/help.classymade.de\/?page_id=791#breadcrumb"},"inLanguage":"de","potentialAction":[{"@type":"ReadAction","target":["https:\/\/help.classymade.de\/?page_id=791"]}]},{"@type":"BreadcrumbList","@id":"https:\/\/help.classymade.de\/?page_id=791#breadcrumb","itemListElement":[{"@type":"ListItem","position":1,"name":"Startseite","item":"https:\/\/help.classymade.de\/"},{"@type":"ListItem","position":2,"name":"Datenschutzerkl\u00e4rung"}]},{"@type":"WebSite","@id":"https:\/\/help.classymade.de\/#website","url":"https:\/\/help.classymade.de\/","name":"ClassyMade GmbH","description":"Hilfecenter","publisher":{"@id":"https:\/\/help.classymade.de\/#organization"},"potentialAction":[{"@type":"SearchAction","target":{"@type":"EntryPoint","urlTemplate":"https:\/\/help.classymade.de\/?s={search_term_string}"},"query-input":{"@type":"PropertyValueSpecification","valueRequired":true,"valueName":"search_term_string"}}],"inLanguage":"de"},{"@type":"Organization","@id":"https:\/\/help.classymade.de\/#organization","name":"ClassyMade GmbH","url":"https:\/\/help.classymade.de\/","logo":{"@type":"ImageObject","inLanguage":"de","@id":"https:\/\/help.classymade.de\/#\/schema\/logo\/image\/","url":"https:\/\/help.classymade.de\/wp-content\/uploads\/2025\/06\/Classymade-logo-quadrat-grau.png","contentUrl":"https:\/\/help.classymade.de\/wp-content\/uploads\/2025\/06\/Classymade-logo-quadrat-grau.png","width":2000,"height":2000,"caption":"ClassyMade GmbH"},"image":{"@id":"https:\/\/help.classymade.de\/#\/schema\/logo\/image\/"}}]}},"_links":{"self":[{"href":"https:\/\/help.classymade.de\/index.php?rest_route=\/wp\/v2\/pages\/791","targetHints":{"allow":["GET"]}}],"collection":[{"href":"https:\/\/help.classymade.de\/index.php?rest_route=\/wp\/v2\/pages"}],"about":[{"href":"https:\/\/help.classymade.de\/index.php?rest_route=\/wp\/v2\/types\/page"}],"author":[{"embeddable":true,"href":"https:\/\/help.classymade.de\/index.php?rest_route=\/wp\/v2\/users\/3"}],"replies":[{"embeddable":true,"href":"https:\/\/help.classymade.de\/index.php?rest_route=%2Fwp%2Fv2%2Fcomments&post=791"}],"version-history":[{"count":7,"href":"https:\/\/help.classymade.de\/index.php?rest_route=\/wp\/v2\/pages\/791\/revisions"}],"predecessor-version":[{"id":804,"href":"https:\/\/help.classymade.de\/index.php?rest_route=\/wp\/v2\/pages\/791\/revisions\/804"}],"wp:attachment":[{"href":"https:\/\/help.classymade.de\/index.php?rest_route=%2Fwp%2Fv2%2Fmedia&parent=791"}],"curies":[{"name":"wp","href":"https:\/\/api.w.org\/{rel}","templated":true}]}}