{"id":820,"date":"2025-09-17T12:33:39","date_gmt":"2025-09-17T12:33:39","guid":{"rendered":"https:\/\/help.classymade.de\/?page_id=820"},"modified":"2025-09-17T12:34:30","modified_gmt":"2025-09-17T12:34:30","slug":"loesch-und-archivierungskonzept","status":"publish","type":"page","link":"https:\/\/help.classymade.de\/?page_id=820","title":{"rendered":"L\u00f6sch und Archivierungskonzept"},"content":{"rendered":"\t\t<div data-elementor-type=\"wp-page\" data-elementor-id=\"820\" class=\"elementor elementor-820\" data-elementor-post-type=\"page\">\n\t\t\t\t<div class=\"elementor-element elementor-element-af9f36f e-flex e-con-boxed e-con e-parent\" data-id=\"af9f36f\" data-element_type=\"container\" data-e-type=\"container\">\n\t\t\t\t\t<div class=\"e-con-inner\">\n\t\t\t\t<div class=\"elementor-element elementor-element-b3d3e8f elementor-widget elementor-widget-text-editor\" data-id=\"b3d3e8f\" data-element_type=\"widget\" data-e-type=\"widget\" data-widget_type=\"text-editor.default\">\n\t\t\t\t<div class=\"elementor-widget-container\">\n\t\t\t\t\t\t\t\t\t<h2 dir=\"auto\" data-sourcepos=\"1:1-1:81\"><a id=\"user-content-l\u00f6sch--und-archivierungskonzept-f\u00fcr-accidentsschool--das-unfallbuch\" class=\"anchor\" href=\"#l%C3%B6sch--und-archivierungskonzept-f%C3%BCr-accidentsschool--das-unfallbuch\" target=\"_blank\" rel=\"nofollow noreferrer noopener\" aria-hidden=\"true\"><\/a>L\u00f6sch- und Archivierungskonzept f\u00fcr \u201eAccidents@School \u2013 Das Unfallbuch\u201c<\/h2><p dir=\"auto\" data-sourcepos=\"3:1-4:38\"><strong data-sourcepos=\"3:1-3:21\">Verantwortlicher:<\/strong> ClassyMade GmbH, Zum Schwimmbad\u00a044,\u00a065232\u00a0Taunusstein<br data-sourcepos=\"3:79-3:80\" \/><strong data-sourcepos=\"4:1-4:12\">Version:<\/strong>\u00a01.0\u2003Datum:\u00a015.07.2025<\/p><h3 dir=\"auto\" data-sourcepos=\"6:1-6:33\"><a id=\"user-content-1-zweck-und-anwendungsbereich\" class=\"anchor\" href=\"#1-zweck-und-anwendungsbereich\" aria-hidden=\"true\"><\/a>1. Zweck und Anwendungsbereich<\/h3><p dir=\"auto\" data-sourcepos=\"8:1-8:269\">Dieses Konzept regelt die L\u00f6sch- und Archivierungsprozesse f\u00fcr personenbezogene Daten in der App \u201eAccidents@School \u2013 Das Unfallbuch\u201c. Ziel ist, gesetzliche Aufbewahrungsfristen einzuhalten, Datenschutzrechte zu wahren und Speicherressourcen effizient zu nutzen.<\/p><h3 dir=\"auto\" data-sourcepos=\"10:1-10:46\"><a id=\"user-content-2-datenkategorien-und-aufbewahrungsfristen\" class=\"anchor\" href=\"#2-datenkategorien-und-aufbewahrungsfristen\" aria-hidden=\"true\"><\/a>2. Datenkategorien und Aufbewahrungsfristen<\/h3>\t\t\t\t\t\t\t\t<\/div>\n\t\t\t\t<\/div>\n\t\t\t\t\t<\/div>\n\t\t\t\t<\/div>\n\t\t<div class=\"elementor-element elementor-element-836e0fa e-grid e-con-boxed e-con e-parent\" data-id=\"836e0fa\" data-element_type=\"container\" data-e-type=\"container\">\n\t\t\t\t\t<div class=\"e-con-inner\">\n\t\t\t\t<div class=\"elementor-element elementor-element-5762d75 elementor-widget elementor-widget-text-editor\" data-id=\"5762d75\" data-element_type=\"widget\" data-e-type=\"widget\" data-widget_type=\"text-editor.default\">\n\t\t\t\t<div class=\"elementor-widget-container\">\n\t\t\t\t\t\t\t\t\t<h4><strong>Datenkategorie<\/strong><\/h4>\t\t\t\t\t\t\t\t<\/div>\n\t\t\t\t<\/div>\n\t\t\t\t<div class=\"elementor-element elementor-element-5ab623e elementor-widget elementor-widget-text-editor\" data-id=\"5ab623e\" data-element_type=\"widget\" data-e-type=\"widget\" data-widget_type=\"text-editor.default\">\n\t\t\t\t<div class=\"elementor-widget-container\">\n\t\t\t\t\t\t\t\t\t<h4><strong>Aufbewahrungsfrist<\/strong><\/h4>\t\t\t\t\t\t\t\t<\/div>\n\t\t\t\t<\/div>\n\t\t\t\t<div class=\"elementor-element elementor-element-1e9a76c elementor-widget elementor-widget-text-editor\" data-id=\"1e9a76c\" data-element_type=\"widget\" data-e-type=\"widget\" data-widget_type=\"text-editor.default\">\n\t\t\t\t<div class=\"elementor-widget-container\">\n\t\t\t\t\t\t\t\t\t<h4><strong>Archivierung<\/strong><\/h4>\t\t\t\t\t\t\t\t<\/div>\n\t\t\t\t<\/div>\n\t\t\t\t<div class=\"elementor-element elementor-element-ca102b7 elementor-widget elementor-widget-text-editor\" data-id=\"ca102b7\" data-element_type=\"widget\" data-e-type=\"widget\" data-widget_type=\"text-editor.default\">\n\t\t\t\t<div class=\"elementor-widget-container\">\n\t\t\t\t\t\t\t\t\t<h4><strong>\u00a0L\u00f6schung<\/strong><\/h4>\t\t\t\t\t\t\t\t<\/div>\n\t\t\t\t<\/div>\n\t\t\t\t<div class=\"elementor-element elementor-element-0dbf60a elementor-widget elementor-widget-text-editor\" data-id=\"0dbf60a\" data-element_type=\"widget\" data-e-type=\"widget\" data-widget_type=\"text-editor.default\">\n\t\t\t\t<div class=\"elementor-widget-container\">\n\t\t\t\t\t\t\t\t\t<p>Unfalldaten (meldepflichtig &amp; nicht)<\/p>\t\t\t\t\t\t\t\t<\/div>\n\t\t\t\t<\/div>\n\t\t\t\t<div class=\"elementor-element elementor-element-f0d3bc0 elementor-widget elementor-widget-text-editor\" data-id=\"f0d3bc0\" data-element_type=\"widget\" data-e-type=\"widget\" data-widget_type=\"text-editor.default\">\n\t\t\t\t<div class=\"elementor-widget-container\">\n\t\t\t\t\t\t\t\t\t<p>6\u00a0Monate nach Ende der Schulnutzung<\/p>\t\t\t\t\t\t\t\t<\/div>\n\t\t\t\t<\/div>\n\t\t\t\t<div class=\"elementor-element elementor-element-3a0ae13 elementor-widget elementor-widget-text-editor\" data-id=\"3a0ae13\" data-element_type=\"widget\" data-e-type=\"widget\" data-widget_type=\"text-editor.default\">\n\t\t\t\t<div class=\"elementor-widget-container\">\n\t\t\t\t\t\t\t\t\t<p>Keine Archivierung<\/p>\t\t\t\t\t\t\t\t<\/div>\n\t\t\t\t<\/div>\n\t\t\t\t<div class=\"elementor-element elementor-element-4476f44 elementor-widget elementor-widget-text-editor\" data-id=\"4476f44\" data-element_type=\"widget\" data-e-type=\"widget\" data-widget_type=\"text-editor.default\">\n\t\t\t\t<div class=\"elementor-widget-container\">\n\t\t\t\t\t\t\t\t\t<p>\u00a0Automatisiert nach 6\u00a0Monaten<\/p>\t\t\t\t\t\t\t\t<\/div>\n\t\t\t\t<\/div>\n\t\t\t\t<div class=\"elementor-element elementor-element-8729881 elementor-widget elementor-widget-text-editor\" data-id=\"8729881\" data-element_type=\"widget\" data-e-type=\"widget\" data-widget_type=\"text-editor.default\">\n\t\t\t\t<div class=\"elementor-widget-container\">\n\t\t\t\t\t\t\t\t\t<p>Notfallpass-Daten<\/p>\t\t\t\t\t\t\t\t<\/div>\n\t\t\t\t<\/div>\n\t\t\t\t<div class=\"elementor-element elementor-element-2011005 elementor-widget elementor-widget-text-editor\" data-id=\"2011005\" data-element_type=\"widget\" data-e-type=\"widget\" data-widget_type=\"text-editor.default\">\n\t\t\t\t<div class=\"elementor-widget-container\">\n\t\t\t\t\t\t\t\t\t<p>6\u00a0Monate nach Ende der Schulnutzung<\/p>\t\t\t\t\t\t\t\t<\/div>\n\t\t\t\t<\/div>\n\t\t\t\t<div class=\"elementor-element elementor-element-cb6a53e elementor-widget elementor-widget-text-editor\" data-id=\"cb6a53e\" data-element_type=\"widget\" data-e-type=\"widget\" data-widget_type=\"text-editor.default\">\n\t\t\t\t<div class=\"elementor-widget-container\">\n\t\t\t\t\t\t\t\t\t<p>Keine Archivierung<\/p>\t\t\t\t\t\t\t\t<\/div>\n\t\t\t\t<\/div>\n\t\t\t\t<div class=\"elementor-element elementor-element-e235358 elementor-widget elementor-widget-text-editor\" data-id=\"e235358\" data-element_type=\"widget\" data-e-type=\"widget\" data-widget_type=\"text-editor.default\">\n\t\t\t\t<div class=\"elementor-widget-container\">\n\t\t\t\t\t\t\t\t\t<p>Automatisiert nach 6\u00a0Monaten<\/p>\t\t\t\t\t\t\t\t<\/div>\n\t\t\t\t<\/div>\n\t\t\t\t<div class=\"elementor-element elementor-element-26b901e elementor-widget elementor-widget-text-editor\" data-id=\"26b901e\" data-element_type=\"widget\" data-e-type=\"widget\" data-widget_type=\"text-editor.default\">\n\t\t\t\t<div class=\"elementor-widget-container\">\n\t\t\t\t\t\t\t\t\t<p>Nutzerkonten<\/p>\t\t\t\t\t\t\t\t<\/div>\n\t\t\t\t<\/div>\n\t\t\t\t<div class=\"elementor-element elementor-element-8556ea4 elementor-widget elementor-widget-text-editor\" data-id=\"8556ea4\" data-element_type=\"widget\" data-e-type=\"widget\" data-widget_type=\"text-editor.default\">\n\t\t\t\t<div class=\"elementor-widget-container\">\n\t\t\t\t\t\t\t\t\t<p>6\u00a0Monate nach L\u00f6schung oder Inaktivit\u00e4t<\/p>\t\t\t\t\t\t\t\t<\/div>\n\t\t\t\t<\/div>\n\t\t\t\t<div class=\"elementor-element elementor-element-6eabbae elementor-widget elementor-widget-text-editor\" data-id=\"6eabbae\" data-element_type=\"widget\" data-e-type=\"widget\" data-widget_type=\"text-editor.default\">\n\t\t\t\t<div class=\"elementor-widget-container\">\n\t\t\t\t\t\t\t\t\t<p>Keine Archivierung<\/p>\t\t\t\t\t\t\t\t<\/div>\n\t\t\t\t<\/div>\n\t\t\t\t<div class=\"elementor-element elementor-element-ca306e0 elementor-widget elementor-widget-text-editor\" data-id=\"ca306e0\" data-element_type=\"widget\" data-e-type=\"widget\" data-widget_type=\"text-editor.default\">\n\t\t\t\t<div class=\"elementor-widget-container\">\n\t\t\t\t\t\t\t\t\t<p>Automatisiert nach 6\u00a0Monaten<\/p>\t\t\t\t\t\t\t\t<\/div>\n\t\t\t\t<\/div>\n\t\t\t\t<div class=\"elementor-element elementor-element-bffd840 elementor-widget elementor-widget-text-editor\" data-id=\"bffd840\" data-element_type=\"widget\" data-e-type=\"widget\" data-widget_type=\"text-editor.default\">\n\t\t\t\t<div class=\"elementor-widget-container\">\n\t\t\t\t\t\t\t\t\t<p>Audit-Logs &amp; Protokolldaten<\/p>\t\t\t\t\t\t\t\t<\/div>\n\t\t\t\t<\/div>\n\t\t\t\t<div class=\"elementor-element elementor-element-7d5f083 elementor-widget elementor-widget-text-editor\" data-id=\"7d5f083\" data-element_type=\"widget\" data-e-type=\"widget\" data-widget_type=\"text-editor.default\">\n\t\t\t\t<div class=\"elementor-widget-container\">\n\t\t\t\t\t\t\t\t\t<p>Automatisch historisiert: permanent bis 6\u00a0Monate nach Ende Schulnutzung<\/p>\t\t\t\t\t\t\t\t<\/div>\n\t\t\t\t<\/div>\n\t\t\t\t<div class=\"elementor-element elementor-element-ba229af elementor-widget elementor-widget-text-editor\" data-id=\"ba229af\" data-element_type=\"widget\" data-e-type=\"widget\" data-widget_type=\"text-editor.default\">\n\t\t\t\t<div class=\"elementor-widget-container\">\n\t\t\t\t\t\t\t\t\t<p>Sicherung in Backups<\/p>\t\t\t\t\t\t\t\t<\/div>\n\t\t\t\t<\/div>\n\t\t\t\t<div class=\"elementor-element elementor-element-d85b1e2 elementor-widget elementor-widget-text-editor\" data-id=\"d85b1e2\" data-element_type=\"widget\" data-e-type=\"widget\" data-widget_type=\"text-editor.default\">\n\t\t\t\t<div class=\"elementor-widget-container\">\n\t\t\t\t\t\t\t\t\t<p>Automatisierte Backup-L\u00f6schung (siehe \u00a74)<\/p>\t\t\t\t\t\t\t\t<\/div>\n\t\t\t\t<\/div>\n\t\t\t\t<div class=\"elementor-element elementor-element-9d30c84 elementor-widget elementor-widget-text-editor\" data-id=\"9d30c84\" data-element_type=\"widget\" data-e-type=\"widget\" data-widget_type=\"text-editor.default\">\n\t\t\t\t<div class=\"elementor-widget-container\">\n\t\t\t\t\t\t\t\t\t<p>Backup-Dumps (t\u00e4glich\/monatlich)<\/p>\t\t\t\t\t\t\t\t<\/div>\n\t\t\t\t<\/div>\n\t\t\t\t<div class=\"elementor-element elementor-element-f6def12 elementor-widget elementor-widget-text-editor\" data-id=\"f6def12\" data-element_type=\"widget\" data-e-type=\"widget\" data-widget_type=\"text-editor.default\">\n\t\t\t\t<div class=\"elementor-widget-container\">\n\t\t\t\t\t\t\t\t\t<p>T\u00e4glich: 7\u00a0Tage; Monatlich: 6\u00a0Monate<\/p>\t\t\t\t\t\t\t\t<\/div>\n\t\t\t\t<\/div>\n\t\t\t\t<div class=\"elementor-element elementor-element-438b9aa elementor-widget elementor-widget-text-editor\" data-id=\"438b9aa\" data-element_type=\"widget\" data-e-type=\"widget\" data-widget_type=\"text-editor.default\">\n\t\t\t\t<div class=\"elementor-widget-container\">\n\t\t\t\t\t\t\t\t\t<p>\u00a0Offline sicher gespeichert<\/p>\t\t\t\t\t\t\t\t<\/div>\n\t\t\t\t<\/div>\n\t\t\t\t<div class=\"elementor-element elementor-element-aeec7e7 elementor-widget elementor-widget-text-editor\" data-id=\"aeec7e7\" data-element_type=\"widget\" data-e-type=\"widget\" data-widget_type=\"text-editor.default\">\n\t\t\t\t<div class=\"elementor-widget-container\">\n\t\t\t\t\t\t\t\t\t<p>Rotation gem\u00e4\u00df Backup-Richtlinie<\/p>\t\t\t\t\t\t\t\t<\/div>\n\t\t\t\t<\/div>\n\t\t\t\t<div class=\"elementor-element elementor-element-b69117f elementor-widget elementor-widget-text-editor\" data-id=\"b69117f\" data-element_type=\"widget\" data-e-type=\"widget\" data-widget_type=\"text-editor.default\">\n\t\t\t\t<div class=\"elementor-widget-container\">\n\t\t\t\t\t\t\t\t\t<p>Anonymisierte Statistiken<\/p>\t\t\t\t\t\t\t\t<\/div>\n\t\t\t\t<\/div>\n\t\t\t\t<div class=\"elementor-element elementor-element-4b9709a elementor-widget elementor-widget-text-editor\" data-id=\"4b9709a\" data-element_type=\"widget\" data-e-type=\"widget\" data-widget_type=\"text-editor.default\">\n\t\t\t\t<div class=\"elementor-widget-container\">\n\t\t\t\t\t\t\t\t\t<p>Unbegrenzt (keine Personenbez\u00fcge)<\/p>\t\t\t\t\t\t\t\t<\/div>\n\t\t\t\t<\/div>\n\t\t\t\t<div class=\"elementor-element elementor-element-8bfb45d elementor-widget elementor-widget-text-editor\" data-id=\"8bfb45d\" data-element_type=\"widget\" data-e-type=\"widget\" data-widget_type=\"text-editor.default\">\n\t\t\t\t<div class=\"elementor-widget-container\">\n\t\t\t\t\t\t\t\t\t<p>Archivierung m\u00f6glich<\/p>\t\t\t\t\t\t\t\t<\/div>\n\t\t\t\t<\/div>\n\t\t\t\t<div class=\"elementor-element elementor-element-59b7cba elementor-widget elementor-widget-text-editor\" data-id=\"59b7cba\" data-element_type=\"widget\" data-e-type=\"widget\" data-widget_type=\"text-editor.default\">\n\t\t\t\t<div class=\"elementor-widget-container\">\n\t\t\t\t\t\t\t\t\t<p>Nicht anwendbar<\/p>\t\t\t\t\t\t\t\t<\/div>\n\t\t\t\t<\/div>\n\t\t\t\t\t<\/div>\n\t\t\t\t<\/div>\n\t\t<div class=\"elementor-element elementor-element-2db85e8 e-flex e-con-boxed e-con e-parent\" data-id=\"2db85e8\" data-element_type=\"container\" data-e-type=\"container\">\n\t\t\t\t\t<div class=\"e-con-inner\">\n\t\t\t\t<div class=\"elementor-element elementor-element-7452c45 elementor-widget elementor-widget-text-editor\" data-id=\"7452c45\" data-element_type=\"widget\" data-e-type=\"widget\" data-widget_type=\"text-editor.default\">\n\t\t\t\t<div class=\"elementor-widget-container\">\n\t\t\t\t\t\t\t\t\t<h3 dir=\"auto\" data-sourcepos=\"21:1-21:27\"><a id=\"user-content-3-archivierungsprozesse\" class=\"anchor\" href=\"#3-archivierungsprozesse\" aria-hidden=\"true\"><\/a>3. Archivierungsprozesse<\/h3><ul dir=\"auto\" data-sourcepos=\"23:1-26:0\"><li data-sourcepos=\"23:1-23:113\"><strong data-sourcepos=\"23:3-23:32\">Anonymisierte Statistiken:<\/strong> Nach Erstellung automatischer Export in gesch\u00fctztes Archiv (Schreibgesch\u00fctzt).<\/li><li data-sourcepos=\"24:1-24:89\"><strong data-sourcepos=\"24:3-24:20\">Versionierung:<\/strong> Backups werden versioniert (Duplicity) und gem\u00e4\u00df Zeitplan rotiert.<\/li><li data-sourcepos=\"25:1-26:0\"><strong data-sourcepos=\"25:3-25:24\">Aufbewahrungsorte:<\/strong> ISO-zertifizierte Rechenzentren von Hetzner (EWR), offline Backup-Lagerung bei ClassyMade.<\/li><\/ul><h3 dir=\"auto\" data-sourcepos=\"27:1-27:20\"><a id=\"user-content-4-l\u00f6schprozesse\" class=\"anchor\" href=\"#4-l%C3%B6schprozesse\" target=\"_blank\" rel=\"nofollow noreferrer noopener\" aria-hidden=\"true\"><\/a>4. L\u00f6schprozesse<\/h3><ul dir=\"auto\" data-sourcepos=\"29:1-32:0\"><li data-sourcepos=\"29:1-29:117\"><strong data-sourcepos=\"29:3-29:22\">Automatisierung:<\/strong> Zeitgesteuerte Jobs in der Backend-Infrastruktur f\u00fchren L\u00f6schungen nach Ablauffristen durch.<\/li><li data-sourcepos=\"30:1-30:111\"><strong data-sourcepos=\"30:3-30:19\">Sichtbarkeit:<\/strong> Gel\u00f6schte Datens\u00e4tze werden zuerst pseudonymisiert, anschlie\u00dfend vollst\u00e4ndig gel\u00f6scht.<\/li><li data-sourcepos=\"31:1-32:0\"><strong data-sourcepos=\"31:3-31:15\">Nachweis:<\/strong> Protokollierung aller L\u00f6schvorg\u00e4nge (Audit-Log).<\/li><\/ul><h3 dir=\"auto\" data-sourcepos=\"33:1-33:32\"><a id=\"user-content-5-ausnahmen-und-sonderf\u00e4lle\" class=\"anchor\" href=\"#5-ausnahmen-und-sonderf%C3%A4lle\" target=\"_blank\" rel=\"nofollow noreferrer noopener\" aria-hidden=\"true\"><\/a>5. Ausnahmen und Sonderf\u00e4lle<\/h3><ul dir=\"auto\" data-sourcepos=\"35:1-37:0\"><li data-sourcepos=\"35:1-35:186\"><strong data-sourcepos=\"35:3-35:41\">Gesetzliche Aufbewahrungspflichten:<\/strong> Falls \u00dcbertragung an Unfallkassen oder Aufsichtsbeh\u00f6rden laufend ist, wird die L\u00f6schung bis zur Erf\u00fcllung der gesetzlichen Frist ausgesetzt.<\/li><li data-sourcepos=\"36:1-37:0\"><strong data-sourcepos=\"36:3-36:27\">Rechtsstreitigkeiten:<\/strong> Daten werden solange aufbewahrt, bis alle Rechtsfragen abschlie\u00dfend gekl\u00e4rt sind.<\/li><\/ul><h3 dir=\"auto\" data-sourcepos=\"38:1-38:26\"><a id=\"user-content-6-verantwortlichkeiten\" class=\"anchor\" href=\"#6-verantwortlichkeiten\" aria-hidden=\"true\"><\/a>6. Verantwortlichkeiten<\/h3><ul dir=\"auto\" data-sourcepos=\"40:1-42:0\"><li data-sourcepos=\"40:1-40:100\"><strong data-sourcepos=\"40:3-40:37\">IT-Administration (ClassyMade):<\/strong> Pflege und \u00dcberwachung automatischer L\u00f6sch- und Backup-Jobs.<\/li><li data-sourcepos=\"41:1-42:0\"><strong data-sourcepos=\"41:3-41:30\">Datenschutzbeauftragter:<\/strong> Freigabe von Sonderl\u00f6schungen und Monitoring der Einhaltung des Konzepts.<\/li><\/ul><h3 dir=\"auto\" data-sourcepos=\"43:1-43:27\"><a id=\"user-content-7-monitoring-und-review\" class=\"anchor\" href=\"#7-monitoring-und-review\" aria-hidden=\"true\"><\/a>7. Monitoring und Review<\/h3><ul dir=\"auto\" data-sourcepos=\"45:1-47:0\"><li data-sourcepos=\"45:1-45:91\"><strong data-sourcepos=\"45:3-45:34\">Regelm\u00e4\u00dfige \u00dcberpr\u00fcfung:<\/strong> J\u00e4hrliche Audits der L\u00f6sch- und Archivierungsprozesse.<\/li><li data-sourcepos=\"46:1-47:0\"><strong data-sourcepos=\"46:3-46:20\">Berichtswesen:<\/strong> Dokumentation der Ergebnisse im Datenschutz-Reporting.<\/li><\/ul>\t\t\t\t\t\t\t\t<\/div>\n\t\t\t\t<\/div>\n\t\t\t\t\t<\/div>\n\t\t\t\t<\/div>\n\t\t\t\t<\/div>\n\t\t","protected":false},"excerpt":{"rendered":"<p>L\u00f6sch- und Archivierungskonzept f\u00fcr \u201eAccidents@School \u2013 Das Unfallbuch\u201c Verantwortlicher: ClassyMade GmbH, Zum Schwimmbad\u00a044,\u00a065232\u00a0TaunussteinVersion:\u00a01.0\u2003Datum:\u00a015.07.2025 1. Zweck und Anwendungsbereich Dieses Konzept regelt die L\u00f6sch- und Archivierungsprozesse f\u00fcr personenbezogene Daten in der App \u201eAccidents@School \u2013 Das Unfallbuch\u201c. Ziel ist, gesetzliche Aufbewahrungsfristen einzuhalten, Datenschutzrechte zu wahren und Speicherressourcen effizient zu nutzen. 2. Datenkategorien und Aufbewahrungsfristen Datenkategorie Aufbewahrungsfrist Archivierung \u00a0L\u00f6schung &#8230; <a title=\"L\u00f6sch und Archivierungskonzept\" class=\"read-more\" href=\"https:\/\/help.classymade.de\/?page_id=820\" aria-label=\"Mehr Informationen \u00fcber L\u00f6sch und Archivierungskonzept\">Weiterlesen<\/a><\/p>\n","protected":false},"author":3,"featured_media":0,"parent":0,"menu_order":0,"comment_status":"closed","ping_status":"closed","template":"","meta":{"footnotes":""},"class_list":["post-820","page","type-page","status-publish"],"yoast_head":"<!-- This site is optimized with the Yoast SEO plugin v27.6 - https:\/\/yoast.com\/product\/yoast-seo-wordpress\/ -->\n<title>L\u00f6sch und Archivierungskonzept - ClassyMade GmbH<\/title>\n<meta name=\"robots\" content=\"index, follow, max-snippet:-1, max-image-preview:large, max-video-preview:-1\" \/>\n<link rel=\"canonical\" href=\"https:\/\/help.classymade.de\/?page_id=820\" \/>\n<meta property=\"og:locale\" content=\"de_DE\" \/>\n<meta property=\"og:type\" content=\"article\" \/>\n<meta property=\"og:title\" content=\"L\u00f6sch und Archivierungskonzept - ClassyMade GmbH\" \/>\n<meta property=\"og:description\" content=\"L\u00f6sch- und Archivierungskonzept f\u00fcr \u201eAccidents@School \u2013 Das Unfallbuch\u201c Verantwortlicher: ClassyMade GmbH, Zum Schwimmbad\u00a044,\u00a065232\u00a0TaunussteinVersion:\u00a01.0\u2003Datum:\u00a015.07.2025 1. Zweck und Anwendungsbereich Dieses Konzept regelt die L\u00f6sch- und Archivierungsprozesse f\u00fcr personenbezogene Daten in der App \u201eAccidents@School \u2013 Das Unfallbuch\u201c. Ziel ist, gesetzliche Aufbewahrungsfristen einzuhalten, Datenschutzrechte zu wahren und Speicherressourcen effizient zu nutzen. 2. Datenkategorien und Aufbewahrungsfristen Datenkategorie Aufbewahrungsfrist Archivierung \u00a0L\u00f6schung ... Weiterlesen\" \/>\n<meta property=\"og:url\" content=\"https:\/\/help.classymade.de\/?page_id=820\" \/>\n<meta property=\"og:site_name\" content=\"ClassyMade GmbH\" \/>\n<meta property=\"article:modified_time\" content=\"2025-09-17T12:34:30+00:00\" \/>\n<meta name=\"twitter:card\" content=\"summary_large_image\" \/>\n<meta name=\"twitter:label1\" content=\"Gesch\u00e4tzte Lesezeit\" \/>\n\t<meta name=\"twitter:data1\" content=\"2\u00a0Minuten\" \/>\n<script type=\"application\/ld+json\" class=\"yoast-schema-graph\">{\"@context\":\"https:\\\/\\\/schema.org\",\"@graph\":[{\"@type\":\"WebPage\",\"@id\":\"https:\\\/\\\/help.classymade.de\\\/?page_id=820\",\"url\":\"https:\\\/\\\/help.classymade.de\\\/?page_id=820\",\"name\":\"L\u00f6sch und Archivierungskonzept - ClassyMade GmbH\",\"isPartOf\":{\"@id\":\"https:\\\/\\\/help.classymade.de\\\/#website\"},\"datePublished\":\"2025-09-17T12:33:39+00:00\",\"dateModified\":\"2025-09-17T12:34:30+00:00\",\"breadcrumb\":{\"@id\":\"https:\\\/\\\/help.classymade.de\\\/?page_id=820#breadcrumb\"},\"inLanguage\":\"de\",\"potentialAction\":[{\"@type\":\"ReadAction\",\"target\":[\"https:\\\/\\\/help.classymade.de\\\/?page_id=820\"]}]},{\"@type\":\"BreadcrumbList\",\"@id\":\"https:\\\/\\\/help.classymade.de\\\/?page_id=820#breadcrumb\",\"itemListElement\":[{\"@type\":\"ListItem\",\"position\":1,\"name\":\"Startseite\",\"item\":\"https:\\\/\\\/help.classymade.de\\\/\"},{\"@type\":\"ListItem\",\"position\":2,\"name\":\"L\u00f6sch und Archivierungskonzept\"}]},{\"@type\":\"WebSite\",\"@id\":\"https:\\\/\\\/help.classymade.de\\\/#website\",\"url\":\"https:\\\/\\\/help.classymade.de\\\/\",\"name\":\"ClassyMade GmbH\",\"description\":\"Hilfecenter\",\"publisher\":{\"@id\":\"https:\\\/\\\/help.classymade.de\\\/#organization\"},\"potentialAction\":[{\"@type\":\"SearchAction\",\"target\":{\"@type\":\"EntryPoint\",\"urlTemplate\":\"https:\\\/\\\/help.classymade.de\\\/?s={search_term_string}\"},\"query-input\":{\"@type\":\"PropertyValueSpecification\",\"valueRequired\":true,\"valueName\":\"search_term_string\"}}],\"inLanguage\":\"de\"},{\"@type\":\"Organization\",\"@id\":\"https:\\\/\\\/help.classymade.de\\\/#organization\",\"name\":\"ClassyMade GmbH\",\"url\":\"https:\\\/\\\/help.classymade.de\\\/\",\"logo\":{\"@type\":\"ImageObject\",\"inLanguage\":\"de\",\"@id\":\"https:\\\/\\\/help.classymade.de\\\/#\\\/schema\\\/logo\\\/image\\\/\",\"url\":\"https:\\\/\\\/help.classymade.de\\\/wp-content\\\/uploads\\\/2025\\\/06\\\/Classymade-logo-quadrat-grau.png\",\"contentUrl\":\"https:\\\/\\\/help.classymade.de\\\/wp-content\\\/uploads\\\/2025\\\/06\\\/Classymade-logo-quadrat-grau.png\",\"width\":2000,\"height\":2000,\"caption\":\"ClassyMade GmbH\"},\"image\":{\"@id\":\"https:\\\/\\\/help.classymade.de\\\/#\\\/schema\\\/logo\\\/image\\\/\"}}]}<\/script>\n<!-- \/ Yoast SEO plugin. -->","yoast_head_json":{"title":"L\u00f6sch und Archivierungskonzept - ClassyMade GmbH","robots":{"index":"index","follow":"follow","max-snippet":"max-snippet:-1","max-image-preview":"max-image-preview:large","max-video-preview":"max-video-preview:-1"},"canonical":"https:\/\/help.classymade.de\/?page_id=820","og_locale":"de_DE","og_type":"article","og_title":"L\u00f6sch und Archivierungskonzept - ClassyMade GmbH","og_description":"L\u00f6sch- und Archivierungskonzept f\u00fcr \u201eAccidents@School \u2013 Das Unfallbuch\u201c Verantwortlicher: ClassyMade GmbH, Zum Schwimmbad\u00a044,\u00a065232\u00a0TaunussteinVersion:\u00a01.0\u2003Datum:\u00a015.07.2025 1. Zweck und Anwendungsbereich Dieses Konzept regelt die L\u00f6sch- und Archivierungsprozesse f\u00fcr personenbezogene Daten in der App \u201eAccidents@School \u2013 Das Unfallbuch\u201c. Ziel ist, gesetzliche Aufbewahrungsfristen einzuhalten, Datenschutzrechte zu wahren und Speicherressourcen effizient zu nutzen. 2. Datenkategorien und Aufbewahrungsfristen Datenkategorie Aufbewahrungsfrist Archivierung \u00a0L\u00f6schung ... Weiterlesen","og_url":"https:\/\/help.classymade.de\/?page_id=820","og_site_name":"ClassyMade GmbH","article_modified_time":"2025-09-17T12:34:30+00:00","twitter_card":"summary_large_image","twitter_misc":{"Gesch\u00e4tzte Lesezeit":"2\u00a0Minuten"},"schema":{"@context":"https:\/\/schema.org","@graph":[{"@type":"WebPage","@id":"https:\/\/help.classymade.de\/?page_id=820","url":"https:\/\/help.classymade.de\/?page_id=820","name":"L\u00f6sch und Archivierungskonzept - ClassyMade GmbH","isPartOf":{"@id":"https:\/\/help.classymade.de\/#website"},"datePublished":"2025-09-17T12:33:39+00:00","dateModified":"2025-09-17T12:34:30+00:00","breadcrumb":{"@id":"https:\/\/help.classymade.de\/?page_id=820#breadcrumb"},"inLanguage":"de","potentialAction":[{"@type":"ReadAction","target":["https:\/\/help.classymade.de\/?page_id=820"]}]},{"@type":"BreadcrumbList","@id":"https:\/\/help.classymade.de\/?page_id=820#breadcrumb","itemListElement":[{"@type":"ListItem","position":1,"name":"Startseite","item":"https:\/\/help.classymade.de\/"},{"@type":"ListItem","position":2,"name":"L\u00f6sch und Archivierungskonzept"}]},{"@type":"WebSite","@id":"https:\/\/help.classymade.de\/#website","url":"https:\/\/help.classymade.de\/","name":"ClassyMade GmbH","description":"Hilfecenter","publisher":{"@id":"https:\/\/help.classymade.de\/#organization"},"potentialAction":[{"@type":"SearchAction","target":{"@type":"EntryPoint","urlTemplate":"https:\/\/help.classymade.de\/?s={search_term_string}"},"query-input":{"@type":"PropertyValueSpecification","valueRequired":true,"valueName":"search_term_string"}}],"inLanguage":"de"},{"@type":"Organization","@id":"https:\/\/help.classymade.de\/#organization","name":"ClassyMade GmbH","url":"https:\/\/help.classymade.de\/","logo":{"@type":"ImageObject","inLanguage":"de","@id":"https:\/\/help.classymade.de\/#\/schema\/logo\/image\/","url":"https:\/\/help.classymade.de\/wp-content\/uploads\/2025\/06\/Classymade-logo-quadrat-grau.png","contentUrl":"https:\/\/help.classymade.de\/wp-content\/uploads\/2025\/06\/Classymade-logo-quadrat-grau.png","width":2000,"height":2000,"caption":"ClassyMade GmbH"},"image":{"@id":"https:\/\/help.classymade.de\/#\/schema\/logo\/image\/"}}]}},"_links":{"self":[{"href":"https:\/\/help.classymade.de\/index.php?rest_route=\/wp\/v2\/pages\/820","targetHints":{"allow":["GET"]}}],"collection":[{"href":"https:\/\/help.classymade.de\/index.php?rest_route=\/wp\/v2\/pages"}],"about":[{"href":"https:\/\/help.classymade.de\/index.php?rest_route=\/wp\/v2\/types\/page"}],"author":[{"embeddable":true,"href":"https:\/\/help.classymade.de\/index.php?rest_route=\/wp\/v2\/users\/3"}],"replies":[{"embeddable":true,"href":"https:\/\/help.classymade.de\/index.php?rest_route=%2Fwp%2Fv2%2Fcomments&post=820"}],"version-history":[{"count":7,"href":"https:\/\/help.classymade.de\/index.php?rest_route=\/wp\/v2\/pages\/820\/revisions"}],"predecessor-version":[{"id":850,"href":"https:\/\/help.classymade.de\/index.php?rest_route=\/wp\/v2\/pages\/820\/revisions\/850"}],"wp:attachment":[{"href":"https:\/\/help.classymade.de\/index.php?rest_route=%2Fwp%2Fv2%2Fmedia&parent=820"}],"curies":[{"name":"wp","href":"https:\/\/api.w.org\/{rel}","templated":true}]}}