{"id":843,"date":"2025-09-17T13:38:33","date_gmt":"2025-09-17T13:38:33","guid":{"rendered":"https:\/\/help.classymade.de\/?page_id=843"},"modified":"2025-09-23T10:29:26","modified_gmt":"2025-09-23T10:29:26","slug":"anleitung-registrieren-einer-schule","status":"publish","type":"page","link":"https:\/\/help.classymade.de\/?page_id=843","title":{"rendered":"Registrieren einer Schule"},"content":{"rendered":"\t\t<div data-elementor-type=\"wp-page\" data-elementor-id=\"843\" class=\"elementor elementor-843\" data-elementor-post-type=\"page\">\n\t\t\t\t<div class=\"elementor-element elementor-element-c0a2463 e-flex e-con-boxed e-con e-parent\" data-id=\"c0a2463\" data-element_type=\"container\" data-e-type=\"container\">\n\t\t\t\t\t<div class=\"e-con-inner\">\n\t\t\t\t<div class=\"elementor-element elementor-element-671ae68 elementor-widget-divider--view-line elementor-widget elementor-widget-divider\" data-id=\"671ae68\" data-element_type=\"widget\" data-e-type=\"widget\" data-widget_type=\"divider.default\">\n\t\t\t\t<div class=\"elementor-widget-container\">\n\t\t\t\t\t\t\t<div class=\"elementor-divider\">\n\t\t\t<span class=\"elementor-divider-separator\">\n\t\t\t\t\t\t<\/span>\n\t\t<\/div>\n\t\t\t\t\t\t<\/div>\n\t\t\t\t<\/div>\n\t\t\t\t\t<\/div>\n\t\t\t\t<\/div>\n\t\t<div class=\"elementor-element elementor-element-9d687be e-flex e-con-boxed e-con e-parent\" data-id=\"9d687be\" data-element_type=\"container\" data-e-type=\"container\">\n\t\t\t\t\t<div class=\"e-con-inner\">\n\t\t\t\t<div class=\"elementor-element elementor-element-85b90fe elementor-widget elementor-widget-text-editor\" data-id=\"85b90fe\" data-element_type=\"widget\" data-e-type=\"widget\" data-widget_type=\"text-editor.default\">\n\t\t\t\t<div class=\"elementor-widget-container\">\n\t\t\t\t\t\t\t\t\t<h5><strong><span style=\"color: #ffffff;\">In dieser Anleitung erfahren Sie, wie Sie Ihre Schule bei Accidents at School registrieren k\u00f6nnen.<\/span><\/strong><\/h5>\t\t\t\t\t\t\t\t<\/div>\n\t\t\t\t<\/div>\n\t\t\t\t\t<\/div>\n\t\t\t\t<\/div>\n\t\t<div class=\"elementor-element elementor-element-1e06c03 e-flex e-con-boxed e-con e-parent\" data-id=\"1e06c03\" data-element_type=\"container\" data-e-type=\"container\">\n\t\t\t\t\t<div class=\"e-con-inner\">\n\t\t\t\t<div class=\"elementor-element elementor-element-f16e993 elementor-widget elementor-widget-text-editor\" data-id=\"f16e993\" data-element_type=\"widget\" data-e-type=\"widget\" data-widget_type=\"text-editor.default\">\n\t\t\t\t<div class=\"elementor-widget-container\">\n\t\t\t\t\t\t\t\t\t<p><strong>1.<\/strong> Wenn Sie eine neue Schule anlegen m\u00f6chten, klicken Sie auf der Startseite auf &#8222;Schule erstellen&#8220;. Nach erfolgreicher Erstellung k\u00f6nnen dann weitere Personen Ihrer Schule zugewiesen werden.<\/p>\t\t\t\t\t\t\t\t<\/div>\n\t\t\t\t<\/div>\n\t\t\t\t\t<\/div>\n\t\t\t\t<\/div>\n\t\t<div class=\"elementor-element elementor-element-3b452f7 e-flex e-con-boxed e-con e-parent\" data-id=\"3b452f7\" data-element_type=\"container\" data-e-type=\"container\">\n\t\t\t\t\t<div class=\"e-con-inner\">\n\t\t\t\t<div class=\"elementor-element elementor-element-f7e69fe elementor-widget elementor-widget-image\" data-id=\"f7e69fe\" data-element_type=\"widget\" data-e-type=\"widget\" data-widget_type=\"image.default\">\n\t\t\t\t<div class=\"elementor-widget-container\">\n\t\t\t\t\t\t\t\t\t\t\t\t\t\t\t<img fetchpriority=\"high\" decoding=\"async\" width=\"661\" height=\"656\" src=\"https:\/\/help.classymade.de\/wp-content\/uploads\/2025\/09\/Schule-erstellen.png\" class=\"attachment-large size-large wp-image-856\" alt=\"\" srcset=\"https:\/\/help.classymade.de\/wp-content\/uploads\/2025\/09\/Schule-erstellen.png 661w, https:\/\/help.classymade.de\/wp-content\/uploads\/2025\/09\/Schule-erstellen-300x298.png 300w, https:\/\/help.classymade.de\/wp-content\/uploads\/2025\/09\/Schule-erstellen-150x150.png 150w\" sizes=\"(max-width: 661px) 100vw, 661px\" \/>\t\t\t\t\t\t\t\t\t\t\t\t\t\t\t<\/div>\n\t\t\t\t<\/div>\n\t\t\t\t\t<\/div>\n\t\t\t\t<\/div>\n\t\t<div class=\"elementor-element elementor-element-33ca902 e-flex e-con-boxed e-con e-parent\" data-id=\"33ca902\" data-element_type=\"container\" data-e-type=\"container\">\n\t\t\t\t\t<div class=\"e-con-inner\">\n\t\t\t\t\t<\/div>\n\t\t\t\t<\/div>\n\t\t<div class=\"elementor-element elementor-element-9c651f3 e-flex e-con-boxed e-con e-parent\" data-id=\"9c651f3\" data-element_type=\"container\" data-e-type=\"container\">\n\t\t\t\t\t<div class=\"e-con-inner\">\n\t\t\t\t<div class=\"elementor-element elementor-element-eca7411 elementor-widget elementor-widget-text-editor\" data-id=\"eca7411\" data-element_type=\"widget\" data-e-type=\"widget\" data-widget_type=\"text-editor.default\">\n\t\t\t\t<div class=\"elementor-widget-container\">\n\t\t\t\t\t\t\t\t\t<p><strong>2.<\/strong> Erstellen Sie nun einen User, mit dem die Schule verwaltet werden soll. Dieser User ist Ihr Admin und besitzt weitreichende Rechte. Geben Sie in die nun erscheinende Eingabemaske die Benutzerdaten ein und klicken Sie anschlie\u00dfend auf Registrieren. Anschlie\u00dfend wird ein Verifizierungscode an die angegebene E-Mail-Adresse versendet, mit diesem die Registrierung abgeschlossen werden kann.<\/p>\t\t\t\t\t\t\t\t<\/div>\n\t\t\t\t<\/div>\n\t\t\t\t<div class=\"elementor-element elementor-element-95c2a02 elementor-widget elementor-widget-image\" data-id=\"95c2a02\" data-element_type=\"widget\" data-e-type=\"widget\" data-widget_type=\"image.default\">\n\t\t\t\t<div class=\"elementor-widget-container\">\n\t\t\t\t\t\t\t\t\t\t\t\t\t\t\t<img decoding=\"async\" width=\"765\" height=\"870\" src=\"https:\/\/help.classymade.de\/wp-content\/uploads\/2025\/09\/Adminunser_erstellen.png\" class=\"attachment-large size-large wp-image-859\" alt=\"\" srcset=\"https:\/\/help.classymade.de\/wp-content\/uploads\/2025\/09\/Adminunser_erstellen.png 765w, https:\/\/help.classymade.de\/wp-content\/uploads\/2025\/09\/Adminunser_erstellen-264x300.png 264w\" sizes=\"(max-width: 765px) 100vw, 765px\" \/>\t\t\t\t\t\t\t\t\t\t\t\t\t\t\t<\/div>\n\t\t\t\t<\/div>\n\t\t\t\t\t<\/div>\n\t\t\t\t<\/div>\n\t\t<div class=\"elementor-element elementor-element-a528001 e-flex e-con-boxed e-con e-parent\" data-id=\"a528001\" data-element_type=\"container\" data-e-type=\"container\">\n\t\t\t\t\t<div class=\"e-con-inner\">\n\t\t\t\t<div class=\"elementor-element elementor-element-6e57011 elementor-widget elementor-widget-text-editor\" data-id=\"6e57011\" data-element_type=\"widget\" data-e-type=\"widget\" data-widget_type=\"text-editor.default\">\n\t\t\t\t<div class=\"elementor-widget-container\">\n\t\t\t\t\t\t\t\t\t<p><strong>Bitte beachten Sie, dass dieser Schritt nicht notwendig ist, wenn Sie WebUntis verwenden. In diesem Fall finden Sie hier die Anleitung, wie Sie Accidents at School f\u00fcr Ihre Schule in WebUntis aktivieren k\u00f6nnen.<\/strong><\/p><p><strong>Weiterhin ist dieser Schritt nicht notwendig, wenn Sie sich als User an einer bereits bestehenden Schule anmelden m\u00f6chten. Suchen Sie in diesem Fall Ihre Schule auf der Startseite unter &#8222;Schule suchen&#8220;.<\/strong><\/p>\t\t\t\t\t\t\t\t<\/div>\n\t\t\t\t<\/div>\n\t\t\t\t\t<\/div>\n\t\t\t\t<\/div>\n\t\t<div class=\"elementor-element elementor-element-43804f2 e-flex e-con-boxed e-con e-parent\" data-id=\"43804f2\" data-element_type=\"container\" data-e-type=\"container\">\n\t\t\t\t\t<div class=\"e-con-inner\">\n\t\t\t\t<div class=\"elementor-element elementor-element-0458f96 elementor-widget elementor-widget-text-editor\" data-id=\"0458f96\" data-element_type=\"widget\" data-e-type=\"widget\" data-widget_type=\"text-editor.default\">\n\t\t\t\t<div class=\"elementor-widget-container\">\n\t\t\t\t\t\t\t\t\t<p><strong>3.<\/strong> Geben Sie den Verifizierungscode im nun erscheinenden Fenster ein.<\/p><p>Nun k\u00f6nnen Sie sich \u00fcber den soeben erstellten Adminuser anmelden und Ihre Schule erstellen. Geben Sie hierzu Ihre soeben angelegten Anmeldedaten ein und und klicken Sie auf <strong>&#8222;Anmelden&#8220;<\/strong>.<\/p>\t\t\t\t\t\t\t\t<\/div>\n\t\t\t\t<\/div>\n\t\t\t\t\t<\/div>\n\t\t\t\t<\/div>\n\t\t<div class=\"elementor-element elementor-element-d7813b8 e-flex e-con-boxed e-con e-parent\" data-id=\"d7813b8\" data-element_type=\"container\" data-e-type=\"container\">\n\t\t\t\t\t<div class=\"e-con-inner\">\n\t\t\t\t<div class=\"elementor-element elementor-element-6d863f7 elementor-widget elementor-widget-image\" data-id=\"6d863f7\" data-element_type=\"widget\" data-e-type=\"widget\" data-widget_type=\"image.default\">\n\t\t\t\t<div class=\"elementor-widget-container\">\n\t\t\t\t\t\t\t\t\t\t\t\t\t\t\t<img decoding=\"async\" width=\"770\" height=\"521\" src=\"https:\/\/help.classymade.de\/wp-content\/uploads\/2025\/09\/Anmelden_Schule-erstellen.png\" class=\"attachment-large size-large wp-image-860\" alt=\"\" srcset=\"https:\/\/help.classymade.de\/wp-content\/uploads\/2025\/09\/Anmelden_Schule-erstellen.png 770w, https:\/\/help.classymade.de\/wp-content\/uploads\/2025\/09\/Anmelden_Schule-erstellen-300x203.png 300w, https:\/\/help.classymade.de\/wp-content\/uploads\/2025\/09\/Anmelden_Schule-erstellen-768x520.png 768w\" sizes=\"(max-width: 770px) 100vw, 770px\" \/>\t\t\t\t\t\t\t\t\t\t\t\t\t\t\t<\/div>\n\t\t\t\t<\/div>\n\t\t\t\t\t<\/div>\n\t\t\t\t<\/div>\n\t\t<div class=\"elementor-element elementor-element-b942adc e-flex e-con-boxed e-con e-parent\" data-id=\"b942adc\" data-element_type=\"container\" data-e-type=\"container\">\n\t\t\t\t\t<div class=\"e-con-inner\">\n\t\t\t\t\t<\/div>\n\t\t\t\t<\/div>\n\t\t<div class=\"elementor-element elementor-element-e1a6594 e-flex e-con-boxed e-con e-parent\" data-id=\"e1a6594\" data-element_type=\"container\" data-e-type=\"container\">\n\t\t\t\t\t<div class=\"e-con-inner\">\n\t\t\t\t<div class=\"elementor-element elementor-element-8db26b6 elementor-widget elementor-widget-text-editor\" data-id=\"8db26b6\" data-element_type=\"widget\" data-e-type=\"widget\" data-widget_type=\"text-editor.default\">\n\t\t\t\t<div class=\"elementor-widget-container\">\n\t\t\t\t\t\t\t\t\t<p><strong>4.<\/strong> Geben Sie nun die Angaben zu Ihrer Schule ein. Beachten Sie dabei, einen eindeutigen Namen f\u00fcr Ihre Schule anzugeben, damit sie von Ihren Usern leicht gefunden werden kann. W\u00e4hlen Sie au\u00dferdem Ihr Bundesland und die f\u00fcr Sie zust\u00e4ndige Unfallkasse aus.<\/p>\t\t\t\t\t\t\t\t<\/div>\n\t\t\t\t<\/div>\n\t\t\t\t\t<\/div>\n\t\t\t\t<\/div>\n\t\t<div class=\"elementor-element elementor-element-22f270b e-flex e-con-boxed e-con e-parent\" data-id=\"22f270b\" data-element_type=\"container\" data-e-type=\"container\">\n\t\t\t\t\t<div class=\"e-con-inner\">\n\t\t\t\t<div class=\"elementor-element elementor-element-293f106 elementor-widget elementor-widget-image\" data-id=\"293f106\" data-element_type=\"widget\" data-e-type=\"widget\" data-widget_type=\"image.default\">\n\t\t\t\t<div class=\"elementor-widget-container\">\n\t\t\t\t\t\t\t\t\t\t\t\t\t\t\t<img loading=\"lazy\" decoding=\"async\" width=\"891\" height=\"753\" src=\"https:\/\/help.classymade.de\/wp-content\/uploads\/2025\/09\/Schuldaten_eingeben-1.png\" class=\"attachment-large size-large wp-image-861\" alt=\"\" srcset=\"https:\/\/help.classymade.de\/wp-content\/uploads\/2025\/09\/Schuldaten_eingeben-1.png 891w, https:\/\/help.classymade.de\/wp-content\/uploads\/2025\/09\/Schuldaten_eingeben-1-300x254.png 300w, https:\/\/help.classymade.de\/wp-content\/uploads\/2025\/09\/Schuldaten_eingeben-1-768x649.png 768w\" sizes=\"(max-width: 891px) 100vw, 891px\" \/>\t\t\t\t\t\t\t\t\t\t\t\t\t\t\t<\/div>\n\t\t\t\t<\/div>\n\t\t\t\t\t<\/div>\n\t\t\t\t<\/div>\n\t\t<div class=\"elementor-element elementor-element-d3919d6 e-flex e-con-boxed e-con e-parent\" data-id=\"d3919d6\" data-element_type=\"container\" data-e-type=\"container\">\n\t\t\t\t\t<div class=\"e-con-inner\">\n\t\t\t\t\t<\/div>\n\t\t\t\t<\/div>\n\t\t<div class=\"elementor-element elementor-element-1d37328 e-flex e-con-boxed e-con e-parent\" data-id=\"1d37328\" data-element_type=\"container\" data-e-type=\"container\">\n\t\t\t\t\t<div class=\"e-con-inner\">\n\t\t\t\t<div class=\"elementor-element elementor-element-08b9e41 elementor-widget elementor-widget-text-editor\" data-id=\"08b9e41\" data-element_type=\"widget\" data-e-type=\"widget\" data-widget_type=\"text-editor.default\">\n\t\t\t\t<div class=\"elementor-widget-container\">\n\t\t\t\t\t\t\t\t\t<p><strong>5<\/strong>. Im letzten Schritt lesen Sie sich bitte den Vertrag zur Auftragsdatenverarbeitung (AVV) durch. Dies ist notwendig, damit wir (ClassyMade GmbH) Unf\u00e4lle der Schule erfassen und Benutzer verwalten d\u00fcrfen. Wenn Sie hierbei Hilfe ben\u00f6tigen, wenden Sie sich bitte jederzeit an die ClassyMade GmbH<\/p><p>\u00a0<\/p><p>Wenn Sie berechtigt sind, diese zu unterzeichnen und diese annehmen, best\u00e4tigen Sie dies bitte, indem Sie das H\u00e4kchen an entsprechender Stelle setzen (s. Screenshot). Geben Sie zudem, als verantwortliche Person der Schule, Ihren Namen und Anschrift an.\u00a0<\/p>\t\t\t\t\t\t\t\t<\/div>\n\t\t\t\t<\/div>\n\t\t\t\t\t<\/div>\n\t\t\t\t<\/div>\n\t\t<div class=\"elementor-element elementor-element-8ef16e1 e-flex e-con-boxed e-con e-parent\" data-id=\"8ef16e1\" data-element_type=\"container\" data-e-type=\"container\">\n\t\t\t\t\t<div class=\"e-con-inner\">\n\t\t\t\t<div class=\"elementor-element elementor-element-564b360 elementor-widget elementor-widget-image\" data-id=\"564b360\" data-element_type=\"widget\" data-e-type=\"widget\" data-widget_type=\"image.default\">\n\t\t\t\t<div class=\"elementor-widget-container\">\n\t\t\t\t\t\t\t\t\t\t\t\t\t\t\t<img loading=\"lazy\" decoding=\"async\" width=\"895\" height=\"556\" src=\"https:\/\/help.classymade.de\/wp-content\/uploads\/2025\/09\/Unterzeichnung_AVV.png\" class=\"attachment-large size-large wp-image-864\" alt=\"\" srcset=\"https:\/\/help.classymade.de\/wp-content\/uploads\/2025\/09\/Unterzeichnung_AVV.png 895w, https:\/\/help.classymade.de\/wp-content\/uploads\/2025\/09\/Unterzeichnung_AVV-300x186.png 300w, https:\/\/help.classymade.de\/wp-content\/uploads\/2025\/09\/Unterzeichnung_AVV-768x477.png 768w\" sizes=\"(max-width: 895px) 100vw, 895px\" \/>\t\t\t\t\t\t\t\t\t\t\t\t\t\t\t<\/div>\n\t\t\t\t<\/div>\n\t\t\t\t\t<\/div>\n\t\t\t\t<\/div>\n\t\t<div class=\"elementor-element elementor-element-e270ae3 e-flex e-con-boxed e-con e-parent\" data-id=\"e270ae3\" data-element_type=\"container\" data-e-type=\"container\">\n\t\t\t\t\t<div class=\"e-con-inner\">\n\t\t\t\t\t<\/div>\n\t\t\t\t<\/div>\n\t\t<div class=\"elementor-element elementor-element-725dd77 e-flex e-con-boxed e-con e-parent\" data-id=\"725dd77\" data-element_type=\"container\" data-e-type=\"container\">\n\t\t\t\t\t<div class=\"e-con-inner\">\n\t\t\t\t<div class=\"elementor-element elementor-element-21fae39 elementor-widget elementor-widget-text-editor\" data-id=\"21fae39\" data-element_type=\"widget\" data-e-type=\"widget\" data-widget_type=\"text-editor.default\">\n\t\t\t\t<div class=\"elementor-widget-container\">\n\t\t\t\t\t\t\t\t\t<p><strong>6.<\/strong> \u00dcberpr\u00fcfen Sie im n\u00e4chsten Schritt die Angaben Ihrer Schule. Sind alle Angaben korrekt, klicken Sie &#8222;Schule anlegen&#8220;.<\/p><p>Sie werden anschlie\u00dfend automatisch in Ihrer Schule eingeloggt und sehen alle M\u00f6glichkeiten, Accidents at School f\u00fcr Ihre Schule einzurichten und zu verwenden.<\/p>\t\t\t\t\t\t\t\t<\/div>\n\t\t\t\t<\/div>\n\t\t\t\t\t<\/div>\n\t\t\t\t<\/div>\n\t\t<div class=\"elementor-element elementor-element-8e91fea e-flex e-con-boxed e-con e-parent\" data-id=\"8e91fea\" data-element_type=\"container\" data-e-type=\"container\">\n\t\t\t\t\t<div class=\"e-con-inner\">\n\t\t\t\t<div class=\"elementor-element elementor-element-ffca0e2 elementor-widget elementor-widget-image\" data-id=\"ffca0e2\" data-element_type=\"widget\" data-e-type=\"widget\" data-widget_type=\"image.default\">\n\t\t\t\t<div class=\"elementor-widget-container\">\n\t\t\t\t\t\t\t\t\t\t\t\t\t\t\t<img loading=\"lazy\" decoding=\"async\" width=\"765\" height=\"628\" src=\"https:\/\/help.classymade.de\/wp-content\/uploads\/2025\/09\/Schuldaten_ueberpruefen.png\" class=\"attachment-large size-large wp-image-871\" alt=\"\" srcset=\"https:\/\/help.classymade.de\/wp-content\/uploads\/2025\/09\/Schuldaten_ueberpruefen.png 765w, https:\/\/help.classymade.de\/wp-content\/uploads\/2025\/09\/Schuldaten_ueberpruefen-300x246.png 300w\" sizes=\"(max-width: 765px) 100vw, 765px\" \/>\t\t\t\t\t\t\t\t\t\t\t\t\t\t\t<\/div>\n\t\t\t\t<\/div>\n\t\t\t\t<div class=\"elementor-element elementor-element-52db527 elementor-widget elementor-widget-text-editor\" data-id=\"52db527\" data-element_type=\"widget\" data-e-type=\"widget\" data-widget_type=\"text-editor.default\">\n\t\t\t\t<div class=\"elementor-widget-container\">\n\t\t\t\t\t\t\t\t\t<p>Fertig! Ihr Adminuser ist erstellt und Ihre Schule wurde angelegt. Erfahren Sie <strong>hier<\/strong>, wie Sie User zu Ihrer Schule hinzuf\u00fcgen und verwalten k\u00f6nnen.\u00a0<\/p><p>Wenn Sie Ihre Schuldaten einsehen oder einen Registrierungscode f\u00fcr Ihre Sch\u00fclerinnen und Sch\u00fcler erstellen m\u00f6chten, finden Sie <strong><a href=\"https:\/\/help.classymade.de\/?page_id=337\">hier<\/a><\/strong> die Anleitung dazu.\u00a0<\/p>\t\t\t\t\t\t\t\t<\/div>\n\t\t\t\t<\/div>\n\t\t\t\t\t<\/div>\n\t\t\t\t<\/div>\n\t\t\t\t<\/div>\n\t\t","protected":false},"excerpt":{"rendered":"<p>In dieser Anleitung erfahren Sie, wie Sie Ihre Schule bei Accidents at School registrieren k\u00f6nnen. 1. Wenn Sie eine neue Schule anlegen m\u00f6chten, klicken Sie auf der Startseite auf &#8222;Schule erstellen&#8220;. Nach erfolgreicher Erstellung k\u00f6nnen dann weitere Personen Ihrer Schule zugewiesen werden. 2. Erstellen Sie nun einen User, mit dem die Schule verwaltet werden soll. &#8230; <a title=\"Registrieren einer Schule\" class=\"read-more\" href=\"https:\/\/help.classymade.de\/?page_id=843\" aria-label=\"Mehr Informationen \u00fcber Registrieren einer Schule\">Weiterlesen<\/a><\/p>\n","protected":false},"author":2,"featured_media":0,"parent":0,"menu_order":0,"comment_status":"closed","ping_status":"closed","template":"","meta":{"footnotes":""},"class_list":["post-843","page","type-page","status-publish"],"yoast_head":"<!-- This site is optimized with the Yoast SEO plugin v27.6 - https:\/\/yoast.com\/product\/yoast-seo-wordpress\/ -->\n<title>Registrieren einer Schule - ClassyMade GmbH<\/title>\n<meta name=\"robots\" content=\"index, follow, max-snippet:-1, max-image-preview:large, max-video-preview:-1\" \/>\n<link rel=\"canonical\" href=\"https:\/\/help.classymade.de\/?page_id=843\" \/>\n<meta property=\"og:locale\" content=\"de_DE\" \/>\n<meta property=\"og:type\" content=\"article\" \/>\n<meta property=\"og:title\" content=\"Registrieren einer Schule - ClassyMade GmbH\" \/>\n<meta property=\"og:description\" content=\"In dieser Anleitung erfahren Sie, wie Sie Ihre Schule bei Accidents at School registrieren k\u00f6nnen. 1. Wenn Sie eine neue Schule anlegen m\u00f6chten, klicken Sie auf der Startseite auf &#8222;Schule erstellen&#8220;. Nach erfolgreicher Erstellung k\u00f6nnen dann weitere Personen Ihrer Schule zugewiesen werden. 2. Erstellen Sie nun einen User, mit dem die Schule verwaltet werden soll. ... Weiterlesen\" \/>\n<meta property=\"og:url\" content=\"https:\/\/help.classymade.de\/?page_id=843\" \/>\n<meta property=\"og:site_name\" content=\"ClassyMade GmbH\" \/>\n<meta property=\"article:modified_time\" content=\"2025-09-23T10:29:26+00:00\" \/>\n<meta property=\"og:image\" content=\"https:\/\/help.classymade.de\/wp-content\/uploads\/2025\/09\/Schule-erstellen.png\" \/>\n\t<meta property=\"og:image:width\" content=\"661\" \/>\n\t<meta property=\"og:image:height\" content=\"656\" \/>\n\t<meta property=\"og:image:type\" content=\"image\/png\" \/>\n<meta name=\"twitter:card\" content=\"summary_large_image\" \/>\n<meta name=\"twitter:label1\" content=\"Gesch\u00e4tzte Lesezeit\" \/>\n\t<meta name=\"twitter:data1\" content=\"4\u00a0Minuten\" \/>\n<script type=\"application\/ld+json\" class=\"yoast-schema-graph\">{\"@context\":\"https:\\\/\\\/schema.org\",\"@graph\":[{\"@type\":\"WebPage\",\"@id\":\"https:\\\/\\\/help.classymade.de\\\/?page_id=843\",\"url\":\"https:\\\/\\\/help.classymade.de\\\/?page_id=843\",\"name\":\"Registrieren einer Schule - ClassyMade GmbH\",\"isPartOf\":{\"@id\":\"https:\\\/\\\/help.classymade.de\\\/#website\"},\"primaryImageOfPage\":{\"@id\":\"https:\\\/\\\/help.classymade.de\\\/?page_id=843#primaryimage\"},\"image\":{\"@id\":\"https:\\\/\\\/help.classymade.de\\\/?page_id=843#primaryimage\"},\"thumbnailUrl\":\"https:\\\/\\\/help.classymade.de\\\/wp-content\\\/uploads\\\/2025\\\/09\\\/Schule-erstellen.png\",\"datePublished\":\"2025-09-17T13:38:33+00:00\",\"dateModified\":\"2025-09-23T10:29:26+00:00\",\"breadcrumb\":{\"@id\":\"https:\\\/\\\/help.classymade.de\\\/?page_id=843#breadcrumb\"},\"inLanguage\":\"de\",\"potentialAction\":[{\"@type\":\"ReadAction\",\"target\":[\"https:\\\/\\\/help.classymade.de\\\/?page_id=843\"]}]},{\"@type\":\"ImageObject\",\"inLanguage\":\"de\",\"@id\":\"https:\\\/\\\/help.classymade.de\\\/?page_id=843#primaryimage\",\"url\":\"https:\\\/\\\/help.classymade.de\\\/wp-content\\\/uploads\\\/2025\\\/09\\\/Schule-erstellen.png\",\"contentUrl\":\"https:\\\/\\\/help.classymade.de\\\/wp-content\\\/uploads\\\/2025\\\/09\\\/Schule-erstellen.png\",\"width\":661,\"height\":656},{\"@type\":\"BreadcrumbList\",\"@id\":\"https:\\\/\\\/help.classymade.de\\\/?page_id=843#breadcrumb\",\"itemListElement\":[{\"@type\":\"ListItem\",\"position\":1,\"name\":\"Startseite\",\"item\":\"https:\\\/\\\/help.classymade.de\\\/\"},{\"@type\":\"ListItem\",\"position\":2,\"name\":\"Registrieren einer Schule\"}]},{\"@type\":\"WebSite\",\"@id\":\"https:\\\/\\\/help.classymade.de\\\/#website\",\"url\":\"https:\\\/\\\/help.classymade.de\\\/\",\"name\":\"ClassyMade GmbH\",\"description\":\"Hilfecenter\",\"publisher\":{\"@id\":\"https:\\\/\\\/help.classymade.de\\\/#organization\"},\"potentialAction\":[{\"@type\":\"SearchAction\",\"target\":{\"@type\":\"EntryPoint\",\"urlTemplate\":\"https:\\\/\\\/help.classymade.de\\\/?s={search_term_string}\"},\"query-input\":{\"@type\":\"PropertyValueSpecification\",\"valueRequired\":true,\"valueName\":\"search_term_string\"}}],\"inLanguage\":\"de\"},{\"@type\":\"Organization\",\"@id\":\"https:\\\/\\\/help.classymade.de\\\/#organization\",\"name\":\"ClassyMade GmbH\",\"url\":\"https:\\\/\\\/help.classymade.de\\\/\",\"logo\":{\"@type\":\"ImageObject\",\"inLanguage\":\"de\",\"@id\":\"https:\\\/\\\/help.classymade.de\\\/#\\\/schema\\\/logo\\\/image\\\/\",\"url\":\"https:\\\/\\\/help.classymade.de\\\/wp-content\\\/uploads\\\/2025\\\/06\\\/Classymade-logo-quadrat-grau.png\",\"contentUrl\":\"https:\\\/\\\/help.classymade.de\\\/wp-content\\\/uploads\\\/2025\\\/06\\\/Classymade-logo-quadrat-grau.png\",\"width\":2000,\"height\":2000,\"caption\":\"ClassyMade GmbH\"},\"image\":{\"@id\":\"https:\\\/\\\/help.classymade.de\\\/#\\\/schema\\\/logo\\\/image\\\/\"}}]}<\/script>\n<!-- \/ Yoast SEO plugin. -->","yoast_head_json":{"title":"Registrieren einer Schule - ClassyMade GmbH","robots":{"index":"index","follow":"follow","max-snippet":"max-snippet:-1","max-image-preview":"max-image-preview:large","max-video-preview":"max-video-preview:-1"},"canonical":"https:\/\/help.classymade.de\/?page_id=843","og_locale":"de_DE","og_type":"article","og_title":"Registrieren einer Schule - ClassyMade GmbH","og_description":"In dieser Anleitung erfahren Sie, wie Sie Ihre Schule bei Accidents at School registrieren k\u00f6nnen. 1. Wenn Sie eine neue Schule anlegen m\u00f6chten, klicken Sie auf der Startseite auf &#8222;Schule erstellen&#8220;. Nach erfolgreicher Erstellung k\u00f6nnen dann weitere Personen Ihrer Schule zugewiesen werden. 2. Erstellen Sie nun einen User, mit dem die Schule verwaltet werden soll. ... Weiterlesen","og_url":"https:\/\/help.classymade.de\/?page_id=843","og_site_name":"ClassyMade GmbH","article_modified_time":"2025-09-23T10:29:26+00:00","og_image":[{"width":661,"height":656,"url":"https:\/\/help.classymade.de\/wp-content\/uploads\/2025\/09\/Schule-erstellen.png","type":"image\/png"}],"twitter_card":"summary_large_image","twitter_misc":{"Gesch\u00e4tzte Lesezeit":"4\u00a0Minuten"},"schema":{"@context":"https:\/\/schema.org","@graph":[{"@type":"WebPage","@id":"https:\/\/help.classymade.de\/?page_id=843","url":"https:\/\/help.classymade.de\/?page_id=843","name":"Registrieren einer Schule - ClassyMade GmbH","isPartOf":{"@id":"https:\/\/help.classymade.de\/#website"},"primaryImageOfPage":{"@id":"https:\/\/help.classymade.de\/?page_id=843#primaryimage"},"image":{"@id":"https:\/\/help.classymade.de\/?page_id=843#primaryimage"},"thumbnailUrl":"https:\/\/help.classymade.de\/wp-content\/uploads\/2025\/09\/Schule-erstellen.png","datePublished":"2025-09-17T13:38:33+00:00","dateModified":"2025-09-23T10:29:26+00:00","breadcrumb":{"@id":"https:\/\/help.classymade.de\/?page_id=843#breadcrumb"},"inLanguage":"de","potentialAction":[{"@type":"ReadAction","target":["https:\/\/help.classymade.de\/?page_id=843"]}]},{"@type":"ImageObject","inLanguage":"de","@id":"https:\/\/help.classymade.de\/?page_id=843#primaryimage","url":"https:\/\/help.classymade.de\/wp-content\/uploads\/2025\/09\/Schule-erstellen.png","contentUrl":"https:\/\/help.classymade.de\/wp-content\/uploads\/2025\/09\/Schule-erstellen.png","width":661,"height":656},{"@type":"BreadcrumbList","@id":"https:\/\/help.classymade.de\/?page_id=843#breadcrumb","itemListElement":[{"@type":"ListItem","position":1,"name":"Startseite","item":"https:\/\/help.classymade.de\/"},{"@type":"ListItem","position":2,"name":"Registrieren einer Schule"}]},{"@type":"WebSite","@id":"https:\/\/help.classymade.de\/#website","url":"https:\/\/help.classymade.de\/","name":"ClassyMade GmbH","description":"Hilfecenter","publisher":{"@id":"https:\/\/help.classymade.de\/#organization"},"potentialAction":[{"@type":"SearchAction","target":{"@type":"EntryPoint","urlTemplate":"https:\/\/help.classymade.de\/?s={search_term_string}"},"query-input":{"@type":"PropertyValueSpecification","valueRequired":true,"valueName":"search_term_string"}}],"inLanguage":"de"},{"@type":"Organization","@id":"https:\/\/help.classymade.de\/#organization","name":"ClassyMade GmbH","url":"https:\/\/help.classymade.de\/","logo":{"@type":"ImageObject","inLanguage":"de","@id":"https:\/\/help.classymade.de\/#\/schema\/logo\/image\/","url":"https:\/\/help.classymade.de\/wp-content\/uploads\/2025\/06\/Classymade-logo-quadrat-grau.png","contentUrl":"https:\/\/help.classymade.de\/wp-content\/uploads\/2025\/06\/Classymade-logo-quadrat-grau.png","width":2000,"height":2000,"caption":"ClassyMade GmbH"},"image":{"@id":"https:\/\/help.classymade.de\/#\/schema\/logo\/image\/"}}]}},"_links":{"self":[{"href":"https:\/\/help.classymade.de\/index.php?rest_route=\/wp\/v2\/pages\/843","targetHints":{"allow":["GET"]}}],"collection":[{"href":"https:\/\/help.classymade.de\/index.php?rest_route=\/wp\/v2\/pages"}],"about":[{"href":"https:\/\/help.classymade.de\/index.php?rest_route=\/wp\/v2\/types\/page"}],"author":[{"embeddable":true,"href":"https:\/\/help.classymade.de\/index.php?rest_route=\/wp\/v2\/users\/2"}],"replies":[{"embeddable":true,"href":"https:\/\/help.classymade.de\/index.php?rest_route=%2Fwp%2Fv2%2Fcomments&post=843"}],"version-history":[{"count":13,"href":"https:\/\/help.classymade.de\/index.php?rest_route=\/wp\/v2\/pages\/843\/revisions"}],"predecessor-version":[{"id":1262,"href":"https:\/\/help.classymade.de\/index.php?rest_route=\/wp\/v2\/pages\/843\/revisions\/1262"}],"wp:attachment":[{"href":"https:\/\/help.classymade.de\/index.php?rest_route=%2Fwp%2Fv2%2Fmedia&parent=843"}],"curies":[{"name":"wp","href":"https:\/\/api.w.org\/{rel}","templated":true}]}}