{"id":909,"date":"2025-09-18T10:50:46","date_gmt":"2025-09-18T10:50:46","guid":{"rendered":"https:\/\/help.classymade.de\/?page_id=909"},"modified":"2025-09-18T10:55:27","modified_gmt":"2025-09-18T10:55:27","slug":"schluessel-und-zertifikatsmanagement-konzept","status":"publish","type":"page","link":"https:\/\/help.classymade.de\/?page_id=909","title":{"rendered":"Schl\u00fcssel und Zertifikatsmanagement Konzept"},"content":{"rendered":"\t\t<div data-elementor-type=\"wp-page\" data-elementor-id=\"909\" class=\"elementor elementor-909\" data-elementor-post-type=\"page\">\n\t\t\t\t<div class=\"elementor-element elementor-element-2bed1b8 e-flex e-con-boxed e-con e-parent\" data-id=\"2bed1b8\" data-element_type=\"container\" data-e-type=\"container\">\n\t\t\t\t\t<div class=\"e-con-inner\">\n\t\t\t\t<div class=\"elementor-element elementor-element-48eaa85 elementor-widget elementor-widget-text-editor\" data-id=\"48eaa85\" data-element_type=\"widget\" data-e-type=\"widget\" data-widget_type=\"text-editor.default\">\n\t\t\t\t<div class=\"elementor-widget-container\">\n\t\t\t\t\t\t\t\t\t<h2 dir=\"auto\" data-sourcepos=\"1:1-1:94\">Schl\u00fcssel- und Zertifikatsmanagement-Konzept f\u00fcr \u201eAccidents@School \u2013 Das Unfallbuch\u201c<\/h2><p dir=\"auto\" data-sourcepos=\"3:1-4:38\"><strong data-sourcepos=\"3:1-3:21\">Verantwortlicher:<\/strong> ClassyMade GmbH, Zum Schwimmbad\u00a044,\u00a065232\u00a0Taunusstein<br data-sourcepos=\"3:79-3:80\" \/><strong data-sourcepos=\"4:1-4:12\">Version:<\/strong>\u00a01.1\u2003Datum:\u00a015.07.2025<\/p><hr data-sourcepos=\"6:1-6:3\" \/><h3 dir=\"auto\" data-sourcepos=\"8:1-8:16\"><a id=\"user-content-1-einleitung\" class=\"anchor\" href=\"#1-einleitung\" aria-hidden=\"true\"><\/a>1. Einleitung<\/h3><p dir=\"auto\" data-sourcepos=\"10:1-10:236\">Dieses Konzept beschreibt die Prozesse und Verantwortlichkeiten f\u00fcr die Verwaltung von kryptografischen Schl\u00fcsseln und SSL\/TLS-Zertifikaten, die zum Schutz der Kommunikation und Speicherung in \u201eAccidents@School\u201c eingesetzt werden.<\/p><h3 dir=\"auto\" data-sourcepos=\"12:1-12:21\"><a id=\"user-content-2-geltungsbereich\" class=\"anchor\" href=\"#2-geltungsbereich\" aria-hidden=\"true\"><\/a>2. Geltungsbereich<\/h3><ul dir=\"auto\" data-sourcepos=\"14:1-17:0\"><li data-sourcepos=\"14:1-14:88\"><strong data-sourcepos=\"14:3-14:32\">Transportverschl\u00fcsselung:<\/strong> SSL\/TLS-Zertifikate f\u00fcr Web-Frontend und API-Endpunkte<\/li><li data-sourcepos=\"15:1-15:87\"><strong data-sourcepos=\"15:3-15:20\">Datenspeicher:<\/strong> Verschl\u00fcsselung von Backups und sensitiven Daten (AES-Schl\u00fcssel)<\/li><li data-sourcepos=\"16:1-17:0\"><strong data-sourcepos=\"16:3-16:23\">Token-Sicherheit:<\/strong> Signatur- und Verschl\u00fcsselungsschl\u00fcssel f\u00fcr JWT<\/li><\/ul><h3 dir=\"auto\" data-sourcepos=\"18:1-18:43\"><a id=\"user-content-3-schl\u00fcsselarten-und-verwendungszwecke\" class=\"anchor\" href=\"#3-schl%C3%BCsselarten-und-verwendungszwecke\" target=\"_blank\" rel=\"nofollow noreferrer noopener\" aria-hidden=\"true\"><\/a>3. Schl\u00fcsselarten und Verwendungszwecke<\/h3>\t\t\t\t\t\t\t\t<\/div>\n\t\t\t\t<\/div>\n\t\t\t\t\t<\/div>\n\t\t\t\t<\/div>\n\t\t<div class=\"elementor-element elementor-element-e3af6bc e-grid e-con-boxed e-con e-parent\" data-id=\"e3af6bc\" data-element_type=\"container\" data-e-type=\"container\">\n\t\t\t\t\t<div class=\"e-con-inner\">\n\t\t\t\t<div class=\"elementor-element elementor-element-e79f5d2 elementor-widget elementor-widget-text-editor\" data-id=\"e79f5d2\" data-element_type=\"widget\" data-e-type=\"widget\" data-widget_type=\"text-editor.default\">\n\t\t\t\t<div class=\"elementor-widget-container\">\n\t\t\t\t\t\t\t\t\t<h4><strong>Schl\u00fcsseltyp<\/strong><\/h4>\t\t\t\t\t\t\t\t<\/div>\n\t\t\t\t<\/div>\n\t\t\t\t<div class=\"elementor-element elementor-element-135565f elementor-widget elementor-widget-text-editor\" data-id=\"135565f\" data-element_type=\"widget\" data-e-type=\"widget\" data-widget_type=\"text-editor.default\">\n\t\t\t\t<div class=\"elementor-widget-container\">\n\t\t\t\t\t\t\t\t\t<h4><strong>Verwendung<\/strong><\/h4>\t\t\t\t\t\t\t\t<\/div>\n\t\t\t\t<\/div>\n\t\t\t\t<div class=\"elementor-element elementor-element-7a25f48 elementor-widget elementor-widget-text-editor\" data-id=\"7a25f48\" data-element_type=\"widget\" data-e-type=\"widget\" data-widget_type=\"text-editor.default\">\n\t\t\t\t<div class=\"elementor-widget-container\">\n\t\t\t\t\t\t\t\t\t<h4><strong>Speicherort<\/strong><\/h4>\t\t\t\t\t\t\t\t<\/div>\n\t\t\t\t<\/div>\n\t\t\t\t<div class=\"elementor-element elementor-element-7e4a318 elementor-widget elementor-widget-text-editor\" data-id=\"7e4a318\" data-element_type=\"widget\" data-e-type=\"widget\" data-widget_type=\"text-editor.default\">\n\t\t\t\t<div class=\"elementor-widget-container\">\n\t\t\t\t\t\t\t\t\t<h4><strong>Verantwortlichkeit<\/strong><\/h4>\t\t\t\t\t\t\t\t<\/div>\n\t\t\t\t<\/div>\n\t\t\t\t<div class=\"elementor-element elementor-element-ca40dcd elementor-widget elementor-widget-text-editor\" data-id=\"ca40dcd\" data-element_type=\"widget\" data-e-type=\"widget\" data-widget_type=\"text-editor.default\">\n\t\t\t\t<div class=\"elementor-widget-container\">\n\t\t\t\t\t\t\t\t\t<p>SSL\/TLS-Zertifikate<\/p>\t\t\t\t\t\t\t\t<\/div>\n\t\t\t\t<\/div>\n\t\t\t\t<div class=\"elementor-element elementor-element-079d167 elementor-widget elementor-widget-text-editor\" data-id=\"079d167\" data-element_type=\"widget\" data-e-type=\"widget\" data-widget_type=\"text-editor.default\">\n\t\t\t\t<div class=\"elementor-widget-container\">\n\t\t\t\t\t\t\t\t\t<p>HTTPS-Verschl\u00fcsselung<\/p>\t\t\t\t\t\t\t\t<\/div>\n\t\t\t\t<\/div>\n\t\t\t\t<div class=\"elementor-element elementor-element-d09ec7c elementor-widget elementor-widget-text-editor\" data-id=\"d09ec7c\" data-element_type=\"widget\" data-e-type=\"widget\" data-widget_type=\"text-editor.default\">\n\t\t\t\t<div class=\"elementor-widget-container\">\n\t\t\t\t\t\t\t\t\t<p>\u00a0Internes Zertifikat-Tool<\/p>\t\t\t\t\t\t\t\t<\/div>\n\t\t\t\t<\/div>\n\t\t\t\t<div class=\"elementor-element elementor-element-0bb4284 elementor-widget elementor-widget-text-editor\" data-id=\"0bb4284\" data-element_type=\"widget\" data-e-type=\"widget\" data-widget_type=\"text-editor.default\">\n\t\t\t\t<div class=\"elementor-widget-container\">\n\t\t\t\t\t\t\t\t\t<p>\u00a0Backend-Entwickler<\/p>\t\t\t\t\t\t\t\t<\/div>\n\t\t\t\t<\/div>\n\t\t\t\t<div class=\"elementor-element elementor-element-630459f elementor-widget elementor-widget-text-editor\" data-id=\"630459f\" data-element_type=\"widget\" data-e-type=\"widget\" data-widget_type=\"text-editor.default\">\n\t\t\t\t<div class=\"elementor-widget-container\">\n\t\t\t\t\t\t\t\t\t<p>JWT-Signatur-Schl\u00fcssel<\/p>\t\t\t\t\t\t\t\t<\/div>\n\t\t\t\t<\/div>\n\t\t\t\t<div class=\"elementor-element elementor-element-7e2380d elementor-widget elementor-widget-text-editor\" data-id=\"7e2380d\" data-element_type=\"widget\" data-e-type=\"widget\" data-widget_type=\"text-editor.default\">\n\t\t\t\t<div class=\"elementor-widget-container\">\n\t\t\t\t\t\t\t\t\t<p>Signieren von JSON Web Tokens<\/p>\t\t\t\t\t\t\t\t<\/div>\n\t\t\t\t<\/div>\n\t\t\t\t<div class=\"elementor-element elementor-element-168f35c elementor-widget elementor-widget-text-editor\" data-id=\"168f35c\" data-element_type=\"widget\" data-e-type=\"widget\" data-widget_type=\"text-editor.default\">\n\t\t\t\t<div class=\"elementor-widget-container\">\n\t\t\t\t\t\t\t\t\t<p>\u00a0AWS KMS<\/p>\t\t\t\t\t\t\t\t<\/div>\n\t\t\t\t<\/div>\n\t\t\t\t<div class=\"elementor-element elementor-element-094f9ef elementor-widget elementor-widget-text-editor\" data-id=\"094f9ef\" data-element_type=\"widget\" data-e-type=\"widget\" data-widget_type=\"text-editor.default\">\n\t\t\t\t<div class=\"elementor-widget-container\">\n\t\t\t\t\t\t\t\t\t<p>\u00a0Backend-Entwickler<\/p>\t\t\t\t\t\t\t\t<\/div>\n\t\t\t\t<\/div>\n\t\t\t\t<div class=\"elementor-element elementor-element-55b9142 elementor-widget elementor-widget-text-editor\" data-id=\"55b9142\" data-element_type=\"widget\" data-e-type=\"widget\" data-widget_type=\"text-editor.default\">\n\t\t\t\t<div class=\"elementor-widget-container\">\n\t\t\t\t\t\t\t\t\t<p>AES-Verschl\u00fcsselungsschl\u00fcssel<\/p>\t\t\t\t\t\t\t\t<\/div>\n\t\t\t\t<\/div>\n\t\t\t\t<div class=\"elementor-element elementor-element-cacbddc elementor-widget elementor-widget-text-editor\" data-id=\"cacbddc\" data-element_type=\"widget\" data-e-type=\"widget\" data-widget_type=\"text-editor.default\">\n\t\t\t\t<div class=\"elementor-widget-container\">\n\t\t\t\t\t\t\t\t\t<p>Backup-Verschl\u00fcsselung (Duplicity)<\/p>\t\t\t\t\t\t\t\t<\/div>\n\t\t\t\t<\/div>\n\t\t\t\t<div class=\"elementor-element elementor-element-cd12033 elementor-widget elementor-widget-text-editor\" data-id=\"cd12033\" data-element_type=\"widget\" data-e-type=\"widget\" data-widget_type=\"text-editor.default\">\n\t\t\t\t<div class=\"elementor-widget-container\">\n\t\t\t\t\t\t\t\t\t<p>\u00a0AWS KMS<\/p>\t\t\t\t\t\t\t\t<\/div>\n\t\t\t\t<\/div>\n\t\t\t\t<div class=\"elementor-element elementor-element-28e6197 elementor-widget elementor-widget-text-editor\" data-id=\"28e6197\" data-element_type=\"widget\" data-e-type=\"widget\" data-widget_type=\"text-editor.default\">\n\t\t\t\t<div class=\"elementor-widget-container\">\n\t\t\t\t\t\t\t\t\t<p>Backend-Entwickler<\/p>\t\t\t\t\t\t\t\t<\/div>\n\t\t\t\t<\/div>\n\t\t\t\t<div class=\"elementor-element elementor-element-7db4f9e elementor-widget elementor-widget-text-editor\" data-id=\"7db4f9e\" data-element_type=\"widget\" data-e-type=\"widget\" data-widget_type=\"text-editor.default\">\n\t\t\t\t<div class=\"elementor-widget-container\">\n\t\t\t\t\t\t\t\t\t<p>SSH-Schl\u00fcssel<\/p>\t\t\t\t\t\t\t\t<\/div>\n\t\t\t\t<\/div>\n\t\t\t\t<div class=\"elementor-element elementor-element-93c428c elementor-widget elementor-widget-text-editor\" data-id=\"93c428c\" data-element_type=\"widget\" data-e-type=\"widget\" data-widget_type=\"text-editor.default\">\n\t\t\t\t<div class=\"elementor-widget-container\">\n\t\t\t\t\t\t\t\t\t<p>Serverzugang &amp; Automatisierungsskripte<\/p>\t\t\t\t\t\t\t\t<\/div>\n\t\t\t\t<\/div>\n\t\t\t\t<div class=\"elementor-element elementor-element-0e71704 elementor-widget elementor-widget-text-editor\" data-id=\"0e71704\" data-element_type=\"widget\" data-e-type=\"widget\" data-widget_type=\"text-editor.default\">\n\t\t\t\t<div class=\"elementor-widget-container\">\n\t\t\t\t\t\t\t\t\t<p>GitOps-Repository<\/p>\t\t\t\t\t\t\t\t<\/div>\n\t\t\t\t<\/div>\n\t\t\t\t<div class=\"elementor-element elementor-element-f339f24 elementor-widget elementor-widget-text-editor\" data-id=\"f339f24\" data-element_type=\"widget\" data-e-type=\"widget\" data-widget_type=\"text-editor.default\">\n\t\t\t\t<div class=\"elementor-widget-container\">\n\t\t\t\t\t\t\t\t\t<p>\u00a0Backend-Entwickler<\/p>\t\t\t\t\t\t\t\t<\/div>\n\t\t\t\t<\/div>\n\t\t\t\t\t<\/div>\n\t\t\t\t<\/div>\n\t\t<div class=\"elementor-element elementor-element-98fb904 e-flex e-con-boxed e-con e-parent\" data-id=\"98fb904\" data-element_type=\"container\" data-e-type=\"container\">\n\t\t\t\t\t<div class=\"e-con-inner\">\n\t\t\t\t<div class=\"elementor-element elementor-element-5033b93 elementor-widget elementor-widget-text-editor\" data-id=\"5033b93\" data-element_type=\"widget\" data-e-type=\"widget\" data-widget_type=\"text-editor.default\">\n\t\t\t\t<div class=\"elementor-widget-container\">\n\t\t\t\t\t\t\t\t\t<h3 dir=\"auto\" data-sourcepos=\"27:1-27:28\"><a id=\"user-content-4-lebenszyklusmanagement\" class=\"anchor\" href=\"#4-lebenszyklusmanagement\" aria-hidden=\"true\"><\/a>4. Lebenszyklusmanagement<\/h3><ol dir=\"auto\" data-sourcepos=\"29:1-37:0\"><li data-sourcepos=\"29:1-29:81\"><strong data-sourcepos=\"29:4-29:17\">Erzeugung:<\/strong> Mittels AWS KMS f\u00fcr JWT\/AES, OpenSSL f\u00fcr SSL\/TLS-Zertifikate.<\/li><li data-sourcepos=\"30:1-30:84\"><strong data-sourcepos=\"30:4-30:18\">Verteilung:<\/strong> Automatisierte Bereitstellung \u00fcber CI\/CD-Pipelines und KMS-APIs.<\/li><li data-sourcepos=\"31:1-34:59\"><strong data-sourcepos=\"31:4-31:16\">Rotation:<\/strong><ul data-sourcepos=\"32:4-34:59\"><li data-sourcepos=\"32:4-32:94\">SSL\/TLS-Zertifikate: automatisierte Verl\u00e4ngerung via ACME (Let&#8217;s Encrypt) alle 90\u00a0Tage.<\/li><li data-sourcepos=\"33:4-33:63\">JWT\/AES-Schl\u00fcssel: Rotation alle 6\u00a0Monate \u00fcber AWS KMS.<\/li><li data-sourcepos=\"34:4-34:59\">SSH-Schl\u00fcssel: Rotation nach Incident oder j\u00e4hrlich.<\/li><\/ul><\/li><li data-sourcepos=\"35:1-35:91\"><strong data-sourcepos=\"35:4-35:20\">Archivierung:<\/strong> Alte Schl\u00fcssel werden verschl\u00fcsselt in AWS KMS Key-Archive gehalten.<\/li><li data-sourcepos=\"36:1-37:0\"><strong data-sourcepos=\"36:4-36:17\">L\u00f6schung:<\/strong> Sichere Schl\u00fcsselvernichtung in AWS KMS nach Ablauf der Aufbewahrungsfrist.<\/li><\/ol><h3 dir=\"auto\" data-sourcepos=\"38:1-38:22\"><a id=\"user-content-5-notfallverfahren\" class=\"anchor\" href=\"#5-notfallverfahren\" aria-hidden=\"true\"><\/a>5. Notfallverfahren<\/h3><ul dir=\"auto\" data-sourcepos=\"40:1-42:0\"><li data-sourcepos=\"40:1-40:126\"><strong data-sourcepos=\"40:3-40:33\">Schl\u00fcsselkompromittierung:<\/strong> Sofortige Sperrung betroffener Schl\u00fcssel in AWS KMS, Notfall-SSL\/TLS-Zertifikat aktivieren.<\/li><li data-sourcepos=\"41:1-42:0\"><strong data-sourcepos=\"41:3-41:24\">Ausfall eines KMS:<\/strong> Fallback auf lokale Backup-Schl\u00fcssel (gesichert in Safe-Offsite).<\/li><\/ul><h3 dir=\"auto\" data-sourcepos=\"43:1-43:29\"><a id=\"user-content-6-\u00fcberpr\u00fcfung-und-audit\" class=\"anchor\" href=\"#6-%C3%BCberpr%C3%BCfung-und-audit\" target=\"_blank\" rel=\"nofollow noreferrer noopener\" aria-hidden=\"true\"><\/a>6. \u00dcberpr\u00fcfung und Audit<\/h3><ul dir=\"auto\" data-sourcepos=\"45:1-47:0\"><li data-sourcepos=\"45:1-45:93\"><strong data-sourcepos=\"45:3-45:20\">Zugriffs-Logs:<\/strong> Backend-Entwickler \u00fcberwachen AWS KMS-Logs auf unautorisierte Zugriffe.<\/li><li data-sourcepos=\"46:1-47:0\"><strong data-sourcepos=\"46:3-46:24\">Penetrationstests:<\/strong> J\u00e4hrliche Tests der TLS-Konfiguration durch externen Dienstleister.<\/li><\/ul><h3 dir=\"auto\" data-sourcepos=\"48:1-48:42\"><a id=\"user-content-7-team-rollen-und-verantwortlichkeiten\" class=\"anchor\" href=\"#7-team-rollen-und-verantwortlichkeiten\" aria-hidden=\"true\"><\/a>7. Team-Rollen und Verantwortlichkeiten<\/h3><p dir=\"auto\" data-sourcepos=\"50:1-50:70\">Aufgrund der kleinen Teamgr\u00f6\u00dfe sind die Aufgaben wie folgt verteilt:<\/p><ul dir=\"auto\" data-sourcepos=\"52:1-55:0\"><li data-sourcepos=\"52:1-52:131\"><strong data-sourcepos=\"52:3-52:25\">Backend-Entwickler:<\/strong> Gesamtplanung und Betrieb von KMS, Schl\u00fcssel-Erzeugung, -Rotation und -L\u00f6schung, SSL\/TLS-Konfiguration.<\/li><li data-sourcepos=\"53:1-53:96\"><strong data-sourcepos=\"53:3-53:26\">Frontend-Entwickler:<\/strong> Integration der JWT-Nutzung in die App, Secure Store f\u00fcr Native App.<\/li><li data-sourcepos=\"54:1-55:0\"><strong data-sourcepos=\"54:3-54:15\">Designer:<\/strong> Keine direkten Schl\u00fcsselmanagement-Aufgaben; unterst\u00fctzt Dokumentations- und UI-Anforderungen f\u00fcr Security-Warnungen.<\/li><\/ul>\t\t\t\t\t\t\t\t<\/div>\n\t\t\t\t<\/div>\n\t\t\t\t\t<\/div>\n\t\t\t\t<\/div>\n\t\t\t\t<\/div>\n\t\t","protected":false},"excerpt":{"rendered":"<p>Schl\u00fcssel- und Zertifikatsmanagement-Konzept f\u00fcr \u201eAccidents@School \u2013 Das Unfallbuch\u201c Verantwortlicher: ClassyMade GmbH, Zum Schwimmbad\u00a044,\u00a065232\u00a0TaunussteinVersion:\u00a01.1\u2003Datum:\u00a015.07.2025 1. Einleitung Dieses Konzept beschreibt die Prozesse und Verantwortlichkeiten f\u00fcr die Verwaltung von kryptografischen Schl\u00fcsseln und SSL\/TLS-Zertifikaten, die zum Schutz der Kommunikation und Speicherung in \u201eAccidents@School\u201c eingesetzt werden. 2. Geltungsbereich Transportverschl\u00fcsselung: SSL\/TLS-Zertifikate f\u00fcr Web-Frontend und API-Endpunkte Datenspeicher: Verschl\u00fcsselung von Backups und sensitiven &#8230; <a title=\"Schl\u00fcssel und Zertifikatsmanagement Konzept\" class=\"read-more\" href=\"https:\/\/help.classymade.de\/?page_id=909\" aria-label=\"Mehr Informationen \u00fcber Schl\u00fcssel und Zertifikatsmanagement Konzept\">Weiterlesen<\/a><\/p>\n","protected":false},"author":3,"featured_media":0,"parent":0,"menu_order":0,"comment_status":"closed","ping_status":"closed","template":"","meta":{"footnotes":""},"class_list":["post-909","page","type-page","status-publish"],"yoast_head":"<!-- This site is optimized with the Yoast SEO plugin v27.6 - https:\/\/yoast.com\/product\/yoast-seo-wordpress\/ -->\n<title>Schl\u00fcssel und Zertifikatsmanagement Konzept - ClassyMade GmbH<\/title>\n<meta name=\"robots\" content=\"index, follow, max-snippet:-1, max-image-preview:large, max-video-preview:-1\" \/>\n<link rel=\"canonical\" href=\"https:\/\/help.classymade.de\/?page_id=909\" \/>\n<meta property=\"og:locale\" content=\"de_DE\" \/>\n<meta property=\"og:type\" content=\"article\" \/>\n<meta property=\"og:title\" content=\"Schl\u00fcssel und Zertifikatsmanagement Konzept - ClassyMade GmbH\" \/>\n<meta property=\"og:description\" content=\"Schl\u00fcssel- und Zertifikatsmanagement-Konzept f\u00fcr \u201eAccidents@School \u2013 Das Unfallbuch\u201c Verantwortlicher: ClassyMade GmbH, Zum Schwimmbad\u00a044,\u00a065232\u00a0TaunussteinVersion:\u00a01.1\u2003Datum:\u00a015.07.2025 1. Einleitung Dieses Konzept beschreibt die Prozesse und Verantwortlichkeiten f\u00fcr die Verwaltung von kryptografischen Schl\u00fcsseln und SSL\/TLS-Zertifikaten, die zum Schutz der Kommunikation und Speicherung in \u201eAccidents@School\u201c eingesetzt werden. 2. Geltungsbereich Transportverschl\u00fcsselung: SSL\/TLS-Zertifikate f\u00fcr Web-Frontend und API-Endpunkte Datenspeicher: Verschl\u00fcsselung von Backups und sensitiven ... Weiterlesen\" \/>\n<meta property=\"og:url\" content=\"https:\/\/help.classymade.de\/?page_id=909\" \/>\n<meta property=\"og:site_name\" content=\"ClassyMade GmbH\" \/>\n<meta property=\"article:modified_time\" content=\"2025-09-18T10:55:27+00:00\" \/>\n<meta name=\"twitter:card\" content=\"summary_large_image\" \/>\n<meta name=\"twitter:label1\" content=\"Gesch\u00e4tzte Lesezeit\" \/>\n\t<meta name=\"twitter:data1\" content=\"2\u00a0Minuten\" \/>\n<script type=\"application\/ld+json\" class=\"yoast-schema-graph\">{\"@context\":\"https:\\\/\\\/schema.org\",\"@graph\":[{\"@type\":\"WebPage\",\"@id\":\"https:\\\/\\\/help.classymade.de\\\/?page_id=909\",\"url\":\"https:\\\/\\\/help.classymade.de\\\/?page_id=909\",\"name\":\"Schl\u00fcssel und Zertifikatsmanagement Konzept - ClassyMade GmbH\",\"isPartOf\":{\"@id\":\"https:\\\/\\\/help.classymade.de\\\/#website\"},\"datePublished\":\"2025-09-18T10:50:46+00:00\",\"dateModified\":\"2025-09-18T10:55:27+00:00\",\"breadcrumb\":{\"@id\":\"https:\\\/\\\/help.classymade.de\\\/?page_id=909#breadcrumb\"},\"inLanguage\":\"de\",\"potentialAction\":[{\"@type\":\"ReadAction\",\"target\":[\"https:\\\/\\\/help.classymade.de\\\/?page_id=909\"]}]},{\"@type\":\"BreadcrumbList\",\"@id\":\"https:\\\/\\\/help.classymade.de\\\/?page_id=909#breadcrumb\",\"itemListElement\":[{\"@type\":\"ListItem\",\"position\":1,\"name\":\"Startseite\",\"item\":\"https:\\\/\\\/help.classymade.de\\\/\"},{\"@type\":\"ListItem\",\"position\":2,\"name\":\"Schl\u00fcssel und Zertifikatsmanagement Konzept\"}]},{\"@type\":\"WebSite\",\"@id\":\"https:\\\/\\\/help.classymade.de\\\/#website\",\"url\":\"https:\\\/\\\/help.classymade.de\\\/\",\"name\":\"ClassyMade GmbH\",\"description\":\"Hilfecenter\",\"publisher\":{\"@id\":\"https:\\\/\\\/help.classymade.de\\\/#organization\"},\"potentialAction\":[{\"@type\":\"SearchAction\",\"target\":{\"@type\":\"EntryPoint\",\"urlTemplate\":\"https:\\\/\\\/help.classymade.de\\\/?s={search_term_string}\"},\"query-input\":{\"@type\":\"PropertyValueSpecification\",\"valueRequired\":true,\"valueName\":\"search_term_string\"}}],\"inLanguage\":\"de\"},{\"@type\":\"Organization\",\"@id\":\"https:\\\/\\\/help.classymade.de\\\/#organization\",\"name\":\"ClassyMade GmbH\",\"url\":\"https:\\\/\\\/help.classymade.de\\\/\",\"logo\":{\"@type\":\"ImageObject\",\"inLanguage\":\"de\",\"@id\":\"https:\\\/\\\/help.classymade.de\\\/#\\\/schema\\\/logo\\\/image\\\/\",\"url\":\"https:\\\/\\\/help.classymade.de\\\/wp-content\\\/uploads\\\/2025\\\/06\\\/Classymade-logo-quadrat-grau.png\",\"contentUrl\":\"https:\\\/\\\/help.classymade.de\\\/wp-content\\\/uploads\\\/2025\\\/06\\\/Classymade-logo-quadrat-grau.png\",\"width\":2000,\"height\":2000,\"caption\":\"ClassyMade GmbH\"},\"image\":{\"@id\":\"https:\\\/\\\/help.classymade.de\\\/#\\\/schema\\\/logo\\\/image\\\/\"}}]}<\/script>\n<!-- \/ Yoast SEO plugin. -->","yoast_head_json":{"title":"Schl\u00fcssel und Zertifikatsmanagement Konzept - ClassyMade GmbH","robots":{"index":"index","follow":"follow","max-snippet":"max-snippet:-1","max-image-preview":"max-image-preview:large","max-video-preview":"max-video-preview:-1"},"canonical":"https:\/\/help.classymade.de\/?page_id=909","og_locale":"de_DE","og_type":"article","og_title":"Schl\u00fcssel und Zertifikatsmanagement Konzept - ClassyMade GmbH","og_description":"Schl\u00fcssel- und Zertifikatsmanagement-Konzept f\u00fcr \u201eAccidents@School \u2013 Das Unfallbuch\u201c Verantwortlicher: ClassyMade GmbH, Zum Schwimmbad\u00a044,\u00a065232\u00a0TaunussteinVersion:\u00a01.1\u2003Datum:\u00a015.07.2025 1. Einleitung Dieses Konzept beschreibt die Prozesse und Verantwortlichkeiten f\u00fcr die Verwaltung von kryptografischen Schl\u00fcsseln und SSL\/TLS-Zertifikaten, die zum Schutz der Kommunikation und Speicherung in \u201eAccidents@School\u201c eingesetzt werden. 2. Geltungsbereich Transportverschl\u00fcsselung: SSL\/TLS-Zertifikate f\u00fcr Web-Frontend und API-Endpunkte Datenspeicher: Verschl\u00fcsselung von Backups und sensitiven ... Weiterlesen","og_url":"https:\/\/help.classymade.de\/?page_id=909","og_site_name":"ClassyMade GmbH","article_modified_time":"2025-09-18T10:55:27+00:00","twitter_card":"summary_large_image","twitter_misc":{"Gesch\u00e4tzte Lesezeit":"2\u00a0Minuten"},"schema":{"@context":"https:\/\/schema.org","@graph":[{"@type":"WebPage","@id":"https:\/\/help.classymade.de\/?page_id=909","url":"https:\/\/help.classymade.de\/?page_id=909","name":"Schl\u00fcssel und Zertifikatsmanagement Konzept - ClassyMade GmbH","isPartOf":{"@id":"https:\/\/help.classymade.de\/#website"},"datePublished":"2025-09-18T10:50:46+00:00","dateModified":"2025-09-18T10:55:27+00:00","breadcrumb":{"@id":"https:\/\/help.classymade.de\/?page_id=909#breadcrumb"},"inLanguage":"de","potentialAction":[{"@type":"ReadAction","target":["https:\/\/help.classymade.de\/?page_id=909"]}]},{"@type":"BreadcrumbList","@id":"https:\/\/help.classymade.de\/?page_id=909#breadcrumb","itemListElement":[{"@type":"ListItem","position":1,"name":"Startseite","item":"https:\/\/help.classymade.de\/"},{"@type":"ListItem","position":2,"name":"Schl\u00fcssel und Zertifikatsmanagement Konzept"}]},{"@type":"WebSite","@id":"https:\/\/help.classymade.de\/#website","url":"https:\/\/help.classymade.de\/","name":"ClassyMade GmbH","description":"Hilfecenter","publisher":{"@id":"https:\/\/help.classymade.de\/#organization"},"potentialAction":[{"@type":"SearchAction","target":{"@type":"EntryPoint","urlTemplate":"https:\/\/help.classymade.de\/?s={search_term_string}"},"query-input":{"@type":"PropertyValueSpecification","valueRequired":true,"valueName":"search_term_string"}}],"inLanguage":"de"},{"@type":"Organization","@id":"https:\/\/help.classymade.de\/#organization","name":"ClassyMade GmbH","url":"https:\/\/help.classymade.de\/","logo":{"@type":"ImageObject","inLanguage":"de","@id":"https:\/\/help.classymade.de\/#\/schema\/logo\/image\/","url":"https:\/\/help.classymade.de\/wp-content\/uploads\/2025\/06\/Classymade-logo-quadrat-grau.png","contentUrl":"https:\/\/help.classymade.de\/wp-content\/uploads\/2025\/06\/Classymade-logo-quadrat-grau.png","width":2000,"height":2000,"caption":"ClassyMade GmbH"},"image":{"@id":"https:\/\/help.classymade.de\/#\/schema\/logo\/image\/"}}]}},"_links":{"self":[{"href":"https:\/\/help.classymade.de\/index.php?rest_route=\/wp\/v2\/pages\/909","targetHints":{"allow":["GET"]}}],"collection":[{"href":"https:\/\/help.classymade.de\/index.php?rest_route=\/wp\/v2\/pages"}],"about":[{"href":"https:\/\/help.classymade.de\/index.php?rest_route=\/wp\/v2\/types\/page"}],"author":[{"embeddable":true,"href":"https:\/\/help.classymade.de\/index.php?rest_route=\/wp\/v2\/users\/3"}],"replies":[{"embeddable":true,"href":"https:\/\/help.classymade.de\/index.php?rest_route=%2Fwp%2Fv2%2Fcomments&post=909"}],"version-history":[{"count":7,"href":"https:\/\/help.classymade.de\/index.php?rest_route=\/wp\/v2\/pages\/909\/revisions"}],"predecessor-version":[{"id":916,"href":"https:\/\/help.classymade.de\/index.php?rest_route=\/wp\/v2\/pages\/909\/revisions\/916"}],"wp:attachment":[{"href":"https:\/\/help.classymade.de\/index.php?rest_route=%2Fwp%2Fv2%2Fmedia&parent=909"}],"curies":[{"name":"wp","href":"https:\/\/api.w.org\/{rel}","templated":true}]}}